{"id":7341,"date":"2025-09-21T15:22:50","date_gmt":"2025-09-21T07:22:50","guid":{"rendered":"https:\/\/commutronics.com.tw\/?page_id=7341"},"modified":"2025-09-21T15:26:11","modified_gmt":"2025-09-21T07:26:11","slug":"trbonet","status":"publish","type":"page","link":"https:\/\/commutronics.com.tw\/fr\/products\/radiodispatcher\/trbonet\/","title":{"rendered":"TRBOnet"},"content":{"rendered":"<div class=\"wp-block-group alignfull has-global-padding is-content-justification-center is-layout-constrained wp-container-core-group-is-layout-5f1ab82a wp-block-group-is-layout-constrained\" style=\"margin-top:0;margin-bottom:0;padding-top:calc( 0.5 * var(u002du002dwpu002du002dstyleu002du002drootu002du002dpadding-right, var(u002du002dwpu002du002dcustomu002du002dgapu002du002dhorizontal)));padding-right:var(u002du002dwpu002du002dstyleu002du002drootu002du002dpadding-right, var(u002du002dwpu002du002dcustomu002du002dgapu002du002dhorizontal));padding-bottom:calc( 0.5 * var(u002du002dwpu002du002dstyleu002du002drootu002du002dpadding-right, var(u002du002dwpu002du002dcustomu002du002dgapu002du002dhorizontal)));padding-left:var(u002du002dwpu002du002dstyleu002du002drootu002du002dpadding-left, var(u002du002dwpu002du002dcustomu002du002dgapu002du002dhorizontal))\">\n<div style=\"height:calc( 0.25 * var(u002du002dwpu002du002dstyleu002du002drootu002du002dpadding-right, var(u002du002dwpu002du002dcustomu002du002dgapu002du002dhorizontal)))\" aria-hidden=\"true\" class=\"wp-block-spacer\"><\/div>\n\n\n\n<h2 class=\"wp-block-heading alignwide has-text-align-center has-xx-large-font-size\">Syst\u00e8me de dispatching radio TRBOnet<\/h2>\n\n\n\n<div style=\"height:var(--wp--preset--spacing--40)\" aria-hidden=\"true\" class=\"wp-block-spacer\"><\/div>\n\n\n\n<p class=\"wp-block-paragraph\"><strong>TRBOnet<\/strong> Il s'agit d'un ensemble de <strong>Talkies-walkies num\u00e9riques Motorola MOTOTRBO\u2122 Series<\/strong> Il s'agit d'une plate-forme logicielle professionnelle de planification et de gestion con\u00e7ue pour transformer les syst\u00e8mes radio traditionnels en syst\u00e8mes de gestion centralis\u00e9e hautement efficaces. Il permet de transformer un syst\u00e8me radio traditionnel en un syst\u00e8me de gestion centralis\u00e9e \u00e0 haute efficacit\u00e9, qui peut \u00eatre largement utilis\u00e9 pour <strong>S\u00e9curit\u00e9 publique, transports, \u00e9nergie, industrie manufacturi\u00e8re, a\u00e9rospatiale et grands parcs d'activit\u00e9s \u00e9conomiques<\/strong> et d'autres industries.<\/p>\n\n\n\n<p class=\"wp-block-paragraph\">Support TRBOnet <strong>Site unique, IP Site Connect, Multi-Site Capacity Plus et Connect Plus<\/strong> La structure peut \u00eatre \u00e9largie de mani\u00e8re flexible en fonction de la taille et des besoins de l'organisation.<\/p>\n\n\n\n<figure class=\"wp-block-image alignwide size-large\"><img data-recalc-dims=\"1\" fetchpriority=\"high\" decoding=\"async\" width=\"1024\" height=\"332\" data-attachment-id=\"973\" data-permalink=\"https:\/\/commutronics.com.tw\/fr\/products\/radiodispatcher\/smartptt\/image-56\/\" data-orig-file=\"https:\/\/i0.wp.com\/commutronics.com.tw\/wp-content\/uploads\/2024\/06\/image.png?fit=1574%2C511&amp;ssl=1\" data-orig-size=\"1574,511\" data-comments-opened=\"1\" data-image-meta=\"{&quot;aperture&quot;:&quot;0&quot;,&quot;credit&quot;:&quot;&quot;,&quot;camera&quot;:&quot;&quot;,&quot;caption&quot;:&quot;&quot;,&quot;created_timestamp&quot;:&quot;0&quot;,&quot;copyright&quot;:&quot;&quot;,&quot;focal_length&quot;:&quot;0&quot;,&quot;iso&quot;:&quot;0&quot;,&quot;shutter_speed&quot;:&quot;0&quot;,&quot;title&quot;:&quot;&quot;,&quot;orientation&quot;:&quot;0&quot;}\" data-image-title=\"image\" data-image-description=\"\" data-image-caption=\"\" data-large-file=\"https:\/\/i0.wp.com\/commutronics.com.tw\/wp-content\/uploads\/2024\/06\/image.png?fit=1024%2C332&amp;ssl=1\" src=\"https:\/\/i0.wp.com\/commutronics.com.tw\/wp-content\/uploads\/2024\/06\/image.png?resize=1024%2C332&#038;ssl=1\" alt=\"\" class=\"wp-image-973\" srcset=\"https:\/\/i0.wp.com\/commutronics.com.tw\/wp-content\/uploads\/2024\/06\/image.png?resize=1024%2C332&amp;ssl=1 1024w, https:\/\/i0.wp.com\/commutronics.com.tw\/wp-content\/uploads\/2024\/06\/image.png?resize=300%2C97&amp;ssl=1 300w, https:\/\/i0.wp.com\/commutronics.com.tw\/wp-content\/uploads\/2024\/06\/image.png?resize=768%2C249&amp;ssl=1 768w, https:\/\/i0.wp.com\/commutronics.com.tw\/wp-content\/uploads\/2024\/06\/image.png?resize=1536%2C499&amp;ssl=1 1536w, https:\/\/i0.wp.com\/commutronics.com.tw\/wp-content\/uploads\/2024\/06\/image.png?resize=18%2C6&amp;ssl=1 18w, https:\/\/i0.wp.com\/commutronics.com.tw\/wp-content\/uploads\/2024\/06\/image.png?resize=1200%2C390&amp;ssl=1 1200w, https:\/\/i0.wp.com\/commutronics.com.tw\/wp-content\/uploads\/2024\/06\/image.png?resize=600%2C195&amp;ssl=1 600w, https:\/\/i0.wp.com\/commutronics.com.tw\/wp-content\/uploads\/2024\/06\/image.png?w=1574&amp;ssl=1 1574w\" sizes=\"(max-width: 1000px) 100vw, 1000px\" \/><\/figure>\n<\/div>\n\n\n\n<div class=\"wp-block-group alignfull has-global-padding is-content-justification-center is-layout-constrained wp-container-core-group-is-layout-30dfff16 wp-block-group-is-layout-constrained\" style=\"margin-top:0;margin-bottom:0;padding-top:calc( 0.5 * var(u002du002dwpu002du002dstyleu002du002drootu002du002dpadding-right, var(u002du002dwpu002du002dcustomu002du002dgapu002du002dhorizontal)));padding-right:var(u002du002dwpu002du002dstyleu002du002drootu002du002dpadding-right, var(u002du002dwpu002du002dcustomu002du002dgapu002du002dhorizontal));padding-bottom:calc( 0.5 * var(u002du002dwpu002du002dstyleu002du002drootu002du002dpadding-right, var(u002du002dwpu002du002dcustomu002du002dgapu002du002dhorizontal)));padding-left:var(u002du002dwpu002du002dstyleu002du002drootu002du002dpadding-left, var(u002du002dwpu002du002dcustomu002du002dgapu002du002dhorizontal))\">\n<div style=\"height:calc( 0.25 * var(u002du002dwpu002du002dstyleu002du002drootu002du002dpadding-right, var(u002du002dwpu002du002dcustomu002du002dgapu002du002dhorizontal)))\" aria-hidden=\"true\" class=\"wp-block-spacer\"><\/div>\n\n\n\n<div class=\"wp-block-group alignwide has-global-padding is-layout-constrained wp-container-core-group-is-layout-a59cb4d4 wp-block-group-is-layout-constrained\">\n<div class=\"wp-block-columns alignwide is-layout-flex wp-container-core-columns-is-layout-3b811c60 wp-block-columns-is-layout-flex\">\n<div class=\"wp-block-column is-layout-flow wp-block-column-is-layout-flow\" style=\"flex-basis:40%\">\n<h2 class=\"wp-block-heading has-large-font-size\">Programmation et communication en temps r\u00e9el<\/h2>\n<\/div>\n\n\n\n<div class=\"wp-block-column is-layout-flow wp-block-column-is-layout-flow\">\n<ul class=\"wp-block-list\">\n<li>Prend en charge les appels priv\u00e9s, les appels de groupe et tous les appels.<\/li>\n<\/ul>\n\n\n\n<ul class=\"wp-block-list\">\n<li>V\u00e9rifier instantan\u00e9ment l'\u00e9tat de la communication de tous les utilisateurs sur la console.<\/li>\n<\/ul>\n\n\n\n<ul class=\"wp-block-list\">\n<li>Prise en charge de la messagerie texte et des r\u00e9ponses aux messages par d\u00e9faut.<\/li>\n<\/ul>\n<\/div>\n<\/div>\n\n\n\n<hr class=\"wp-block-separator alignwide has-text-color has-alpha-channel-opacity has-background is-style-wide\" style=\"background-color:#4747471a;color:#4747471a\"\/>\n\n\n\n<div class=\"wp-block-columns alignwide is-layout-flex wp-container-core-columns-is-layout-3b811c60 wp-block-columns-is-layout-flex\">\n<div class=\"wp-block-column is-layout-flow wp-block-column-is-layout-flow\" style=\"flex-basis:40%\">\n<h2 class=\"wp-block-heading has-large-font-size\">Flux de travail et r\u00e9partition des t\u00e2ches<\/h2>\n<\/div>\n\n\n\n<div class=\"wp-block-column is-layout-flow wp-block-column-is-layout-flow\">\n<ul class=\"wp-block-list\">\n<li>Des ordres de travail, des t\u00e2ches ou des \u00e9v\u00e9nements peuvent \u00eatre attribu\u00e9s \u00e0 des utilisateurs d'interphone individuels.<\/li>\n<\/ul>\n\n\n\n<ul class=\"wp-block-list\">\n<li>Retour de l'\u00e9tat d'ach\u00e8vement des t\u00e2ches et statistiques des rapports.<\/li>\n<\/ul>\n\n\n\n<ul class=\"wp-block-list\">\n<li>Int\u00e9gration avec des syst\u00e8mes de gestion tiers (par exemple, ERP, syst\u00e8mes de contr\u00f4le de s\u00e9curit\u00e9).<\/li>\n<\/ul>\n<\/div>\n<\/div>\n\n\n\n<hr class=\"wp-block-separator alignwide has-text-color has-alpha-channel-opacity has-background is-style-wide\" style=\"background-color:#4747471a;color:#4747471a\"\/>\n\n\n\n<div class=\"wp-block-columns alignwide is-layout-flex wp-container-core-columns-is-layout-3b811c60 wp-block-columns-is-layout-flex\">\n<div class=\"wp-block-column is-layout-flow wp-block-column-is-layout-flow\" style=\"flex-basis:40%\">\n<h2 class=\"wp-block-heading has-large-font-size\"> Localisation et suivi par GPS<\/h2>\n<\/div>\n\n\n\n<div class=\"wp-block-column is-layout-flow wp-block-column-is-layout-flow\">\n<ul class=\"wp-block-list\">\n<li>La position de l'interphone est affich\u00e9e sur la carte en temps r\u00e9el.<\/li>\n<\/ul>\n\n\n\n<ul class=\"wp-block-list\">\n<li>Prise en charge de la lecture de l'historique des pistes et des alertes de g\u00e9ofencing.<\/li>\n<\/ul>\n\n\n\n<ul class=\"wp-block-list\">\n<li>Id\u00e9al pour la gestion de flotte, la surveillance des transports et le suivi de la s\u00e9curit\u00e9 du personnel.<\/li>\n<\/ul>\n<\/div>\n<\/div>\n\n\n\n<hr class=\"wp-block-separator alignwide has-text-color has-alpha-channel-opacity has-background is-style-wide\" style=\"background-color:#4747471a;color:#4747471a\"\/>\n\n\n\n<div class=\"wp-block-columns alignwide is-layout-flex wp-container-core-columns-is-layout-3b811c60 wp-block-columns-is-layout-flex\">\n<div class=\"wp-block-column is-layout-flow wp-block-column-is-layout-flow\" style=\"flex-basis:40%\">\n<h2 class=\"wp-block-heading has-large-font-size\">Fonctions de s\u00e9curit\u00e9 et d'urgence<\/h2>\n<\/div>\n\n\n\n<div class=\"wp-block-column is-layout-flow wp-block-column-is-layout-flow\">\n<ul class=\"wp-block-list\">\n<li>Prise en charge de l'\"alarme d'urgence \u00e0 touche unique\".<\/li>\n<\/ul>\n\n\n\n<ul class=\"wp-block-list\">\n<li>Lone Worker et Man Down.<\/li>\n<\/ul>\n\n\n\n<ul class=\"wp-block-list\">\n<li>Notifie automatiquement le centre de contr\u00f4le et les unit\u00e9s concern\u00e9es afin de r\u00e9duire le temps de r\u00e9ponse en cas d'incident.<\/li>\n<\/ul>\n<\/div>\n<\/div>\n\n\n\n<hr class=\"wp-block-separator alignwide has-text-color has-alpha-channel-opacity has-background is-style-wide\" style=\"background-color:#4747471a;color:#4747471a\"\/>\n\n\n\n<div class=\"wp-block-columns alignwide is-layout-flex wp-container-core-columns-is-layout-3b811c60 wp-block-columns-is-layout-flex\">\n<div class=\"wp-block-column is-layout-flow wp-block-column-is-layout-flow\" style=\"flex-basis:40%\">\n<h2 class=\"wp-block-heading has-large-font-size\">Capacit\u00e9s d'int\u00e9gration flexibles<\/h2>\n<\/div>\n\n\n\n<div class=\"wp-block-column is-layout-flow wp-block-column-is-layout-flow\">\n<ul class=\"wp-block-list\">\n<li>Soutien et <strong>T\u00e9l\u00e9phone (VoIP \/ SIP)<\/strong> Int\u00e9gration et interop\u00e9rabilit\u00e9 entre la radio et le t\u00e9l\u00e9phone.<\/li>\n<\/ul>\n\n\n\n<ul class=\"wp-block-list\">\n<li>API ouverte et SDK pour une int\u00e9gration facile avec les syst\u00e8mes de s\u00e9curit\u00e9, d'incendie et de surveillance.<\/li>\n<\/ul>\n\n\n\n<ul class=\"wp-block-list\">\n<li>Il peut \u00eatre connect\u00e9 au contr\u00f4le d'acc\u00e8s, \u00e0 l'alarme incendie et \u00e0 la t\u00e9l\u00e9vision en circuit ferm\u00e9 pour renforcer la s\u00e9curit\u00e9 globale.<\/li>\n<\/ul>\n<\/div>\n<\/div>\n\n\n\n<hr class=\"wp-block-separator alignwide has-text-color has-alpha-channel-opacity has-background is-style-wide\" style=\"background-color:#4747471a;color:#4747471a\"\/>\n\n\n\n<div class=\"wp-block-columns alignwide is-layout-flex wp-container-core-columns-is-layout-3b811c60 wp-block-columns-is-layout-flex\">\n<div class=\"wp-block-column is-layout-flow wp-block-column-is-layout-flow\" style=\"flex-basis:40%\">\n<h2 class=\"wp-block-heading has-large-font-size\">Surveillance et enregistrement du syst\u00e8me<\/h2>\n<\/div>\n\n\n\n<div class=\"wp-block-column is-layout-flow wp-block-column-is-layout-flow\">\n<ul class=\"wp-block-list\">\n<li>Enregistrement et lecture des appels (enregistrement vocal).<\/li>\n<\/ul>\n\n\n\n<ul class=\"wp-block-list\">\n<li>Journal des \u00e9v\u00e9nements du syst\u00e8me (journal des appels et journal des \u00e9v\u00e9nements).<\/li>\n<\/ul>\n\n\n\n<ul class=\"wp-block-list\">\n<li>Peut \u00eatre utilis\u00e9 pour des besoins d'audit a posteriori et de conformit\u00e9.<\/li>\n<\/ul>\n<\/div>\n<\/div>\n\n\n\n<hr class=\"wp-block-separator alignwide has-text-color has-alpha-channel-opacity has-background is-style-wide\" style=\"background-color:#4747471a;color:#4747471a\"\/>\n<\/div>\n\n\n\n<div class=\"wp-block-file alignright\"><a href=\"https:\/\/commutronics.com.tw\/wp-content\/uploads\/2025\/09\/trbonet_plus_brochure.pdf\" class=\"wp-block-file__button wp-element-button\" download>T\u00e9l\u00e9charger<\/a><\/div>\n\n\n\n<div style=\"height:calc( 0.25 * var(u002du002dwpu002du002dstyleu002du002drootu002du002dpadding-right, var(u002du002dwpu002du002dcustomu002du002dgapu002du002dhorizontal)))\" aria-hidden=\"true\" class=\"wp-block-spacer\"><\/div>\n<\/div>","protected":false},"excerpt":{"rendered":"<p>TRBOnet \u7121\u7dda\u96fb\u6d3e\u9063\u7cfb\u7d71 TRBOnet \u662f\u4e00\u5957\u5c08\u70ba Motorola MOTOTRBO\u2122 \u7cfb\u5217\u6578\u4f4d\u5c0d\u8b1b [&hellip;]<\/p>\n","protected":false},"author":251107229,"featured_media":0,"parent":7302,"menu_order":0,"comment_status":"closed","ping_status":"closed","template":"","meta":{"_crdt_document":"","footnotes":""},"class_list":["post-7341","page","type-page","status-publish","hentry"],"jetpack_likes_enabled":true,"jetpack_sharing_enabled":true,"jetpack_shortlink":"https:\/\/wp.me\/PfNdxH-1Up","jetpack-related-posts":[{"id":7182,"url":"https:\/\/commutronics.com.tw\/fr\/support\/xcmp-xnl-protocol\/","url_meta":{"origin":7341,"position":0},"title":"Protocole XCMP \/ XNL","author":"Alex Tseng","date":"septembre 6, 2025","format":false,"excerpt":"XCMP\/XNL \u5354\u5b9a 1. XCMP (Extended Control and Manageme\u2026","rel":"","context":"Article similaire","block_context":{"text":"Article similaire","link":""},"img":{"alt_text":"","src":"https:\/\/i0.wp.com\/commutronics.com.tw\/wp-content\/uploads\/2025\/09\/Screenshot-2025-09-06-at-4.41.29-PM.png?resize=350%2C200&ssl=1","width":350,"height":200,"srcset":"https:\/\/i0.wp.com\/commutronics.com.tw\/wp-content\/uploads\/2025\/09\/Screenshot-2025-09-06-at-4.41.29-PM.png?resize=350%2C200&ssl=1 1x, https:\/\/i0.wp.com\/commutronics.com.tw\/wp-content\/uploads\/2025\/09\/Screenshot-2025-09-06-at-4.41.29-PM.png?resize=525%2C300&ssl=1 1.5x, https:\/\/i0.wp.com\/commutronics.com.tw\/wp-content\/uploads\/2025\/09\/Screenshot-2025-09-06-at-4.41.29-PM.png?resize=700%2C400&ssl=1 2x"},"classes":[]},{"id":6400,"url":"https:\/\/commutronics.com.tw\/fr\/solutions\/ip_site_connect\/","url_meta":{"origin":7341,"position":1},"title":"IP Site Connect","author":"Alex Tseng","date":"mars 9, 2025","format":false,"excerpt":"IP Site Connect IP Site Connect (IPSC) \u662f Motorola \u2026","rel":"","context":"Article similaire","block_context":{"text":"Article similaire","link":""},"img":{"alt_text":"","src":"","width":0,"height":0},"classes":[]},{"id":7220,"url":"https:\/\/commutronics.com.tw\/fr\/energy\/","url_meta":{"origin":7341,"position":2},"title":"\u00c9nergie\/communications offshore","author":"Alex Tseng","date":"novembre 8, 2025","format":false,"excerpt":"\u95dc\u9375\u512a\u52e2 \u6211\u5011\u80fd\u5920\u7d50\u5408\u570b\u969b\u7d93\u9a57\u8207\u5728\u5730\u652f\u63f4\u7684\u6574\u5408\u5925\u4f34\u4e26\u6df1\u8015\u53f0\u7063\u8207\u4e9e\u592a\u5e02\u5834\u591a\u5e74\uff0c\u719f\u6089 Google\u3001Mi\u2026","rel":"","context":"Article similaire","block_context":{"text":"Article similaire","link":""},"img":{"alt_text":"","src":"https:\/\/i0.wp.com\/commutronics.com.tw\/wp-content\/uploads\/2025\/11\/Avigilon_H4-IR-PTZ-Camera_Side_Pendant-Wall-Arm_Wiper-1280x1280-1.jpeg?resize=350%2C200&ssl=1","width":350,"height":200,"srcset":"https:\/\/i0.wp.com\/commutronics.com.tw\/wp-content\/uploads\/2025\/11\/Avigilon_H4-IR-PTZ-Camera_Side_Pendant-Wall-Arm_Wiper-1280x1280-1.jpeg?resize=350%2C200&ssl=1 1x, https:\/\/i0.wp.com\/commutronics.com.tw\/wp-content\/uploads\/2025\/11\/Avigilon_H4-IR-PTZ-Camera_Side_Pendant-Wall-Arm_Wiper-1280x1280-1.jpeg?resize=525%2C300&ssl=1 1.5x, https:\/\/i0.wp.com\/commutronics.com.tw\/wp-content\/uploads\/2025\/11\/Avigilon_H4-IR-PTZ-Camera_Side_Pendant-Wall-Arm_Wiper-1280x1280-1.jpeg?resize=700%2C400&ssl=1 2x"},"classes":[]},{"id":7302,"url":"https:\/\/commutronics.com.tw\/fr\/products\/radiodispatcher\/","url_meta":{"origin":7341,"position":3},"title":"Syst\u00e8me de r\u00e9partition","author":"Alex Tseng","date":"septembre 21, 2025","format":false,"excerpt":"\u7121\u7dda\u96fb\u6d3e\u9063\u7cfb\u7d71 \u7121\u7dda\u96fb\u6d3e\u9063\u7cfb\u7d71\uff08Radio Dispatch System\uff09\u662f\u4e00\u7a2e\u900f\u904e\u5c08\u7528\u63a7\u5236\u53f0\u8207\u7121\u2026","rel":"","context":"Article similaire","block_context":{"text":"Article similaire","link":""},"img":{"alt_text":"","src":"https:\/\/i0.wp.com\/commutronics.com.tw\/wp-content\/uploads\/2024\/05\/image-53.png?resize=350%2C200&ssl=1","width":350,"height":200,"srcset":"https:\/\/i0.wp.com\/commutronics.com.tw\/wp-content\/uploads\/2024\/05\/image-53.png?resize=350%2C200&ssl=1 1x, https:\/\/i0.wp.com\/commutronics.com.tw\/wp-content\/uploads\/2024\/05\/image-53.png?resize=525%2C300&ssl=1 1.5x, https:\/\/i0.wp.com\/commutronics.com.tw\/wp-content\/uploads\/2024\/05\/image-53.png?resize=700%2C400&ssl=1 2x, https:\/\/i0.wp.com\/commutronics.com.tw\/wp-content\/uploads\/2024\/05\/image-53.png?resize=1050%2C600&ssl=1 3x, https:\/\/i0.wp.com\/commutronics.com.tw\/wp-content\/uploads\/2024\/05\/image-53.png?resize=1400%2C800&ssl=1 4x"},"classes":[]},{"id":6905,"url":"https:\/\/commutronics.com.tw\/fr\/walkie-talkie\/","url_meta":{"origin":7341,"position":4},"title":"radio","author":"Alex Tseng","date":"mai 18, 2025","format":false,"excerpt":"Qu'est-ce que la radio ? La radio est un outil de communication qui utilise les ondes radio pour la transmission de la voix ou des donn\u00e9es. Par le biais d'une...","rel":"","context":"Article similaire","block_context":{"text":"Article similaire","link":""},"img":{"alt_text":"","src":"","width":0,"height":0},"classes":[]}],"_links":{"self":[{"href":"https:\/\/commutronics.com.tw\/fr\/wp-json\/wp\/v2\/pages\/7341","targetHints":{"allow":["GET"]}}],"collection":[{"href":"https:\/\/commutronics.com.tw\/fr\/wp-json\/wp\/v2\/pages"}],"about":[{"href":"https:\/\/commutronics.com.tw\/fr\/wp-json\/wp\/v2\/types\/page"}],"author":[{"embeddable":true,"href":"https:\/\/commutronics.com.tw\/fr\/wp-json\/wp\/v2\/users\/251107229"}],"replies":[{"embeddable":true,"href":"https:\/\/commutronics.com.tw\/fr\/wp-json\/wp\/v2\/comments?post=7341"}],"version-history":[{"count":11,"href":"https:\/\/commutronics.com.tw\/fr\/wp-json\/wp\/v2\/pages\/7341\/revisions"}],"predecessor-version":[{"id":7353,"href":"https:\/\/commutronics.com.tw\/fr\/wp-json\/wp\/v2\/pages\/7341\/revisions\/7353"}],"up":[{"embeddable":true,"href":"https:\/\/commutronics.com.tw\/fr\/wp-json\/wp\/v2\/pages\/7302"}],"wp:attachment":[{"href":"https:\/\/commutronics.com.tw\/fr\/wp-json\/wp\/v2\/media?parent=7341"}],"curies":[{"name":"wp","href":"https:\/\/api.w.org\/{rel}","templated":true}]}}