{"id":7182,"date":"2025-09-06T16:13:01","date_gmt":"2025-09-06T08:13:01","guid":{"rendered":"https:\/\/commutronics.com.tw\/?page_id=7182"},"modified":"2025-12-28T16:02:30","modified_gmt":"2025-12-28T08:02:30","slug":"xcmp-xnl-protocole","status":"publish","type":"page","link":"https:\/\/commutronics.com.tw\/fr\/support\/xcmp-xnl-protocol\/","title":{"rendered":"Protocole XCMP \/ XNL"},"content":{"rendered":"<div class=\"wp-block-columns alignfull is-style-default has-theme-2-background-color has-background is-layout-flex wp-container-core-columns-is-layout-3b811c60 wp-block-columns-is-layout-flex\">\n<div class=\"wp-block-column is-layout-flow wp-block-column-is-layout-flow\">\n<div class=\"wp-block-group alignfull is-style-section-1 has-theme-2-background-color has-background has-global-padding is-content-justification-center is-layout-constrained wp-container-core-group-is-layout-7b982284 wp-block-group-is-layout-constrained is-style-section-1--1\" style=\"margin-top:0;margin-bottom:0;padding-top:var(--wp--preset--spacing--50);padding-bottom:var(--wp--preset--spacing--50)\">\n<h1 class=\"wp-block-heading\">Protocole XCMP\/XNL<\/h1>\n\n\n\n<div class=\"wp-block-columns alignwide is-layout-flex wp-container-core-columns-is-layout-1f117199 wp-block-columns-is-layout-flex\">\n<div class=\"wp-block-column is-vertically-aligned-center has-global-padding is-content-justification-left is-layout-constrained wp-container-core-column-is-layout-5f497e5f wp-block-column-is-layout-constrained\" style=\"flex-basis:50%\">\n<h3 class=\"wp-block-heading alignwide\">1. <strong>XCMP <\/strong><br><strong>(Protocole de contr\u00f4le et de gestion \u00e9tendu)<\/strong><\/h3>\n\n\n\n<div class=\"wp-block-group is-vertical is-nowrap is-layout-flex wp-container-core-group-is-layout-5fd9b098 wp-block-group-is-layout-flex\">\n<ul class=\"wp-block-list\">\n<li><strong>utiliser<\/strong>: Principalement <strong>R\u00e9p\u00e9teur\/station de base<\/strong> et <strong>Accessoire\/Terminal (Accessoire, Unit\u00e9 Radio)<\/strong> L'accord de contr\u00f4le entre la soci\u00e9t\u00e9 et la compagnie est en place dans le but de donner \u00e0 la soci\u00e9t\u00e9 le droit de contr\u00f4ler la compagnie.<\/li>\n\n\n\n<li><strong>Fonctionnalit\u00e9<\/strong>: :\n<ul class=\"wp-block-list\">\n<li>offrir <strong>Instructions et r\u00e9ponses<\/strong> La structure du syst\u00e8me permet \u00e0 l'interphone ou aux accessoires de se contr\u00f4ler et de v\u00e9rifier l'\u00e9tat de chacun.<\/li>\n\n\n\n<li>utilis\u00e9 pour <strong>Interaction entre les accessoires et les radios<\/strong>Par exemple :\n<ul class=\"wp-block-list\">\n<li>R\u00e9glage du volume, du canal<\/li>\n\n\n\n<li>Rapport sur l'\u00e9tat de la batterie<\/li>\n\n\n\n<li>\u00c9v\u00e9nements cl\u00e9s (PTT, bouton d'urgence, etc.)<\/li>\n\n\n\n<li>Contr\u00f4le du chemin audio (microphone, casque, dispositif Bluetooth)<\/li>\n<\/ul>\n<\/li>\n<\/ul>\n<\/li>\n\n\n\n<li><strong>Caract\u00e9ristiques<\/strong>: :\n<ul class=\"wp-block-list\">\n<li>XCMP Oui <strong>Protocole de contr\u00f4le sous-jacent<\/strong>Il ne s'agit pas d'un support direct de la parole.<\/li>\n\n\n\n<li>G\u00e9n\u00e9ralement utilis\u00e9 dans les <strong>CPS \/ RDAC \/ Accessory SDK<\/strong>\/<strong>MotoDispatcher<\/strong> ou lorsqu'une application externe souhaite contr\u00f4ler l'interphone.<\/li>\n<\/ul>\n<\/li>\n<\/ul>\n<\/div>\n<\/div>\n\n\n\n<div class=\"wp-block-column is-layout-flow wp-block-column-is-layout-flow\" style=\"flex-basis:50%\">\n<figure class=\"wp-block-image size-full is-style-default\"><img data-recalc-dims=\"1\" fetchpriority=\"high\" decoding=\"async\" width=\"1388\" height=\"1376\" data-attachment-id=\"7200\" data-permalink=\"https:\/\/commutronics.com.tw\/fr\/support\/xcmp-xnl-protocol\/screenshot-2025-09-06-at-4-38-29-pm\/\" data-orig-file=\"https:\/\/i0.wp.com\/commutronics.com.tw\/wp-content\/uploads\/2025\/09\/Screenshot-2025-09-06-at-4.38.29-PM.png?fit=1388%2C1376&amp;ssl=1\" data-orig-size=\"1388,1376\" data-comments-opened=\"1\" data-image-meta=\"{&quot;aperture&quot;:&quot;0&quot;,&quot;credit&quot;:&quot;&quot;,&quot;camera&quot;:&quot;&quot;,&quot;caption&quot;:&quot;&quot;,&quot;created_timestamp&quot;:&quot;0&quot;,&quot;copyright&quot;:&quot;&quot;,&quot;focal_length&quot;:&quot;0&quot;,&quot;iso&quot;:&quot;0&quot;,&quot;shutter_speed&quot;:&quot;0&quot;,&quot;title&quot;:&quot;&quot;,&quot;orientation&quot;:&quot;0&quot;}\" data-image-title=\"Screenshot 2025-09-06 at 4.38.29 PM\" data-image-description=\"\" data-image-caption=\"\" data-large-file=\"https:\/\/i0.wp.com\/commutronics.com.tw\/wp-content\/uploads\/2025\/09\/Screenshot-2025-09-06-at-4.38.29-PM.png?fit=1024%2C1015&amp;ssl=1\" src=\"https:\/\/i0.wp.com\/commutronics.com.tw\/wp-content\/uploads\/2025\/09\/Screenshot-2025-09-06-at-4.38.29-PM.png?resize=1388%2C1376&#038;ssl=1\" alt=\"\" class=\"wp-image-7200\" style=\"aspect-ratio:3\/4;object-fit:cover\" srcset=\"https:\/\/i0.wp.com\/commutronics.com.tw\/wp-content\/uploads\/2025\/09\/Screenshot-2025-09-06-at-4.38.29-PM.png?w=1388&amp;ssl=1 1388w, https:\/\/i0.wp.com\/commutronics.com.tw\/wp-content\/uploads\/2025\/09\/Screenshot-2025-09-06-at-4.38.29-PM.png?resize=300%2C297&amp;ssl=1 300w, https:\/\/i0.wp.com\/commutronics.com.tw\/wp-content\/uploads\/2025\/09\/Screenshot-2025-09-06-at-4.38.29-PM.png?resize=1024%2C1015&amp;ssl=1 1024w, https:\/\/i0.wp.com\/commutronics.com.tw\/wp-content\/uploads\/2025\/09\/Screenshot-2025-09-06-at-4.38.29-PM.png?resize=150%2C150&amp;ssl=1 150w, https:\/\/i0.wp.com\/commutronics.com.tw\/wp-content\/uploads\/2025\/09\/Screenshot-2025-09-06-at-4.38.29-PM.png?resize=768%2C761&amp;ssl=1 768w, https:\/\/i0.wp.com\/commutronics.com.tw\/wp-content\/uploads\/2025\/09\/Screenshot-2025-09-06-at-4.38.29-PM.png?resize=12%2C12&amp;ssl=1 12w, https:\/\/i0.wp.com\/commutronics.com.tw\/wp-content\/uploads\/2025\/09\/Screenshot-2025-09-06-at-4.38.29-PM.png?resize=1200%2C1190&amp;ssl=1 1200w, https:\/\/i0.wp.com\/commutronics.com.tw\/wp-content\/uploads\/2025\/09\/Screenshot-2025-09-06-at-4.38.29-PM.png?resize=600%2C595&amp;ssl=1 600w, https:\/\/i0.wp.com\/commutronics.com.tw\/wp-content\/uploads\/2025\/09\/Screenshot-2025-09-06-at-4.38.29-PM.png?resize=100%2C100&amp;ssl=1 100w\" sizes=\"(max-width: 1000px) 100vw, 1000px\" \/><\/figure>\n<\/div>\n<\/div>\n<\/div>\n\n\n\n<div class=\"wp-block-group alignfull is-style-default has-theme-2-background-color has-background has-global-padding is-content-justification-center is-layout-constrained wp-container-core-group-is-layout-7b982284 wp-block-group-is-layout-constrained\" style=\"margin-top:0;margin-bottom:0;padding-top:var(--wp--preset--spacing--50);padding-bottom:var(--wp--preset--spacing--50)\">\n<div class=\"wp-block-columns alignwide is-layout-flex wp-container-core-columns-is-layout-1f117199 wp-block-columns-is-layout-flex\">\n<div class=\"wp-block-column is-vertically-aligned-center has-global-padding is-content-justification-left is-layout-constrained wp-container-core-column-is-layout-5f497e5f wp-block-column-is-layout-constrained\" style=\"flex-basis:50%\">\n<h3 class=\"wp-block-heading alignwide\">2. <strong>XNL (couche r\u00e9seau \u00e9tendue)<\/strong><\/h3>\n\n\n\n<ul class=\"wp-block-list\">\n<li><strong>utiliser<\/strong>: en <strong>R\u00e9seau MOTOTRBO IP (R\u00e9p\u00e9teur \u2194 Console\/Applications)<\/strong> \u00e0 un niveau \u00e9lev\u00e9 <strong>Accord de conditionnement logique<\/strong>.<\/li>\n\n\n\n<li><strong>Fonctionnalit\u00e9<\/strong>: :\n<ul class=\"wp-block-list\">\n<li>manag\u00e9rial <strong>Session de communication entre la couche application et la couche sous-jacente.<\/strong>.<\/li>\n\n\n\n<li>Fournir un <strong>Canal\/Tunnel<\/strong>Pour les charges <strong>XCMP<\/strong> ou d'autres accords sp\u00e9cifiques \u00e0 Motorola.<\/li>\n\n\n\n<li>Manipulation <strong>Enregistrement, maintien en vie, acheminement des messages<\/strong><\/li>\n<\/ul>\n<\/li>\n\n\n\n<li><strong>Caract\u00e9ristiques<\/strong>: :\n<ul class=\"wp-block-list\">\n<li>MotoDispathcer, SmartPTT, TRBOnet et le logiciel de contr\u00f4le Motorola seront utilis\u00e9s par l'interm\u00e9diaire de l'appareil. <strong>XNL Construire d'abord la logique sous-jacente.<\/strong>Ensuite, mettez le <strong>XCMP, l'emballer.<\/strong>Le r\u00e9p\u00e9teur\/radio peut \u00eatre contr\u00f4l\u00e9 et surveill\u00e9 par le r\u00e9p\u00e9teur\/radio.<\/li>\n<\/ul>\n<\/li>\n<\/ul>\n<\/div>\n\n\n\n<div class=\"wp-block-column is-layout-flow wp-block-column-is-layout-flow\" style=\"flex-basis:50%\">\n<figure class=\"wp-block-image size-full is-style-default\"><img data-recalc-dims=\"1\" decoding=\"async\" width=\"1048\" height=\"1136\" data-attachment-id=\"7205\" data-permalink=\"https:\/\/commutronics.com.tw\/fr\/support\/xcmp-xnl-protocol\/screenshot-2025-09-06-at-4-41-29-pm\/\" data-orig-file=\"https:\/\/i0.wp.com\/commutronics.com.tw\/wp-content\/uploads\/2025\/09\/Screenshot-2025-09-06-at-4.41.29-PM.png?fit=1048%2C1136&amp;ssl=1\" data-orig-size=\"1048,1136\" data-comments-opened=\"1\" data-image-meta=\"{&quot;aperture&quot;:&quot;0&quot;,&quot;credit&quot;:&quot;&quot;,&quot;camera&quot;:&quot;&quot;,&quot;caption&quot;:&quot;&quot;,&quot;created_timestamp&quot;:&quot;0&quot;,&quot;copyright&quot;:&quot;&quot;,&quot;focal_length&quot;:&quot;0&quot;,&quot;iso&quot;:&quot;0&quot;,&quot;shutter_speed&quot;:&quot;0&quot;,&quot;title&quot;:&quot;&quot;,&quot;orientation&quot;:&quot;0&quot;}\" data-image-title=\"Screenshot 2025-09-06 at 4.41.29 PM\" data-image-description=\"\" data-image-caption=\"\" data-large-file=\"https:\/\/i0.wp.com\/commutronics.com.tw\/wp-content\/uploads\/2025\/09\/Screenshot-2025-09-06-at-4.41.29-PM.png?fit=945%2C1024&amp;ssl=1\" src=\"https:\/\/i0.wp.com\/commutronics.com.tw\/wp-content\/uploads\/2025\/09\/Screenshot-2025-09-06-at-4.41.29-PM.png?resize=1048%2C1136&#038;ssl=1\" alt=\"\" class=\"wp-image-7205\" style=\"aspect-ratio:3\/4;object-fit:cover\" srcset=\"https:\/\/i0.wp.com\/commutronics.com.tw\/wp-content\/uploads\/2025\/09\/Screenshot-2025-09-06-at-4.41.29-PM.png?w=1048&amp;ssl=1 1048w, https:\/\/i0.wp.com\/commutronics.com.tw\/wp-content\/uploads\/2025\/09\/Screenshot-2025-09-06-at-4.41.29-PM.png?resize=277%2C300&amp;ssl=1 277w, https:\/\/i0.wp.com\/commutronics.com.tw\/wp-content\/uploads\/2025\/09\/Screenshot-2025-09-06-at-4.41.29-PM.png?resize=945%2C1024&amp;ssl=1 945w, https:\/\/i0.wp.com\/commutronics.com.tw\/wp-content\/uploads\/2025\/09\/Screenshot-2025-09-06-at-4.41.29-PM.png?resize=768%2C832&amp;ssl=1 768w, https:\/\/i0.wp.com\/commutronics.com.tw\/wp-content\/uploads\/2025\/09\/Screenshot-2025-09-06-at-4.41.29-PM.png?resize=11%2C12&amp;ssl=1 11w, https:\/\/i0.wp.com\/commutronics.com.tw\/wp-content\/uploads\/2025\/09\/Screenshot-2025-09-06-at-4.41.29-PM.png?resize=600%2C650&amp;ssl=1 600w\" sizes=\"(max-width: 1000px) 100vw, 1000px\" \/><\/figure>\n<\/div>\n<\/div>\n<\/div>\n\n\n\n<div class=\"wp-block-columns is-layout-flex wp-container-core-columns-is-layout-3b811c60 wp-block-columns-is-layout-flex\">\n<div class=\"wp-block-column is-vertically-aligned-center is-layout-flow wp-block-column-is-layout-flow\">\n<ul class=\"wp-block-list\">\n<li><strong>Application (SmartPTT \/ TRBOnet \/ RDAC)<\/strong><br>\u2193 (\u00e9tablir la session)<\/li>\n\n\n\n<li><strong>XNL (protocole de transmission : \u00e9tablissement d'une connexion, battement de c\u0153ur, encapsulation des messages)<\/strong><br>\u2193 (commande de paquet)<\/li>\n\n\n\n<li><strong>XCMP (protocole de contr\u00f4le : canal, volume, \u00e9tat, contr\u00f4le des accessoires)<\/strong><br>\u2193 (Ex\u00e9cuter la commande)<\/li>\n\n\n\n<li><strong>R\u00e9p\u00e9teur \/ Radio (\u00e9quipement MOTOTRBO : s\u00e9rie SLR, XiR MotoTrbo)<\/strong><\/li>\n<\/ul>\n\n\n\n<p class=\"wp-block-paragraph\">Pour faire simple :<br>Applications <strong>Par l'interm\u00e9diaire de XNL<\/strong> \u00c9tablissez une connexion avec la radio, puis connectez le <strong>Instruction XCMP<\/strong> Il est encapsul\u00e9 et transmis \u00e0 la radio.<\/p>\n\n\n\n<p class=\"wp-block-paragraph\">Pour plus d'informations ou de d\u00e9veloppement, veuillez visiter \u8acb\u6d3d\u8a62service@commutronic.com.tw ou vous r\u00e9f\u00e9rer \u00e0 notre site web.<a href=\"https:\/\/github.com\/xjapanseikima\/MotorolaDispatcher\" data-type=\"link\" data-id=\"https:\/\/github.com\/xjapanseikima\/MotorolaDispatcher\" target=\"_blank\" rel=\"noopener\">Github<\/a><\/p>\n<\/div>\n<\/div>\n<\/div>\n<\/div>","protected":false},"excerpt":{"rendered":"<p>XCMP\/XNL \u5354\u5b9a 1. XCMP (Extended Control and Management Pr [&hellip;]<\/p>\n","protected":false},"author":251107229,"featured_media":0,"parent":6396,"menu_order":0,"comment_status":"closed","ping_status":"closed","template":"","meta":{"_crdt_document":"","footnotes":""},"class_list":["post-7182","page","type-page","status-publish","hentry"],"jetpack_likes_enabled":true,"jetpack_sharing_enabled":true,"jetpack_shortlink":"https:\/\/wp.me\/PfNdxH-1RQ","jetpack-related-posts":[{"id":6396,"url":"https:\/\/commutronics.com.tw\/fr\/support\/","url_meta":{"origin":7182,"position":0},"title":"Support technique","author":"Alex Tseng","date":"mars 4, 2025","format":false,"excerpt":"\u6280\u8853\u652f\u63f4 Config error \u89e3\u6c7a\u8fa6\u6cd5 Service Code Overview Servi\u2026","rel":"","context":"Article similaire","block_context":{"text":"Article similaire","link":""},"img":{"alt_text":"","src":"","width":0,"height":0},"classes":[]},{"id":6905,"url":"https:\/\/commutronics.com.tw\/fr\/walkie-talkie\/","url_meta":{"origin":7182,"position":1},"title":"radio","author":"Alex Tseng","date":"mai 18, 2025","format":false,"excerpt":"Qu'est-ce que la radio ? La radio est un outil de communication qui utilise les ondes radio pour la transmission de la voix ou des donn\u00e9es. Par le biais d'une...","rel":"","context":"Article similaire","block_context":{"text":"Article similaire","link":""},"img":{"alt_text":"","src":"","width":0,"height":0},"classes":[]}],"_links":{"self":[{"href":"https:\/\/commutronics.com.tw\/fr\/wp-json\/wp\/v2\/pages\/7182","targetHints":{"allow":["GET"]}}],"collection":[{"href":"https:\/\/commutronics.com.tw\/fr\/wp-json\/wp\/v2\/pages"}],"about":[{"href":"https:\/\/commutronics.com.tw\/fr\/wp-json\/wp\/v2\/types\/page"}],"author":[{"embeddable":true,"href":"https:\/\/commutronics.com.tw\/fr\/wp-json\/wp\/v2\/users\/251107229"}],"replies":[{"embeddable":true,"href":"https:\/\/commutronics.com.tw\/fr\/wp-json\/wp\/v2\/comments?post=7182"}],"version-history":[{"count":24,"href":"https:\/\/commutronics.com.tw\/fr\/wp-json\/wp\/v2\/pages\/7182\/revisions"}],"predecessor-version":[{"id":7814,"href":"https:\/\/commutronics.com.tw\/fr\/wp-json\/wp\/v2\/pages\/7182\/revisions\/7814"}],"up":[{"embeddable":true,"href":"https:\/\/commutronics.com.tw\/fr\/wp-json\/wp\/v2\/pages\/6396"}],"wp:attachment":[{"href":"https:\/\/commutronics.com.tw\/fr\/wp-json\/wp\/v2\/media?parent=7182"}],"curies":[{"name":"wp","href":"https:\/\/api.w.org\/{rel}","templated":true}]}}