{"id":6905,"date":"2025-05-18T16:59:36","date_gmt":"2025-05-18T08:59:36","guid":{"rendered":"https:\/\/commutronics.com.tw\/?page_id=6905"},"modified":"2025-05-27T16:31:29","modified_gmt":"2025-05-27T08:31:29","slug":"talkie-walkie","status":"publish","type":"page","link":"https:\/\/commutronics.com.tw\/fr\/walkie-talkie\/","title":{"rendered":"radio"},"content":{"rendered":"<h3 class=\"wp-block-heading\">Qu'est-ce que la radio ?<\/h3>\n\n\n\n<p class=\"wp-block-paragraph\">La radio est un outil de communication qui utilise les ondes radio pour la transmission de la voix ou des donn\u00e9es. Elle permet une communication bidirectionnelle en temps r\u00e9el sans n\u00e9cessiter d'infrastructure c\u00e2bl\u00e9e et est largement utilis\u00e9e dans les sc\u00e9narios de communication en temps r\u00e9el dans divers secteurs d'activit\u00e9.<\/p>\n\n\n\n<p class=\"wp-block-paragraph\">Selon la m\u00e9thode de transmission et la fonction, il peut \u00eatre divis\u00e9 en plusieurs cat\u00e9gories :<\/p>\n\n\n\n<ul class=\"wp-block-list\">\n<li><strong>Radio analogique<\/strong>La qualit\u00e9 du son est naturelle, mais il est plus perturb\u00e9 et son fonctionnement est relativement simple.<\/li>\n\n\n\n<li><strong>Radio num\u00e9rique<\/strong>Les fonctions suivantes sont disponibles : transmission claire, r\u00e9sistance \u00e9lev\u00e9e aux interf\u00e9rences, prise en charge du cryptage, des appels de groupe, du positionnement GPS et d'autres fonctions avanc\u00e9es.<\/li>\n<\/ul>\n\n\n\n<h3 class=\"wp-block-heading\">Application de la radio dans les secteurs commerciaux et industriels<\/h3>\n\n\n\n<ol start=\"1\" class=\"wp-block-list\">\n<li><strong>Chantier de construction<\/strong>Les chefs de chantier et les ouvriers peuvent communiquer entre eux en temps r\u00e9el afin d'am\u00e9liorer l'efficacit\u00e9 et la s\u00e9curit\u00e9 des op\u00e9rations.<\/li>\n\n\n\n<li><strong>Fabrication<\/strong>Les employ\u00e9s de la cha\u00eene de production collaborent par le biais du syst\u00e8me d'interphone afin d'am\u00e9liorer la productivit\u00e9 et la gestion des processus.<\/li>\n\n\n\n<li><strong>Patrouilles de s\u00e9curit\u00e9<\/strong>Communication et notification rapides des conditions anormales par les gardes afin d'am\u00e9liorer la capacit\u00e9 de r\u00e9action.<\/li>\n\n\n\n<li><strong>logistique distribution<\/strong>La flotte d'entreposage et de livraison peut suivre le mouvement et le statut de livraison des marchandises afin de renforcer la gestion du temps.<\/li>\n<\/ol>\n\n\n\n<h3 class=\"wp-block-heading\">Applications de lutte contre l'incendie et de secours en cas de catastrophe<\/h3>\n\n\n\n<p class=\"wp-block-paragraph\">Sur les lieux d'une situation d'urgence, la radio pr\u00e9sente un avantage d\u00e9cisif :<\/p>\n\n\n\n<ul class=\"wp-block-list\">\n<li><strong>Messagerie instantan\u00e9e ininterrompue<\/strong>Utilisation stable m\u00eame en cas d'interruption du signal de t\u00e9l\u00e9phonie mobile<\/li>\n\n\n\n<li><strong>Un commandement et un contr\u00f4le clairs<\/strong>Il est possible de cr\u00e9er des canaux de commande et des groupes de communication sur le terrain.<\/li>\n\n\n\n<li><strong>Conception robuste<\/strong>Des mod\u00e8les \u00e9tanches \u00e0 la poussi\u00e8re, \u00e0 l'eau, antid\u00e9flagrants et d'autres mod\u00e8les de haute qualit\u00e9 sont disponibles.<\/li>\n<\/ul>\n\n\n\n<h3 class=\"wp-block-heading\">IV. la s\u00e9curit\u00e9 publique et l'utilisation par les services gouvernementaux<\/h3>\n\n\n\n<p class=\"wp-block-paragraph\">Les syst\u00e8mes radio sp\u00e9cialis\u00e9s sont couramment utilis\u00e9s par la police, les pompiers, les patrouilles maritimes et l'arm\u00e9e nationale :<\/p>\n\n\n\n<ul class=\"wp-block-list\">\n<li><strong>Appel s\u00e9curis\u00e9 crypt\u00e9<\/strong><\/li>\n\n\n\n<li><strong>Capacit\u00e9 de diffusion au niveau r\u00e9gional et \u00e0 l'\u00e9chelle du district<\/strong><\/li>\n\n\n\n<li><strong>Int\u00e9gration de plates-formes d'interop\u00e9rabilit\u00e9 multi-services (par exemple, centre de commandement + unit\u00e9s de terrain)<\/strong><\/li>\n<\/ul>\n\n\n\n<h3 class=\"wp-block-heading\">V. Communication par radio ou par t\u00e9l\u00e9phone mobile\/Internet<\/h3>\n\n\n\n<figure class=\"wp-block-table\"><table class=\"has-fixed-layout\"><tbody><tr><th>\u00c9l\u00e9ments de comparaison<\/th><th>radio<\/th><th>T\u00e9l\u00e9phone mobile \/ Communication Internet<\/th><\/tr><tr><td>D\u00e9lai de transmission<\/td><td>Presque aucun retard<\/td><td>Retards possibles, embouteillages<\/td><\/tr><tr><td>Appels de groupe<\/td><td>D'un \u00e0 plusieurs<\/td><td>N\u00e9cessaire pour passer l'application Meeting<\/td><\/tr><tr><td>Internet Reliance<\/td><td>Aucun r\u00e9seau n'est n\u00e9cessaire<\/td><td>S'appuyer sur la 4G\/WiFi<\/td><\/tr><tr><td>stabilit\u00e9<\/td><td>Stable et fiable<\/td><td>Les catastrophes interrompent toujours<\/td><\/tr><tr><td>Restrictions statutaires<\/td><td>Licence requise<\/td><td>R\u00e9seau public pr\u00eat \u00e0 l'emploi<\/td><\/tr><\/tbody><\/table><\/figure>\n\n\n\n<h3 class=\"wp-block-heading\">Introduction aux technologies de la norme radio num\u00e9rique<\/h3>\n\n\n\n<p class=\"wp-block-paragraph\">Les principaux protocoles de radio num\u00e9rique actuels sont les suivants<\/p>\n\n\n\n<ul class=\"wp-block-list\">\n<li><strong>DMR (Digital Mobile Radio)<\/strong>L'entreprise est une norme ouverte pour un large \u00e9ventail d'applications commerciales et industrielles.<\/li>\n\n\n\n<li><strong>P25 (Projet 25)<\/strong>Il est utilis\u00e9 principalement par les services de s\u00e9curit\u00e9 publique d'Am\u00e9rique du Nord et est hautement crypt\u00e9 et interop\u00e9rable.<\/li>\n\n\n\n<li><strong>TETRA (Terrestrial Trunked Radio)<\/strong>Les syst\u00e8mes d'information g\u00e9ographique (SIG) : couramment utilis\u00e9s en Europe et dans la r\u00e9gion Asie-Pacifique pour le maintien de l'ordre \u00e0 grande \u00e9chelle, la circulation routi\u00e8re et d'autres domaines.<\/li>\n<\/ul>\n\n\n\n<h3 class=\"wp-block-heading\">Pr\u00e9sentation de la marque Motorola Radio<\/h3>\n\n\n\n<p class=\"wp-block-paragraph\">Motorola Solutions est le premier fournisseur mondial d'\u00e9quipements de communication sans fil sp\u00e9cialis\u00e9s, avec une gamme de produits :<\/p>\n\n\n\n<ul class=\"wp-block-list\">\n<li><strong>S\u00e9rie MOTOTRBO<\/strong>radios num\u00e9riques d'entreprise et industrielles (par exemple, R7, XiR P8668i, SLR 5300)<\/li>\n\n\n\n<li><strong>S\u00e9rie APX<\/strong>Les \u00e9quipements sp\u00e9cialis\u00e9s pour la s\u00e9curit\u00e9 publique et les forces sp\u00e9ciales (par exemple, APX 8000).<\/li>\n\n\n\n<li><strong>S\u00e9rie TLK<\/strong>interphone PoC (PTT over Cellular) pour des appels globaux sur des r\u00e9seaux mobiles<\/li>\n\n\n\n<li><strong>Plate-forme WAVE PTX<\/strong>Solution d'interphonie inter-r\u00e9seaux qui int\u00e8gre les appels par radio et par application mobile<\/li>\n<\/ul>\n\n\n\n<h3 class=\"wp-block-heading\">VIII. introduction aux licences et r\u00e9glementations radio \u00e0 Taiwan<\/h3>\n\n\n\n<p class=\"wp-block-paragraph\">Conform\u00e9ment \u00e0 la r\u00e9glementation de la NCC (National Communications Commission) de Ta\u00efwan :<\/p>\n\n\n\n<ul class=\"wp-block-list\">\n<li>L'approbation de type (par exemple, le num\u00e9ro de certification CCN) est requise pour les \u00e9quipements radio.<\/li>\n\n\n\n<li>Une licence est n\u00e9cessaire pour l'utilisation de ces stations, qui sont class\u00e9es comme \"station de base\", \"station r\u00e9p\u00e9titrice\" et \"station mobile\".<\/li>\n\n\n\n<li>Des bandes de fr\u00e9quences sp\u00e9cifiques (par exemple pour la police et les pompiers) sont r\u00e9serv\u00e9es \u00e0 l'usage exclusif du gouvernement, et le public doit demander des bandes de fr\u00e9quences \u00e0 usage commercial\/autonome.<\/li>\n<\/ul>\n\n\n\n<h3 class=\"wp-block-heading\">Architecture des syst\u00e8mes de communication et application des r\u00e9p\u00e9teurs<\/h3>\n\n\n\n<p class=\"wp-block-paragraph\">Recommand\u00e9 pour les grands sites ou les besoins de communication interr\u00e9gionale :<\/p>\n\n\n\n<ul class=\"wp-block-list\">\n<li><strong>R\u00e9p\u00e9titeur<\/strong>Distance d'appel \u00e9tendue pour les services multicanaux (p. ex. SLR5300)<\/li>\n\n\n\n<li><strong>Syst\u00e8me \u00e0 double antenne (DAS)<\/strong>Am\u00e9lioration de la couverture int\u00e9rieure des b\u00e2timents<\/li>\n\n\n\n<li><strong>Int\u00e9gration des syst\u00e8mes de r\u00e9partition (par exemple SmartPTT, TRBOnet)<\/strong>Int\u00e9gration de la voix, du GPS, de l'historique et de l'enregistrement<\/li>\n<\/ul>\n\n\n\n<hr class=\"wp-block-separator has-alpha-channel-opacity\"\/>\n\n\n\n<p class=\"wp-block-paragraph\"><strong>Commutronics YUYU Trading Co.<\/strong>Nous fournissons des solutions de communication compl\u00e8tes pour les entreprises et les administrations, depuis la planification du syst\u00e8me jusqu'\u00e0 la maintenance apr\u00e8s-vente, en passant par la vente de produits. Nous sommes votre partenaire fiable en mati\u00e8re de communication.<\/p>","protected":false},"excerpt":{"rendered":"<p>\u4e00\u3001\u4ec0\u9ebc\u662f\u7121\u7dda\u96fb\uff1f \u7121\u7dda\u96fb\uff08Radio\uff09\u662f\u4e00\u7a2e\u5229\u7528\u7121\u7dda\u96fb\u6ce2\u9032\u884c\u8a9e\u97f3\u6216\u6578\u64da\u50b3\u8f38\u7684\u901a\u8a0a\u5de5\u5177\u3002\u900f\u904e\u7121\u9700\u6709\u7dda\u57fa\u790e\u8a2d\u65bd\uff0c [&hellip;]<\/p>\n","protected":false},"author":251107229,"featured_media":0,"parent":0,"menu_order":0,"comment_status":"closed","ping_status":"closed","template":"","meta":{"_crdt_document":"","footnotes":""},"class_list":["post-6905","page","type-page","status-publish","hentry"],"jetpack_likes_enabled":true,"jetpack_sharing_enabled":true,"jetpack_shortlink":"https:\/\/wp.me\/PfNdxH-1Nn","jetpack-related-posts":[],"_links":{"self":[{"href":"https:\/\/commutronics.com.tw\/fr\/wp-json\/wp\/v2\/pages\/6905","targetHints":{"allow":["GET"]}}],"collection":[{"href":"https:\/\/commutronics.com.tw\/fr\/wp-json\/wp\/v2\/pages"}],"about":[{"href":"https:\/\/commutronics.com.tw\/fr\/wp-json\/wp\/v2\/types\/page"}],"author":[{"embeddable":true,"href":"https:\/\/commutronics.com.tw\/fr\/wp-json\/wp\/v2\/users\/251107229"}],"replies":[{"embeddable":true,"href":"https:\/\/commutronics.com.tw\/fr\/wp-json\/wp\/v2\/comments?post=6905"}],"version-history":[{"count":3,"href":"https:\/\/commutronics.com.tw\/fr\/wp-json\/wp\/v2\/pages\/6905\/revisions"}],"predecessor-version":[{"id":6931,"href":"https:\/\/commutronics.com.tw\/fr\/wp-json\/wp\/v2\/pages\/6905\/revisions\/6931"}],"wp:attachment":[{"href":"https:\/\/commutronics.com.tw\/fr\/wp-json\/wp\/v2\/media?parent=6905"}],"curies":[{"name":"wp","href":"https:\/\/api.w.org\/{rel}","templated":true}]}}