{"id":6399,"date":"2025-03-08T18:18:24","date_gmt":"2025-03-08T10:18:24","guid":{"rendered":"https:\/\/commutronics.com.tw\/about\/ibwave_desgin\/"},"modified":"2025-03-27T01:44:32","modified_gmt":"2025-03-26T17:44:32","slug":"ibwave_desgin","status":"publish","type":"page","link":"https:\/\/commutronics.com.tw\/fr\/solutions\/ibwave_desgin\/","title":{"rendered":"iBwave Design"},"content":{"rendered":"<h2 class=\"wp-block-heading\"><strong>Solutions de planification et de conception des communications sans fil d'iBwave<\/strong><\/h2>\n\n\n\n<div class=\"wp-block-columns alignwide is-layout-flex wp-container-core-columns-is-layout-3b811c60 wp-block-columns-is-layout-flex\">\n<div class=\"wp-block-column is-style-default has-theme-1-background-color has-background is-layout-flow wp-block-column-is-layout-flow\">\n<h2 class=\"wp-block-heading\"><strong>Qu'est-ce qu'iBwave ?<\/strong><\/h2>\n\n\n\n<p class=\"wp-block-paragraph\">iBwave est une entreprise mondialement reconnue<strong>Logiciel standard de conception et de planification de r\u00e9seaux sans fil<\/strong>Les produits sont largement utilis\u00e9s dans les domaines suivants<strong>Communications cellulaires (4G\/5G), Wi-Fi, communications professionnelles sans fil (DMR, P25, TETRA), s\u00e9curit\u00e9 publique, communications intra-entreprise<\/strong>et d'autres domaines. Avec iBwave, les ing\u00e9nieurs peuvent<strong>Planification pr\u00e9cise de la couverture sans fil<\/strong>Il garantit \u00e9galement une qualit\u00e9 et une performance optimales des communications et r\u00e9duit les co\u00fbts de d\u00e9ploiement.<\/p>\n\n\n\n<hr class=\"wp-block-separator has-alpha-channel-opacity\"\/>\n\n\n\n<h3 class=\"wp-block-heading\"><strong>Couverture du signal sans fil et planification RF<\/strong><\/h3>\n\n\n\n<p class=\"wp-block-paragraph\">iBwave dispose d'un puissant <strong>Simulation et analyse RF<\/strong>La structure du b\u00e2timent et les conditions environnementales sont telles qu'il est possible de<strong>Pr\u00e9vision pr\u00e9cise de la couverture des signaux sans fil<\/strong>Il veille \u00e9galement \u00e0 ce qu'il n'y ait pas de zones mortes dans le signal.<\/p>\n\n\n\n<h3 class=\"wp-block-heading\"><strong>Mod\u00e9lisation 3D et analyse des cartes thermiques<\/strong><\/h3>\n\n\n\n<p class=\"wp-block-paragraph\">\u00e0 travers <strong>Simulation de la structure des b\u00e2timents en 3D<\/strong>L'iBwave fournit un affichage intuitif de la distribution du signal et offre<strong>Analyse de la carte thermique<\/strong>Cela permet aux utilisateurs d'avoir une vision claire de la puissance de la couverture, des interf\u00e9rences et des angles morts du r\u00e9seau Wi-Fi.<\/p>\n\n\n\n<h3 class=\"wp-block-heading\"><strong>Int\u00e9gration multitechnologique<\/strong><\/h3>\n\n\n\n<p class=\"wp-block-paragraph\">iBwave fonctionne non seulement avec les radios traditionnelles (DMR, P25, TETRA), mais prend \u00e9galement en charge les \u00e9l\u00e9ments suivants <strong>Wi-Fi, 5G, LTE, IoT, technologies de communication pour les b\u00e2timents intelligents<\/strong>Cela garantit une int\u00e9gration et une optimisation transparentes des diff\u00e9rentes technologies de r\u00e9seau sans fil.<\/p>\n\n\n\n<h3 class=\"wp-block-heading\"><strong>Rapport de planification et analyse d'optimisation<\/strong><\/h3>\n\n\n\n<p class=\"wp-block-paragraph\">Le syst\u00e8me peut g\u00e9n\u00e9rer automatiquement des <strong>Rapport de conception, liste des \u00e9quipements (BOM) et sp\u00e9cifications d'installation<\/strong>La mission de l'entreprise est d'aider les \u00e9quipes d'ing\u00e9nieurs \u00e0 r\u00e9aliser des d\u00e9ploiements rapides et \u00e0 optimiser les co\u00fbts et l'efficacit\u00e9 de la construction.<\/p>\n\n\n\n<h2 class=\"wp-block-heading\"><strong>Champ de conception de l'application iBwave<\/strong><\/h2>\n\n\n\n<hr class=\"wp-block-separator has-alpha-channel-opacity\"\/>\n\n\n\n<h3 class=\"wp-block-heading\"><strong>B\u00e2timents d'entreprise et commerciaux<\/strong><\/h3>\n\n\n\n<p class=\"wp-block-paragraph\">Veiller \u00e0 ce que les immeubles de bureaux, les grands magasins, les b\u00e2timents intelligents<strong>Stabilit\u00e9 des r\u00e9seaux sans fil<\/strong>La mission de l'entreprise est d'am\u00e9liorer la qualit\u00e9 de la communication entre le personnel et les visiteurs.<\/p>\n\n\n\n<h3 class=\"wp-block-heading\"><strong>Environnement industriel et d'entreposage<\/strong><\/h3>\n\n\n\n<p class=\"wp-block-paragraph\">Pour les usines, les entrep\u00f4ts et les grandes installations de fabrication, il faut s'assurer que les syst\u00e8mes de communication radio et de donn\u00e9es sont<strong>Connexion sans faille<\/strong>En outre, il am\u00e9liorera l'efficacit\u00e9 op\u00e9rationnelle.<\/p>\n\n\n\n<h3 class=\"wp-block-heading\"><strong>Transports publics et grandes infrastructures<\/strong><\/h3>\n\n\n\n<p class=\"wp-block-paragraph\">Convient pour le m\u00e9tro, les a\u00e9roports, les gares, les tunnels, etc.<strong>Environnement de communication critique<\/strong>Le nouveau syst\u00e8me assure une couverture sans fil stable et garantit la s\u00e9curit\u00e9 des op\u00e9rations.<\/p>\n\n\n\n<h3 class=\"wp-block-heading\"><strong>S\u00e9curit\u00e9 publique et communications d'urgence<\/strong><\/h3>\n\n\n\n<p class=\"wp-block-paragraph\">Applicable \u00e0 la police, aux pompiers, aux ambulances, etc. afin de garantir qu'en cas d'urgence, l'\u00e9quipe de la police, des pompiers, des ambulances, etc. est en mesure d'intervenir.<strong>Les \u00e9quipements de communication peuvent fonctionner sans retard ni interf\u00e9rence.<\/strong>.<\/p>\n\n\n\n<h3 class=\"wp-block-heading\"><strong>Stades et ar\u00e8nes<\/strong><\/h3>\n\n\n\n<p class=\"wp-block-paragraph\">Gr\u00e2ce \u00e0 des<strong>Planification et conception des r\u00e9seaux sans fil<\/strong>Le signal est transmis sans probl\u00e8me.<\/p>\n\n\n\n<hr class=\"wp-block-separator has-alpha-channel-opacity\"\/>\n\n\n\n<p class=\"wp-block-paragraph\">Commutronics (Yuyu Trading Co., Ltd.) est un fournisseur professionnel de solutions de communication sans fil.<strong>Exp\u00e9rience approfondie des applications iBwave<\/strong>Notre \u00e9quipe de professionnels peut aider nos clients dans les domaines suivants<strong>Conception des communications sans fil, analyse de la couverture, s\u00e9lection des \u00e9quipements et optimisation des syst\u00e8mes<\/strong>Cela garantit des performances de communication optimales et un bon rapport co\u00fbt-efficacit\u00e9.<\/p>\n\n\n\n<figure class=\"wp-block-image size-full\"><img data-recalc-dims=\"1\" decoding=\"async\" src=\"https:\/\/i0.wp.com\/commutronics.com.tw\/wp-content\/uploads\/2025\/03\/heatMap_1-1.jpg?ssl=1\" alt=\"\" class=\"wp-image-5270\"\/><\/figure>\n<\/div>\n<\/div>","protected":false},"excerpt":{"rendered":"<p>iBwave \u7121\u7dda\u901a\u8a0a\u898f\u5283\u8207\u8a2d\u8a08\u89e3\u6c7a\u65b9\u6848 \u4ec0\u9ebc\u662f iBwave\uff1f iBwave \u662f\u5168\u7403\u516c\u8a8d\u7684\u7121\u7dda\u7db2\u7d61\u8a2d\u8a08\u8207\u898f\u5283 [&hellip;]<\/p>\n","protected":false},"author":251107229,"featured_media":6321,"parent":6397,"menu_order":0,"comment_status":"closed","ping_status":"closed","template":"","meta":{"_crdt_document":"","footnotes":""},"class_list":["post-6399","page","type-page","status-publish","has-post-thumbnail","hentry"],"jetpack_likes_enabled":true,"jetpack_sharing_enabled":true,"jetpack_shortlink":"https:\/\/wp.me\/PfNdxH-1Fd","jetpack-related-posts":[],"_links":{"self":[{"href":"https:\/\/commutronics.com.tw\/fr\/wp-json\/wp\/v2\/pages\/6399","targetHints":{"allow":["GET"]}}],"collection":[{"href":"https:\/\/commutronics.com.tw\/fr\/wp-json\/wp\/v2\/pages"}],"about":[{"href":"https:\/\/commutronics.com.tw\/fr\/wp-json\/wp\/v2\/types\/page"}],"author":[{"embeddable":true,"href":"https:\/\/commutronics.com.tw\/fr\/wp-json\/wp\/v2\/users\/251107229"}],"replies":[{"embeddable":true,"href":"https:\/\/commutronics.com.tw\/fr\/wp-json\/wp\/v2\/comments?post=6399"}],"version-history":[{"count":1,"href":"https:\/\/commutronics.com.tw\/fr\/wp-json\/wp\/v2\/pages\/6399\/revisions"}],"predecessor-version":[{"id":6438,"href":"https:\/\/commutronics.com.tw\/fr\/wp-json\/wp\/v2\/pages\/6399\/revisions\/6438"}],"up":[{"embeddable":true,"href":"https:\/\/commutronics.com.tw\/fr\/wp-json\/wp\/v2\/pages\/6397"}],"wp:featuredmedia":[{"embeddable":true,"href":"https:\/\/commutronics.com.tw\/fr\/wp-json\/wp\/v2\/media\/6321"}],"wp:attachment":[{"href":"https:\/\/commutronics.com.tw\/fr\/wp-json\/wp\/v2\/media?parent=6399"}],"curies":[{"name":"wp","href":"https:\/\/api.w.org\/{rel}","templated":true}]}}