{"id":6390,"date":"2024-12-07T21:16:51","date_gmt":"2024-12-07T13:16:51","guid":{"rendered":"https:\/\/commutronics.com.tw\/apx2000-2\/"},"modified":"2025-03-27T09:15:08","modified_gmt":"2025-03-27T01:15:08","slug":"apx2000-2","status":"publish","type":"page","link":"https:\/\/commutronics.com.tw\/fr\/produits\/apx2000-2\/","title":{"rendered":"APX2000"},"content":{"rendered":"<div class=\"wp-block-group alignfull has-global-padding is-layout-constrained wp-block-group-is-layout-constrained\">\n<div class=\"wp-block-group alignwide has-global-padding is-content-justification-center is-layout-constrained wp-container-core-group-is-layout-30dfff16 wp-block-group-is-layout-constrained\" style=\"margin-top:0;margin-bottom:0;padding-top:calc( 0.5 * var(u002du002dwpu002du002dstyleu002du002drootu002du002dpadding-right, var(u002du002dwpu002du002dcustomu002du002dgapu002du002dhorizontal)));padding-right:var(u002du002dwpu002du002dstyleu002du002drootu002du002dpadding-right, var(u002du002dwpu002du002dcustomu002du002dgapu002du002dhorizontal));padding-bottom:calc( 0.5 * var(u002du002dwpu002du002dstyleu002du002drootu002du002dpadding-right, var(u002du002dwpu002du002dcustomu002du002dgapu002du002dhorizontal)));padding-left:var(u002du002dwpu002du002dstyleu002du002drootu002du002dpadding-left, var(u002du002dwpu002du002dcustomu002du002dgapu002du002dhorizontal))\">\n<div class=\"wp-block-columns alignwide is-layout-flex wp-container-core-columns-is-layout-3b811c60 wp-block-columns-is-layout-flex\">\n<div class=\"wp-block-column is-layout-flow wp-block-column-is-layout-flow\">\n<figure class=\"wp-block-image aligncenter size-full is-resized\"><img data-recalc-dims=\"1\" decoding=\"async\" src=\"https:\/\/i0.wp.com\/commutronics.com.tw\/wp-content\/uploads\/2024\/12\/APX_2000_2_knob_Keypad_Black_Front_T0176_v2-1280x1280-1-1.jpeg?ssl=1\" alt=\"\" class=\"wp-image-4107\" style=\"aspect-ratio:9\/16;object-fit:contain;width:300px\"\/><\/figure>\n<\/div>\n\n\n\n<div class=\"wp-block-column is-layout-flow wp-block-column-is-layout-flow\">\n<div class=\"wp-block-group alignfull is-vertical is-layout-flex wp-container-core-group-is-layout-495237cd wp-block-group-is-layout-flex\" style=\"min-height:100%;padding-top:0;padding-right:0;padding-bottom:0;padding-left:0\">\n<div class=\"wp-block-group has-global-padding is-layout-constrained wp-block-group-is-layout-constrained\">\n<h1 class=\"wp-block-heading has-x-large-font-size\">Motorola APX2000<\/h1>\n<\/div>\n\n\n\n<div class=\"wp-block-group has-global-padding is-layout-constrained wp-container-core-group-is-layout-ec5e4b34 wp-block-group-is-layout-constrained\">\n<p class=\"wp-block-paragraph\">L'APX 2000 offre tous les avantages de la technologie P25 et est le plus petit interphone portable P25 Phase 2 de l'industrie. Simple \u00e0 utiliser, robuste et rentable, il relie les utilisateurs des travaux publics, des services publics et de la s\u00e9curit\u00e9 publique locale aux premiers intervenants pour des communications rapides et interop\u00e9rables.L'APX 2000 r\u00e9siste \u00e0 la poussi\u00e8re, aux temp\u00e9ratures \u00e9lev\u00e9es, aux vibrations et \u00e0 l'immersion, et est certifi\u00e9 IP67 et MIL-STD. L'APX 2000 est r\u00e9sistant \u00e0 la poussi\u00e8re, aux temp\u00e9ratures \u00e9lev\u00e9es, aux vibrations et \u00e0 l'immersion, et il est certifi\u00e9 IP67 et MIL-STD. Il pr\u00e9sente un certain nombre de caract\u00e9ristiques cl\u00e9s qui contribuent \u00e0 garantir la s\u00e9curit\u00e9 de l'utilisateur, notamment la fonctionnalit\u00e9 sans fil critique, la suppression du bruit du double microphone, le positionnement GPS ext\u00e9rieur et le cryptage AES.<\/p>\n<\/div>\n\n\n\n<div class=\"wp-block-group is-nowrap is-layout-flex wp-container-core-group-is-layout-930d3512 wp-block-group-is-layout-flex\">\n<div class=\"wp-block-file\"><a href=\"https:\/\/commutronics.com.tw\/wp-content\/uploads\/2024\/12\/motl_apx2000_p25_portableradio_datasheet_en-1.pdf\" class=\"wp-block-file__button wp-element-button\" download>Catalogue anglais T\u00e9l\u00e9charger<\/a><\/div>\n<\/div>\n<\/div>\n<\/div>\n<\/div>\n<\/div>\n\n\n\n<div class=\"wp-block-group alignwide has-global-padding is-layout-constrained wp-block-group-is-layout-constrained\">\n<h2 class=\"wp-block-heading alignwide has-large-font-size\" id=\"all-accessories\"><span style=\"text-decoration: underline;\">Mod\u00e8le d'accessoire<\/span><\/h2>\n\n\n\n<div class=\"wp-block-columns alignwide is-layout-flex wp-container-core-columns-is-layout-3b811c60 wp-block-columns-is-layout-flex\">\n<div class=\"wp-block-column is-layout-flow wp-block-column-is-layout-flow\">\n<ul class=\"wp-block-list\">\n<li>horizon\n\n\n\n\n\n\n\n\n<ul class=\"wp-block-list\">\n<li><a href=\"https:\/\/commutronics.com.tw\/fr\/accessoires\/pmae4079\/\" data-type=\"page\" data-id=\"779\">Antenne r\u00e9tractable \u00e0 large bande UHF 142mm<\/a>\n<ul class=\"wp-block-list\">\n<li>PMAE4065 (380-520MHz)<\/li>\n<\/ul>\n<\/li>\n\n\n\n<li>Antenne VHF\n<ul class=\"wp-block-list\">\n<li> NAR6593 (136-174 MHz)<\/li>\n<\/ul>\n<\/li>\n<\/ul>\n\n\n\n<ul class=\"wp-block-list\">\n<li>Ligne de donn\u00e9es\n<ul class=\"wp-block-list\">\n<li>PMKN4012 C\u00e2ble de donn\u00e9es<\/li>\n<\/ul>\n<\/li>\n<\/ul>\n<\/li>\n<\/ul>\n<\/div>\n\n\n\n<div class=\"wp-block-column is-layout-flow wp-block-column-is-layout-flow\">\n<ul class=\"wp-block-list\">\n<li>Batterie\n<ul class=\"wp-block-list\">\n<li>Batterie Li-ion mince IMPRES\u2122 2000mAh (IP67) (NNTN8128)<\/li>\n\n\n\n<li>Batterie au lithium-ion 2350mAh (IP67)(PMNN4424)<\/li>\n\n\n\n<li>Batterie au lithium-ion IMPRES\u2122 de 2900mAh (IP67) (PMNN4889)<\/li>\n\n\n\n<li>Batterie au lithium-ion IMPRES\u2122 2100mAh (IP67) (PMNN4491)<\/li>\n\n\n\n<li>Batterie au lithium-ion IMPRES\u2122 2800mAh (IP67, TIA4950) (PMNN4448)<\/li>\n\n\n\n<li>Chargeur simple IMPRES\u2122 (PMPN4576A)<\/li>\n\n\n\n<li>Chargeur \u00e0 6 emplacements IMPRES (PMPN4284)<\/li>\n\n\n\n<li>Chargeur rapide de voiture \u00e0 fente unique IMPRES (NNTN8129)<\/li>\n<\/ul>\n<\/li>\n\n\n\n<li>Microphone\n<ul class=\"wp-block-list\">\n<li>Microphone \u00e0 main sans fil Bluetooth WM500 (PMMN4127)<\/li>\n\n\n\n<li><em>RLN6562 Microphone Bluetooth<\/em>(<em>PMMN4096<\/em>)<\/li>\n\n\n\n<li>PMMN4062<\/li>\n\n\n\n<li>PMMN4065<\/li>\n\n\n\n<li>PMMN4069<\/li>\n<\/ul>\n<\/li>\n\n\n\n<li>Clip arri\u00e8re\n<ul class=\"wp-block-list\">\n<li>Clip rigide 2,5\" (PMLN4651)<\/li>\n<\/ul>\n<\/li>\n<\/ul>\n<\/div>\n<\/div>\n<\/div>\n\n\n\n<div style=\"height:calc( 0.25 * var(u002du002dwpu002du002dstyleu002du002drootu002du002dpadding-right, var(u002du002dwpu002du002dcustomu002du002dgapu002du002dhorizontal)))\" aria-hidden=\"true\" class=\"wp-block-spacer\"><\/div>\n\n\n\n<div style=\"height:calc( 0.25 * var(u002du002dwpu002du002dstyleu002du002drootu002du002dpadding-right, var(u002du002dwpu002du002dcustomu002du002dgapu002du002dhorizontal)))\" aria-hidden=\"true\" class=\"wp-block-spacer\"><\/div>\n<\/div>","protected":false},"excerpt":{"rendered":"<p>Motorola APX2000 APX 2000 \u63d0\u4f9b\u4e86 P25 \u6280\u8853\u7684\u6240\u6709\u512a\u52e2\uff0c\u662f\u696d\u754c\u6700\u5c0f\u7684 P25 Ph [&hellip;]<\/p>\n","protected":false},"author":251107229,"featured_media":0,"parent":50,"menu_order":0,"comment_status":"closed","ping_status":"closed","template":"","meta":{"_crdt_document":"","jetpack_post_was_ever_published":false,"footnotes":""},"class_list":["post-6390","page","type-page","status-publish","hentry"],"jetpack_likes_enabled":true,"jetpack_sharing_enabled":true,"jetpack_shortlink":"https:\/\/wp.me\/PfNdxH-1F4","jetpack-related-posts":[],"_links":{"self":[{"href":"https:\/\/commutronics.com.tw\/fr\/wp-json\/wp\/v2\/pages\/6390","targetHints":{"allow":["GET"]}}],"collection":[{"href":"https:\/\/commutronics.com.tw\/fr\/wp-json\/wp\/v2\/pages"}],"about":[{"href":"https:\/\/commutronics.com.tw\/fr\/wp-json\/wp\/v2\/types\/page"}],"author":[{"embeddable":true,"href":"https:\/\/commutronics.com.tw\/fr\/wp-json\/wp\/v2\/users\/251107229"}],"replies":[{"embeddable":true,"href":"https:\/\/commutronics.com.tw\/fr\/wp-json\/wp\/v2\/comments?post=6390"}],"version-history":[{"count":1,"href":"https:\/\/commutronics.com.tw\/fr\/wp-json\/wp\/v2\/pages\/6390\/revisions"}],"predecessor-version":[{"id":6492,"href":"https:\/\/commutronics.com.tw\/fr\/wp-json\/wp\/v2\/pages\/6390\/revisions\/6492"}],"up":[{"embeddable":true,"href":"https:\/\/commutronics.com.tw\/fr\/wp-json\/wp\/v2\/pages\/50"}],"wp:attachment":[{"href":"https:\/\/commutronics.com.tw\/fr\/wp-json\/wp\/v2\/media?parent=6390"}],"curies":[{"name":"wp","href":"https:\/\/api.w.org\/{rel}","templated":true}]}}