{"id":6384,"date":"2024-11-07T17:09:11","date_gmt":"2024-11-07T09:09:11","guid":{"rendered":"https:\/\/commutronics.com.tw\/question_answer\/"},"modified":"2026-01-13T19:38:14","modified_gmt":"2026-01-13T11:38:14","slug":"question_reponse","status":"publish","type":"page","link":"https:\/\/commutronics.com.tw\/fr\/question_answer\/","title":{"rendered":"Recommandation de radio Motorola Q&amp;R"},"content":{"rendered":"<div class=\"wp-block-columns alignwide is-layout-flex wp-container-core-columns-is-layout-3b811c60 wp-block-columns-is-layout-flex\">\n<div class=\"wp-block-column is-layout-flow wp-block-column-is-layout-flow\">\n<h3 class=\"wp-block-heading\">1. <strong>Dois-je choisir la radio num\u00e9rique ou analogique ?<\/strong><\/h3>\n\n\n\n<ul class=\"wp-block-list\">\n<li><strong>Radio num\u00e9rique<\/strong>La technologie de la t\u00e9l\u00e9phonie mobile permet d'obtenir une qualit\u00e9 sonore plus claire, une meilleure efficacit\u00e9 spectrale et des capacit\u00e9s de transfert de donn\u00e9es telles que le GPS et la messagerie. Id\u00e9al pour les environnements qui requi\u00e8rent une multifonctionnalit\u00e9 ou une transmission sur de longues distances.<\/li>\n\n\n\n<li><strong>Radio analogique<\/strong>Le co\u00fbt est g\u00e9n\u00e9ralement faible et convient \u00e0 une utilisation \u00e0 court terme ou \u00e0 des applications ne n\u00e9cessitant qu'une simple transmission de la voix.<\/li>\n<\/ul>\n\n\n\n<h3 class=\"wp-block-heading\">2. <strong>Que sont les bandes VHF et UHF et laquelle dois-je choisir ?<\/strong><\/h3>\n\n\n\n<ul class=\"wp-block-list\">\n<li><strong>VHF (136 - 174 MHz)<\/strong>Il convient mieux aux zones ext\u00e9rieures et ouvertes o\u00f9 le signal peut \u00eatre transmis sur une plus longue distance, en particulier en pr\u00e9sence de quelques obstructions.<\/li>\n\n\n\n<li><strong>UHF (403 - 527 MHz)<\/strong>Le syst\u00e8me d'alerte rapide est mieux adapt\u00e9 aux zones int\u00e9rieures ou b\u00e2ties, avec une plus grande capacit\u00e9 de p\u00e9n\u00e9tration, ce qui permet de l'utiliser \u00e0 l'int\u00e9rieur des b\u00e2timents et dans les zones urbaines.<\/li>\n<\/ul>\n\n\n\n<h3 class=\"wp-block-heading\">3. <strong>Quelle est l'importance de la dur\u00e9e de vie de la batterie de la radio ?<\/strong><\/h3>\n\n\n\n<ul class=\"wp-block-list\">\n<li>Les radios Motorola sont disponibles avec des batteries suppl\u00e9mentaires de grande capacit\u00e9.<\/li>\n<\/ul>\n\n\n\n<h3 class=\"wp-block-heading\">4. <strong>Comment choisir le niveau d'\u00e9tanch\u00e9it\u00e9 \u00e0 l'eau et \u00e0 la poussi\u00e8re ?<\/strong><\/h3>\n\n\n\n<ul class=\"wp-block-list\">\n<li>Si la radio doit \u00eatre utilis\u00e9e dans des environnements difficiles, tels que des lieux humides, poussi\u00e9reux, ext\u00e9rieurs ou industriels, il est recommand\u00e9 de choisir un mod\u00e8le avec un indice IP, tel que IP67 (\u00e9tanche \u00e0 la poussi\u00e8re et prot\u00e9g\u00e9 contre l'immersion dans l'eau \u00e0 court terme) ou IP68 (\u00e9tanche \u00e0 la poussi\u00e8re et prot\u00e9g\u00e9 contre l'immersion dans l'eau prolong\u00e9e).<\/li>\n<\/ul>\n\n\n\n<h3 class=\"wp-block-heading\">5. <strong>Quelles sont les fonctionnalit\u00e9s suppl\u00e9mentaires n\u00e9cessaires ?<\/strong><\/h3>\n\n\n\n<ul class=\"wp-block-list\">\n<li>D'autres caract\u00e9ristiques sont \u00e0 prendre en consid\u00e9ration :<strong>Bluetooth<\/strong>(Convient pour les \u00e9couteurs sans fil ou les microphones),<strong>GPS<\/strong>(adapt\u00e9 \u00e0 la localisation),<strong>Fonction anti-bruit<\/strong>(maintien d'appels clairs dans des environnements bruyants),<strong>Appel d'urgence<\/strong>(notification rapide en cas d'urgence).<\/li>\n<\/ul>\n\n\n\n<h3 class=\"wp-block-heading\">6. <strong>Le nombre de canaux est-il suffisant ?<\/strong><\/h3>\n\n\n\n<ul class=\"wp-block-list\">\n<li>Le nombre de canaux influe sur le nombre de groupes ou de t\u00e2ches diff\u00e9rents que la radio peut g\u00e9rer. En g\u00e9n\u00e9ral, un plus grand nombre de canaux offre plus de flexibilit\u00e9 et convient aux grands groupes ou aux utilisations multifonctionnelles.<\/li>\n\n\n\n<li>Actuellement, les produits Motorola disposent de 16 \u00e0 1000 canaux.<\/li>\n<\/ul>\n\n\n\n<h3 class=\"wp-block-heading\">7. <strong>Quel est le niveau de protection contre les explosions pour les atmosph\u00e8res explosives ?<\/strong><\/h3>\n\n\n\n<ul class=\"wp-block-list\">\n<li>Dans les environnements o\u00f9 il existe un risque d'explosion, il est essentiel d'utiliser des radios antid\u00e9flagrantes, telles que les mod\u00e8les certifi\u00e9s TIA4950, ATEX ou IECEx, afin de garantir la s\u00e9curit\u00e9 dans les environnements dangereux.<\/li>\n<\/ul>\n\n\n\n<h3 class=\"wp-block-heading\">8. <strong>Est-il n\u00e9cessaire d'\u00e9largir le champ du dialogue ?<\/strong><\/h3>\n\n\n\n<ul class=\"wp-block-list\">\n<li>Si la port\u00e9e du dialogue doit \u00eatre \u00e9largie, nous pouvons envisager de coop\u00e9rer avec vous.<strong><a href=\"\/fr\/produits\/#repeater\">K\u7e7c\u7ad9\u53f0<\/a><\/strong>\uff08Repeater pour am\u00e9liorer la port\u00e9e et la stabilit\u00e9 du signal.<\/li>\n<\/ul>\n\n\n\n<h3 class=\"wp-block-heading\">9. <strong>Un GPS est-il n\u00e9cessaire ?<\/strong><\/h3>\n\n\n\n<ul class=\"wp-block-list\">\n<li>Les s\u00e9ries Motorola R7 et P8600i disposent d'un GPS int\u00e9gr\u00e9.<\/li>\n<\/ul>\n\n\n\n<h3 class=\"wp-block-heading\">10. <strong>Quelle est la meilleure fa\u00e7on d'acheter une voiture pour la premi\u00e8re fois ?<\/strong><\/h3>\n\n\n\n<ul class=\"wp-block-list\">\n<li>En g\u00e9n\u00e9ral, nous<strong>locomotive<\/strong>A acheter s\u00e9par\u00e9ment<strong>Alimentation \u00e9lectrique<\/strong>, <strong>Quelques casquettes<\/strong>Et un suppl\u00e9ment de<strong>Antenne et support d'antenne<\/strong> (Les antennes et les antennes ne sont pas incluses dans le sch\u00e9ma)<\/li>\n<\/ul>\n\n\n\n<div class=\"wp-block-columns is-layout-flex wp-container-core-columns-is-layout-3b811c60 wp-block-columns-is-layout-flex\">\n<div class=\"wp-block-column is-layout-flow wp-block-column-is-layout-flow\">\n<figure class=\"wp-block-image size-large\"><img decoding=\"async\" src=\"https:\/\/i0.wp.com\/staging-9aa8-commutronicscomtw.wpcomstaging.com\/wp-content\/uploads\/2025\/02\/IMG_6334_1-1.jpg?fit=1024%2C577&amp;ssl=1\" alt=\"\" class=\"wp-image-4553\"\/><\/figure>\n<\/div>\n\n\n\n<div class=\"wp-block-column is-layout-flow wp-block-column-is-layout-flow\">\n<figure class=\"wp-block-image size-large\"><img decoding=\"async\" src=\"https:\/\/i0.wp.com\/staging-9aa8-commutronicscomtw.wpcomstaging.com\/wp-content\/uploads\/2025\/02\/IMG_6335-1.jpg?fit=1024%2C610&amp;ssl=1\" alt=\"\" class=\"wp-image-4544\"\/><\/figure>\n<\/div>\n\n\n\n<div class=\"wp-block-column is-layout-flow wp-block-column-is-layout-flow\">\n<figure class=\"wp-block-image size-large\"><img decoding=\"async\" src=\"https:\/\/i0.wp.com\/staging-9aa8-commutronicscomtw.wpcomstaging.com\/wp-content\/uploads\/2025\/02\/IMG_6333-1.jpg?fit=1024%2C572&amp;ssl=1\" alt=\"\" class=\"wp-image-4546\"\/><\/figure>\n<\/div>\n<\/div>\n\n\n\n<h3 class=\"wp-block-heading\">11. <strong>Qu'est-ce qu'une radio FRS ?<\/strong><\/h3>\n\n\n\n<ul class=\"wp-block-list\">\n<li>FRS (Family Radio Service) est l'un des services de radio les plus importants de l'Union europ\u00e9enne.<strong>Bandes de fr\u00e9quences exempt\u00e9es de licence pour une utilisation l\u00e9gale<\/strong>, <a href=\"https:\/\/commutronics.com.tw\/fr\/frs_radio\/\" data-type=\"page\" data-id=\"7864\">Pour plus de d\u00e9tails, voir<\/a><\/li>\n<\/ul>\n<\/div>\n<\/div>","protected":false},"excerpt":{"rendered":"<p>1. \u61c9\u8a72\u9078\u64c7\u6578\u4f4d\u9084\u662f\u985e\u6bd4\u7121\u7dda\u96fb\uff1f 2. \u4ec0\u9ebc\u662f VHF \u548c UHF \u983b\u6bb5\uff0c\u6211\u61c9\u8a72\u9078\u64c7\u54ea\u4e00\u7a2e\uff1f 3. \u7121\u7dda\u96fb\u7684 [&hellip;]<\/p>\n","protected":false},"author":251107229,"featured_media":0,"parent":0,"menu_order":0,"comment_status":"closed","ping_status":"closed","template":"","meta":{"_crdt_document":"","footnotes":""},"class_list":["post-6384","page","type-page","status-publish","hentry"],"jetpack_likes_enabled":true,"jetpack_sharing_enabled":true,"jetpack_shortlink":"https:\/\/wp.me\/PfNdxH-1EY","jetpack-related-posts":[{"id":6401,"url":"https:\/\/commutronics.com.tw\/fr\/solutions\/capacity_plus\/","url_meta":{"origin":6384,"position":0},"title":"Capacit\u00e9 Plus","author":"Alex Tseng","date":"mars 10, 2025","format":false,"excerpt":"Capacity Plus (Multi\/Singe site) Capacity Plus \u662f M\u2026","rel":"","context":"Article similaire","block_context":{"text":"Article similaire","link":""},"img":{"alt_text":"","src":"","width":0,"height":0},"classes":[]},{"id":6342,"url":"https:\/\/commutronics.com.tw\/fr\/products\/xir-p3688\/","url_meta":{"origin":6384,"position":1},"title":"Motorola P3688","author":"Alex Tseng","date":"juin 24, 2024","format":false,"excerpt":"Motorola P3688 (CP200D) MOTOTRBO XiR P3688\uff0c\u64c1\u6709\u985e\u6bd4\u548c\u6578\u4f4d\u2026","rel":"","context":"Article similaire","block_context":{"text":"Article similaire","link":""},"img":{"alt_text":"","src":"https:\/\/i0.wp.com\/commutronics.com.tw\/wp-content\/uploads\/2024\/05\/image-43.png?resize=350%2C200&ssl=1","width":350,"height":200},"classes":[]},{"id":6352,"url":"https:\/\/commutronics.com.tw\/fr\/products\/slr5300\/","url_meta":{"origin":6384,"position":2},"title":"Motorola SLR5300","author":"Alex Tseng","date":"juillet 8, 2024","format":false,"excerpt":"Motorola SLR5300 MOTOTRBO SLR 5300 \u4e2d\u7e7c\u5668\u63d0\u4f9b\u9ad8\u6027\u80fd\u548c\u9ad8\u7a69\u5b9a\u6027\u7684\u96d9\u2026","rel":"","context":"Article similaire","block_context":{"text":"Article similaire","link":""},"img":{"alt_text":"","src":"","width":0,"height":0},"classes":[]},{"id":7721,"url":"https:\/\/commutronics.com.tw\/fr\/multi-site-capacity-plus-demo-rack\/","url_meta":{"origin":6384,"position":3},"title":"Armoire du syst\u00e8me de communication","author":"Alex Tseng","date":"d\u00e9cembre 28, 2025","format":false,"excerpt":"\u95dc\u9375\u901a\u8a0a\u6574\u5408\uff1a\u5168\u65b9\u4f4d\u7121\u7dda\u96fb\u8986\u84cb\u8207\u8abf\u5ea6\u7cfb\u7d71\u5c55\u793a \u5728\u7121\u7dda\u96fb\u901a\u8a0a\u9818\u57df\uff0c\u6631\u5b87\u8cbf\u6613\u6709\u9650\u516c\u53f8 \u59cb\u7d42\u8d70\u5728\u6280\u8853\u6700\u524d\u7dda\u2026","rel":"","context":"Article similaire","block_context":{"text":"Article similaire","link":""},"img":{"alt_text":"","src":"https:\/\/i0.wp.com\/commutronics.com.tw\/wp-content\/uploads\/2025\/12\/Commutronics_rack_01.png?resize=350%2C200&ssl=1","width":350,"height":200,"srcset":"https:\/\/i0.wp.com\/commutronics.com.tw\/wp-content\/uploads\/2025\/12\/Commutronics_rack_01.png?resize=350%2C200&ssl=1 1x, https:\/\/i0.wp.com\/commutronics.com.tw\/wp-content\/uploads\/2025\/12\/Commutronics_rack_01.png?resize=525%2C300&ssl=1 1.5x, https:\/\/i0.wp.com\/commutronics.com.tw\/wp-content\/uploads\/2025\/12\/Commutronics_rack_01.png?resize=700%2C400&ssl=1 2x"},"classes":[]},{"id":6392,"url":"https:\/\/commutronics.com.tw\/fr\/accessories\/had4022\/","url_meta":{"origin":6384,"position":4},"title":"HAD4022","author":"Alex Tseng","date":"f\u00e9vrier 3, 2025","format":false,"excerpt":"VHF 132 - 174 MHz \u8eca\u6a5f\u5929\u7dda HAD4022 Motorola HAD4022 \u662f\u4e00\u2026","rel":"","context":"Article similaire","block_context":{"text":"Article similaire","link":""},"img":{"alt_text":"","src":"","width":0,"height":0},"classes":[]},{"id":7302,"url":"https:\/\/commutronics.com.tw\/fr\/products\/radiodispatcher\/","url_meta":{"origin":6384,"position":5},"title":"Syst\u00e8me de r\u00e9partition","author":"Alex Tseng","date":"septembre 21, 2025","format":false,"excerpt":"\u7121\u7dda\u96fb\u6d3e\u9063\u7cfb\u7d71 \u7121\u7dda\u96fb\u6d3e\u9063\u7cfb\u7d71\uff08Radio Dispatch System\uff09\u662f\u4e00\u7a2e\u900f\u904e\u5c08\u7528\u63a7\u5236\u53f0\u8207\u7121\u2026","rel":"","context":"Article similaire","block_context":{"text":"Article similaire","link":""},"img":{"alt_text":"","src":"https:\/\/i0.wp.com\/commutronics.com.tw\/wp-content\/uploads\/2024\/05\/image-53.png?resize=350%2C200&ssl=1","width":350,"height":200,"srcset":"https:\/\/i0.wp.com\/commutronics.com.tw\/wp-content\/uploads\/2024\/05\/image-53.png?resize=350%2C200&ssl=1 1x, https:\/\/i0.wp.com\/commutronics.com.tw\/wp-content\/uploads\/2024\/05\/image-53.png?resize=525%2C300&ssl=1 1.5x, https:\/\/i0.wp.com\/commutronics.com.tw\/wp-content\/uploads\/2024\/05\/image-53.png?resize=700%2C400&ssl=1 2x, https:\/\/i0.wp.com\/commutronics.com.tw\/wp-content\/uploads\/2024\/05\/image-53.png?resize=1050%2C600&ssl=1 3x, https:\/\/i0.wp.com\/commutronics.com.tw\/wp-content\/uploads\/2024\/05\/image-53.png?resize=1400%2C800&ssl=1 4x"},"classes":[]}],"_links":{"self":[{"href":"https:\/\/commutronics.com.tw\/fr\/wp-json\/wp\/v2\/pages\/6384","targetHints":{"allow":["GET"]}}],"collection":[{"href":"https:\/\/commutronics.com.tw\/fr\/wp-json\/wp\/v2\/pages"}],"about":[{"href":"https:\/\/commutronics.com.tw\/fr\/wp-json\/wp\/v2\/types\/page"}],"author":[{"embeddable":true,"href":"https:\/\/commutronics.com.tw\/fr\/wp-json\/wp\/v2\/users\/251107229"}],"replies":[{"embeddable":true,"href":"https:\/\/commutronics.com.tw\/fr\/wp-json\/wp\/v2\/comments?post=6384"}],"version-history":[{"count":4,"href":"https:\/\/commutronics.com.tw\/fr\/wp-json\/wp\/v2\/pages\/6384\/revisions"}],"predecessor-version":[{"id":7895,"href":"https:\/\/commutronics.com.tw\/fr\/wp-json\/wp\/v2\/pages\/6384\/revisions\/7895"}],"wp:attachment":[{"href":"https:\/\/commutronics.com.tw\/fr\/wp-json\/wp\/v2\/media?parent=6384"}],"curies":[{"name":"wp","href":"https:\/\/api.w.org\/{rel}","templated":true}]}}