{"id":6378,"date":"2024-09-25T17:34:16","date_gmt":"2024-09-25T09:34:16","guid":{"rendered":"https:\/\/commutronics.com.tw\/about\/pmln7851\/"},"modified":"2025-03-27T02:01:07","modified_gmt":"2025-03-26T18:01:07","slug":"pmln7851","status":"publish","type":"page","link":"https:\/\/commutronics.com.tw\/fr\/accessories\/pmln7851\/","title":{"rendered":"PMLN7851A Microphone Bluetooth avec PTT"},"content":{"rendered":"<h2 class=\"wp-block-heading alignwide has-large-font-size\"><em>PMLN7851A Microphone Bluetooth avec PTT<\/em><\/h2>\n\n\n\n<div class=\"wp-block-columns alignwide is-layout-flex wp-container-core-columns-is-layout-3b811c60 wp-block-columns-is-layout-flex\">\n<div class=\"wp-block-column is-layout-flow wp-block-column-is-layout-flow\">\n<figure class=\"wp-block-image aligncenter size-full is-resized\"><img data-recalc-dims=\"1\" decoding=\"async\" src=\"https:\/\/i0.wp.com\/commutronics.com.tw\/wp-content\/uploads\/2024\/09\/%E6%98%B1%E5%AE%87%E8%B2%BF%E6%98%93pmln7851_back-1.jpg?ssl=1\" alt=\"\" class=\"wp-image-3280\" style=\"aspect-ratio:1;object-fit:contain;width:auto;height:400px\"\/><\/figure>\n\n\n\n<div class=\"is-style-default wp-swiper is-style-default is-style-default is-style-default is-style-default is-style-default is-style-default is-style-default is-style-default is-style-default is-style-default is-style-default is-style-default is-style-default is-style-default\"><div class=\"wp-swiper__wrapper\"><div class=\"swiper-container swiper\" data-swiper=\"{&quot;slidesPerView&quot;:&quot;3&quot;,&quot;navigation&quot;:true,&quot;pagination&quot;:{&quot;type&quot;:&quot;bullets&quot;},&quot;delay&quot;:3000,&quot;speed&quot;:500,&quot;loop&quot;:false,&quot;direction&quot;:&quot;horizontal&quot;,&quot;slidesOffsetBefore&quot;:0,&quot;slidesOffsetAfter&quot;:0,&quot;autoHeight&quot;:true,&quot;spaceBetween&quot;:0,&quot;releaseOnEdges&quot;:false,&quot;effect&quot;:&quot;slide&quot;}\"><div class=\"swiper-wrapper\">\n<div data-tab=\"slide-1\" class=\"wp-swiper__slide swiper-slide\"><div class=\"wp-swiper__overlay-color\" style=\"background-color:rgba(0, 0, 0, 0)\"><\/div><div class=\"wp-swiper__slide-content\" style=\"max-width:51%\">\n<figure data-wp-context=\"{&quot;imageId&quot;:&quot;69f46bcbb9474&quot;}\" data-wp-interactive=\"core\/image\" data-wp-key=\"69f46bcbb9474\" class=\"wp-block-image size-full is-resized wp-lightbox-container\"><img data-recalc-dims=\"1\" decoding=\"async\" data-wp-class--hide=\"state.isContentHidden\" data-wp-class--show=\"state.isContentVisible\" data-wp-init=\"callbacks.setButtonStyles\" data-wp-on--click=\"actions.showLightbox\" data-wp-on--load=\"callbacks.setButtonStyles\" data-wp-on--pointerdown=\"actions.preloadImage\" data-wp-on--pointerenter=\"actions.preloadImageWithDelay\" data-wp-on--pointerleave=\"actions.cancelPreload\" data-wp-on-window--resize=\"callbacks.setButtonStyles\" src=\"https:\/\/i0.wp.com\/commutronics.com.tw\/wp-content\/uploads\/2024\/09\/%E6%98%B1%E5%AE%87%E8%B2%BF%E6%98%93pmln7851_front-1.jpg?ssl=1\" alt=\"\" class=\"wp-image-3290\" style=\"aspect-ratio:0.5625;object-fit:contain;width:100px\"\/><button\n\t\t\tclass=\"lightbox-trigger\"\n\t\t\ttype=\"button\"\n\t\t\taria-haspopup=\"dialog\"\n\t\t\tdata-wp-bind--aria-label=\"state.thisImage.triggerButtonAriaLabel\"\n\t\t\tdata-wp-init=\"callbacks.initTriggerButton\"\n\t\t\tdata-wp-on--click=\"actions.showLightbox\"\n\t\t\tdata-wp-style--right=\"state.thisImage.buttonRight\"\n\t\t\tdata-wp-style--top=\"state.thisImage.buttonTop\"\n\t\t>\n\t\t\t<svg xmlns=\"http:\/\/www.w3.org\/2000\/svg\" width=\"12\" height=\"12\" fill=\"none\" viewbox=\"0 0 12 12\">\n\t\t\t\t<path fill=\"#fff\" d=\"M2 0a2 2 0 0 0-2 2v2h1.5V2a.5.5 0 0 1 .5-.5h2V0H2Zm2 10.5H2a.5.5 0 0 1-.5-.5V8H0v2a2 2 0 0 0 2 2h2v-1.5ZM8 12v-1.5h2a.5.5 0 0 0 .5-.5V8H12v2a2 2 0 0 1-2 2H8Zm2-12a2 2 0 0 1 2 2v2h-1.5V2a.5.5 0 0 0-.5-.5H8V0h2Z\" \/>\n\t\t\t<\/svg>\n\t\t<\/button><\/figure>\n<\/div><\/div>\n<\/div><\/div><div class=\"wp_swiper__navigation\"><div class=\"wp_swiper__navigation-container\"><div class=\"swiper-button-prev\"><\/div><div class=\"swiper-button-next\"><\/div><\/div><\/div><div class=\"swiper-pagination\"><\/div><\/div><\/div>\n<\/div>\n\n\n\n<div class=\"wp-block-column is-layout-flow wp-block-column-is-layout-flow\">\n<p class=\"wp-block-paragraph\">Con\u00e7u pour un confort de port prolong\u00e9. Bouton PTT int\u00e9gr\u00e9 au microphone pour une int\u00e9gration avec les radios MOTOTRBO et les applications WAVE. Compatible avec les radios XPR (s\u00e9rie P86), s\u00e9rie SL et la fonctionnalit\u00e9 Bluetooth int\u00e9gr\u00e9e, essentielle pour les entreprises.<\/p>\n\n\n\n<h2 class=\"wp-block-heading has-medium-font-size\">Convient pour<\/h2>\n\n\n\n<hr class=\"wp-block-separator has-alpha-channel-opacity\"\/>\n\n\n\n<p class=\"wp-block-paragraph\"><strong>MOTOTRBO\u2122 XPR 7000<\/strong><\/p>\n\n\n\n<p class=\"wp-block-paragraph\"><strong>SL2M SL1K SL2K<\/strong> <\/p>\n\n\n\n<p class=\"wp-block-paragraph\"><strong>mototrbo\u2122 p8608i\/p8628i\/<strong>P8668I<\/strong><\/strong><\/p>\n\n\n\n<p class=\"wp-block-paragraph\"><strong>MOTOTRBO\u2122R7<\/strong><\/p>\n\n\n\n<div class=\"wp-block-file\"><a href=\"https:\/\/commutronics.com.tw\/wp-content\/uploads\/2024\/10\/EP900w_Operation_Critical_Wireless_Earpiece_PTT_PMLN7851.pdf\" class=\"wp-block-file__button wp-element-button\" download>T\u00e9l\u00e9charger<\/a><\/div>\n<\/div>\n<\/div>\n\n\n\n<div style=\"height:100px\" aria-hidden=\"true\" class=\"wp-block-spacer\"><\/div>","protected":false},"excerpt":{"rendered":"<p>PMLN7851A \u85cd\u82bd\u9ea5\u514b\u98a8 \u9644PTT \u8a2d\u8a08\u4e0a\u6ce8\u91cd\u9577\u6642\u9593\u4f69\u6234\u7684\u8212\u9069\u6027\u3002\u9ea5\u514b\u98a8\u4e0a\u5167\u5efa\u4e86PTT\u6309\u9215\uff0c\u53ef\u8207MOTO [&hellip;]<\/p>\n","protected":false},"author":251107229,"featured_media":0,"parent":6327,"menu_order":0,"comment_status":"closed","ping_status":"closed","template":"","meta":{"_crdt_document":"","footnotes":""},"class_list":["post-6378","page","type-page","status-publish","hentry"],"jetpack_likes_enabled":true,"jetpack_sharing_enabled":true,"jetpack_shortlink":"https:\/\/wp.me\/PfNdxH-1ES","jetpack-related-posts":[{"id":6327,"url":"https:\/\/commutronics.com.tw\/fr\/accessories\/","url_meta":{"origin":6378,"position":0},"title":"Choisir les bons accessoires pour radio Motorola","author":"Alex Tseng","date":"mai 29, 2024","format":false,"excerpt":"Motorola \u7121\u7dda\u96fb\u914d\u4ef6 \u5275\u65b0\u914d\u4ef6\uff0c\u63d0\u5347\u901a\u4fe1\u6548\u7387 \u5929\u7dda \u96fb\u6c60 \u8033\u6a5f\u9ea5\u514b\u98a8 \u9ea5\u514b\u98a8 \u914d\u4ef6\/\u7e9c\u7dda \u80cc\u2026","rel":"","context":"Article similaire","block_context":{"text":"Article similaire","link":""},"img":{"alt_text":"","src":"https:\/\/i0.wp.com\/commutronics.com.tw\/wp-content\/uploads\/2025\/07\/PMMN4013-Remote-Speaker-Microphone-1280x1280-1.jpeg?resize=350%2C200&ssl=1","width":350,"height":200,"srcset":"https:\/\/i0.wp.com\/commutronics.com.tw\/wp-content\/uploads\/2025\/07\/PMMN4013-Remote-Speaker-Microphone-1280x1280-1.jpeg?resize=350%2C200&ssl=1 1x, https:\/\/i0.wp.com\/commutronics.com.tw\/wp-content\/uploads\/2025\/07\/PMMN4013-Remote-Speaker-Microphone-1280x1280-1.jpeg?resize=525%2C300&ssl=1 1.5x, https:\/\/i0.wp.com\/commutronics.com.tw\/wp-content\/uploads\/2025\/07\/PMMN4013-Remote-Speaker-Microphone-1280x1280-1.jpeg?resize=700%2C400&ssl=1 2x"},"classes":[]},{"id":6360,"url":"https:\/\/commutronics.com.tw\/fr\/products\/mototrbo-xir-p8628\/","url_meta":{"origin":6378,"position":1},"title":"MOTOTRBO\u2122 XiR P8628i","author":"Alex Tseng","date":"juillet 10, 2024","format":false,"excerpt":"MOTOTRBO\u2122 XiR P8628 \u53ef\u651c\u5f0f\u6578\u4f4d\u96d9\u5411\u7121\u7dda\u96fb MOTOTRBO XiR P8600i\u2026","rel":"","context":"Article similaire","block_context":{"text":"Article similaire","link":""},"img":{"alt_text":"","src":"https:\/\/i0.wp.com\/commutronics.com.tw\/wp-content\/uploads\/2024\/05\/pmae4079_antenna_front-1.png?resize=350%2C200&ssl=1","width":350,"height":200,"srcset":"https:\/\/i0.wp.com\/commutronics.com.tw\/wp-content\/uploads\/2024\/05\/pmae4079_antenna_front-1.png?resize=350%2C200&ssl=1 1x, https:\/\/i0.wp.com\/commutronics.com.tw\/wp-content\/uploads\/2024\/05\/pmae4079_antenna_front-1.png?resize=525%2C300&ssl=1 1.5x"},"classes":[]},{"id":6361,"url":"https:\/\/commutronics.com.tw\/fr\/products\/mototrbo-xir-p8608i-p8600i\/","url_meta":{"origin":6378,"position":2},"title":"MOTOTRBO\u2122 XiR P8608i","author":"Alex Tseng","date":"juillet 10, 2024","format":false,"excerpt":"MOTOTRBO\u2122 XiR P8608i\/P8600i \u53ef\u651c\u5f0f\u6578\u4f4d\u96d9\u5411\u7121\u7dda\u96fb MOTOTRBO Xi\u2026","rel":"","context":"Article similaire","block_context":{"text":"Article similaire","link":""},"img":{"alt_text":"","src":"https:\/\/i0.wp.com\/commutronics.com.tw\/wp-content\/uploads\/2024\/05\/pmae4079_antenna_front-1.png?resize=350%2C200&ssl=1","width":350,"height":200,"srcset":"https:\/\/i0.wp.com\/commutronics.com.tw\/wp-content\/uploads\/2024\/05\/pmae4079_antenna_front-1.png?resize=350%2C200&ssl=1 1x, https:\/\/i0.wp.com\/commutronics.com.tw\/wp-content\/uploads\/2024\/05\/pmae4079_antenna_front-1.png?resize=525%2C300&ssl=1 1.5x"},"classes":[]},{"id":6346,"url":"https:\/\/commutronics.com.tw\/fr\/accessories\/pmmn4127\/","url_meta":{"origin":6378,"position":3},"title":"WM500 \u7121\u7dda\u85cd\u82bd\u9ea5\u514b\u98a8\uff1a\u9ad8\u6301\u4e45\u6027\u80fd","author":"Alex Tseng","date":"juin 28, 2024","format":false,"excerpt":"PMMN4127 WM500 \u7121\u7dda\u85cd\u82bd\u9ea5\u514b\u98a8 \u5728\u79fb\u52d5\u548c\u5be6\u5730\u64cd\u4f5c\u7684\u884c\u696d\u4e2d\u5de5\u4f5c\u6642\uff0c\u60a8\u9700\u8981\u5feb\u901f\u65b9\u4fbf\u5730\u4f7f\u7528\u6309\u2026","rel":"","context":"Article similaire","block_context":{"text":"Article similaire","link":""},"img":{"alt_text":"","src":"","width":0,"height":0},"classes":[]},{"id":6337,"url":"https:\/\/commutronics.com.tw\/fr\/products\/mototrbo-xir-p8668i-p8668\/","url_meta":{"origin":6378,"position":4},"title":"Motorola P8668i","author":"Alex Tseng","date":"juin 17, 2024","format":false,"excerpt":"Motorola XIR P8668i\/P8668 \u53ef\u651c\u5f0f\u6578\u4f4d\u96d9\u5411\u7121\u7dda\u96fb Motorola XiR \u2026","rel":"","context":"Article similaire","block_context":{"text":"Article similaire","link":""},"img":{"alt_text":"","src":"https:\/\/i0.wp.com\/commutronics.com.tw\/wp-content\/uploads\/2024\/05\/pmae4079_antenna_front-1.png?resize=350%2C200&ssl=1","width":350,"height":200,"srcset":"https:\/\/i0.wp.com\/commutronics.com.tw\/wp-content\/uploads\/2024\/05\/pmae4079_antenna_front-1.png?resize=350%2C200&ssl=1 1x, https:\/\/i0.wp.com\/commutronics.com.tw\/wp-content\/uploads\/2024\/05\/pmae4079_antenna_front-1.png?resize=525%2C300&ssl=1 1.5x"},"classes":[]},{"id":6354,"url":"https:\/\/commutronics.com.tw\/fr\/products\/mototrbo-xir-c1200\/","url_meta":{"origin":6378,"position":5},"title":"Radio Motorola C1200","author":"Alex Tseng","date":"juillet 8, 2024","format":false,"excerpt":"Motorola XiR C1200 Motorola C1200 \u7121\u7dda\u96fb\u63d0\u4f9b 16 \u81f3 160 \u500b\u2026","rel":"","context":"Article similaire","block_context":{"text":"Article similaire","link":""},"img":{"alt_text":"","src":"","width":0,"height":0},"classes":[]}],"_links":{"self":[{"href":"https:\/\/commutronics.com.tw\/fr\/wp-json\/wp\/v2\/pages\/6378","targetHints":{"allow":["GET"]}}],"collection":[{"href":"https:\/\/commutronics.com.tw\/fr\/wp-json\/wp\/v2\/pages"}],"about":[{"href":"https:\/\/commutronics.com.tw\/fr\/wp-json\/wp\/v2\/types\/page"}],"author":[{"embeddable":true,"href":"https:\/\/commutronics.com.tw\/fr\/wp-json\/wp\/v2\/users\/251107229"}],"replies":[{"embeddable":true,"href":"https:\/\/commutronics.com.tw\/fr\/wp-json\/wp\/v2\/comments?post=6378"}],"version-history":[{"count":1,"href":"https:\/\/commutronics.com.tw\/fr\/wp-json\/wp\/v2\/pages\/6378\/revisions"}],"predecessor-version":[{"id":6456,"href":"https:\/\/commutronics.com.tw\/fr\/wp-json\/wp\/v2\/pages\/6378\/revisions\/6456"}],"up":[{"embeddable":true,"href":"https:\/\/commutronics.com.tw\/fr\/wp-json\/wp\/v2\/pages\/6327"}],"wp:attachment":[{"href":"https:\/\/commutronics.com.tw\/fr\/wp-json\/wp\/v2\/media?parent=6378"}],"curies":[{"name":"wp","href":"https:\/\/api.w.org\/{rel}","templated":true}]}}