{"id":6359,"date":"2024-07-09T16:34:11","date_gmt":"2024-07-09T08:34:11","guid":{"rendered":"https:\/\/commutronics.com.tw\/about\/duplexer-50w-vhf\/"},"modified":"2026-01-18T16:51:00","modified_gmt":"2026-01-18T08:51:00","slug":"duplexeur-50w-vhf","status":"publish","type":"page","link":"https:\/\/commutronics.com.tw\/fr\/products\/rf_passive_components\/duplexer\/duplexer-50w-vhf\/","title":{"rendered":"\u96d9\u5de5\u5668 50W VHF"},"content":{"rendered":"<h2 class=\"wp-block-heading alignwide\">Duplexeur VHF 50 watts<\/h2>\n\n\n\n<div class=\"wp-block-columns alignwide is-layout-flex wp-container-core-columns-is-layout-3b811c60 wp-block-columns-is-layout-flex\">\n<div class=\"wp-block-column is-layout-flow wp-block-column-is-layout-flow\">\n<figure class=\"wp-block-image aligncenter size-full is-resized\"><img data-recalc-dims=\"1\" decoding=\"async\" src=\"https:\/\/i0.wp.com\/commutronics.com.tw\/wp-content\/uploads\/2024\/07\/50WVHF-3.png?ssl=1\" alt=\"\" class=\"wp-image-2754\" style=\"aspect-ratio:1;object-fit:contain;width:300px;height:auto\"\/><\/figure>\n<\/div>\n\n\n\n<div class=\"wp-block-column is-layout-flow wp-block-column-is-layout-flow\">\n<p class=\"wp-block-paragraph\">Le duplexeur VHF 50 watts est un dispositif capable d'\u00e9mettre et de recevoir des signaux simultan\u00e9ment sur une seule ligne de jour avec une limite de puissance de 50 watts. Sa fonction principale est d'isoler les signaux d'\u00e9mission et de r\u00e9ception de diff\u00e9rentes fr\u00e9quences afin d'\u00e9viter les interf\u00e9rences mutuelles et d'obtenir une communication efficace et stable. Cet \u00e9quipement est couramment utilis\u00e9 dans les talkies-walkies, les syst\u00e8mes de communication radio et les stations de base mobiles.<\/p>\n\n\n\n<h2 class=\"wp-block-heading has-medium-font-size\">Convient pour<\/h2>\n\n\n\n<hr class=\"wp-block-separator has-alpha-channel-opacity\"\/>\n\n\n\n<p class=\"wp-block-paragraph\"><strong>mototrbo slr 5300<\/strong><\/p>\n\n\n\n<p class=\"wp-block-paragraph\"><strong>MOTOTRBO SLR 8000<\/strong><\/p>\n<\/div>\n<\/div>\n\n\n\n<div class=\"wp-block-columns alignwide is-layout-flex wp-container-core-columns-is-layout-3b811c60 wp-block-columns-is-layout-flex\">\n<div class=\"wp-block-column is-layout-flow wp-block-column-is-layout-flow\" style=\"flex-basis:66.66%\">\n<h2 class=\"wp-block-heading has-text-align-left has-large-font-size\">Sp\u00e9cifications<\/h2>\n<\/div>\n<\/div>\n\n\n\n<figure class=\"wp-block-table alignwide is-style-stripes\"><table class=\"has-fixed-layout\"><tbody><tr><td class=\"has-text-align-center\" data-align=\"center\">poids<\/td><td>1,7 kg<\/td><\/tr><tr><td class=\"has-text-align-center\" data-align=\"center\">Dimensions (L x L x P)<\/td><td>21,8cm x 1,9cm x 4cm<\/td><\/tr><tr><td class=\"has-text-align-center\" data-align=\"center\">fr\u00e9quence<\/td><td>220-240 MHz<\/td><\/tr><tr><td class=\"has-text-align-center\" data-align=\"center\">Largeur de bande op\u00e9rationnelle<\/td><td>\u00b1200<\/td><\/tr><tr><td class=\"has-text-align-center\" data-align=\"center\">Intervalles entrants et sortants<\/td><td>4~10<\/td><\/tr><tr><td class=\"has-text-align-center\" data-align=\"center\">Tension VSWR<\/td><td>\u22641.4<\/td><\/tr><tr><td class=\"has-text-align-center\" data-align=\"center\">l'isolement<\/td><td>\u226575dB<\/td><\/tr><tr><td class=\"has-text-align-center\" data-align=\"center\">capacit\u00e9 de puissance<\/td><td>50W<\/td><\/tr><tr><td class=\"has-text-align-center\" data-align=\"center\">Imp\u00e9dance d'entr\u00e9e<\/td><td>50\u03a9<\/td><\/tr><tr><td class=\"has-text-align-center\" data-align=\"center\">Perte d'insertion<\/td><td>\u22641.2dB<\/td><\/tr><\/tbody><\/table><\/figure>\n\n\n\n<div style=\"height:100px\" aria-hidden=\"true\" class=\"wp-block-spacer\"><\/div>","protected":false},"excerpt":{"rendered":"<p>50\u74e6 VHF \u96d9\u5de5\u5668 50\u74e6VHF\u96d9\u5de5\u5668\u662f\u4e00\u7a2e\u80fd\u5728\u55ae\u4e00\u5929\u7dda\u4e0a\u540c\u6642\u767c\u9001\u548c\u63a5\u6536\u4fe1\u865f\u7684\u8a2d\u5099\uff0c\u529f\u7387\u4e0a\u9650\u70ba50\u74e6\u3002\u5176\u4e3b [&hellip;]<\/p>\n","protected":false},"author":251107229,"featured_media":0,"parent":8037,"menu_order":0,"comment_status":"closed","ping_status":"closed","template":"","meta":{"_crdt_document":"","jetpack_post_was_ever_published":false,"footnotes":""},"class_list":["post-6359","page","type-page","status-publish","hentry"],"jetpack_likes_enabled":true,"jetpack_sharing_enabled":true,"jetpack_shortlink":"https:\/\/wp.me\/PfNdxH-1Ez","jetpack-related-posts":[{"id":6356,"url":"https:\/\/commutronics.com.tw\/fr\/products\/rf_passive_components\/duplexer\/duplexer-30w-vhf\/","url_meta":{"origin":6359,"position":0},"title":"Duplexeur 30W VHF","author":"Alex Tseng","date":"juillet 9, 2024","format":false,"excerpt":"30\u74e6 VHF \u96d9\u5de5\u5668 30\u74e6VHF\u96d9\u5de5\u5668\u662f\u7121\u7dda\u96fb\u901a\u4fe1\u7cfb\u7d71\u4e2d\u7684\u4e00\u500b\u95dc\u9375\u7d44\u4ef6\uff0c\u80fd\u5920\u901a\u904e\u55ae\u6839\u5929\u7dda\u540c\u6642\u9032\u884c\u2026","rel":"","context":"Article similaire","block_context":{"text":"Article similaire","link":""},"img":{"alt_text":"","src":"","width":0,"height":0},"classes":[]},{"id":6358,"url":"https:\/\/commutronics.com.tw\/fr\/products\/rf_passive_components\/duplexer\/duplexer-50w-uhf\/","url_meta":{"origin":6359,"position":1},"title":"\u96d9\u5de5\u5668 50W UHF","author":"Alex Tseng","date":"juillet 9, 2024","format":false,"excerpt":"50\u74e6 UHF \u96d9\u5de5\u5668 50\u74e6UHF\u96d9\u5de5\u5668\u662f\u4e00\u7a2e\u80fd\u5728\u55ae\u4e00\u5929\u7dda\u4e0a\u540c\u6642\u767c\u9001\u548c\u63a5\u6536\u4fe1\u865f\u7684\u8a2d\u5099\uff0c\u529f\u7387\u4e0a\u9650\u70ba5\u2026","rel":"","context":"Article similaire","block_context":{"text":"Article similaire","link":""},"img":{"alt_text":"","src":"","width":0,"height":0},"classes":[]},{"id":6357,"url":"https:\/\/commutronics.com.tw\/fr\/products\/rf_passive_components\/duplexer\/duplexer-30w-uhf\/","url_meta":{"origin":6359,"position":2},"title":"\u96d9\u5de5\u5668 30W UHF","author":"Alex Tseng","date":"juillet 9, 2024","format":false,"excerpt":"30\u74e6 UHF \u96d9\u5de5\u5668 30\u74e6UHF\u96d9\u5de5\u5668\u662f\u4e00\u7a2e\u80fd\u5728\u55ae\u4e00\u5929\u7dda\u4e0a\u540c\u6642\u767c\u9001\u548c\u63a5\u6536\u4fe1\u865f\u7684\u8a2d\u5099\uff0c\u529f\u7387\u4e0a\u9650\u70ba3\u2026","rel":"","context":"Article similaire","block_context":{"text":"Article similaire","link":""},"img":{"alt_text":"","src":"","width":0,"height":0},"classes":[]},{"id":8037,"url":"https:\/\/commutronics.com.tw\/fr\/products\/rf_passive_components\/duplexer\/","url_meta":{"origin":6359,"position":3},"title":"\u96d9\u5de5\u5668\/\u96d9\u5411\u5668","author":"Alex Tseng","date":"janvier 18, 2026","format":false,"excerpt":"\u96d9\u5de5\u5668\/\u96d9\u5411\u5668 50\u74e6UHF\u96d9\u5de5\u5668 30\u74e6UHF\u96d9\u5de5\u5668 50\u74e6VHF\u96d9\u5de5\u5668 30\u74e6VHF\u96d9\u5de5\u5668","rel":"","context":"Article similaire","block_context":{"text":"Article similaire","link":""},"img":{"alt_text":"","src":"","width":0,"height":0},"classes":[]},{"id":7900,"url":"https:\/\/commutronics.com.tw\/fr\/products\/rf_passive_components\/","url_meta":{"origin":6359,"position":4},"title":"composant passif","author":"Alex Tseng","date":"janvier 17, 2026","format":false,"excerpt":"\u7cfb\u7d71\u88ab\u52d5\u5143\u4ef6 \u5728\u7121\u7dda\u96fb\u7cfb\u7d71\u3001\u57fa\u5730\u53f0\u5ef6\u4f38\u3001\u5ba4\u5167\u5916\u8986\u84cb\u5de5\u7a0b\u4e2d\uff0c\u88ab\u52d5\u5143\u4ef6\u7684\u9078\u578b\u8207\u914d\u7f6e\u662f\u7cfb\u7d71\u8a2d\u8a08\u7684\u95dc\u9375\u4e4b\u4e00\uff0c\u2026","rel":"","context":"Article similaire","block_context":{"text":"Article similaire","link":""},"img":{"alt_text":"","src":"https:\/\/i0.wp.com\/commutronics.com.tw\/wp-content\/uploads\/2025\/12\/IMG_8833.jpg?fit=900%2C1200&ssl=1&resize=350%2C200","width":350,"height":200,"srcset":"https:\/\/i0.wp.com\/commutronics.com.tw\/wp-content\/uploads\/2025\/12\/IMG_8833.jpg?fit=900%2C1200&ssl=1&resize=350%2C200 1x, https:\/\/i0.wp.com\/commutronics.com.tw\/wp-content\/uploads\/2025\/12\/IMG_8833.jpg?fit=900%2C1200&ssl=1&resize=525%2C300 1.5x, https:\/\/i0.wp.com\/commutronics.com.tw\/wp-content\/uploads\/2025\/12\/IMG_8833.jpg?fit=900%2C1200&ssl=1&resize=700%2C400 2x"},"classes":[]},{"id":6388,"url":"https:\/\/commutronics.com.tw\/fr\/products\/motorola-apx1000i\/","url_meta":{"origin":6359,"position":5},"title":"APX1000i","author":"Alex Tseng","date":"d\u00e9cembre 4, 2024","format":false,"excerpt":"Motorola APX1000i Motorola APX1000i \u662f\u4e00\u6b3e\u91dd\u5c0d\u516c\u5171\u5b89\u5168\u548c\u884c\u696d\u7528\u6236\u2026","rel":"","context":"Article similaire","block_context":{"text":"Article similaire","link":""},"img":{"alt_text":"","src":"https:\/\/i0.wp.com\/commutronics.com.tw\/wp-content\/uploads\/2025\/12\/Capture.jpg?resize=350%2C200&ssl=1","width":350,"height":200},"classes":[]}],"_links":{"self":[{"href":"https:\/\/commutronics.com.tw\/fr\/wp-json\/wp\/v2\/pages\/6359","targetHints":{"allow":["GET"]}}],"collection":[{"href":"https:\/\/commutronics.com.tw\/fr\/wp-json\/wp\/v2\/pages"}],"about":[{"href":"https:\/\/commutronics.com.tw\/fr\/wp-json\/wp\/v2\/types\/page"}],"author":[{"embeddable":true,"href":"https:\/\/commutronics.com.tw\/fr\/wp-json\/wp\/v2\/users\/251107229"}],"replies":[{"embeddable":true,"href":"https:\/\/commutronics.com.tw\/fr\/wp-json\/wp\/v2\/comments?post=6359"}],"version-history":[{"count":1,"href":"https:\/\/commutronics.com.tw\/fr\/wp-json\/wp\/v2\/pages\/6359\/revisions"}],"predecessor-version":[{"id":6475,"href":"https:\/\/commutronics.com.tw\/fr\/wp-json\/wp\/v2\/pages\/6359\/revisions\/6475"}],"up":[{"embeddable":true,"href":"https:\/\/commutronics.com.tw\/fr\/wp-json\/wp\/v2\/pages\/8037"}],"wp:attachment":[{"href":"https:\/\/commutronics.com.tw\/fr\/wp-json\/wp\/v2\/media?parent=6359"}],"curies":[{"name":"wp","href":"https:\/\/api.w.org\/{rel}","templated":true}]}}