{"id":6355,"date":"2024-07-09T13:44:28","date_gmt":"2024-07-09T05:44:28","guid":{"rendered":"https:\/\/commutronics.com.tw\/about\/pmpn4284\/"},"modified":"2025-03-27T09:11:11","modified_gmt":"2025-03-27T01:11:11","slug":"pmpn4284","status":"publish","type":"page","link":"https:\/\/commutronics.com.tw\/fr\/accessories\/pmpn4284\/","title":{"rendered":"PMPN4284 Chargeur \u00e0 six emplacements"},"content":{"rendered":"<h2 class=\"wp-block-heading alignwide\">PMPN4284 Chargeur \u00e0 six emplacements<\/h2>\n\n\n\n<div class=\"wp-block-columns alignwide is-layout-flex wp-container-core-columns-is-layout-3b811c60 wp-block-columns-is-layout-flex\">\n<div class=\"wp-block-column is-layout-flow wp-block-column-is-layout-flow\">\n<figure class=\"wp-block-image aligncenter size-full is-resized\"><img data-recalc-dims=\"1\" decoding=\"async\" src=\"https:\/\/i0.wp.com\/commutronics.com.tw\/wp-content\/uploads\/2024\/06\/pmpn4284_pic-3.png?ssl=1\" alt=\"\" class=\"wp-image-1964\" style=\"aspect-ratio:1;object-fit:contain;width:auto;height:400px\"\/><\/figure>\n\n\n\n<div class=\"is-style-default wp-swiper is-style-default is-style-default is-style-default is-style-default is-style-default is-style-default is-style-default is-style-default is-style-default is-style-default is-style-default is-style-default is-style-default is-style-default\"><div class=\"wp-swiper__wrapper\"><div class=\"swiper-container swiper\" data-swiper=\"{&quot;slidesPerView&quot;:&quot;3&quot;,&quot;navigation&quot;:true,&quot;pagination&quot;:{&quot;type&quot;:&quot;bullets&quot;},&quot;delay&quot;:3000,&quot;speed&quot;:500,&quot;loop&quot;:false,&quot;direction&quot;:&quot;horizontal&quot;,&quot;slidesOffsetBefore&quot;:0,&quot;slidesOffsetAfter&quot;:0,&quot;autoHeight&quot;:true,&quot;spaceBetween&quot;:0,&quot;releaseOnEdges&quot;:false,&quot;effect&quot;:&quot;slide&quot;}\"><div class=\"swiper-wrapper\">\n<div data-tab=\"slide-1\" class=\"wp-swiper__slide swiper-slide\"><div class=\"wp-swiper__overlay-color\" style=\"background-color:rgba(0, 0, 0, 0)\"><\/div><div class=\"wp-swiper__slide-content\">\n<figure data-wp-context=\"{&quot;imageId&quot;:&quot;69de1be29076d&quot;}\" data-wp-interactive=\"core\/image\" data-wp-key=\"69de1be29076d\" class=\"wp-block-image size-full is-resized wp-lightbox-container\"><img data-recalc-dims=\"1\" decoding=\"async\" data-wp-class--hide=\"state.isContentHidden\" data-wp-class--show=\"state.isContentVisible\" data-wp-init=\"callbacks.setButtonStyles\" data-wp-on--click=\"actions.showLightbox\" data-wp-on--load=\"callbacks.setButtonStyles\" data-wp-on--pointerdown=\"actions.preloadImage\" data-wp-on--pointerenter=\"actions.preloadImageWithDelay\" data-wp-on--pointerleave=\"actions.cancelPreload\" data-wp-on-window--resize=\"callbacks.setButtonStyles\" src=\"https:\/\/i0.wp.com\/commutronics.com.tw\/wp-content\/uploads\/2024\/07\/PMPN4284_XPR-Multi-Unit-Charger_1024x_56a1f44b-de41-4546-9dce-c8cfbbd11d9c_1024x-3.webp?ssl=1\" alt=\"\" class=\"wp-image-2726\" style=\"aspect-ratio:0.5625;object-fit:contain;width:100px\"\/><button\n\t\t\tclass=\"lightbox-trigger\"\n\t\t\ttype=\"button\"\n\t\t\taria-haspopup=\"dialog\"\n\t\t\tdata-wp-bind--aria-label=\"state.thisImage.triggerButtonAriaLabel\"\n\t\t\tdata-wp-init=\"callbacks.initTriggerButton\"\n\t\t\tdata-wp-on--click=\"actions.showLightbox\"\n\t\t\tdata-wp-style--right=\"state.thisImage.buttonRight\"\n\t\t\tdata-wp-style--top=\"state.thisImage.buttonTop\"\n\t\t>\n\t\t\t<svg xmlns=\"http:\/\/www.w3.org\/2000\/svg\" width=\"12\" height=\"12\" fill=\"none\" viewbox=\"0 0 12 12\">\n\t\t\t\t<path fill=\"#fff\" d=\"M2 0a2 2 0 0 0-2 2v2h1.5V2a.5.5 0 0 1 .5-.5h2V0H2Zm2 10.5H2a.5.5 0 0 1-.5-.5V8H0v2a2 2 0 0 0 2 2h2v-1.5ZM8 12v-1.5h2a.5.5 0 0 0 .5-.5V8H12v2a2 2 0 0 1-2 2H8Zm2-12a2 2 0 0 1 2 2v2h-1.5V2a.5.5 0 0 0-.5-.5H8V0h2Z\" \/>\n\t\t\t<\/svg>\n\t\t<\/button><\/figure>\n<\/div><\/div>\n<\/div><\/div><div class=\"wp_swiper__navigation\"><div class=\"wp_swiper__navigation-container\"><div class=\"swiper-button-prev wp_swiper__button-prev\"><img data-recalc-dims=\"1\" decoding=\"async\" src=\"https:\/\/i0.wp.com\/commutronics.com.tw\/wp-content\/uploads\/2024\/06\/lett-3.png?ssl=1\" alt=\"Pr\u00e9c\u00e9dent\"\/><\/div><div class=\"swiper-button-next wp_swiper__button-next\"><img data-recalc-dims=\"1\" decoding=\"async\" src=\"https:\/\/i0.wp.com\/commutronics.com.tw\/wp-content\/uploads\/2024\/06\/right-3.png?ssl=1\" alt=\"Pr\u00e9c\u00e9dent\"\/><\/div><\/div><\/div><div class=\"swiper-pagination\"><\/div><\/div><\/div>\n<\/div>\n\n\n\n<div class=\"wp-block-column is-layout-flow wp-block-column-is-layout-flow\">\n<p class=\"wp-block-paragraph\"><br><br>Le Motorola PMPN4284 est un chargeur multi-unit\u00e9s intelligent con\u00e7u pour charger jusqu'\u00e0 six batteries ou appareils simultan\u00e9ment. Il est dot\u00e9 d'un \u00e9cran permettant de contr\u00f4ler l'\u00e9tat de charge et de visualiser les informations relatives \u00e0 la batterie, et offre un \"mode analyse\" dans l'emplacement 1 pour le contr\u00f4le de la batterie. Le chargeur est \u00e9galement \u00e9quip\u00e9 d'un port USB pour les mises \u00e0 jour du micrologiciel et la connexion au syst\u00e8me de gestion de flotte.<\/p>\n\n\n\n<div style=\"height:100px\" aria-hidden=\"true\" class=\"wp-block-spacer\"><\/div>\n\n\n\n<h2 class=\"wp-block-heading has-medium-font-size\">Convient pour<\/h2>\n\n\n\n<hr class=\"wp-block-separator has-alpha-channel-opacity\"\/>\n\n\n\n<p class=\"wp-block-paragraph\"><strong>MOTOTRBO R7<\/strong><\/p>\n\n\n\n<p class=\"wp-block-paragraph\"><strong>mototrbo xir p8668i\/p8660i\/p8620i\/p8608<\/strong>i<\/p>\n\n\n\n<p class=\"wp-block-paragraph\"><strong>mototrbo xir p8660\/p8620\/p8608<\/strong><\/p>\n\n\n\n<p class=\"wp-block-paragraph\"><strong>mototrbo xir p6620\/p6600<\/strong><\/p>\n\n\n\n<p class=\"wp-block-paragraph\"><strong>Motorola APX1000i\/ APX2000<\/strong><\/p>\n<\/div>\n<\/div>\n\n\n\n<div class=\"wp-block-columns alignwide is-layout-flex wp-container-core-columns-is-layout-3b811c60 wp-block-columns-is-layout-flex\">\n<div class=\"wp-block-column is-layout-flow wp-block-column-is-layout-flow\" style=\"flex-basis:66.66%\">\n<h2 class=\"wp-block-heading has-text-align-left has-large-font-size\">Sp\u00e9cifications<\/h2>\n<\/div>\n<\/div>\n\n\n\n<figure class=\"wp-block-table alignwide is-style-stripes\"><table class=\"has-fixed-layout\"><tbody><tr><td class=\"has-text-align-center\" data-align=\"center\">poids<\/td><td>3,9 kg<\/td><\/tr><tr><td class=\"has-text-align-center\" data-align=\"center\">Dimensions (L x L x P)<\/td><td>153mm x 445mm x 292mm<\/td><\/tr><tr><td class=\"has-text-align-center\" data-align=\"center\">Nombre d'accusations<\/td><td>6<\/td><\/tr><\/tbody><\/table><\/figure>\n\n\n\n<div style=\"height:100px\" aria-hidden=\"true\" class=\"wp-block-spacer\"><\/div>","protected":false},"excerpt":{"rendered":"<p>PMPN4284\u516d\u69fd\u5145\u96fb\u5668 Motorola PMPN4284\u662f\u4e00\u6b3e\u667a\u80fd\u591a\u55ae\u5143\u5145\u96fb\u5668\uff0c\u8a2d\u8a08\u7528\u65bc\u540c\u6642\u70ba\u591a\u9054\u516d\u500b\u96fb [&hellip;]<\/p>\n","protected":false},"author":251107229,"featured_media":0,"parent":6327,"menu_order":0,"comment_status":"closed","ping_status":"closed","template":"","meta":{"_crdt_document":"","footnotes":""},"class_list":["post-6355","page","type-page","status-publish","hentry"],"jetpack_likes_enabled":true,"jetpack_sharing_enabled":true,"jetpack_shortlink":"https:\/\/wp.me\/PfNdxH-1Ev","jetpack-related-posts":[{"id":6374,"url":"https:\/\/commutronics.com.tw\/fr\/accessories\/pmln6597\/","url_meta":{"origin":6355,"position":0},"title":"PMLN6597 Chargeur \u00e0 six emplacements","author":"Alex Tseng","date":"ao\u00fbt 2, 2024","format":false,"excerpt":"PMLN6597\u516d\u69fd\u5145\u96fb\u5668 Motorola PMLN6597 \u516d\u69fd\u5145\u96fb\u5668\u662fC1200\u548cC2620\u7684\u2026","rel":"","context":"Article similaire","block_context":{"text":"Article similaire","link":""},"img":{"alt_text":"","src":"","width":0,"height":0},"classes":[]},{"id":6390,"url":"https:\/\/commutronics.com.tw\/fr\/products\/apx2000\/","url_meta":{"origin":6355,"position":1},"title":"APX2000","author":"Alex Tseng","date":"d\u00e9cembre 7, 2024","format":false,"excerpt":"Motorola APX2000 APX 2000 \u63d0\u4f9b\u4e86 P25 \u6280\u8853\u7684\u6240\u6709\u512a\u52e2\uff0c\u662f\u696d\u754c\u6700\u5c0f\u7684 P\u2026","rel":"","context":"Article similaire","block_context":{"text":"Article similaire","link":""},"img":{"alt_text":"","src":"","width":0,"height":0},"classes":[]},{"id":6327,"url":"https:\/\/commutronics.com.tw\/fr\/accessories\/","url_meta":{"origin":6355,"position":2},"title":"Choisir les bons accessoires pour radio Motorola","author":"Alex Tseng","date":"mai 29, 2024","format":false,"excerpt":"Motorola \u7121\u7dda\u96fb\u914d\u4ef6 \u5275\u65b0\u914d\u4ef6\uff0c\u63d0\u5347\u901a\u4fe1\u6548\u7387 \u5929\u7dda \u96fb\u6c60 \u8033\u6a5f\u9ea5\u514b\u98a8 \u9ea5\u514b\u98a8 \u914d\u4ef6\/\u7e9c\u7dda \u80cc\u2026","rel":"","context":"Article similaire","block_context":{"text":"Article similaire","link":""},"img":{"alt_text":"","src":"https:\/\/i0.wp.com\/commutronics.com.tw\/wp-content\/uploads\/2025\/07\/PMMN4013-Remote-Speaker-Microphone-1280x1280-1.jpeg?resize=350%2C200&ssl=1","width":350,"height":200,"srcset":"https:\/\/i0.wp.com\/commutronics.com.tw\/wp-content\/uploads\/2025\/07\/PMMN4013-Remote-Speaker-Microphone-1280x1280-1.jpeg?resize=350%2C200&ssl=1 1x, https:\/\/i0.wp.com\/commutronics.com.tw\/wp-content\/uploads\/2025\/07\/PMMN4013-Remote-Speaker-Microphone-1280x1280-1.jpeg?resize=525%2C300&ssl=1 1.5x, https:\/\/i0.wp.com\/commutronics.com.tw\/wp-content\/uploads\/2025\/07\/PMMN4013-Remote-Speaker-Microphone-1280x1280-1.jpeg?resize=700%2C400&ssl=1 2x"},"classes":[]},{"id":6394,"url":"https:\/\/commutronics.com.tw\/fr\/products\/motorola_r7_ex\/","url_meta":{"origin":6355,"position":3},"title":"Motorola R7 EX","author":"Alex Tseng","date":"f\u00e9vrier 23, 2025","format":false,"excerpt":"Motorola R7 Ex (ATEX) \u6578\u4f4d\u5c0d\u8b1b\u6a5f \u82f1\u6587\u578b\u9304\u4e0b\u8f09 \u914d\u4ef6\u578b\u9304\u4e0b\u8f09 \u5c08\u70ba\u9ad8\u98a8\u96aa\u8207\u9ad8\u6311\u2026","rel":"","context":"Article similaire","block_context":{"text":"Article similaire","link":""},"img":{"alt_text":"","src":"https:\/\/i0.wp.com\/commutronics.com.tw\/wp-content\/uploads\/2025\/04\/MOTOTRBO_R7Ex_FKP_front_1290x1290.webp?fit=1200%2C1200&ssl=1&resize=350%2C200","width":350,"height":200,"srcset":"https:\/\/i0.wp.com\/commutronics.com.tw\/wp-content\/uploads\/2025\/04\/MOTOTRBO_R7Ex_FKP_front_1290x1290.webp?fit=1200%2C1200&ssl=1&resize=350%2C200 1x, https:\/\/i0.wp.com\/commutronics.com.tw\/wp-content\/uploads\/2025\/04\/MOTOTRBO_R7Ex_FKP_front_1290x1290.webp?fit=1200%2C1200&ssl=1&resize=525%2C300 1.5x, https:\/\/i0.wp.com\/commutronics.com.tw\/wp-content\/uploads\/2025\/04\/MOTOTRBO_R7Ex_FKP_front_1290x1290.webp?fit=1200%2C1200&ssl=1&resize=700%2C400 2x, https:\/\/i0.wp.com\/commutronics.com.tw\/wp-content\/uploads\/2025\/04\/MOTOTRBO_R7Ex_FKP_front_1290x1290.webp?fit=1200%2C1200&ssl=1&resize=1050%2C600 3x"},"classes":[]},{"id":6388,"url":"https:\/\/commutronics.com.tw\/fr\/products\/motorola-apx1000i\/","url_meta":{"origin":6355,"position":4},"title":"APX1000i","author":"Alex Tseng","date":"d\u00e9cembre 4, 2024","format":false,"excerpt":"Motorola APX1000i Motorola APX1000i \u662f\u4e00\u6b3e\u91dd\u5c0d\u516c\u5171\u5b89\u5168\u548c\u884c\u696d\u7528\u6236\u2026","rel":"","context":"Article similaire","block_context":{"text":"Article similaire","link":""},"img":{"alt_text":"","src":"https:\/\/i0.wp.com\/commutronics.com.tw\/wp-content\/uploads\/2025\/12\/Capture.jpg?resize=350%2C200&ssl=1","width":350,"height":200},"classes":[]},{"id":6341,"url":"https:\/\/commutronics.com.tw\/fr\/products\/mototrbo-sl1m-sl2m\/","url_meta":{"origin":6355,"position":5},"title":"MOTOTRBO SL1M\/SL2M","author":"Alex Tseng","date":"juin 20, 2024","format":false,"excerpt":"MOTOROLA SL1M\/SL2M \u7e96\u8584\u8f15\u5de7\u7684MOTOTRBO SL2M\u624b\u6301\u5c0d\u8b1b\u6a5f\u63d0\u4f9b\u5373\u6642\u901a\u8a0a\uff0c\u64c1\u2026","rel":"","context":"Article similaire","block_context":{"text":"Article similaire","link":""},"img":{"alt_text":"","src":"","width":0,"height":0},"classes":[]}],"_links":{"self":[{"href":"https:\/\/commutronics.com.tw\/fr\/wp-json\/wp\/v2\/pages\/6355","targetHints":{"allow":["GET"]}}],"collection":[{"href":"https:\/\/commutronics.com.tw\/fr\/wp-json\/wp\/v2\/pages"}],"about":[{"href":"https:\/\/commutronics.com.tw\/fr\/wp-json\/wp\/v2\/types\/page"}],"author":[{"embeddable":true,"href":"https:\/\/commutronics.com.tw\/fr\/wp-json\/wp\/v2\/users\/251107229"}],"replies":[{"embeddable":true,"href":"https:\/\/commutronics.com.tw\/fr\/wp-json\/wp\/v2\/comments?post=6355"}],"version-history":[{"count":1,"href":"https:\/\/commutronics.com.tw\/fr\/wp-json\/wp\/v2\/pages\/6355\/revisions"}],"predecessor-version":[{"id":6473,"href":"https:\/\/commutronics.com.tw\/fr\/wp-json\/wp\/v2\/pages\/6355\/revisions\/6473"}],"up":[{"embeddable":true,"href":"https:\/\/commutronics.com.tw\/fr\/wp-json\/wp\/v2\/pages\/6327"}],"wp:attachment":[{"href":"https:\/\/commutronics.com.tw\/fr\/wp-json\/wp\/v2\/media?parent=6355"}],"curies":[{"name":"wp","href":"https:\/\/api.w.org\/{rel}","templated":true}]}}