{"id":6330,"date":"2024-06-04T10:50:35","date_gmt":"2024-06-04T02:50:35","guid":{"rendered":"https:\/\/commutronics.com.tw\/about\/pmmn4128\/"},"modified":"2025-03-27T09:05:32","modified_gmt":"2025-03-27T01:05:32","slug":"pmmn4128","status":"publish","type":"page","link":"https:\/\/commutronics.com.tw\/fr\/accessoires\/pmmn4128\/","title":{"rendered":"PMMN4128\u9632\u7206\u9ea5\u514b\u98a8"},"content":{"rendered":"<h2 class=\"wp-block-heading alignwide has-large-font-size\"><em>RM780\/RM760\/RM730 Microphones antid\u00e9flagrants \u00e0 distance IMPRES\u2122<\/em><\/h2>\n\n\n\n<div class=\"wp-block-columns alignwide is-layout-flex wp-container-core-columns-is-layout-3b811c60 wp-block-columns-is-layout-flex\">\n<div class=\"wp-block-column is-layout-flow wp-block-column-is-layout-flow\">\n<figure class=\"wp-block-image size-full is-resized\"><img data-recalc-dims=\"1\" fetchpriority=\"high\" decoding=\"async\" width=\"1290\" height=\"1290\" data-attachment-id=\"1132\" data-permalink=\"https:\/\/commutronics.com.tw\/fr\/pmnn4128-2\/\" data-orig-file=\"https:\/\/i0.wp.com\/commutronics.com.tw\/wp-content\/uploads\/2024\/06\/PMNN4128.png?fit=1290%2C1290&amp;ssl=1\" data-orig-size=\"1290,1290\" data-comments-opened=\"1\" data-image-meta=\"{&quot;aperture&quot;:&quot;0&quot;,&quot;credit&quot;:&quot;&quot;,&quot;camera&quot;:&quot;&quot;,&quot;caption&quot;:&quot;&quot;,&quot;created_timestamp&quot;:&quot;0&quot;,&quot;copyright&quot;:&quot;&quot;,&quot;focal_length&quot;:&quot;0&quot;,&quot;iso&quot;:&quot;0&quot;,&quot;shutter_speed&quot;:&quot;0&quot;,&quot;title&quot;:&quot;&quot;,&quot;orientation&quot;:&quot;0&quot;}\" data-image-title=\"PMNN4128\" data-image-description=\"\" data-image-caption=\"\" data-medium-file=\"https:\/\/i0.wp.com\/commutronics.com.tw\/wp-content\/uploads\/2024\/06\/PMNN4128.png?fit=300%2C300&amp;ssl=1\" data-large-file=\"https:\/\/i0.wp.com\/commutronics.com.tw\/wp-content\/uploads\/2024\/06\/PMNN4128.png?fit=1024%2C1024&amp;ssl=1\" src=\"https:\/\/i0.wp.com\/commutronics.com.tw\/wp-content\/uploads\/2024\/06\/PMNN4128.png?resize=1290%2C1290&#038;ssl=1\" alt=\"\" class=\"wp-image-1132\" style=\"aspect-ratio:1;object-fit:contain;width:auto;height:400px\" srcset=\"https:\/\/i0.wp.com\/commutronics.com.tw\/wp-content\/uploads\/2024\/06\/PMNN4128.png?w=1290&amp;ssl=1 1290w, https:\/\/i0.wp.com\/commutronics.com.tw\/wp-content\/uploads\/2024\/06\/PMNN4128.png?resize=300%2C300&amp;ssl=1 300w, https:\/\/i0.wp.com\/commutronics.com.tw\/wp-content\/uploads\/2024\/06\/PMNN4128.png?resize=1024%2C1024&amp;ssl=1 1024w, https:\/\/i0.wp.com\/commutronics.com.tw\/wp-content\/uploads\/2024\/06\/PMNN4128.png?resize=150%2C150&amp;ssl=1 150w, https:\/\/i0.wp.com\/commutronics.com.tw\/wp-content\/uploads\/2024\/06\/PMNN4128.png?resize=768%2C768&amp;ssl=1 768w, https:\/\/i0.wp.com\/commutronics.com.tw\/wp-content\/uploads\/2024\/06\/PMNN4128.png?resize=12%2C12&amp;ssl=1 12w, https:\/\/i0.wp.com\/commutronics.com.tw\/wp-content\/uploads\/2024\/06\/PMNN4128.png?resize=1200%2C1200&amp;ssl=1 1200w, https:\/\/i0.wp.com\/commutronics.com.tw\/wp-content\/uploads\/2024\/06\/PMNN4128.png?resize=800%2C800&amp;ssl=1 800w, https:\/\/i0.wp.com\/commutronics.com.tw\/wp-content\/uploads\/2024\/06\/PMNN4128.png?resize=600%2C600&amp;ssl=1 600w, https:\/\/i0.wp.com\/commutronics.com.tw\/wp-content\/uploads\/2024\/06\/PMNN4128.png?resize=400%2C400&amp;ssl=1 400w, https:\/\/i0.wp.com\/commutronics.com.tw\/wp-content\/uploads\/2024\/06\/PMNN4128.png?resize=200%2C200&amp;ssl=1 200w, https:\/\/i0.wp.com\/commutronics.com.tw\/wp-content\/uploads\/2024\/06\/PMNN4128.png?resize=100%2C100&amp;ssl=1 100w\" sizes=\"(max-width: 1000px) 100vw, 1000px\" \/><\/figure>\n<\/div>\n\n\n\n<div class=\"wp-block-column is-layout-flow wp-block-column-is-layout-flow\">\n<p class=\"wp-block-paragraph\">RM780 IMPRES\u2122 Microphone haut-parleur \u00e0 distance avec une qualit\u00e9 sonore claire, \u00e9tanche, boutons programmables et flexibilit\u00e9 portable pour les environnements bruyants, intrins\u00e8quement s\u00fbr selon TIA4950 avec des caract\u00e9ristiques antid\u00e9flagrantes.<\/p>\n\n\n\n<div style=\"height:100px\" aria-hidden=\"true\" class=\"wp-block-spacer\"><\/div>\n\n\n\n<h2 class=\"wp-block-heading has-medium-font-size\">Convient pour<\/h2>\n\n\n\n<hr class=\"wp-block-separator has-alpha-channel-opacity\"\/>\n\n\n\n<p class=\"wp-block-paragraph\"><strong>MOTOTRBO\u2122 R7<\/strong><br><strong>MOTOTRBO\u2122 Ion <\/strong><\/p>\n<\/div>\n<\/div>\n\n\n\n<div class=\"wp-block-columns alignwide is-layout-flex wp-container-core-columns-is-layout-3b811c60 wp-block-columns-is-layout-flex\">\n<div class=\"wp-block-column is-layout-flow wp-block-column-is-layout-flow\" style=\"flex-basis:66.66%\">\n<h2 class=\"wp-block-heading has-text-align-left has-large-font-size\">Sp\u00e9cifications<\/h2>\n<\/div>\n<\/div>\n\n\n\n<figure class=\"wp-block-table alignwide is-style-stripes\"><table class=\"has-fixed-layout\"><tbody><tr><td class=\"has-text-align-center\" data-align=\"center\">poids<\/td><td>212g<\/td><\/tr><tr><td class=\"has-text-align-center\" data-align=\"center\">Dimensions (L x L x P)<\/td><td>7,7 cm x 5,8 cm x 2,5 cm <\/td><\/tr><tr><td class=\"has-text-align-center\" data-align=\"center\">Indice de protection IP<\/td><td>IP68<\/td><\/tr><tr><td class=\"has-text-align-center\" data-align=\"center\">Niveau de s\u00e9curit\u00e9 <\/td><td>TIA4950<\/td><\/tr><tr><td class=\"has-text-align-center\" data-align=\"center\"><\/td><td><\/td><\/tr><\/tbody><\/table><\/figure>\n\n\n\n<div style=\"height:100px\" aria-hidden=\"true\" class=\"wp-block-spacer\"><\/div>","protected":false},"excerpt":{"rendered":"<p>RM780\/RM760\/RM730 IMPRES\u2122 \u9060\u8ddd\u9632\u7206\u9ea5\u514b\u98a8 RM780 IMPRES\u2122 \u9060\u7a0b\u63da\u8072\u5668\u9ea5\u514b [&hellip;]<\/p>\n","protected":false},"author":251107229,"featured_media":0,"parent":6327,"menu_order":0,"comment_status":"closed","ping_status":"closed","template":"","meta":{"_crdt_document":"","jetpack_post_was_ever_published":false,"footnotes":""},"class_list":["post-6330","page","type-page","status-publish","hentry"],"jetpack_likes_enabled":true,"jetpack_sharing_enabled":true,"jetpack_shortlink":"https:\/\/wp.me\/PfNdxH-1E6","jetpack-related-posts":[],"_links":{"self":[{"href":"https:\/\/commutronics.com.tw\/fr\/wp-json\/wp\/v2\/pages\/6330","targetHints":{"allow":["GET"]}}],"collection":[{"href":"https:\/\/commutronics.com.tw\/fr\/wp-json\/wp\/v2\/pages"}],"about":[{"href":"https:\/\/commutronics.com.tw\/fr\/wp-json\/wp\/v2\/types\/page"}],"author":[{"embeddable":true,"href":"https:\/\/commutronics.com.tw\/fr\/wp-json\/wp\/v2\/users\/251107229"}],"replies":[{"embeddable":true,"href":"https:\/\/commutronics.com.tw\/fr\/wp-json\/wp\/v2\/comments?post=6330"}],"version-history":[{"count":1,"href":"https:\/\/commutronics.com.tw\/fr\/wp-json\/wp\/v2\/pages\/6330\/revisions"}],"predecessor-version":[{"id":6463,"href":"https:\/\/commutronics.com.tw\/fr\/wp-json\/wp\/v2\/pages\/6330\/revisions\/6463"}],"up":[{"embeddable":true,"href":"https:\/\/commutronics.com.tw\/fr\/wp-json\/wp\/v2\/pages\/6327"}],"wp:attachment":[{"href":"https:\/\/commutronics.com.tw\/fr\/wp-json\/wp\/v2\/media?parent=6330"}],"curies":[{"name":"wp","href":"https:\/\/api.w.org\/{rel}","templated":true}]}}