{"id":172,"date":"2024-05-24T01:54:16","date_gmt":"2024-05-24T05:54:16","guid":{"rendered":"https:\/\/commutronics.com.tw\/?page_id=172"},"modified":"2025-11-07T19:08:47","modified_gmt":"2025-11-07T11:08:47","slug":"carriere","status":"publish","type":"page","link":"https:\/\/commutronics.com.tw\/fr\/career\/","title":{"rendered":"Carri\u00e8re"},"content":{"rendered":"<div class=\"wp-block-group alignfull is-style-section-1 is-layout-flow wp-block-group-is-layout-flow is-style-section-1--1\">\n<div class=\"wp-block-group alignwide has-global-padding is-layout-constrained wp-block-group-is-layout-constrained\" style=\"padding-top:var(--wp--preset--spacing--20);padding-bottom:var(--wp--preset--spacing--40)\">\n<div class=\"wp-block-columns alignwide is-layout-flex wp-container-core-columns-is-layout-46072e6f wp-block-columns-is-layout-flex\">\n<div class=\"wp-block-column is-layout-flow wp-block-column-is-layout-flow\" style=\"flex-basis:50%\">\n<figure class=\"wp-block-image size-full\"><img data-recalc-dims=\"1\" fetchpriority=\"high\" decoding=\"async\" width=\"1024\" height=\"1536\" data-attachment-id=\"7420\" data-permalink=\"https:\/\/commutronics.com.tw\/fr\/career\/hire\/\" data-orig-file=\"https:\/\/i0.wp.com\/commutronics.com.tw\/wp-content\/uploads\/2025\/11\/hire.png?fit=1024%2C1536&amp;ssl=1\" data-orig-size=\"1024,1536\" data-comments-opened=\"1\" data-image-meta=\"{&quot;aperture&quot;:&quot;0&quot;,&quot;credit&quot;:&quot;&quot;,&quot;camera&quot;:&quot;&quot;,&quot;caption&quot;:&quot;&quot;,&quot;created_timestamp&quot;:&quot;0&quot;,&quot;copyright&quot;:&quot;&quot;,&quot;focal_length&quot;:&quot;0&quot;,&quot;iso&quot;:&quot;0&quot;,&quot;shutter_speed&quot;:&quot;0&quot;,&quot;title&quot;:&quot;&quot;,&quot;orientation&quot;:&quot;0&quot;}\" data-image-title=\"hire\" data-image-description=\"\" data-image-caption=\"\" data-large-file=\"https:\/\/i0.wp.com\/commutronics.com.tw\/wp-content\/uploads\/2025\/11\/hire.png?fit=683%2C1024&amp;ssl=1\" src=\"https:\/\/i0.wp.com\/commutronics.com.tw\/wp-content\/uploads\/2025\/11\/hire.png?resize=1024%2C1536&#038;ssl=1\" alt=\"\" class=\"wp-image-7420\" srcset=\"https:\/\/i0.wp.com\/commutronics.com.tw\/wp-content\/uploads\/2025\/11\/hire.png?w=1024&amp;ssl=1 1024w, https:\/\/i0.wp.com\/commutronics.com.tw\/wp-content\/uploads\/2025\/11\/hire.png?resize=200%2C300&amp;ssl=1 200w, https:\/\/i0.wp.com\/commutronics.com.tw\/wp-content\/uploads\/2025\/11\/hire.png?resize=683%2C1024&amp;ssl=1 683w, https:\/\/i0.wp.com\/commutronics.com.tw\/wp-content\/uploads\/2025\/11\/hire.png?resize=768%2C1152&amp;ssl=1 768w, https:\/\/i0.wp.com\/commutronics.com.tw\/wp-content\/uploads\/2025\/11\/hire.png?resize=8%2C12&amp;ssl=1 8w, https:\/\/i0.wp.com\/commutronics.com.tw\/wp-content\/uploads\/2025\/11\/hire.png?resize=600%2C900&amp;ssl=1 600w\" sizes=\"(max-width: 1000px) 100vw, 1000px\" \/><\/figure>\n<\/div>\n\n\n\n<div class=\"wp-block-column has-global-padding is-content-justification-left is-layout-constrained wp-container-core-column-is-layout-fbb72bad wp-block-column-is-layout-constrained\" style=\"flex-basis:50%\">\n<h2 class=\"wp-block-heading\">Rejoignez-nous<\/h2>\n\n\n\n<h3 class=\"wp-block-heading\">Les personnes que nous recherchons<\/h3>\n\n\n\n<ul class=\"wp-block-list\">\n<li>Passionn\u00e9 par le secteur des technologies de la communication et d\u00e9sireux d'apprendre de nouvelles technologies<\/li>\n\n\n\n<li>Bonnes aptitudes \u00e0 la communication<\/li>\n\n\n\n<li>Bonne aptitude au travail en \u00e9quipe, capacit\u00e9 \u00e0 accomplir des t\u00e2ches de mani\u00e8re autonome<\/li>\n\n\n\n<li>Motivation personnelle, sens aigu des responsabilit\u00e9s, souci du d\u00e9tail et de la qualit\u00e9<\/li>\n<\/ul>\n\n\n\n<details class=\"wp-block-details is-layout-flow wp-block-details-is-layout-flow\"><summary>1. assistant de projet\/ing\u00e9nieur<\/summary>\n<p class=\"wp-block-paragraph\">L'entreprise propose une formation compl\u00e8te, quelle que soit l'exp\u00e9rience.<br>Ce poste est ouvert \u00e0<strong>Volont\u00e9 d'apprendre<\/strong>Responsable, pratique et int\u00e9ress\u00e9 par les technologies de la communication ou de l'\u00e9lectronique, les principales t\u00e2ches sont les suivantes (elles seront dirig\u00e9es par des ing\u00e9nieurs confirm\u00e9s apr\u00e8s avoir rejoint l'organisation) :<br>1) Ex\u00e9cution et gestion de projets Ex\u00e9cution et gestion de projets<br>\u3000\u3000Assister l'\u00e9quipe dans la planification, l'installation et la r\u00e9ception des projets. Y compris l'enregistrement de donn\u00e9es simples, l'organisation de rapports, la communication et la coordination avec les clients \u00e9trangers.<\/p>\n\n\n\n<p class=\"wp-block-paragraph\">2. l'installation, la configuration et l'\u00e9talonnage de l'\u00e9quipement<br>\u3000Gr\u00e2ce \u00e0 des concepts informatiques de base et \u00e0 des comp\u00e9tences pratiques, vous apprendrez pas \u00e0 pas \u00e0 prendre en charge le test et le r\u00e9glage d'\u00e9quipements sur site et \u00e0 effectuer des mesures de param\u00e8tres tels que la puissance \u00e9mise, le d\u00e9calage de fr\u00e9quence et le rapport d'ondes stationnaires (VSWR).<\/p>\n\n\n\n<p class=\"wp-block-paragraph\">3. inspection des c\u00e2bles et maintenance pr\u00e9ventive<br>\u3000Aider \u00e0 v\u00e9rifier l'\u00e9tat des c\u00e2bles, des connecteurs et des raccordements d'\u00e9quipements et aider \u00e0 l'entretien et aux essais de base.<\/p>\n\n\n\n<p class=\"wp-block-paragraph\">3. formation \u00e0 la technologie radio et entretien du mat\u00e9riel<br>\u3000Organiser syst\u00e9matiquement des cours de formation technique Motorola pour apprendre les principes des syst\u00e8mes DMR, Capacity Plus, Capacity Max et autres.<\/p>\n\n\n\n<p class=\"wp-block-paragraph\">4. mise en \u0153uvre du projet et tests d'acceptation<br>\u3000Participer aux essais et \u00e0 l'acceptation du projet, y compris les essais de couverture sur site, l'enregistrement des mesures RSSI, la v\u00e9rification de la stabilit\u00e9 de la connexion et la confirmation du num\u00e9ro de s\u00e9rie de l'\u00e9quipement.<\/p>\n\n\n\n<p class=\"wp-block-paragraph\">5. travail d'\u00e9quipe et communication<br>\u3000Bonne capacit\u00e9 de communication entre les services et esprit logique pour travailler ensemble sur chaque projet et pour communiquer clairement les concepts techniques et l'avancement de la construction.<\/p>\n<\/details>\n\n\n\n<details class=\"wp-block-details is-layout-flow wp-block-details-is-layout-flow\"><summary>2. ing\u00e9nieur FAE<\/summary>\n<p class=\"wp-block-paragraph\">Responsabilit\u00e9s professionnelles.<br>1. bonne communication avec les autres.,<br>2. installe des \u00e9quipements et traite les probl\u00e8mes li\u00e9s aux syst\u00e8mes par le biais d'une formation technique.<br>3. r\u00e9soudre les situations anormales rencontr\u00e9es par les clients et am\u00e9liorer en permanence les questions qui s'y rapportent.<br>4. fournir des informations sur les pr\u00e9f\u00e9rences des clients en mati\u00e8re de produits afin d'aider le personnel de vente \u00e0 se r\u00e9f\u00e9rer \u00e0 la strat\u00e9gie de vente.<br>5. l'accomplissement d'autres t\u00e2ches pr\u00e9vues par l'entreprise<\/p>\n<\/details>\n\n\n\n<details class=\"wp-block-details is-layout-flow wp-block-details-is-layout-flow\"><summary>3. assistant pour les op\u00e9rations ext\u00e9rieures <\/summary>\n<p class=\"wp-block-paragraph\">Responsabilit\u00e9s professionnelles.<\/p>\n\n\n\n<ul class=\"wp-block-list\">\n<li>Correspondance et appels t\u00e9l\u00e9phoniques en anglais avec des clients, des agents et des fournisseurs \u00e0 l'\u00e9tranger pour aider \u00e0 la communication et \u00e0 l'actualisation de l'avancement des projets.<\/li>\n\n\n\n<li>Aide \u00e0 l'\u00e9tablissement des devis, au traitement des commandes, \u00e0 l'exp\u00e9dition et au suivi des documents (facture pro forma, liste de colisage, facture, \u00e9tiquette d'exp\u00e9dition, etc.) pour les projets commerciaux \u00e0 l'\u00e9tranger.<\/li>\n\n\n\n<li>Contribuer \u00e0 la production d'appels d'offres internationaux, de documents de cotation et de propositions commerciales (en anglais et en chinois).<\/li>\n\n\n\n<li>Aider \u00e0 la documentation commerciale (d\u00e9claration d'exportation, arrangements de transport, suivi des paiements, etc.)<\/li>\n\n\n\n<li>Gestion de la base de donn\u00e9es des clients et des dossiers de vente, \u00e9tablissement de rapports mensuels et analyse des ventes.<\/li>\n\n\n\n<li>Assister le chef des ventes dans les t\u00e2ches administratives quotidiennes et la communication interd\u00e9partementale.<\/li>\n<\/ul>\n<\/details>\n\n\n\n<p class=\"wp-block-paragraph\">Veuillez envoyer votre <strong>Curriculum vitae en chinois ou en anglais<\/strong>(avec photo) \u00e0 :<br><strong><a>hr@commutronics.com.tw<\/a><\/strong><br>Veuillez indiquer dans l'objet de la lettre : \"Poste demand\u00e9 - Nom\".<br>Exemple :<code>Postuler pour le poste d'assistant commercial outre-mer - Wong Siu Ming<\/code><\/p>\n\n\n\n<p class=\"wp-block-paragraph\">D\u00e8s r\u00e9ception de votre CV, nous contacterons de mani\u00e8re proactive les candidats ad\u00e9quats pour un entretien.<\/p>\n<\/div>\n<\/div>\n<\/div>\n<\/div>","protected":false},"excerpt":{"rendered":"<p>Join Us \u6211\u5011\u5728\u5c0b\u627e\u7684\u4eba\u624d \u8acb\u5c07\u60a8\u7684 \u4e2d\u6587\u6216\u82f1\u6587\u5c65\u6b77\uff08\u542b\u7167\u7247\uff09\u5bc4\u81f3\uff1ahr@commutronics.co [&hellip;]<\/p>\n","protected":false},"author":251107229,"featured_media":0,"parent":0,"menu_order":0,"comment_status":"closed","ping_status":"closed","template":"","meta":{"_crdt_document":"","footnotes":""},"class_list":["post-172","page","type-page","status-publish","hentry"],"jetpack_likes_enabled":true,"jetpack_sharing_enabled":true,"jetpack_shortlink":"https:\/\/wp.me\/PfNdxH-2M","jetpack-related-posts":[],"_links":{"self":[{"href":"https:\/\/commutronics.com.tw\/fr\/wp-json\/wp\/v2\/pages\/172","targetHints":{"allow":["GET"]}}],"collection":[{"href":"https:\/\/commutronics.com.tw\/fr\/wp-json\/wp\/v2\/pages"}],"about":[{"href":"https:\/\/commutronics.com.tw\/fr\/wp-json\/wp\/v2\/types\/page"}],"author":[{"embeddable":true,"href":"https:\/\/commutronics.com.tw\/fr\/wp-json\/wp\/v2\/users\/251107229"}],"replies":[{"embeddable":true,"href":"https:\/\/commutronics.com.tw\/fr\/wp-json\/wp\/v2\/comments?post=172"}],"version-history":[{"count":15,"href":"https:\/\/commutronics.com.tw\/fr\/wp-json\/wp\/v2\/pages\/172\/revisions"}],"predecessor-version":[{"id":7436,"href":"https:\/\/commutronics.com.tw\/fr\/wp-json\/wp\/v2\/pages\/172\/revisions\/7436"}],"wp:attachment":[{"href":"https:\/\/commutronics.com.tw\/fr\/wp-json\/wp\/v2\/media?parent=172"}],"curies":[{"name":"wp","href":"https:\/\/api.w.org\/{rel}","templated":true}]}}