{"id":1631,"date":"2024-06-11T11:01:21","date_gmt":"2024-06-11T03:01:21","guid":{"rendered":"https:\/\/commutronics.com.tw\/?page_id=1631"},"modified":"2025-03-27T09:08:51","modified_gmt":"2025-03-27T01:08:51","slug":"nntn8560","status":"publish","type":"page","link":"https:\/\/commutronics.com.tw\/fr\/accessories\/nntn8560\/","title":{"rendered":"NNTN8560 Batterie"},"content":{"rendered":"<h2 class=\"wp-block-heading alignwide has-large-font-size\">Batterie lithium-ion haute capacit\u00e9 IMPRES\u2122 2500mAh<em>\u00a0(IP57) NNTN8560<\/em><\/h2>\n\n\n\n<div class=\"wp-block-columns alignwide is-layout-flex wp-container-core-columns-is-layout-3b811c60 wp-block-columns-is-layout-flex\">\n<div class=\"wp-block-column is-layout-flow wp-block-column-is-layout-flow\">\n<figure class=\"wp-block-image aligncenter size-full is-resized\"><img data-recalc-dims=\"1\" fetchpriority=\"high\" decoding=\"async\" width=\"1024\" height=\"1024\" data-attachment-id=\"1625\" data-permalink=\"https:\/\/commutronics.com.tw\/fr\/accessories\/nntn8129\/motorola_nntn8129_back_1024x\/\" data-orig-file=\"https:\/\/i0.wp.com\/commutronics.com.tw\/wp-content\/uploads\/2024\/06\/Motorola_NNTN8129_Back_1024x.webp?fit=1024%2C1024&amp;ssl=1\" data-orig-size=\"1024,1024\" data-comments-opened=\"1\" data-image-meta=\"{&quot;aperture&quot;:&quot;0&quot;,&quot;credit&quot;:&quot;&quot;,&quot;camera&quot;:&quot;&quot;,&quot;caption&quot;:&quot;&quot;,&quot;created_timestamp&quot;:&quot;0&quot;,&quot;copyright&quot;:&quot;&quot;,&quot;focal_length&quot;:&quot;0&quot;,&quot;iso&quot;:&quot;0&quot;,&quot;shutter_speed&quot;:&quot;0&quot;,&quot;title&quot;:&quot;&quot;,&quot;orientation&quot;:&quot;0&quot;}\" data-image-title=\"Motorola_NNTN8129_Back_1024x\" data-image-description=\"\" data-image-caption=\"\" data-large-file=\"https:\/\/i0.wp.com\/commutronics.com.tw\/wp-content\/uploads\/2024\/06\/Motorola_NNTN8129_Back_1024x.webp?fit=1024%2C1024&amp;ssl=1\" src=\"https:\/\/i0.wp.com\/commutronics.com.tw\/wp-content\/uploads\/2024\/06\/Motorola_NNTN8129_Back_1024x.webp?resize=1024%2C1024&#038;ssl=1\" alt=\"\" class=\"wp-image-1625\" style=\"aspect-ratio:1;object-fit:contain;width:auto;height:400px\" srcset=\"https:\/\/i0.wp.com\/commutronics.com.tw\/wp-content\/uploads\/2024\/06\/Motorola_NNTN8129_Back_1024x.webp?w=1024&amp;ssl=1 1024w, https:\/\/i0.wp.com\/commutronics.com.tw\/wp-content\/uploads\/2024\/06\/Motorola_NNTN8129_Back_1024x.webp?resize=300%2C300&amp;ssl=1 300w, https:\/\/i0.wp.com\/commutronics.com.tw\/wp-content\/uploads\/2024\/06\/Motorola_NNTN8129_Back_1024x.webp?resize=150%2C150&amp;ssl=1 150w, https:\/\/i0.wp.com\/commutronics.com.tw\/wp-content\/uploads\/2024\/06\/Motorola_NNTN8129_Back_1024x.webp?resize=768%2C768&amp;ssl=1 768w, https:\/\/i0.wp.com\/commutronics.com.tw\/wp-content\/uploads\/2024\/06\/Motorola_NNTN8129_Back_1024x.webp?resize=12%2C12&amp;ssl=1 12w, https:\/\/i0.wp.com\/commutronics.com.tw\/wp-content\/uploads\/2024\/06\/Motorola_NNTN8129_Back_1024x.webp?resize=800%2C800&amp;ssl=1 800w, https:\/\/i0.wp.com\/commutronics.com.tw\/wp-content\/uploads\/2024\/06\/Motorola_NNTN8129_Back_1024x.webp?resize=600%2C600&amp;ssl=1 600w, https:\/\/i0.wp.com\/commutronics.com.tw\/wp-content\/uploads\/2024\/06\/Motorola_NNTN8129_Back_1024x.webp?resize=400%2C400&amp;ssl=1 400w, https:\/\/i0.wp.com\/commutronics.com.tw\/wp-content\/uploads\/2024\/06\/Motorola_NNTN8129_Back_1024x.webp?resize=200%2C200&amp;ssl=1 200w, https:\/\/i0.wp.com\/commutronics.com.tw\/wp-content\/uploads\/2024\/06\/Motorola_NNTN8129_Back_1024x.webp?resize=100%2C100&amp;ssl=1 100w\" sizes=\"(max-width: 1000px) 100vw, 1000px\" \/><\/figure>\n<\/div>\n\n\n\n<div class=\"wp-block-column is-layout-flow wp-block-column-is-layout-flow\">\n<p class=\"wp-block-paragraph\">Le Motorola NNTN8560 est une batterie lithium-ion IMPRES d'une capacit\u00e9 de 2 500 mAh et d'une conception \u00e0 s\u00e9curit\u00e9 intrins\u00e8que pour les radios bidirectionnelles de la s\u00e9rie XPR de qualit\u00e9 professionnelle. Cette batterie s\u00e9curis\u00e9e pour les emplacements dangereux est \u00e9tanche et conforme \u00e0 la norme IP57 et peut r\u00e9sister \u00e0 n'importe quel environnement de chantier !<\/p>\n\n\n\n<div style=\"height:100px\" aria-hidden=\"true\" class=\"wp-block-spacer\"><\/div>\n\n\n\n<h2 class=\"wp-block-heading has-medium-font-size\">Convient pour<\/h2>\n\n\n\n<hr class=\"wp-block-separator has-alpha-channel-opacity\"\/>\n\n\n\n<p class=\"wp-block-paragraph\"><strong>XiR P8600\/P8608<\/strong>,&nbsp;<strong>DP4000<\/strong><\/p>\n\n\n\n<p class=\"wp-block-paragraph\"><strong>XiR P8620\/P8628<\/strong><\/p>\n\n\n\n<p class=\"wp-block-paragraph\"><strong>XiR P8660\/P8668<\/strong><\/p>\n<\/div>\n<\/div>\n\n\n\n<div class=\"wp-block-columns alignwide is-layout-flex wp-container-core-columns-is-layout-3b811c60 wp-block-columns-is-layout-flex\">\n<div class=\"wp-block-column is-layout-flow wp-block-column-is-layout-flow\" style=\"flex-basis:66.66%\">\n<h2 class=\"wp-block-heading has-text-align-left has-large-font-size\">Sp\u00e9cifications<\/h2>\n<\/div>\n<\/div>\n\n\n\n<figure class=\"wp-block-table alignwide is-style-stripes\"><table class=\"has-fixed-layout\"><tbody><tr><td class=\"has-text-align-center\" data-align=\"center\">poids<\/td><td>195g<\/td><\/tr><tr><td class=\"has-text-align-center\" data-align=\"center\">Dimensions (L x L x P)<\/td><td>11,3 cm x 5,2 cm x 2,3 cm<\/td><\/tr><tr><td class=\"has-text-align-center\" data-align=\"center\">Indice de protection IP<\/td><td>IP57<\/td><\/tr><tr><td class=\"has-text-align-center\" data-align=\"center\">Capacit\u00e9 de la batterie<\/td><td>2500mAh<\/td><\/tr><tr><td class=\"has-text-align-center\" data-align=\"center\">Niveau de s\u00e9curit\u00e9<\/td><td>TIA<\/td><\/tr><\/tbody><\/table><\/figure>\n\n\n\n<div style=\"height:100px\" aria-hidden=\"true\" class=\"wp-block-spacer\"><\/div>","protected":false},"excerpt":{"rendered":"<p>IMPRES\u2122 2500mAh \u9ad8\u5bb9\u91cf\u92f0\u96e2\u5b50\u96fb\u6c60\u00a0(IP57) NNTN8560 Motorola NNTN8 [&hellip;]<\/p>\n","protected":false},"author":251107229,"featured_media":0,"parent":6327,"menu_order":0,"comment_status":"closed","ping_status":"closed","template":"","meta":{"_crdt_document":"","footnotes":""},"class_list":["post-1631","page","type-page","status-publish","hentry"],"jetpack_likes_enabled":true,"jetpack_sharing_enabled":true,"jetpack_shortlink":"https:\/\/wp.me\/PfNdxH-qj","jetpack-related-posts":[{"id":1622,"url":"https:\/\/commutronics.com.tw\/fr\/accessories\/nntn8129\/","url_meta":{"origin":1631,"position":0},"title":"NNTN8129 Batterie","author":"Alex Tseng","date":"juin 11, 2024","format":false,"excerpt":"IMPRES\u2122 2350mAh \u9ad8\u5bb9\u91cf\u92f0\u96e2\u5b50\u96fb\u6c60\u00a0(IP67) NNTN8129 Motorola \u2026","rel":"","context":"Article similaire","block_context":{"text":"Article similaire","link":""},"img":{"alt_text":"","src":"https:\/\/i0.wp.com\/commutronics.com.tw\/wp-content\/uploads\/2024\/06\/Motorola_NNTN8129_Back_1024x.webp?resize=350%2C200&ssl=1","width":350,"height":200,"srcset":"https:\/\/i0.wp.com\/commutronics.com.tw\/wp-content\/uploads\/2024\/06\/Motorola_NNTN8129_Back_1024x.webp?resize=350%2C200&ssl=1 1x, https:\/\/i0.wp.com\/commutronics.com.tw\/wp-content\/uploads\/2024\/06\/Motorola_NNTN8129_Back_1024x.webp?resize=525%2C300&ssl=1 1.5x, https:\/\/i0.wp.com\/commutronics.com.tw\/wp-content\/uploads\/2024\/06\/Motorola_NNTN8129_Back_1024x.webp?resize=700%2C400&ssl=1 2x"},"classes":[]},{"id":6327,"url":"https:\/\/commutronics.com.tw\/fr\/accessories\/","url_meta":{"origin":1631,"position":1},"title":"Choisir les bons accessoires pour radio Motorola","author":"Alex Tseng","date":"mai 29, 2024","format":false,"excerpt":"Motorola \u7121\u7dda\u96fb\u914d\u4ef6 \u5275\u65b0\u914d\u4ef6\uff0c\u63d0\u5347\u901a\u4fe1\u6548\u7387 \u5929\u7dda \u96fb\u6c60 \u8033\u6a5f\u9ea5\u514b\u98a8 \u9ea5\u514b\u98a8 \u914d\u4ef6\/\u7e9c\u7dda \u80cc\u2026","rel":"","context":"Article similaire","block_context":{"text":"Article similaire","link":""},"img":{"alt_text":"","src":"https:\/\/i0.wp.com\/commutronics.com.tw\/wp-content\/uploads\/2025\/07\/PMMN4013-Remote-Speaker-Microphone-1280x1280-1.jpeg?resize=350%2C200&ssl=1","width":350,"height":200,"srcset":"https:\/\/i0.wp.com\/commutronics.com.tw\/wp-content\/uploads\/2025\/07\/PMMN4013-Remote-Speaker-Microphone-1280x1280-1.jpeg?resize=350%2C200&ssl=1 1x, https:\/\/i0.wp.com\/commutronics.com.tw\/wp-content\/uploads\/2025\/07\/PMMN4013-Remote-Speaker-Microphone-1280x1280-1.jpeg?resize=525%2C300&ssl=1 1.5x, https:\/\/i0.wp.com\/commutronics.com.tw\/wp-content\/uploads\/2025\/07\/PMMN4013-Remote-Speaker-Microphone-1280x1280-1.jpeg?resize=700%2C400&ssl=1 2x"},"classes":[]},{"id":6340,"url":"https:\/\/commutronics.com.tw\/fr\/accessories\/pmnn4804\/","url_meta":{"origin":1631,"position":2},"title":"PMNN4804 Batterie","author":"Alex Tseng","date":"juin 17, 2024","format":false,"excerpt":"IMPRES\u2122 2 \u92f0\u96e2\u5b50\u96fb\u6c60 2900mAh (PMNN4804) \u91dd\u5c0d MOTOTRBO ION\u2026","rel":"","context":"Article similaire","block_context":{"text":"Article similaire","link":""},"img":{"alt_text":"","src":"","width":0,"height":0},"classes":[]},{"id":1350,"url":"https:\/\/commutronics.com.tw\/fr\/accessories\/pmnn4809\/","url_meta":{"origin":1631,"position":3},"title":"PMNN4809 Batterie","author":"Alex Tseng","date":"juin 5, 2024","format":false,"excerpt":"IMPRES\u2122 2850mAh\u8584\u578b\u9ad8\u5bc6\u5ea6\u92f0\u96e2\u5b50\u96fb\u6c60\u00a0(IP68) PMNN4809 Motorola\u2026","rel":"","context":"Article similaire","block_context":{"text":"Article similaire","link":""},"img":{"alt_text":"","src":"https:\/\/i0.wp.com\/commutronics.com.tw\/wp-content\/uploads\/2024\/05\/2200mAh-IMPRES%E2%84%A2%E9%8B%B0%E9%9B%BB%E6%B1%A0.jpg?resize=350%2C200&ssl=1","width":350,"height":200},"classes":[]},{"id":1174,"url":"https:\/\/commutronics.com.tw\/fr\/accessories\/pmnn4807a\/","url_meta":{"origin":1631,"position":4},"title":"PMNN4807A Batterie","author":"Alex Tseng","date":"juin 4, 2024","format":false,"excerpt":"\u8584\u578b\u9ad8\u5bc6\u5ea6\u92f0\u96e2\u5b50\u96fb\u6c60\u00a0(IP68) PMNN4807A Motorola PMNN4807\u2026","rel":"","context":"Article similaire","block_context":{"text":"Article similaire","link":""},"img":{"alt_text":"","src":"https:\/\/i0.wp.com\/commutronics.com.tw\/wp-content\/uploads\/2024\/05\/2200mAh-IMPRES%E2%84%A2%E9%8B%B0%E9%9B%BB%E6%B1%A0.jpg?resize=350%2C200&ssl=1","width":350,"height":200},"classes":[]},{"id":6383,"url":"https:\/\/commutronics.com.tw\/fr\/accessories\/pmnn4810\/","url_meta":{"origin":1631,"position":5},"title":"PMNN4810 Batterie","author":"Alex Tseng","date":"novembre 4, 2024","format":false,"excerpt":"IMPRESS\u2122 3200 mAh\u539a\u578b\u9ad8\u5bc6\u5ea6\u92f0\u96e2\u5b50\u96fb\u6c60\u00a0(IP68, TIA4950) PMNN48\u2026","rel":"","context":"Article similaire","block_context":{"text":"Article similaire","link":""},"img":{"alt_text":"","src":"","width":0,"height":0},"classes":[]}],"_links":{"self":[{"href":"https:\/\/commutronics.com.tw\/fr\/wp-json\/wp\/v2\/pages\/1631","targetHints":{"allow":["GET"]}}],"collection":[{"href":"https:\/\/commutronics.com.tw\/fr\/wp-json\/wp\/v2\/pages"}],"about":[{"href":"https:\/\/commutronics.com.tw\/fr\/wp-json\/wp\/v2\/types\/page"}],"author":[{"embeddable":true,"href":"https:\/\/commutronics.com.tw\/fr\/wp-json\/wp\/v2\/users\/251107229"}],"replies":[{"embeddable":true,"href":"https:\/\/commutronics.com.tw\/fr\/wp-json\/wp\/v2\/comments?post=1631"}],"version-history":[{"count":2,"href":"https:\/\/commutronics.com.tw\/fr\/wp-json\/wp\/v2\/pages\/1631\/revisions"}],"predecessor-version":[{"id":1633,"href":"https:\/\/commutronics.com.tw\/fr\/wp-json\/wp\/v2\/pages\/1631\/revisions\/1633"}],"up":[{"embeddable":true,"href":"https:\/\/commutronics.com.tw\/fr\/wp-json\/wp\/v2\/pages\/6327"}],"wp:attachment":[{"href":"https:\/\/commutronics.com.tw\/fr\/wp-json\/wp\/v2\/media?parent=1631"}],"curies":[{"name":"wp","href":"https:\/\/api.w.org\/{rel}","templated":true}]}}