{"id":1585,"date":"2024-06-08T20:28:49","date_gmt":"2024-06-08T12:28:49","guid":{"rendered":"https:\/\/commutronics.com.tw\/?page_id=1585"},"modified":"2025-03-27T09:08:03","modified_gmt":"2025-03-27T01:08:03","slug":"pmnn4409","status":"publish","type":"page","link":"https:\/\/commutronics.com.tw\/fr\/accessories\/pmnn4409\/","title":{"rendered":"PMNN4409 Batterie"},"content":{"rendered":"<h2 class=\"wp-block-heading alignwide has-large-font-size\">IMPRESS\u2122 2250mAh<em>Batterie lithium-ion haute capacit\u00e9 (IP68) PMNN4409<\/em><\/h2>\n\n\n\n<div class=\"wp-block-columns alignwide is-layout-flex wp-container-core-columns-is-layout-3b811c60 wp-block-columns-is-layout-flex\">\n<div class=\"wp-block-column is-layout-flow wp-block-column-is-layout-flow\">\n<figure class=\"wp-block-image size-full is-resized\"><img data-recalc-dims=\"1\" fetchpriority=\"high\" decoding=\"async\" width=\"414\" height=\"498\" data-attachment-id=\"431\" data-permalink=\"https:\/\/commutronics.com.tw\/fr\/discontinued\/motorola-gp328\/2200mah-impres%e9%8b%b0%e9%9b%bb%e6%b1%a0\/\" data-orig-file=\"https:\/\/i0.wp.com\/commutronics.com.tw\/wp-content\/uploads\/2024\/05\/2200mAh-IMPRES%E2%84%A2%E9%8B%B0%E9%9B%BB%E6%B1%A0.jpg?fit=414%2C498&amp;ssl=1\" data-orig-size=\"414,498\" data-comments-opened=\"1\" data-image-meta=\"{&quot;aperture&quot;:&quot;0&quot;,&quot;credit&quot;:&quot;Chun-Yu Tseng&quot;,&quot;camera&quot;:&quot;&quot;,&quot;caption&quot;:&quot;&quot;,&quot;created_timestamp&quot;:&quot;1716787459&quot;,&quot;copyright&quot;:&quot;&quot;,&quot;focal_length&quot;:&quot;0&quot;,&quot;iso&quot;:&quot;0&quot;,&quot;shutter_speed&quot;:&quot;0&quot;,&quot;title&quot;:&quot;&quot;,&quot;orientation&quot;:&quot;0&quot;}\" data-image-title=\"2200mAh-IMPRES\u2122\u92f0\u96fb\u6c60\" data-image-description=\"\" data-image-caption=\"\" data-large-file=\"https:\/\/i0.wp.com\/commutronics.com.tw\/wp-content\/uploads\/2024\/05\/2200mAh-IMPRES%E2%84%A2%E9%8B%B0%E9%9B%BB%E6%B1%A0.jpg?fit=414%2C498&amp;ssl=1\" src=\"https:\/\/i0.wp.com\/commutronics.com.tw\/wp-content\/uploads\/2024\/05\/2200mAh-IMPRES%E2%84%A2%E9%8B%B0%E9%9B%BB%E6%B1%A0.jpg?resize=414%2C498&#038;ssl=1\" alt=\"\" class=\"wp-image-431\" style=\"aspect-ratio:1;object-fit:contain;width:auto;height:400px\" srcset=\"https:\/\/i0.wp.com\/commutronics.com.tw\/wp-content\/uploads\/2024\/05\/2200mAh-IMPRES%E2%84%A2%E9%8B%B0%E9%9B%BB%E6%B1%A0.jpg?w=414&amp;ssl=1 414w, https:\/\/i0.wp.com\/commutronics.com.tw\/wp-content\/uploads\/2024\/05\/2200mAh-IMPRES%E2%84%A2%E9%8B%B0%E9%9B%BB%E6%B1%A0.jpg?resize=249%2C300&amp;ssl=1 249w, https:\/\/i0.wp.com\/commutronics.com.tw\/wp-content\/uploads\/2024\/05\/2200mAh-IMPRES%E2%84%A2%E9%8B%B0%E9%9B%BB%E6%B1%A0.jpg?resize=10%2C12&amp;ssl=1 10w\" sizes=\"(max-width: 414px) 100vw, 414px\" \/><\/figure>\n<\/div>\n\n\n\n<div class=\"wp-block-column is-layout-flow wp-block-column-is-layout-flow\">\n<p class=\"wp-block-paragraph\">Motorola PMNN4409 Batterie lithium-ion haute capacit\u00e9, 2250mAh, IMPRES, IP68 Batterie, con\u00e7ue pour les radios bidirectionnelles de qualit\u00e9 professionnelle.L'indice IP68 permet \u00e0 la radio de maintenir d'excellentes performances dans les conditions environnementales les plus exigeantes et est compl\u00e8tement \u00e9tanche !<\/p>\n\n\n\n<div style=\"height:100px\" aria-hidden=\"true\" class=\"wp-block-spacer\"><\/div>\n\n\n\n<h2 class=\"wp-block-heading has-medium-font-size\">Convient pour<\/h2>\n\n\n\n<hr class=\"wp-block-separator has-alpha-channel-opacity\"\/>\n\n\n\n<p class=\"wp-block-paragraph\"><strong>XiR P6600\/P6620<\/strong>,&nbsp;<strong>DP2000<\/strong><\/p>\n\n\n\n<p class=\"wp-block-paragraph\"><strong>XiR P8600\/P8608<\/strong>,&nbsp;<strong>DP4000<\/strong><\/p>\n\n\n\n<p class=\"wp-block-paragraph\"><strong>XiR P8620\/P8628<\/strong><\/p>\n\n\n\n<p class=\"wp-block-paragraph\"><strong>XiR P8660\/P8668<\/strong><\/p>\n\n\n\n<p class=\"wp-block-paragraph\"><strong>XiR P8660i\/P8668i<\/strong><\/p>\n<\/div>\n<\/div>\n\n\n\n<div class=\"wp-block-columns alignwide is-layout-flex wp-container-core-columns-is-layout-3b811c60 wp-block-columns-is-layout-flex\">\n<div class=\"wp-block-column is-layout-flow wp-block-column-is-layout-flow\" style=\"flex-basis:66.66%\">\n<h2 class=\"wp-block-heading has-text-align-left has-large-font-size\">Sp\u00e9cifications<\/h2>\n<\/div>\n<\/div>\n\n\n\n<figure class=\"wp-block-table alignwide is-style-stripes\"><table class=\"has-fixed-layout\"><tbody><tr><td class=\"has-text-align-center\" data-align=\"center\">poids<\/td><td>150g<\/td><\/tr><tr><td class=\"has-text-align-center\" data-align=\"center\">Dimensions (L x L x P)<\/td><td>11,3 cm x 5,2 cm x 2,3 cm<\/td><\/tr><tr><td class=\"has-text-align-center\" data-align=\"center\">Indice de protection IP<\/td><td>IP68<\/td><\/tr><tr><td class=\"has-text-align-center\" data-align=\"center\">Capacit\u00e9 de la batterie<\/td><td>2250mAh<\/td><\/tr><\/tbody><\/table><\/figure>\n\n\n\n<div style=\"height:100px\" aria-hidden=\"true\" class=\"wp-block-spacer\"><\/div>","protected":false},"excerpt":{"rendered":"<p>IMPRESS\u2122 2250mAh\u9ad8\u5bb9\u91cf\u92f0\u96e2\u96fb\u6c60\u00a0(IP68) PMNN4409 \u6469\u6258\u7f85\u62c9 PMNN4409 \u9ad8 [&hellip;]<\/p>\n","protected":false},"author":251107229,"featured_media":0,"parent":6327,"menu_order":0,"comment_status":"closed","ping_status":"closed","template":"","meta":{"_crdt_document":"","footnotes":""},"class_list":["post-1585","page","type-page","status-publish","hentry"],"jetpack_likes_enabled":true,"jetpack_sharing_enabled":true,"jetpack_shortlink":"https:\/\/wp.me\/PfNdxH-pz","jetpack-related-posts":[{"id":1602,"url":"https:\/\/commutronics.com.tw\/fr\/accessories\/pmnn4493\/","url_meta":{"origin":1585,"position":0},"title":"PMNN4493 Batterie","author":"Alex Tseng","date":"juin 11, 2024","format":false,"excerpt":"IMPRES\u2122 3000 mAh \u9ad8\u5bb9\u91cf\u92f0\u96e2\u5b50\u96fb\u6c60\u00a0(IP68) PMNN4493 \u6469\u6258\u7f85\u2026","rel":"","context":"Article similaire","block_context":{"text":"Article similaire","link":""},"img":{"alt_text":"","src":"https:\/\/i0.wp.com\/commutronics.com.tw\/wp-content\/uploads\/2024\/06\/PMNN4493_pic.webp?resize=350%2C200&ssl=1","width":350,"height":200,"srcset":"https:\/\/i0.wp.com\/commutronics.com.tw\/wp-content\/uploads\/2024\/06\/PMNN4493_pic.webp?resize=350%2C200&ssl=1 1x, https:\/\/i0.wp.com\/commutronics.com.tw\/wp-content\/uploads\/2024\/06\/PMNN4493_pic.webp?resize=525%2C300&ssl=1 1.5x, https:\/\/i0.wp.com\/commutronics.com.tw\/wp-content\/uploads\/2024\/06\/PMNN4493_pic.webp?resize=700%2C400&ssl=1 2x"},"classes":[]},{"id":1613,"url":"https:\/\/commutronics.com.tw\/fr\/accessories\/pmnn4488\/","url_meta":{"origin":1585,"position":1},"title":"PMNN4488 Batterie","author":"Alex Tseng","date":"juin 11, 2024","format":false,"excerpt":"IMPRES\u2122 3000 mAh \u9ad8\u5bb9\u91cf\u92f0\u96e2\u5b50\u96fb\u6c60\u00a0(IP68) PMNN4488 \u6469\u6258\u7f85\u62c9 PMN\u2026","rel":"","context":"Article similaire","block_context":{"text":"Article similaire","link":""},"img":{"alt_text":"","src":"https:\/\/i0.wp.com\/commutronics.com.tw\/wp-content\/uploads\/2024\/06\/PMNN4493_pic.webp?resize=350%2C200&ssl=1","width":350,"height":200,"srcset":"https:\/\/i0.wp.com\/commutronics.com.tw\/wp-content\/uploads\/2024\/06\/PMNN4493_pic.webp?resize=350%2C200&ssl=1 1x, https:\/\/i0.wp.com\/commutronics.com.tw\/wp-content\/uploads\/2024\/06\/PMNN4493_pic.webp?resize=525%2C300&ssl=1 1.5x, https:\/\/i0.wp.com\/commutronics.com.tw\/wp-content\/uploads\/2024\/06\/PMNN4493_pic.webp?resize=700%2C400&ssl=1 2x"},"classes":[]},{"id":6368,"url":"https:\/\/commutronics.com.tw\/fr\/accessories\/pmnn4489\/","url_meta":{"origin":1585,"position":2},"title":"PMNN4489","author":"Alex Tseng","date":"juillet 18, 2024","format":false,"excerpt":"PMNN4489 IMPRESS \u92f0\u96e2\u5b50\u96fb\u6c60 2900mAh PMNN4489 \u662f MOTOTRBO\u2026","rel":"","context":"Article similaire","block_context":{"text":"Article similaire","link":""},"img":{"alt_text":"","src":"","width":0,"height":0},"classes":[]},{"id":6327,"url":"https:\/\/commutronics.com.tw\/fr\/accessories\/","url_meta":{"origin":1585,"position":3},"title":"Choisir les bons accessoires pour radio Motorola","author":"Alex Tseng","date":"mai 29, 2024","format":false,"excerpt":"Motorola \u7121\u7dda\u96fb\u914d\u4ef6 \u5275\u65b0\u914d\u4ef6\uff0c\u63d0\u5347\u901a\u4fe1\u6548\u7387 \u5929\u7dda \u96fb\u6c60 \u8033\u6a5f\u9ea5\u514b\u98a8 \u9ea5\u514b\u98a8 \u914d\u4ef6\/\u7e9c\u7dda \u80cc\u2026","rel":"","context":"Article similaire","block_context":{"text":"Article similaire","link":""},"img":{"alt_text":"","src":"https:\/\/i0.wp.com\/commutronics.com.tw\/wp-content\/uploads\/2025\/07\/PMMN4013-Remote-Speaker-Microphone-1280x1280-1.jpeg?resize=350%2C200&ssl=1","width":350,"height":200,"srcset":"https:\/\/i0.wp.com\/commutronics.com.tw\/wp-content\/uploads\/2025\/07\/PMMN4013-Remote-Speaker-Microphone-1280x1280-1.jpeg?resize=350%2C200&ssl=1 1x, https:\/\/i0.wp.com\/commutronics.com.tw\/wp-content\/uploads\/2025\/07\/PMMN4013-Remote-Speaker-Microphone-1280x1280-1.jpeg?resize=525%2C300&ssl=1 1.5x, https:\/\/i0.wp.com\/commutronics.com.tw\/wp-content\/uploads\/2025\/07\/PMMN4013-Remote-Speaker-Microphone-1280x1280-1.jpeg?resize=700%2C400&ssl=1 2x"},"classes":[]},{"id":1570,"url":"https:\/\/commutronics.com.tw\/fr\/accessories\/pmnn4406\/","url_meta":{"origin":1585,"position":4},"title":"PMNN4406 Batterie","author":"Alex Tseng","date":"juin 8, 2024","format":false,"excerpt":"1600mAh\u8584\u578b\u9ad8\u5bc6\u5ea6\u92f0\u96e2\u5b50\u96fb\u6c60\u00a0(IP68) PMNN4406 PMNN4406\u96fb\u6c60\u63a1\u7528\u92f0\u96e2\u5b50\uff08\u2026","rel":"","context":"Article similaire","block_context":{"text":"Article similaire","link":""},"img":{"alt_text":"","src":"https:\/\/i0.wp.com\/commutronics.com.tw\/wp-content\/uploads\/2024\/05\/2200mAh-IMPRES%E2%84%A2%E9%8B%B0%E9%9B%BB%E6%B1%A0.jpg?resize=350%2C200&ssl=1","width":350,"height":200},"classes":[]},{"id":1589,"url":"https:\/\/commutronics.com.tw\/fr\/accessories\/pmnn4491\/","url_meta":{"origin":1585,"position":5},"title":"PMNN4491 Batterie","author":"Alex Tseng","date":"juin 8, 2024","format":false,"excerpt":"IMPRESS\u2122 2100 mAh\u8584\u578b\u9ad8\u5bc6\u5ea6\u92f0\u96e2\u5b50\u96fb\u6c60\u00a0(IP68) PMNN4491 PMNN44\u2026","rel":"","context":"Article similaire","block_context":{"text":"Article similaire","link":""},"img":{"alt_text":"","src":"https:\/\/i0.wp.com\/commutronics.com.tw\/wp-content\/uploads\/2024\/06\/pmnn4406_slim_li-ion_core_1500mah_lg.jpg?resize=350%2C200&ssl=1","width":350,"height":200},"classes":[]}],"_links":{"self":[{"href":"https:\/\/commutronics.com.tw\/fr\/wp-json\/wp\/v2\/pages\/1585","targetHints":{"allow":["GET"]}}],"collection":[{"href":"https:\/\/commutronics.com.tw\/fr\/wp-json\/wp\/v2\/pages"}],"about":[{"href":"https:\/\/commutronics.com.tw\/fr\/wp-json\/wp\/v2\/types\/page"}],"author":[{"embeddable":true,"href":"https:\/\/commutronics.com.tw\/fr\/wp-json\/wp\/v2\/users\/251107229"}],"replies":[{"embeddable":true,"href":"https:\/\/commutronics.com.tw\/fr\/wp-json\/wp\/v2\/comments?post=1585"}],"version-history":[{"count":4,"href":"https:\/\/commutronics.com.tw\/fr\/wp-json\/wp\/v2\/pages\/1585\/revisions"}],"predecessor-version":[{"id":1593,"href":"https:\/\/commutronics.com.tw\/fr\/wp-json\/wp\/v2\/pages\/1585\/revisions\/1593"}],"up":[{"embeddable":true,"href":"https:\/\/commutronics.com.tw\/fr\/wp-json\/wp\/v2\/pages\/6327"}],"wp:attachment":[{"href":"https:\/\/commutronics.com.tw\/fr\/wp-json\/wp\/v2\/media?parent=1585"}],"curies":[{"name":"wp","href":"https:\/\/api.w.org\/{rel}","templated":true}]}}