{"id":5836,"date":"2025-03-27T00:11:32","date_gmt":"2025-03-26T16:11:32","guid":{"rendered":"https:\/\/commutronics.com.tw\/?post_type=product&#038;p=5836"},"modified":"2025-03-27T00:11:42","modified_gmt":"2025-03-26T16:11:42","slug":"pmln7131-%e6%89%8b%e6%8c%81%e9%8d%b5%e7%9b%a4%e6%8e%a7%e5%88%b6%e9%ba%a5%e5%85%8b%e9%a2%a8","status":"publish","type":"product","link":"https:\/\/commutronics.com.tw\/es\/producto\/pmln7131-%e6%89%8b%e6%8c%81%e9%8d%b5%e7%9b%a4%e6%8e%a7%e5%88%b6%e9%ba%a5%e5%85%8b%e9%a2%a8\/","title":{"rendered":"PMLN7131 Micr\u00f3fono de control con teclado de mano"},"content":{"rendered":"<p>PMLN7131 - Dise\u00f1ado para la serie XPR 5000\/M86 de veh\u00edculos radio, el PMLN7131 ofrece una flexibilidad de montaje total, movilidad en el veh\u00edculo y control total de la radio m\u00f3vil. La unidad principal de radio puede montarse en el lugar m\u00e1s conveniente, como detr\u00e1s del asiento, debajo del salpicadero o en el maletero, mientras que el cabezal de control puede montarse cerca del usuario mediante un cord\u00f3n est\u00e1ndar (modelo HLN9073). La longitud est\u00e1ndar del cable de resorte es de 1,8 m, que puede ampliarse a 3 m. Existe un cable de extensi\u00f3n opcional para aumentar la distancia en 5 m. El cabezal de control permite al usuario controlar el veh\u00edculo desde la parte trasera del mismo. El cabezal de control permite al usuario permanecer en comunicaci\u00f3n mientras se desplaza en el veh\u00edculo. El personal de las ambulancias, los conductores de autobuses y los repartidores log\u00edsticos pueden llevar el cabezal en la parte trasera del veh\u00edculo sin estar confinados en el asiento del conductor. Con un teclado completo, pantalla en color y control de canales y volumen, este cabezal de control port\u00e1til tiene las mismas prestaciones que una radio port\u00e1til. Los usuarios pueden acceder a libretas de direcciones, mensajes de texto, ajustes de radio, instrucciones de trabajo y notificaciones desde cualquier lugar del veh\u00edculo para disfrutar de una experiencia de comunicaci\u00f3n flexible y eficaz.<\/p>\r\n<h2 class=\"wp-block-heading has-medium-font-size\">Adecuado para<\/h2>\r\n<!-- \/wp:post-content -->\r\n\r\n<!-- wp:separator --><hr class=\"wp-block-separator has-alpha-channel-opacity\" \/><!-- \/wp:separator -->\r\n\r\n<!-- wp:paragraph -->\r\n<p>XPR 5000\/M8668i<\/p>","protected":false},"excerpt":{"rendered":"<p>PMLN7131 &#8211; \u70ba XPR 5000\/M86 \u7cfb\u5217\u7121\u7dda\u96fb\u8eca\u6a5f\u8a2d\u8a08\uff0c\u63d0\u4f9b\u5b8c\u5168\u7684\u5b89\u88dd\u9748\u6d3b\u6027\u3001\u8eca\u5167 [&hellip;]<\/p>\n","protected":false},"featured_media":5864,"comment_status":"closed","ping_status":"closed","template":"","meta":{"_crdt_document":"","jetpack_post_was_ever_published":false,"jetpack_publicize_message":"","jetpack_publicize_feature_enabled":true,"jetpack_social_post_already_shared":true,"jetpack_social_options":{"image_generator_settings":{"template":"highway","default_image_id":0,"font":"","enabled":false},"version":2},"_wpas_customize_per_network":false},"product_brand":[],"product_cat":[1447],"product_tag":[1467],"class_list":{"0":"post-5836","1":"product","2":"type-product","3":"status-publish","4":"has-post-thumbnail","6":"product_cat-1447","7":"product_tag-m8668i","9":"first","10":"instock","11":"shipping-taxable","12":"product-type-simple"},"jetpack_publicize_connections":[],"jetpack_likes_enabled":true,"jetpack_sharing_enabled":true,"jetpack-related-posts":[],"_links":{"self":[{"href":"https:\/\/commutronics.com.tw\/es\/wp-json\/wp\/v2\/product\/5836","targetHints":{"allow":["GET"]}}],"collection":[{"href":"https:\/\/commutronics.com.tw\/es\/wp-json\/wp\/v2\/product"}],"about":[{"href":"https:\/\/commutronics.com.tw\/es\/wp-json\/wp\/v2\/types\/product"}],"replies":[{"embeddable":true,"href":"https:\/\/commutronics.com.tw\/es\/wp-json\/wp\/v2\/comments?post=5836"}],"wp:featuredmedia":[{"embeddable":true,"href":"https:\/\/commutronics.com.tw\/es\/wp-json\/wp\/v2\/media\/5864"}],"wp:attachment":[{"href":"https:\/\/commutronics.com.tw\/es\/wp-json\/wp\/v2\/media?parent=5836"}],"wp:term":[{"taxonomy":"product_brand","embeddable":true,"href":"https:\/\/commutronics.com.tw\/es\/wp-json\/wp\/v2\/product_brand?post=5836"},{"taxonomy":"product_cat","embeddable":true,"href":"https:\/\/commutronics.com.tw\/es\/wp-json\/wp\/v2\/product_cat?post=5836"},{"taxonomy":"product_tag","embeddable":true,"href":"https:\/\/commutronics.com.tw\/es\/wp-json\/wp\/v2\/product_tag?post=5836"}],"curies":[{"name":"wp","href":"https:\/\/api.w.org\/{rel}","templated":true}]}}