{"id":7341,"date":"2025-09-21T15:22:50","date_gmt":"2025-09-21T07:22:50","guid":{"rendered":"https:\/\/commutronics.com.tw\/?page_id=7341"},"modified":"2025-09-21T15:26:11","modified_gmt":"2025-09-21T07:26:11","slug":"trbonet","status":"publish","type":"page","link":"https:\/\/commutronics.com.tw\/es\/products\/radiodispatcher\/trbonet\/","title":{"rendered":"TRBOnet"},"content":{"rendered":"<div class=\"wp-block-group alignfull has-global-padding is-content-justification-center is-layout-constrained wp-container-core-group-is-layout-5f1ab82a wp-block-group-is-layout-constrained\" style=\"margin-top:0;margin-bottom:0;padding-top:calc( 0.5 * var(u002du002dwpu002du002dstyleu002du002drootu002du002dpadding-right, var(u002du002dwpu002du002dcustomu002du002dgapu002du002dhorizontal)));padding-right:var(u002du002dwpu002du002dstyleu002du002drootu002du002dpadding-right, var(u002du002dwpu002du002dcustomu002du002dgapu002du002dhorizontal));padding-bottom:calc( 0.5 * var(u002du002dwpu002du002dstyleu002du002drootu002du002dpadding-right, var(u002du002dwpu002du002dcustomu002du002dgapu002du002dhorizontal)));padding-left:var(u002du002dwpu002du002dstyleu002du002drootu002du002dpadding-left, var(u002du002dwpu002du002dcustomu002du002dgapu002du002dhorizontal))\">\n<div style=\"height:calc( 0.25 * var(u002du002dwpu002du002dstyleu002du002drootu002du002dpadding-right, var(u002du002dwpu002du002dcustomu002du002dgapu002du002dhorizontal)))\" aria-hidden=\"true\" class=\"wp-block-spacer\"><\/div>\n\n\n\n<h2 class=\"wp-block-heading alignwide has-text-align-center has-xx-large-font-size\">Sistema de despacho por radio TRBOnet<\/h2>\n\n\n\n<div style=\"height:var(--wp--preset--spacing--40)\" aria-hidden=\"true\" class=\"wp-block-spacer\"><\/div>\n\n\n\n<p class=\"wp-block-paragraph\"><strong>TRBOnet<\/strong> Se trata de un conjunto de <strong>Walkie Talkies digitales de la serie MOTOTRBO\u2122 de Motorola<\/strong> Se trata de una plataforma de software profesional de programaci\u00f3n y gesti\u00f3n dise\u00f1ada para convertir los sistemas de radio tradicionales en sistemas de gesti\u00f3n centralizada de alta eficacia. Puede convertir el sistema de radio tradicional en un sistema de gesti\u00f3n centralizada de alta eficacia, que puede utilizarse ampliamente para <strong>Parques de seguridad p\u00fablica, transporte, energ\u00eda, fabricaci\u00f3n, aeroespacial y grandes empresas<\/strong> y otras industrias.<\/p>\n\n\n\n<p class=\"wp-block-paragraph\">Soporte TRBOnet <strong>Single Site, IP Site Connect, Multi-Site Capacity Plus y Connect Plus<\/strong> La estructura puede ampliarse con flexibilidad en funci\u00f3n del tama\u00f1o y las necesidades de la organizaci\u00f3n.<\/p>\n\n\n\n<figure class=\"wp-block-image alignwide size-large\"><img data-recalc-dims=\"1\" fetchpriority=\"high\" decoding=\"async\" width=\"1024\" height=\"332\" data-attachment-id=\"973\" data-permalink=\"https:\/\/commutronics.com.tw\/es\/products\/radiodispatcher\/smartptt\/image-56\/\" data-orig-file=\"https:\/\/i0.wp.com\/commutronics.com.tw\/wp-content\/uploads\/2024\/06\/image.png?fit=1574%2C511&amp;ssl=1\" data-orig-size=\"1574,511\" data-comments-opened=\"1\" data-image-meta=\"{&quot;aperture&quot;:&quot;0&quot;,&quot;credit&quot;:&quot;&quot;,&quot;camera&quot;:&quot;&quot;,&quot;caption&quot;:&quot;&quot;,&quot;created_timestamp&quot;:&quot;0&quot;,&quot;copyright&quot;:&quot;&quot;,&quot;focal_length&quot;:&quot;0&quot;,&quot;iso&quot;:&quot;0&quot;,&quot;shutter_speed&quot;:&quot;0&quot;,&quot;title&quot;:&quot;&quot;,&quot;orientation&quot;:&quot;0&quot;}\" data-image-title=\"image\" data-image-description=\"\" data-image-caption=\"\" data-large-file=\"https:\/\/i0.wp.com\/commutronics.com.tw\/wp-content\/uploads\/2024\/06\/image.png?fit=1024%2C332&amp;ssl=1\" src=\"https:\/\/i0.wp.com\/commutronics.com.tw\/wp-content\/uploads\/2024\/06\/image.png?resize=1024%2C332&#038;ssl=1\" alt=\"\" class=\"wp-image-973\" srcset=\"https:\/\/i0.wp.com\/commutronics.com.tw\/wp-content\/uploads\/2024\/06\/image.png?resize=1024%2C332&amp;ssl=1 1024w, https:\/\/i0.wp.com\/commutronics.com.tw\/wp-content\/uploads\/2024\/06\/image.png?resize=300%2C97&amp;ssl=1 300w, https:\/\/i0.wp.com\/commutronics.com.tw\/wp-content\/uploads\/2024\/06\/image.png?resize=768%2C249&amp;ssl=1 768w, https:\/\/i0.wp.com\/commutronics.com.tw\/wp-content\/uploads\/2024\/06\/image.png?resize=1536%2C499&amp;ssl=1 1536w, https:\/\/i0.wp.com\/commutronics.com.tw\/wp-content\/uploads\/2024\/06\/image.png?resize=18%2C6&amp;ssl=1 18w, https:\/\/i0.wp.com\/commutronics.com.tw\/wp-content\/uploads\/2024\/06\/image.png?resize=1200%2C390&amp;ssl=1 1200w, https:\/\/i0.wp.com\/commutronics.com.tw\/wp-content\/uploads\/2024\/06\/image.png?resize=600%2C195&amp;ssl=1 600w, https:\/\/i0.wp.com\/commutronics.com.tw\/wp-content\/uploads\/2024\/06\/image.png?w=1574&amp;ssl=1 1574w\" sizes=\"(max-width: 1000px) 100vw, 1000px\" \/><\/figure>\n<\/div>\n\n\n\n<div class=\"wp-block-group alignfull has-global-padding is-content-justification-center is-layout-constrained wp-container-core-group-is-layout-30dfff16 wp-block-group-is-layout-constrained\" style=\"margin-top:0;margin-bottom:0;padding-top:calc( 0.5 * var(u002du002dwpu002du002dstyleu002du002drootu002du002dpadding-right, var(u002du002dwpu002du002dcustomu002du002dgapu002du002dhorizontal)));padding-right:var(u002du002dwpu002du002dstyleu002du002drootu002du002dpadding-right, var(u002du002dwpu002du002dcustomu002du002dgapu002du002dhorizontal));padding-bottom:calc( 0.5 * var(u002du002dwpu002du002dstyleu002du002drootu002du002dpadding-right, var(u002du002dwpu002du002dcustomu002du002dgapu002du002dhorizontal)));padding-left:var(u002du002dwpu002du002dstyleu002du002drootu002du002dpadding-left, var(u002du002dwpu002du002dcustomu002du002dgapu002du002dhorizontal))\">\n<div style=\"height:calc( 0.25 * var(u002du002dwpu002du002dstyleu002du002drootu002du002dpadding-right, var(u002du002dwpu002du002dcustomu002du002dgapu002du002dhorizontal)))\" aria-hidden=\"true\" class=\"wp-block-spacer\"><\/div>\n\n\n\n<div class=\"wp-block-group alignwide has-global-padding is-layout-constrained wp-container-core-group-is-layout-a59cb4d4 wp-block-group-is-layout-constrained\">\n<div class=\"wp-block-columns alignwide is-layout-flex wp-container-core-columns-is-layout-3b811c60 wp-block-columns-is-layout-flex\">\n<div class=\"wp-block-column is-layout-flow wp-block-column-is-layout-flow\" style=\"flex-basis:40%\">\n<h2 class=\"wp-block-heading has-large-font-size\">Programaci\u00f3n y comunicaci\u00f3n en tiempo real<\/h2>\n<\/div>\n\n\n\n<div class=\"wp-block-column is-layout-flow wp-block-column-is-layout-flow\">\n<ul class=\"wp-block-list\">\n<li>Admite llamada privada, llamada de grupo y llamada a todos.<\/li>\n<\/ul>\n\n\n\n<ul class=\"wp-block-list\">\n<li>Compruebe al instante el estado de comunicaci\u00f3n de todos los usuarios en la consola.<\/li>\n<\/ul>\n\n\n\n<ul class=\"wp-block-list\">\n<li>Admite mensajes de texto y respuestas predeterminadas a mensajes.<\/li>\n<\/ul>\n<\/div>\n<\/div>\n\n\n\n<hr class=\"wp-block-separator alignwide has-text-color has-alpha-channel-opacity has-background is-style-wide\" style=\"background-color:#4747471a;color:#4747471a\"\/>\n\n\n\n<div class=\"wp-block-columns alignwide is-layout-flex wp-container-core-columns-is-layout-3b811c60 wp-block-columns-is-layout-flex\">\n<div class=\"wp-block-column is-layout-flow wp-block-column-is-layout-flow\" style=\"flex-basis:40%\">\n<h2 class=\"wp-block-heading has-large-font-size\">Flujo de trabajo y env\u00edo de tareas<\/h2>\n<\/div>\n\n\n\n<div class=\"wp-block-column is-layout-flow wp-block-column-is-layout-flow\">\n<ul class=\"wp-block-list\">\n<li>Se pueden asignar \u00f3rdenes de trabajo, tareas o eventos a usuarios individuales de interfon\u00eda.<\/li>\n<\/ul>\n\n\n\n<ul class=\"wp-block-list\">\n<li>Devoluci\u00f3n del estado de finalizaci\u00f3n de las tareas y estad\u00edsticas de los informes.<\/li>\n<\/ul>\n\n\n\n<ul class=\"wp-block-list\">\n<li>Integraci\u00f3n con sistemas de gesti\u00f3n de terceros (por ejemplo, ERP, sistemas de control de seguridad).<\/li>\n<\/ul>\n<\/div>\n<\/div>\n\n\n\n<hr class=\"wp-block-separator alignwide has-text-color has-alpha-channel-opacity has-background is-style-wide\" style=\"background-color:#4747471a;color:#4747471a\"\/>\n\n\n\n<div class=\"wp-block-columns alignwide is-layout-flex wp-container-core-columns-is-layout-3b811c60 wp-block-columns-is-layout-flex\">\n<div class=\"wp-block-column is-layout-flow wp-block-column-is-layout-flow\" style=\"flex-basis:40%\">\n<h2 class=\"wp-block-heading has-large-font-size\"> Localizaci\u00f3n y seguimiento por GPS<\/h2>\n<\/div>\n\n\n\n<div class=\"wp-block-column is-layout-flow wp-block-column-is-layout-flow\">\n<ul class=\"wp-block-list\">\n<li>La posici\u00f3n del intercomunicador se muestra en el mapa en tiempo real.<\/li>\n<\/ul>\n\n\n\n<ul class=\"wp-block-list\">\n<li>Admite la reproducci\u00f3n de pistas hist\u00f3ricas y alertas geogr\u00e1ficas.<\/li>\n<\/ul>\n\n\n\n<ul class=\"wp-block-list\">\n<li>Ideal para la gesti\u00f3n de flotas, la supervisi\u00f3n del transporte y el seguimiento de la seguridad del personal.<\/li>\n<\/ul>\n<\/div>\n<\/div>\n\n\n\n<hr class=\"wp-block-separator alignwide has-text-color has-alpha-channel-opacity has-background is-style-wide\" style=\"background-color:#4747471a;color:#4747471a\"\/>\n\n\n\n<div class=\"wp-block-columns alignwide is-layout-flex wp-container-core-columns-is-layout-3b811c60 wp-block-columns-is-layout-flex\">\n<div class=\"wp-block-column is-layout-flow wp-block-column-is-layout-flow\" style=\"flex-basis:40%\">\n<h2 class=\"wp-block-heading has-large-font-size\">Funciones de seguridad y emergencia<\/h2>\n<\/div>\n\n\n\n<div class=\"wp-block-column is-layout-flow wp-block-column-is-layout-flow\">\n<ul class=\"wp-block-list\">\n<li>Admite \"Alarma de emergencia de un toque\".<\/li>\n<\/ul>\n\n\n\n<ul class=\"wp-block-list\">\n<li>Lone Worker y Man Down.<\/li>\n<\/ul>\n\n\n\n<ul class=\"wp-block-list\">\n<li>Notifica autom\u00e1ticamente al centro de control y a las unidades pertinentes para acortar el tiempo de respuesta ante incidentes.<\/li>\n<\/ul>\n<\/div>\n<\/div>\n\n\n\n<hr class=\"wp-block-separator alignwide has-text-color has-alpha-channel-opacity has-background is-style-wide\" style=\"background-color:#4747471a;color:#4747471a\"\/>\n\n\n\n<div class=\"wp-block-columns alignwide is-layout-flex wp-container-core-columns-is-layout-3b811c60 wp-block-columns-is-layout-flex\">\n<div class=\"wp-block-column is-layout-flow wp-block-column-is-layout-flow\" style=\"flex-basis:40%\">\n<h2 class=\"wp-block-heading has-large-font-size\">Capacidad de integraci\u00f3n flexible<\/h2>\n<\/div>\n\n\n\n<div class=\"wp-block-column is-layout-flow wp-block-column-is-layout-flow\">\n<ul class=\"wp-block-list\">\n<li>Apoyo y <strong>Tel\u00e9fono (VoIP \/ SIP)<\/strong> Integraci\u00f3n e interoperabilidad de radios y tel\u00e9fonos.<\/li>\n<\/ul>\n\n\n\n<ul class=\"wp-block-list\">\n<li>API y SDK abiertos para facilitar la integraci\u00f3n con sistemas de seguridad, incendios y vigilancia.<\/li>\n<\/ul>\n\n\n\n<ul class=\"wp-block-list\">\n<li>Puede conectarse con el control de accesos, la alarma antiincendios y el circuito cerrado de televisi\u00f3n para mejorar la seguridad general.<\/li>\n<\/ul>\n<\/div>\n<\/div>\n\n\n\n<hr class=\"wp-block-separator alignwide has-text-color has-alpha-channel-opacity has-background is-style-wide\" style=\"background-color:#4747471a;color:#4747471a\"\/>\n\n\n\n<div class=\"wp-block-columns alignwide is-layout-flex wp-container-core-columns-is-layout-3b811c60 wp-block-columns-is-layout-flex\">\n<div class=\"wp-block-column is-layout-flow wp-block-column-is-layout-flow\" style=\"flex-basis:40%\">\n<h2 class=\"wp-block-heading has-large-font-size\">Control y registro del sistema<\/h2>\n<\/div>\n\n\n\n<div class=\"wp-block-column is-layout-flow wp-block-column-is-layout-flow\">\n<ul class=\"wp-block-list\">\n<li>Grabaci\u00f3n y reproducci\u00f3n de llamadas (Grabaci\u00f3n de voz).<\/li>\n<\/ul>\n\n\n\n<ul class=\"wp-block-list\">\n<li>Registro de eventos del sistema (registro de llamadas y registro de eventos).<\/li>\n<\/ul>\n\n\n\n<ul class=\"wp-block-list\">\n<li>Puede utilizarse para necesidades posteriores a la auditor\u00eda y de conformidad.<\/li>\n<\/ul>\n<\/div>\n<\/div>\n\n\n\n<hr class=\"wp-block-separator alignwide has-text-color has-alpha-channel-opacity has-background is-style-wide\" style=\"background-color:#4747471a;color:#4747471a\"\/>\n<\/div>\n\n\n\n<div class=\"wp-block-file alignright\"><a href=\"https:\/\/commutronics.com.tw\/wp-content\/uploads\/2025\/09\/trbonet_plus_brochure.pdf\" class=\"wp-block-file__button wp-element-button\" download>Descargar<\/a><\/div>\n\n\n\n<div style=\"height:calc( 0.25 * var(u002du002dwpu002du002dstyleu002du002drootu002du002dpadding-right, var(u002du002dwpu002du002dcustomu002du002dgapu002du002dhorizontal)))\" aria-hidden=\"true\" class=\"wp-block-spacer\"><\/div>\n<\/div>","protected":false},"excerpt":{"rendered":"<p>TRBOnet \u7121\u7dda\u96fb\u6d3e\u9063\u7cfb\u7d71 TRBOnet \u662f\u4e00\u5957\u5c08\u70ba Motorola MOTOTRBO\u2122 \u7cfb\u5217\u6578\u4f4d\u5c0d\u8b1b [&hellip;]<\/p>\n","protected":false},"author":251107229,"featured_media":0,"parent":7302,"menu_order":0,"comment_status":"closed","ping_status":"closed","template":"","meta":{"_crdt_document":"","footnotes":""},"class_list":["post-7341","page","type-page","status-publish","hentry"],"jetpack_likes_enabled":true,"jetpack_sharing_enabled":true,"jetpack_shortlink":"https:\/\/wp.me\/PfNdxH-1Up","jetpack-related-posts":[{"id":7182,"url":"https:\/\/commutronics.com.tw\/es\/support\/xcmp-xnl-protocol\/","url_meta":{"origin":7341,"position":0},"title":"Protocolo XCMP \/ XNL","author":"Alex Tseng","date":"septiembre 6, 2025","format":false,"excerpt":"XCMP\/XNL \u5354\u5b9a 1. XCMP (Extended Control and Manageme\u2026","rel":"","context":"Entrada similar","block_context":{"text":"Entrada similar","link":""},"img":{"alt_text":"","src":"https:\/\/i0.wp.com\/commutronics.com.tw\/wp-content\/uploads\/2025\/09\/Screenshot-2025-09-06-at-4.41.29-PM.png?resize=350%2C200&ssl=1","width":350,"height":200,"srcset":"https:\/\/i0.wp.com\/commutronics.com.tw\/wp-content\/uploads\/2025\/09\/Screenshot-2025-09-06-at-4.41.29-PM.png?resize=350%2C200&ssl=1 1x, https:\/\/i0.wp.com\/commutronics.com.tw\/wp-content\/uploads\/2025\/09\/Screenshot-2025-09-06-at-4.41.29-PM.png?resize=525%2C300&ssl=1 1.5x, https:\/\/i0.wp.com\/commutronics.com.tw\/wp-content\/uploads\/2025\/09\/Screenshot-2025-09-06-at-4.41.29-PM.png?resize=700%2C400&ssl=1 2x"},"classes":[]},{"id":6400,"url":"https:\/\/commutronics.com.tw\/es\/solutions\/ip_site_connect\/","url_meta":{"origin":7341,"position":1},"title":"Conexi\u00f3n de sitios IP","author":"Alex Tseng","date":"marzo 9, 2025","format":false,"excerpt":"IP Site Connect IP Site Connect (IPSC) \u662f Motorola \u2026","rel":"","context":"Entrada similar","block_context":{"text":"Entrada similar","link":""},"img":{"alt_text":"","src":"","width":0,"height":0},"classes":[]},{"id":7220,"url":"https:\/\/commutronics.com.tw\/es\/energy\/","url_meta":{"origin":7341,"position":2},"title":"Energ\u00eda\/comunicaciones offshore","author":"Alex Tseng","date":"noviembre 8, 2025","format":false,"excerpt":"\u95dc\u9375\u512a\u52e2 \u6211\u5011\u80fd\u5920\u7d50\u5408\u570b\u969b\u7d93\u9a57\u8207\u5728\u5730\u652f\u63f4\u7684\u6574\u5408\u5925\u4f34\u4e26\u6df1\u8015\u53f0\u7063\u8207\u4e9e\u592a\u5e02\u5834\u591a\u5e74\uff0c\u719f\u6089 Google\u3001Mi\u2026","rel":"","context":"Entrada similar","block_context":{"text":"Entrada similar","link":""},"img":{"alt_text":"","src":"https:\/\/i0.wp.com\/commutronics.com.tw\/wp-content\/uploads\/2025\/11\/Avigilon_H4-IR-PTZ-Camera_Side_Pendant-Wall-Arm_Wiper-1280x1280-1.jpeg?resize=350%2C200&ssl=1","width":350,"height":200,"srcset":"https:\/\/i0.wp.com\/commutronics.com.tw\/wp-content\/uploads\/2025\/11\/Avigilon_H4-IR-PTZ-Camera_Side_Pendant-Wall-Arm_Wiper-1280x1280-1.jpeg?resize=350%2C200&ssl=1 1x, https:\/\/i0.wp.com\/commutronics.com.tw\/wp-content\/uploads\/2025\/11\/Avigilon_H4-IR-PTZ-Camera_Side_Pendant-Wall-Arm_Wiper-1280x1280-1.jpeg?resize=525%2C300&ssl=1 1.5x, https:\/\/i0.wp.com\/commutronics.com.tw\/wp-content\/uploads\/2025\/11\/Avigilon_H4-IR-PTZ-Camera_Side_Pendant-Wall-Arm_Wiper-1280x1280-1.jpeg?resize=700%2C400&ssl=1 2x"},"classes":[]},{"id":7302,"url":"https:\/\/commutronics.com.tw\/es\/products\/radiodispatcher\/","url_meta":{"origin":7341,"position":3},"title":"Sistema de despacho","author":"Alex Tseng","date":"septiembre 21, 2025","format":false,"excerpt":"\u7121\u7dda\u96fb\u6d3e\u9063\u7cfb\u7d71 \u7121\u7dda\u96fb\u6d3e\u9063\u7cfb\u7d71\uff08Radio Dispatch System\uff09\u662f\u4e00\u7a2e\u900f\u904e\u5c08\u7528\u63a7\u5236\u53f0\u8207\u7121\u2026","rel":"","context":"Entrada similar","block_context":{"text":"Entrada similar","link":""},"img":{"alt_text":"","src":"https:\/\/i0.wp.com\/commutronics.com.tw\/wp-content\/uploads\/2024\/05\/image-53.png?resize=350%2C200&ssl=1","width":350,"height":200,"srcset":"https:\/\/i0.wp.com\/commutronics.com.tw\/wp-content\/uploads\/2024\/05\/image-53.png?resize=350%2C200&ssl=1 1x, https:\/\/i0.wp.com\/commutronics.com.tw\/wp-content\/uploads\/2024\/05\/image-53.png?resize=525%2C300&ssl=1 1.5x, https:\/\/i0.wp.com\/commutronics.com.tw\/wp-content\/uploads\/2024\/05\/image-53.png?resize=700%2C400&ssl=1 2x, https:\/\/i0.wp.com\/commutronics.com.tw\/wp-content\/uploads\/2024\/05\/image-53.png?resize=1050%2C600&ssl=1 3x, https:\/\/i0.wp.com\/commutronics.com.tw\/wp-content\/uploads\/2024\/05\/image-53.png?resize=1400%2C800&ssl=1 4x"},"classes":[]},{"id":6905,"url":"https:\/\/commutronics.com.tw\/es\/walkie-talkie\/","url_meta":{"origin":7341,"position":4},"title":"radio","author":"Alex Tseng","date":"mayo 18, 2025","format":false,"excerpt":"\u4e00\u3001\u4ec0\u9ebc\u662f\u7121\u7dda\u96fb\uff1f \u7121\u7dda\u96fb\uff08Radio\uff09\u662f\u4e00\u7a2e\u5229\u7528\u7121\u7dda\u96fb\u6ce2\u9032\u884c\u8a9e\u97f3\u6216\u6578\u64da\u50b3\u8f38\u7684\u901a\u8a0a\u5de5\u5177\u3002\u900f\u904e\u7121\u9700\u6709\u7dda\u2026","rel":"","context":"Entrada similar","block_context":{"text":"Entrada similar","link":""},"img":{"alt_text":"","src":"","width":0,"height":0},"classes":[]}],"_links":{"self":[{"href":"https:\/\/commutronics.com.tw\/es\/wp-json\/wp\/v2\/pages\/7341","targetHints":{"allow":["GET"]}}],"collection":[{"href":"https:\/\/commutronics.com.tw\/es\/wp-json\/wp\/v2\/pages"}],"about":[{"href":"https:\/\/commutronics.com.tw\/es\/wp-json\/wp\/v2\/types\/page"}],"author":[{"embeddable":true,"href":"https:\/\/commutronics.com.tw\/es\/wp-json\/wp\/v2\/users\/251107229"}],"replies":[{"embeddable":true,"href":"https:\/\/commutronics.com.tw\/es\/wp-json\/wp\/v2\/comments?post=7341"}],"version-history":[{"count":11,"href":"https:\/\/commutronics.com.tw\/es\/wp-json\/wp\/v2\/pages\/7341\/revisions"}],"predecessor-version":[{"id":7353,"href":"https:\/\/commutronics.com.tw\/es\/wp-json\/wp\/v2\/pages\/7341\/revisions\/7353"}],"up":[{"embeddable":true,"href":"https:\/\/commutronics.com.tw\/es\/wp-json\/wp\/v2\/pages\/7302"}],"wp:attachment":[{"href":"https:\/\/commutronics.com.tw\/es\/wp-json\/wp\/v2\/media?parent=7341"}],"curies":[{"name":"wp","href":"https:\/\/api.w.org\/{rel}","templated":true}]}}