{"id":7182,"date":"2025-09-06T16:13:01","date_gmt":"2025-09-06T08:13:01","guid":{"rendered":"https:\/\/commutronics.com.tw\/?page_id=7182"},"modified":"2025-12-28T16:02:30","modified_gmt":"2025-12-28T08:02:30","slug":"protocolo-xcmp-xnl","status":"publish","type":"page","link":"https:\/\/commutronics.com.tw\/es\/soporte\/protocolo-xcmp-xnl\/","title":{"rendered":"Protocolo XCMP \/ XNL"},"content":{"rendered":"<div class=\"wp-block-columns alignfull is-style-default has-theme-2-background-color has-background is-layout-flex wp-container-core-columns-is-layout-3b811c60 wp-block-columns-is-layout-flex\">\n<div class=\"wp-block-column is-layout-flow wp-block-column-is-layout-flow\">\n<div class=\"wp-block-group alignfull is-style-section-1 has-theme-2-background-color has-background has-global-padding is-content-justification-center is-layout-constrained wp-container-core-group-is-layout-7b982284 wp-block-group-is-layout-constrained is-style-section-1--1\" style=\"margin-top:0;margin-bottom:0;padding-top:var(--wp--preset--spacing--50);padding-bottom:var(--wp--preset--spacing--50)\">\n<h1 class=\"wp-block-heading\">Protocolo XCMP\/XNL<\/h1>\n\n\n\n<div class=\"wp-block-columns alignwide is-layout-flex wp-container-core-columns-is-layout-1f117199 wp-block-columns-is-layout-flex\">\n<div class=\"wp-block-column is-vertically-aligned-center has-global-padding is-content-justification-left is-layout-constrained wp-container-core-column-is-layout-5f497e5f wp-block-column-is-layout-constrained\" style=\"flex-basis:50%\">\n<h3 class=\"wp-block-heading alignwide\">1. <strong>XCMP <\/strong><br><strong>(Protocolo ampliado de control y gesti\u00f3n)<\/strong><\/h3>\n\n\n\n<div class=\"wp-block-group is-vertical is-nowrap is-layout-flex wp-container-core-group-is-layout-5fd9b098 wp-block-group-is-layout-flex\">\n<ul class=\"wp-block-list\">\n<li><strong>utilice<\/strong>: Principalmente <strong>Repetidor\/Estaci\u00f3n base<\/strong> y <strong>Accesorio\/Terminal (Accesorio, Unidad de Radio)<\/strong> El acuerdo de control entre la Empresa y la Sociedad tiene por objeto otorgar a la Empresa el derecho de control sobre la Sociedad.<\/li>\n\n\n\n<li><strong>funcionalidad<\/strong>::\n<ul class=\"wp-block-list\">\n<li>oferta <strong>Instrucciones y respuestas<\/strong> La estructura del sistema permite que el intercomunicador o los accesorios controlen y comprueben el estado de cada uno.<\/li>\n\n\n\n<li>utilizado para <strong>Interacci\u00f3n entre accesorios y radios<\/strong>Por ejemplo:\n<ul class=\"wp-block-list\">\n<li>Ajuste de volumen, canal<\/li>\n\n\n\n<li>Informar del estado de la bater\u00eda<\/li>\n\n\n\n<li>Eventos clave (PTT, bot\u00f3n de emergencia, etc.)<\/li>\n\n\n\n<li>Control de la ruta de audio (micr\u00f3fono, auriculares, dispositivo Bluetooth)<\/li>\n<\/ul>\n<\/li>\n<\/ul>\n<\/li>\n\n\n\n<li><strong>Caracter\u00edsticas<\/strong>::\n<ul class=\"wp-block-list\">\n<li>XCMP S\u00ed <strong>Protocolo de control subyacente<\/strong>No es un portador directo de la palabra.<\/li>\n\n\n\n<li>Normalmente se utiliza en <strong>CPS \/ RDAC \/ SDK de accesorios<\/strong>\/<strong>MotoDispatcher<\/strong> o cuando una aplicaci\u00f3n externa desea controlar el intercomunicador.<\/li>\n<\/ul>\n<\/li>\n<\/ul>\n<\/div>\n<\/div>\n\n\n\n<div class=\"wp-block-column is-layout-flow wp-block-column-is-layout-flow\" style=\"flex-basis:50%\">\n<figure class=\"wp-block-image size-full is-style-default\"><img data-recalc-dims=\"1\" fetchpriority=\"high\" decoding=\"async\" width=\"1388\" height=\"1376\" data-attachment-id=\"7200\" data-permalink=\"https:\/\/commutronics.com.tw\/es\/soporte\/protocolo-xcmp-xnl\/screenshot-2025-09-06-at-4-38-29-pm\/\" data-orig-file=\"https:\/\/i0.wp.com\/commutronics.com.tw\/wp-content\/uploads\/2025\/09\/Screenshot-2025-09-06-at-4.38.29-PM.png?fit=1388%2C1376&amp;ssl=1\" data-orig-size=\"1388,1376\" data-comments-opened=\"1\" data-image-meta=\"{&quot;aperture&quot;:&quot;0&quot;,&quot;credit&quot;:&quot;&quot;,&quot;camera&quot;:&quot;&quot;,&quot;caption&quot;:&quot;&quot;,&quot;created_timestamp&quot;:&quot;0&quot;,&quot;copyright&quot;:&quot;&quot;,&quot;focal_length&quot;:&quot;0&quot;,&quot;iso&quot;:&quot;0&quot;,&quot;shutter_speed&quot;:&quot;0&quot;,&quot;title&quot;:&quot;&quot;,&quot;orientation&quot;:&quot;0&quot;}\" data-image-title=\"Screenshot 2025-09-06 at 4.38.29 PM\" data-image-description=\"\" data-image-caption=\"\" data-medium-file=\"https:\/\/i0.wp.com\/commutronics.com.tw\/wp-content\/uploads\/2025\/09\/Screenshot-2025-09-06-at-4.38.29-PM.png?fit=300%2C297&amp;ssl=1\" data-large-file=\"https:\/\/i0.wp.com\/commutronics.com.tw\/wp-content\/uploads\/2025\/09\/Screenshot-2025-09-06-at-4.38.29-PM.png?fit=1024%2C1015&amp;ssl=1\" src=\"https:\/\/i0.wp.com\/commutronics.com.tw\/wp-content\/uploads\/2025\/09\/Screenshot-2025-09-06-at-4.38.29-PM.png?resize=1388%2C1376&#038;ssl=1\" alt=\"\" class=\"wp-image-7200\" style=\"aspect-ratio:3\/4;object-fit:cover\" srcset=\"https:\/\/i0.wp.com\/commutronics.com.tw\/wp-content\/uploads\/2025\/09\/Screenshot-2025-09-06-at-4.38.29-PM.png?w=1388&amp;ssl=1 1388w, https:\/\/i0.wp.com\/commutronics.com.tw\/wp-content\/uploads\/2025\/09\/Screenshot-2025-09-06-at-4.38.29-PM.png?resize=300%2C297&amp;ssl=1 300w, https:\/\/i0.wp.com\/commutronics.com.tw\/wp-content\/uploads\/2025\/09\/Screenshot-2025-09-06-at-4.38.29-PM.png?resize=1024%2C1015&amp;ssl=1 1024w, https:\/\/i0.wp.com\/commutronics.com.tw\/wp-content\/uploads\/2025\/09\/Screenshot-2025-09-06-at-4.38.29-PM.png?resize=150%2C150&amp;ssl=1 150w, https:\/\/i0.wp.com\/commutronics.com.tw\/wp-content\/uploads\/2025\/09\/Screenshot-2025-09-06-at-4.38.29-PM.png?resize=768%2C761&amp;ssl=1 768w, https:\/\/i0.wp.com\/commutronics.com.tw\/wp-content\/uploads\/2025\/09\/Screenshot-2025-09-06-at-4.38.29-PM.png?resize=12%2C12&amp;ssl=1 12w, https:\/\/i0.wp.com\/commutronics.com.tw\/wp-content\/uploads\/2025\/09\/Screenshot-2025-09-06-at-4.38.29-PM.png?resize=1200%2C1190&amp;ssl=1 1200w, https:\/\/i0.wp.com\/commutronics.com.tw\/wp-content\/uploads\/2025\/09\/Screenshot-2025-09-06-at-4.38.29-PM.png?resize=600%2C595&amp;ssl=1 600w, https:\/\/i0.wp.com\/commutronics.com.tw\/wp-content\/uploads\/2025\/09\/Screenshot-2025-09-06-at-4.38.29-PM.png?resize=100%2C100&amp;ssl=1 100w\" sizes=\"(max-width: 1000px) 100vw, 1000px\" \/><\/figure>\n<\/div>\n<\/div>\n<\/div>\n\n\n\n<div class=\"wp-block-group alignfull is-style-default has-theme-2-background-color has-background has-global-padding is-content-justification-center is-layout-constrained wp-container-core-group-is-layout-7b982284 wp-block-group-is-layout-constrained\" style=\"margin-top:0;margin-bottom:0;padding-top:var(--wp--preset--spacing--50);padding-bottom:var(--wp--preset--spacing--50)\">\n<div class=\"wp-block-columns alignwide is-layout-flex wp-container-core-columns-is-layout-1f117199 wp-block-columns-is-layout-flex\">\n<div class=\"wp-block-column is-vertically-aligned-center has-global-padding is-content-justification-left is-layout-constrained wp-container-core-column-is-layout-5f497e5f wp-block-column-is-layout-constrained\" style=\"flex-basis:50%\">\n<h3 class=\"wp-block-heading alignwide\">2. <strong>XNL (capa de red ampliada)<\/strong><\/h3>\n\n\n\n<ul class=\"wp-block-list\">\n<li><strong>utilice<\/strong>: en <strong>Red IP MOTOTRBO (Repetidor \u2194 Consola\/Aplicaciones)<\/strong> de alto nivel <strong>Acuerdo de embalaje l\u00f3gico<\/strong>.<\/li>\n\n\n\n<li><strong>funcionalidad<\/strong>::\n<ul class=\"wp-block-list\">\n<li>direcci\u00f3n <strong>Sesi\u00f3n para la comunicaci\u00f3n entre la capa de aplicaci\u00f3n y la capa subyacente.<\/strong>.<\/li>\n\n\n\n<li>Proporcionar un <strong>Canal\/T\u00fanel<\/strong>Para cargas <strong>XCMP<\/strong> u otros acuerdos espec\u00edficos de Motorola.<\/li>\n\n\n\n<li>Manejo de <strong>Registro, Keep-Alive, enrutamiento de mensajes<\/strong><\/li>\n<\/ul>\n<\/li>\n\n\n\n<li><strong>Caracter\u00edsticas<\/strong>::\n<ul class=\"wp-block-list\">\n<li>MotoDispathcer, SmartPTT, TRBOnet y el software de control de Motorola se utilizar\u00e1n a trav\u00e9s del <strong>XNL Construya primero la l\u00f3gica subyacente.<\/strong>A continuaci\u00f3n, coloque el <strong>XCMP, empaqu\u00e9talo.<\/strong>El repetidor\/radio puede ser controlado y supervisado por el repetidor\/radio.<\/li>\n<\/ul>\n<\/li>\n<\/ul>\n<\/div>\n\n\n\n<div class=\"wp-block-column is-layout-flow wp-block-column-is-layout-flow\" style=\"flex-basis:50%\">\n<figure class=\"wp-block-image size-full is-style-default\"><img data-recalc-dims=\"1\" decoding=\"async\" width=\"1048\" height=\"1136\" data-attachment-id=\"7205\" data-permalink=\"https:\/\/commutronics.com.tw\/es\/soporte\/protocolo-xcmp-xnl\/screenshot-2025-09-06-at-4-41-29-pm\/\" data-orig-file=\"https:\/\/i0.wp.com\/commutronics.com.tw\/wp-content\/uploads\/2025\/09\/Screenshot-2025-09-06-at-4.41.29-PM.png?fit=1048%2C1136&amp;ssl=1\" data-orig-size=\"1048,1136\" data-comments-opened=\"1\" data-image-meta=\"{&quot;aperture&quot;:&quot;0&quot;,&quot;credit&quot;:&quot;&quot;,&quot;camera&quot;:&quot;&quot;,&quot;caption&quot;:&quot;&quot;,&quot;created_timestamp&quot;:&quot;0&quot;,&quot;copyright&quot;:&quot;&quot;,&quot;focal_length&quot;:&quot;0&quot;,&quot;iso&quot;:&quot;0&quot;,&quot;shutter_speed&quot;:&quot;0&quot;,&quot;title&quot;:&quot;&quot;,&quot;orientation&quot;:&quot;0&quot;}\" data-image-title=\"Screenshot 2025-09-06 at 4.41.29 PM\" data-image-description=\"\" data-image-caption=\"\" data-medium-file=\"https:\/\/i0.wp.com\/commutronics.com.tw\/wp-content\/uploads\/2025\/09\/Screenshot-2025-09-06-at-4.41.29-PM.png?fit=277%2C300&amp;ssl=1\" data-large-file=\"https:\/\/i0.wp.com\/commutronics.com.tw\/wp-content\/uploads\/2025\/09\/Screenshot-2025-09-06-at-4.41.29-PM.png?fit=945%2C1024&amp;ssl=1\" src=\"https:\/\/i0.wp.com\/commutronics.com.tw\/wp-content\/uploads\/2025\/09\/Screenshot-2025-09-06-at-4.41.29-PM.png?resize=1048%2C1136&#038;ssl=1\" alt=\"\" class=\"wp-image-7205\" style=\"aspect-ratio:3\/4;object-fit:cover\" srcset=\"https:\/\/i0.wp.com\/commutronics.com.tw\/wp-content\/uploads\/2025\/09\/Screenshot-2025-09-06-at-4.41.29-PM.png?w=1048&amp;ssl=1 1048w, https:\/\/i0.wp.com\/commutronics.com.tw\/wp-content\/uploads\/2025\/09\/Screenshot-2025-09-06-at-4.41.29-PM.png?resize=277%2C300&amp;ssl=1 277w, https:\/\/i0.wp.com\/commutronics.com.tw\/wp-content\/uploads\/2025\/09\/Screenshot-2025-09-06-at-4.41.29-PM.png?resize=945%2C1024&amp;ssl=1 945w, https:\/\/i0.wp.com\/commutronics.com.tw\/wp-content\/uploads\/2025\/09\/Screenshot-2025-09-06-at-4.41.29-PM.png?resize=768%2C832&amp;ssl=1 768w, https:\/\/i0.wp.com\/commutronics.com.tw\/wp-content\/uploads\/2025\/09\/Screenshot-2025-09-06-at-4.41.29-PM.png?resize=11%2C12&amp;ssl=1 11w, https:\/\/i0.wp.com\/commutronics.com.tw\/wp-content\/uploads\/2025\/09\/Screenshot-2025-09-06-at-4.41.29-PM.png?resize=600%2C650&amp;ssl=1 600w\" sizes=\"(max-width: 1000px) 100vw, 1000px\" \/><\/figure>\n<\/div>\n<\/div>\n<\/div>\n\n\n\n<div class=\"wp-block-columns is-layout-flex wp-container-core-columns-is-layout-3b811c60 wp-block-columns-is-layout-flex\">\n<div class=\"wp-block-column is-vertically-aligned-center is-layout-flow wp-block-column-is-layout-flow\">\n<ul class=\"wp-block-list\">\n<li><strong>Aplicaci\u00f3n (SmartPTT \/ TRBOnet \/ RDAC)<\/strong><br>\u2193 (establecer sesi\u00f3n)<\/li>\n\n\n\n<li><strong>XNL (protocolo de transmisi\u00f3n: establecer conexi\u00f3n, heartbeat, encapsular mensajes)<\/strong><br>\u2193 (comando paquete)<\/li>\n\n\n\n<li><strong>XCMP (Protocolo de control: canal, volumen, estado, control de accesorios)<\/strong><br>\u2193 (Ejecutar comando)<\/li>\n\n\n\n<li><strong>Repetidor \/ Radio (equipos MOTOTRBO: serie SLR, XiR MotoTrbo)<\/strong><\/li>\n<\/ul>\n\n\n\n<p class=\"wp-block-paragraph\">En pocas palabras:<br>Aplicaciones <strong>A trav\u00e9s de XNL<\/strong> Establezca una conexi\u00f3n con la radio y, a continuaci\u00f3n, conecte el <strong>Instrucci\u00f3n XCMP<\/strong> Se encapsula y se transmite a la radio.<\/p>\n\n\n\n<p class=\"wp-block-paragraph\">Para obtener m\u00e1s informaci\u00f3n o para su desarrollo, por favor contacte a service@commutronic.com.tw o consulte nuestra empresa.<a href=\"https:\/\/github.com\/xjapanseikima\/MotorolaDispatcher\" data-type=\"link\" data-id=\"https:\/\/github.com\/xjapanseikima\/MotorolaDispatcher\" target=\"_blank\" rel=\"noopener\">Github<\/a><\/p>\n<\/div>\n<\/div>\n<\/div>\n<\/div>","protected":false},"excerpt":{"rendered":"<p>XCMP\/XNL \u5354\u5b9a 1. XCMP (Extended Control and Management Pr [&hellip;]<\/p>\n","protected":false},"author":251107229,"featured_media":0,"parent":6396,"menu_order":0,"comment_status":"closed","ping_status":"closed","template":"","meta":{"_crdt_document":"","jetpack_post_was_ever_published":false,"footnotes":""},"class_list":["post-7182","page","type-page","status-publish","hentry"],"jetpack_likes_enabled":true,"jetpack_sharing_enabled":true,"jetpack_shortlink":"https:\/\/wp.me\/PfNdxH-1RQ","jetpack-related-posts":[],"_links":{"self":[{"href":"https:\/\/commutronics.com.tw\/es\/wp-json\/wp\/v2\/pages\/7182","targetHints":{"allow":["GET"]}}],"collection":[{"href":"https:\/\/commutronics.com.tw\/es\/wp-json\/wp\/v2\/pages"}],"about":[{"href":"https:\/\/commutronics.com.tw\/es\/wp-json\/wp\/v2\/types\/page"}],"author":[{"embeddable":true,"href":"https:\/\/commutronics.com.tw\/es\/wp-json\/wp\/v2\/users\/251107229"}],"replies":[{"embeddable":true,"href":"https:\/\/commutronics.com.tw\/es\/wp-json\/wp\/v2\/comments?post=7182"}],"version-history":[{"count":24,"href":"https:\/\/commutronics.com.tw\/es\/wp-json\/wp\/v2\/pages\/7182\/revisions"}],"predecessor-version":[{"id":7814,"href":"https:\/\/commutronics.com.tw\/es\/wp-json\/wp\/v2\/pages\/7182\/revisions\/7814"}],"up":[{"embeddable":true,"href":"https:\/\/commutronics.com.tw\/es\/wp-json\/wp\/v2\/pages\/6396"}],"wp:attachment":[{"href":"https:\/\/commutronics.com.tw\/es\/wp-json\/wp\/v2\/media?parent=7182"}],"curies":[{"name":"wp","href":"https:\/\/api.w.org\/{rel}","templated":true}]}}