{"id":6951,"date":"2025-07-02T10:49:39","date_gmt":"2025-07-02T02:49:39","guid":{"rendered":"https:\/\/commutronics.com.tw\/?page_id=6951"},"modified":"2025-09-14T22:04:26","modified_gmt":"2025-09-14T14:04:26","slug":"integracion_del_sistema","status":"publish","type":"page","link":"https:\/\/commutronics.com.tw\/es\/system_integration\/","title":{"rendered":"Radioingenier\u00eda"},"content":{"rendered":"<h2 class=\"wp-block-heading\">Radioingenier\u00eda<\/h2>\n\n\n\n<div class=\"wp-block-columns alignwide is-style-default is-layout-flex wp-container-core-columns-is-layout-3b811c60 wp-block-columns-is-layout-flex\">\n<div class=\"wp-block-column is-layout-flow wp-block-column-is-layout-flow\">\n<p class=\"wp-block-paragraph\">En la era actual, en la que el r\u00e1pido flujo de informaci\u00f3n y la comunicaci\u00f3n ininterrumpida son cruciales, YPT se centra en proporcionar soluciones de ingenier\u00eda de radio estables, seguras y eficientes para ayudar a las empresas y organismos gubernamentales a crear redes de comunicaci\u00f3n fiables y mejorar la eficiencia operativa y la capacidad de respuesta.<\/p>\n\n\n\n<h4 class=\"wp-block-heading\">1. planificaci\u00f3n y dise\u00f1o de sistemas radioel\u00e9ctricos<\/h4>\n\n\n\n<p class=\"wp-block-paragraph\">Ofrecemos planificaci\u00f3n profesional de radiofrecuencias, configuraci\u00f3n de estaciones, topolog\u00eda de sistemas y dise\u00f1o de arquitecturas para garantizar la mejor cobertura y calidad de comunicaci\u00f3n seg\u00fan las necesidades y \u00e1reas de uso de los clientes (por ejemplo, f\u00e1bricas, puertos, proyectos de construcci\u00f3n, ferrocarriles de alta velocidad, unidades de prevenci\u00f3n de cat\u00e1strofes, etc.).<\/p>\n\n\n\n<div class=\"wp-block-columns alignwide is-layout-flex wp-container-core-columns-is-layout-3b811c60 wp-block-columns-is-layout-flex\">\n<div class=\"wp-block-column is-layout-flow wp-block-column-is-layout-flow\">\n<p class=\"has-medium-font-size wp-block-paragraph\"><strong>Dise\u00f1o del sistema Linked Capacity Plus<\/strong><\/p>\n\n\n\n<div class=\"wp-block-jetpack-tiled-gallery aligncenter is-style-columns\"><div class=\"\"><div class=\"tiled-gallery__gallery\"><div class=\"tiled-gallery__row\"><div class=\"tiled-gallery__col\" style=\"flex-basis:50.00000%\"><figure class=\"tiled-gallery__item\"><a href=\"https:\/\/i0.wp.com\/commutronics.com.tw\/wp-content\/uploads\/2025\/09\/Image_20250914_193513_635-768x1024.jpeg?ssl=1\"><img decoding=\"async\" data-attachment-id=\"7257\" data-permalink=\"https:\/\/commutronics.com.tw\/es\/project\/image_20250914_193513_635\/\" data-orig-file=\"https:\/\/i0.wp.com\/commutronics.com.tw\/wp-content\/uploads\/2025\/09\/Image_20250914_193513_635-rotated.jpeg?fit=3024%2C4032&amp;ssl=1\" data-orig-size=\"3024,4032\" data-comments-opened=\"1\" data-image-meta=\"{&quot;aperture&quot;:&quot;0&quot;,&quot;credit&quot;:&quot;&quot;,&quot;camera&quot;:&quot;&quot;,&quot;caption&quot;:&quot;&quot;,&quot;created_timestamp&quot;:&quot;0&quot;,&quot;copyright&quot;:&quot;&quot;,&quot;focal_length&quot;:&quot;0&quot;,&quot;iso&quot;:&quot;0&quot;,&quot;shutter_speed&quot;:&quot;0&quot;,&quot;title&quot;:&quot;&quot;,&quot;orientation&quot;:&quot;1&quot;}\" data-image-title=\"Image_20250914_193513_635\" data-image-description=\"\" data-image-caption=\"\" data-large-file=\"https:\/\/i0.wp.com\/commutronics.com.tw\/wp-content\/uploads\/2025\/09\/Image_20250914_193513_635-rotated.jpeg?fit=768%2C1024&amp;ssl=1\" role=\"button\" tabindex=\"0\" aria-label=\"Abrir la imagen 1 de 2 en pantalla completa\" srcset=\"https:\/\/i0.wp.com\/commutronics.com.tw\/wp-content\/uploads\/2025\/09\/Image_20250914_193513_635-768x1024.jpeg?strip=info&#038;w=600&#038;ssl=1 600w,https:\/\/i0.wp.com\/commutronics.com.tw\/wp-content\/uploads\/2025\/09\/Image_20250914_193513_635-768x1024.jpeg?strip=info&#038;w=900&#038;ssl=1 900w,https:\/\/i0.wp.com\/commutronics.com.tw\/wp-content\/uploads\/2025\/09\/Image_20250914_193513_635-768x1024.jpeg?strip=info&#038;w=1200&#038;ssl=1 1200w,https:\/\/i0.wp.com\/commutronics.com.tw\/wp-content\/uploads\/2025\/09\/Image_20250914_193513_635-768x1024.jpeg?strip=info&#038;w=1500&#038;ssl=1 1500w,https:\/\/i0.wp.com\/commutronics.com.tw\/wp-content\/uploads\/2025\/09\/Image_20250914_193513_635-768x1024.jpeg?strip=info&#038;w=1800&#038;ssl=1 1800w,https:\/\/i0.wp.com\/commutronics.com.tw\/wp-content\/uploads\/2025\/09\/Image_20250914_193513_635-768x1024.jpeg?strip=info&#038;w=2000&#038;ssl=1 2000w\" alt=\"\" data-height=\"4032\" data-id=\"7257\" data-link=\"https:\/\/commutronics.com.tw\/project\/image_20250914_193513_635\/\" data-url=\"https:\/\/commutronics.com.tw\/wp-content\/uploads\/2025\/09\/Image_20250914_193513_635-768x1024.jpeg\" data-width=\"3024\" src=\"https:\/\/i0.wp.com\/commutronics.com.tw\/wp-content\/uploads\/2025\/09\/Image_20250914_193513_635-768x1024.jpeg?ssl=1\" data-amp-layout=\"responsive\"\/><\/a><\/figure><\/div><div class=\"tiled-gallery__col\" style=\"flex-basis:50.00000%\"><figure class=\"tiled-gallery__item\"><a href=\"https:\/\/i0.wp.com\/commutronics.com.tw\/wp-content\/uploads\/2025\/09\/Image_20250914_193513_555-768x1024.jpeg?ssl=1\"><img decoding=\"async\" data-attachment-id=\"7258\" data-permalink=\"https:\/\/commutronics.com.tw\/es\/project\/image_20250914_193513_555\/\" data-orig-file=\"https:\/\/i0.wp.com\/commutronics.com.tw\/wp-content\/uploads\/2025\/09\/Image_20250914_193513_555-rotated.jpeg?fit=3024%2C4032&amp;ssl=1\" data-orig-size=\"3024,4032\" data-comments-opened=\"1\" data-image-meta=\"{&quot;aperture&quot;:&quot;0&quot;,&quot;credit&quot;:&quot;&quot;,&quot;camera&quot;:&quot;&quot;,&quot;caption&quot;:&quot;&quot;,&quot;created_timestamp&quot;:&quot;0&quot;,&quot;copyright&quot;:&quot;&quot;,&quot;focal_length&quot;:&quot;0&quot;,&quot;iso&quot;:&quot;0&quot;,&quot;shutter_speed&quot;:&quot;0&quot;,&quot;title&quot;:&quot;&quot;,&quot;orientation&quot;:&quot;1&quot;}\" data-image-title=\"Image_20250914_193513_555\" data-image-description=\"\" data-image-caption=\"\" data-large-file=\"https:\/\/i0.wp.com\/commutronics.com.tw\/wp-content\/uploads\/2025\/09\/Image_20250914_193513_555-rotated.jpeg?fit=768%2C1024&amp;ssl=1\" role=\"button\" tabindex=\"0\" aria-label=\"Abrir la imagen 2 de 2 en pantalla completa\" srcset=\"https:\/\/i0.wp.com\/commutronics.com.tw\/wp-content\/uploads\/2025\/09\/Image_20250914_193513_555-768x1024.jpeg?strip=info&#038;w=600&#038;ssl=1 600w,https:\/\/i0.wp.com\/commutronics.com.tw\/wp-content\/uploads\/2025\/09\/Image_20250914_193513_555-768x1024.jpeg?strip=info&#038;w=900&#038;ssl=1 900w,https:\/\/i0.wp.com\/commutronics.com.tw\/wp-content\/uploads\/2025\/09\/Image_20250914_193513_555-768x1024.jpeg?strip=info&#038;w=1200&#038;ssl=1 1200w,https:\/\/i0.wp.com\/commutronics.com.tw\/wp-content\/uploads\/2025\/09\/Image_20250914_193513_555-768x1024.jpeg?strip=info&#038;w=1500&#038;ssl=1 1500w,https:\/\/i0.wp.com\/commutronics.com.tw\/wp-content\/uploads\/2025\/09\/Image_20250914_193513_555-768x1024.jpeg?strip=info&#038;w=1800&#038;ssl=1 1800w,https:\/\/i0.wp.com\/commutronics.com.tw\/wp-content\/uploads\/2025\/09\/Image_20250914_193513_555-768x1024.jpeg?strip=info&#038;w=2000&#038;ssl=1 2000w\" alt=\"\" data-height=\"4032\" data-id=\"7258\" data-link=\"https:\/\/commutronics.com.tw\/project\/image_20250914_193513_555\/\" data-url=\"https:\/\/commutronics.com.tw\/wp-content\/uploads\/2025\/09\/Image_20250914_193513_555-768x1024.jpeg\" data-width=\"3024\" src=\"https:\/\/i0.wp.com\/commutronics.com.tw\/wp-content\/uploads\/2025\/09\/Image_20250914_193513_555-768x1024.jpeg?ssl=1\" data-amp-layout=\"responsive\"\/><\/a><\/figure><\/div><\/div><\/div><\/div><\/div>\n<\/div>\n\n\n\n<div class=\"wp-block-column is-layout-flow wp-block-column-is-layout-flow\">\n<figure class=\"wp-block-image size-full is-resized\"><img data-recalc-dims=\"1\" fetchpriority=\"high\" decoding=\"async\" width=\"1635\" height=\"2334\" data-attachment-id=\"6973\" data-permalink=\"https:\/\/commutronics.com.tw\/es\/system_integration\/img_7586\/\" data-orig-file=\"https:\/\/i0.wp.com\/commutronics.com.tw\/wp-content\/uploads\/2025\/07\/IMG_7586.jpg?fit=1635%2C2334&amp;ssl=1\" data-orig-size=\"1635,2334\" data-comments-opened=\"1\" data-image-meta=\"{&quot;aperture&quot;:&quot;1.6&quot;,&quot;credit&quot;:&quot;&quot;,&quot;camera&quot;:&quot;iPhone 12 Pro&quot;,&quot;caption&quot;:&quot;&quot;,&quot;created_timestamp&quot;:&quot;1748864484&quot;,&quot;copyright&quot;:&quot;&quot;,&quot;focal_length&quot;:&quot;4.2&quot;,&quot;iso&quot;:&quot;50&quot;,&quot;shutter_speed&quot;:&quot;0.0083333333333333&quot;,&quot;title&quot;:&quot;&quot;,&quot;orientation&quot;:&quot;0&quot;}\" data-image-title=\"IMG_7586\" data-image-description=\"\" data-image-caption=\"\" data-large-file=\"https:\/\/i0.wp.com\/commutronics.com.tw\/wp-content\/uploads\/2025\/07\/IMG_7586.jpg?fit=717%2C1024&amp;ssl=1\" src=\"https:\/\/i0.wp.com\/commutronics.com.tw\/wp-content\/uploads\/2025\/07\/IMG_7586.jpg?resize=1635%2C2334&#038;ssl=1\" alt=\"\" class=\"wp-image-6973\" style=\"aspect-ratio:0.7005278675211412;width:351px;height:auto\" srcset=\"https:\/\/i0.wp.com\/commutronics.com.tw\/wp-content\/uploads\/2025\/07\/IMG_7586.jpg?w=1635&amp;ssl=1 1635w, https:\/\/i0.wp.com\/commutronics.com.tw\/wp-content\/uploads\/2025\/07\/IMG_7586.jpg?resize=210%2C300&amp;ssl=1 210w, https:\/\/i0.wp.com\/commutronics.com.tw\/wp-content\/uploads\/2025\/07\/IMG_7586.jpg?resize=717%2C1024&amp;ssl=1 717w, https:\/\/i0.wp.com\/commutronics.com.tw\/wp-content\/uploads\/2025\/07\/IMG_7586.jpg?resize=768%2C1096&amp;ssl=1 768w, https:\/\/i0.wp.com\/commutronics.com.tw\/wp-content\/uploads\/2025\/07\/IMG_7586.jpg?resize=1076%2C1536&amp;ssl=1 1076w, https:\/\/i0.wp.com\/commutronics.com.tw\/wp-content\/uploads\/2025\/07\/IMG_7586.jpg?resize=1435%2C2048&amp;ssl=1 1435w, https:\/\/i0.wp.com\/commutronics.com.tw\/wp-content\/uploads\/2025\/07\/IMG_7586.jpg?resize=8%2C12&amp;ssl=1 8w, https:\/\/i0.wp.com\/commutronics.com.tw\/wp-content\/uploads\/2025\/07\/IMG_7586.jpg?resize=1200%2C1713&amp;ssl=1 1200w, https:\/\/i0.wp.com\/commutronics.com.tw\/wp-content\/uploads\/2025\/07\/IMG_7586.jpg?resize=600%2C857&amp;ssl=1 600w\" sizes=\"(max-width: 1000px) 100vw, 1000px\" \/><\/figure>\n<\/div>\n<\/div>\n\n\n\n<h4 class=\"wp-block-heading\">2. Integraci\u00f3n del sistema de radio digital MOTOTRBO<\/h4>\n\n\n\n<p class=\"wp-block-paragraph\">Como socio de Motorola Solutions, Yuyu est\u00e1 especializado en la planificaci\u00f3n, instalaci\u00f3n y mantenimiento de productos y sistemas de radio digital MOTOTRBO (por ejemplo, repetidor SLR5300, XiR P8668i, R7, plataforma de programaci\u00f3n SmartPTT, etc.).<\/p>\n\n\n\n<h4 class=\"wp-block-heading\">3. Construcci\u00f3n del proyecto y dise\u00f1o del emplazamiento<\/h4>\n\n\n\n<p class=\"wp-block-paragraph\">Incluida la instalaci\u00f3n de antenas, cableado interior, instalaci\u00f3n de equipos de conexi\u00f3n, ingenier\u00eda de suministro el\u00e9ctrico, etc., el equipo profesional de acuerdo con las normativas NCC y EHS para garantizar el cumplimiento de la seguridad y la entrega a tiempo.<\/p>\n\n\n\n<div class=\"wp-block-columns is-layout-flex wp-container-core-columns-is-layout-3b811c60 wp-block-columns-is-layout-flex\">\n<div class=\"wp-block-column is-layout-flow wp-block-column-is-layout-flow\">\n<figure class=\"wp-block-image size-full\"><img data-recalc-dims=\"1\" decoding=\"async\" width=\"612\" height=\"408\" data-attachment-id=\"6969\" data-permalink=\"https:\/\/commutronics.com.tw\/es\/system_integration\/conduit\/\" data-orig-file=\"https:\/\/i0.wp.com\/commutronics.com.tw\/wp-content\/uploads\/2025\/07\/conduit.jpg?fit=612%2C408&amp;ssl=1\" data-orig-size=\"612,408\" data-comments-opened=\"1\" data-image-meta=\"{&quot;aperture&quot;:&quot;0&quot;,&quot;credit&quot;:&quot;Getty Images&quot;,&quot;camera&quot;:&quot;&quot;,&quot;caption&quot;:&quot;Steel conduit,  electricity cable metal pipe wire good management at building underground.&quot;,&quot;created_timestamp&quot;:&quot;0&quot;,&quot;copyright&quot;:&quot;&quot;,&quot;focal_length&quot;:&quot;0&quot;,&quot;iso&quot;:&quot;0&quot;,&quot;shutter_speed&quot;:&quot;0&quot;,&quot;title&quot;:&quot;&quot;,&quot;orientation&quot;:&quot;0&quot;}\" data-image-title=\"conduit\" data-image-description=\"\" data-image-caption=\"&lt;p&gt;Steel conduit,  electricity cable metal pipe wire good management at building underground.&lt;\/p&gt;\" data-large-file=\"https:\/\/i0.wp.com\/commutronics.com.tw\/wp-content\/uploads\/2025\/07\/conduit.jpg?fit=612%2C408&amp;ssl=1\" src=\"https:\/\/i0.wp.com\/commutronics.com.tw\/wp-content\/uploads\/2025\/07\/conduit.jpg?resize=612%2C408&#038;ssl=1\" alt=\"\" class=\"wp-image-6969\" srcset=\"https:\/\/i0.wp.com\/commutronics.com.tw\/wp-content\/uploads\/2025\/07\/conduit.jpg?w=612&amp;ssl=1 612w, https:\/\/i0.wp.com\/commutronics.com.tw\/wp-content\/uploads\/2025\/07\/conduit.jpg?resize=300%2C200&amp;ssl=1 300w, https:\/\/i0.wp.com\/commutronics.com.tw\/wp-content\/uploads\/2025\/07\/conduit.jpg?resize=18%2C12&amp;ssl=1 18w, https:\/\/i0.wp.com\/commutronics.com.tw\/wp-content\/uploads\/2025\/07\/conduit.jpg?resize=600%2C400&amp;ssl=1 600w\" sizes=\"(max-width: 612px) 100vw, 612px\" \/><\/figure>\n<\/div>\n\n\n\n<div class=\"wp-block-column is-layout-flow wp-block-column-is-layout-flow\">\n<figure class=\"wp-block-image size-full\"><img data-recalc-dims=\"1\" decoding=\"async\" width=\"612\" height=\"408\" data-attachment-id=\"6971\" data-permalink=\"https:\/\/commutronics.com.tw\/es\/system_integration\/ceiling\/\" data-orig-file=\"https:\/\/i0.wp.com\/commutronics.com.tw\/wp-content\/uploads\/2025\/07\/ceiling.jpg?fit=612%2C408&amp;ssl=1\" data-orig-size=\"612,408\" data-comments-opened=\"1\" data-image-meta=\"{&quot;aperture&quot;:&quot;0&quot;,&quot;credit&quot;:&quot;Getty Images&quot;,&quot;camera&quot;:&quot;&quot;,&quot;caption&quot;:&quot;Bottom view of ceiling ventilation system, ceiling structure with electrical wiring and ventilation pipes made of silver insulating material, air conditioning and ventilation installation&quot;,&quot;created_timestamp&quot;:&quot;0&quot;,&quot;copyright&quot;:&quot;&quot;,&quot;focal_length&quot;:&quot;0&quot;,&quot;iso&quot;:&quot;0&quot;,&quot;shutter_speed&quot;:&quot;0&quot;,&quot;title&quot;:&quot;&quot;,&quot;orientation&quot;:&quot;0&quot;}\" data-image-title=\"ceiling\" data-image-description=\"\" data-image-caption=\"&lt;p&gt;Bottom view of ceiling ventilation system, ceiling structure with electrical wiring and ventilation pipes made of silver insulating material, air conditioning and ventilation installation&lt;\/p&gt;\" data-large-file=\"https:\/\/i0.wp.com\/commutronics.com.tw\/wp-content\/uploads\/2025\/07\/ceiling.jpg?fit=612%2C408&amp;ssl=1\" src=\"https:\/\/i0.wp.com\/commutronics.com.tw\/wp-content\/uploads\/2025\/07\/ceiling.jpg?resize=612%2C408&#038;ssl=1\" alt=\"\" class=\"wp-image-6971\" srcset=\"https:\/\/i0.wp.com\/commutronics.com.tw\/wp-content\/uploads\/2025\/07\/ceiling.jpg?w=612&amp;ssl=1 612w, https:\/\/i0.wp.com\/commutronics.com.tw\/wp-content\/uploads\/2025\/07\/ceiling.jpg?resize=300%2C200&amp;ssl=1 300w, https:\/\/i0.wp.com\/commutronics.com.tw\/wp-content\/uploads\/2025\/07\/ceiling.jpg?resize=18%2C12&amp;ssl=1 18w, https:\/\/i0.wp.com\/commutronics.com.tw\/wp-content\/uploads\/2025\/07\/ceiling.jpg?resize=600%2C400&amp;ssl=1 600w\" sizes=\"(max-width: 612px) 100vw, 612px\" \/><\/figure>\n<\/div>\n<\/div>\n\n\n\n<h4 class=\"wp-block-heading\">4. pruebas y validaci\u00f3n del sistema<\/h4>\n\n\n\n<p class=\"wp-block-paragraph\">Una vez finalizada la instalaci\u00f3n, realizamos una prueba completa de cobertura de recepci\u00f3n, prueba de llamadas, ajuste de canales y eliminaci\u00f3n de interferencias, y podemos presentar el informe de aceptaci\u00f3n con el propietario y otras unidades.<\/p>\n\n\n\n<div class=\"wp-block-columns is-layout-flex wp-container-core-columns-is-layout-3b811c60 wp-block-columns-is-layout-flex\">\n<div class=\"wp-block-column is-layout-flow wp-block-column-is-layout-flow\">\n<figure class=\"wp-block-image size-full\"><img data-recalc-dims=\"1\" loading=\"lazy\" decoding=\"async\" width=\"2314\" height=\"2687\" data-attachment-id=\"6975\" data-permalink=\"https:\/\/commutronics.com.tw\/es\/system_integration\/img_7575\/\" data-orig-file=\"https:\/\/i0.wp.com\/commutronics.com.tw\/wp-content\/uploads\/2025\/07\/IMG_7575.jpg?fit=2314%2C2687&amp;ssl=1\" data-orig-size=\"2314,2687\" data-comments-opened=\"1\" data-image-meta=\"{&quot;aperture&quot;:&quot;2.4&quot;,&quot;credit&quot;:&quot;&quot;,&quot;camera&quot;:&quot;iPhone 12 Pro&quot;,&quot;caption&quot;:&quot;&quot;,&quot;created_timestamp&quot;:&quot;1748863540&quot;,&quot;copyright&quot;:&quot;&quot;,&quot;focal_length&quot;:&quot;1.54&quot;,&quot;iso&quot;:&quot;1250&quot;,&quot;shutter_speed&quot;:&quot;0.016666666666667&quot;,&quot;title&quot;:&quot;&quot;,&quot;orientation&quot;:&quot;0&quot;}\" data-image-title=\"IMG_7575\" data-image-description=\"\" data-image-caption=\"\" data-large-file=\"https:\/\/i0.wp.com\/commutronics.com.tw\/wp-content\/uploads\/2025\/07\/IMG_7575.jpg?fit=882%2C1024&amp;ssl=1\" src=\"https:\/\/i0.wp.com\/commutronics.com.tw\/wp-content\/uploads\/2025\/07\/IMG_7575.jpg?resize=2314%2C2687&#038;ssl=1\" alt=\"\" class=\"wp-image-6975\" style=\"aspect-ratio:4\/3;object-fit:cover\" srcset=\"https:\/\/i0.wp.com\/commutronics.com.tw\/wp-content\/uploads\/2025\/07\/IMG_7575.jpg?w=2314&amp;ssl=1 2314w, https:\/\/i0.wp.com\/commutronics.com.tw\/wp-content\/uploads\/2025\/07\/IMG_7575.jpg?resize=258%2C300&amp;ssl=1 258w, https:\/\/i0.wp.com\/commutronics.com.tw\/wp-content\/uploads\/2025\/07\/IMG_7575.jpg?resize=882%2C1024&amp;ssl=1 882w, https:\/\/i0.wp.com\/commutronics.com.tw\/wp-content\/uploads\/2025\/07\/IMG_7575.jpg?resize=768%2C892&amp;ssl=1 768w, https:\/\/i0.wp.com\/commutronics.com.tw\/wp-content\/uploads\/2025\/07\/IMG_7575.jpg?resize=1323%2C1536&amp;ssl=1 1323w, https:\/\/i0.wp.com\/commutronics.com.tw\/wp-content\/uploads\/2025\/07\/IMG_7575.jpg?resize=1764%2C2048&amp;ssl=1 1764w, https:\/\/i0.wp.com\/commutronics.com.tw\/wp-content\/uploads\/2025\/07\/IMG_7575.jpg?resize=10%2C12&amp;ssl=1 10w, https:\/\/i0.wp.com\/commutronics.com.tw\/wp-content\/uploads\/2025\/07\/IMG_7575.jpg?resize=1200%2C1393&amp;ssl=1 1200w, https:\/\/i0.wp.com\/commutronics.com.tw\/wp-content\/uploads\/2025\/07\/IMG_7575.jpg?resize=600%2C697&amp;ssl=1 600w, https:\/\/i0.wp.com\/commutronics.com.tw\/wp-content\/uploads\/2025\/07\/IMG_7575.jpg?w=2000&amp;ssl=1 2000w\" sizes=\"(max-width: 1000px) 100vw, 1000px\" \/><\/figure>\n<\/div>\n\n\n\n<div class=\"wp-block-column is-layout-flow wp-block-column-is-layout-flow\">\n<figure class=\"wp-block-image size-large\"><img data-recalc-dims=\"1\" loading=\"lazy\" decoding=\"async\" width=\"1024\" height=\"768\" data-attachment-id=\"7267\" data-permalink=\"https:\/\/commutronics.com.tw\/es\/system_integration\/image_20250914_194654_100\/\" data-orig-file=\"https:\/\/i0.wp.com\/commutronics.com.tw\/wp-content\/uploads\/2025\/09\/Image_20250914_194654_100.jpeg?fit=4032%2C3024&amp;ssl=1\" data-orig-size=\"4032,3024\" data-comments-opened=\"1\" data-image-meta=\"{&quot;aperture&quot;:&quot;0&quot;,&quot;credit&quot;:&quot;&quot;,&quot;camera&quot;:&quot;&quot;,&quot;caption&quot;:&quot;&quot;,&quot;created_timestamp&quot;:&quot;0&quot;,&quot;copyright&quot;:&quot;&quot;,&quot;focal_length&quot;:&quot;0&quot;,&quot;iso&quot;:&quot;0&quot;,&quot;shutter_speed&quot;:&quot;0&quot;,&quot;title&quot;:&quot;&quot;,&quot;orientation&quot;:&quot;1&quot;}\" data-image-title=\"Image_20250914_194654_100\" data-image-description=\"\" data-image-caption=\"\" data-large-file=\"https:\/\/i0.wp.com\/commutronics.com.tw\/wp-content\/uploads\/2025\/09\/Image_20250914_194654_100.jpeg?fit=1024%2C768&amp;ssl=1\" src=\"https:\/\/i0.wp.com\/commutronics.com.tw\/wp-content\/uploads\/2025\/09\/Image_20250914_194654_100.jpeg?resize=1024%2C768&#038;ssl=1\" alt=\"\" class=\"wp-image-7267\" style=\"aspect-ratio:4\/3;object-fit:cover\" srcset=\"https:\/\/i0.wp.com\/commutronics.com.tw\/wp-content\/uploads\/2025\/09\/Image_20250914_194654_100.jpeg?resize=1024%2C768&amp;ssl=1 1024w, https:\/\/i0.wp.com\/commutronics.com.tw\/wp-content\/uploads\/2025\/09\/Image_20250914_194654_100.jpeg?resize=300%2C225&amp;ssl=1 300w, https:\/\/i0.wp.com\/commutronics.com.tw\/wp-content\/uploads\/2025\/09\/Image_20250914_194654_100.jpeg?resize=768%2C576&amp;ssl=1 768w, https:\/\/i0.wp.com\/commutronics.com.tw\/wp-content\/uploads\/2025\/09\/Image_20250914_194654_100.jpeg?resize=1536%2C1152&amp;ssl=1 1536w, https:\/\/i0.wp.com\/commutronics.com.tw\/wp-content\/uploads\/2025\/09\/Image_20250914_194654_100.jpeg?resize=2048%2C1536&amp;ssl=1 2048w, https:\/\/i0.wp.com\/commutronics.com.tw\/wp-content\/uploads\/2025\/09\/Image_20250914_194654_100.jpeg?resize=16%2C12&amp;ssl=1 16w, https:\/\/i0.wp.com\/commutronics.com.tw\/wp-content\/uploads\/2025\/09\/Image_20250914_194654_100.jpeg?resize=1200%2C900&amp;ssl=1 1200w, https:\/\/i0.wp.com\/commutronics.com.tw\/wp-content\/uploads\/2025\/09\/Image_20250914_194654_100.jpeg?resize=800%2C600&amp;ssl=1 800w, https:\/\/i0.wp.com\/commutronics.com.tw\/wp-content\/uploads\/2025\/09\/Image_20250914_194654_100.jpeg?resize=600%2C450&amp;ssl=1 600w, https:\/\/i0.wp.com\/commutronics.com.tw\/wp-content\/uploads\/2025\/09\/Image_20250914_194654_100.jpeg?resize=400%2C300&amp;ssl=1 400w, https:\/\/i0.wp.com\/commutronics.com.tw\/wp-content\/uploads\/2025\/09\/Image_20250914_194654_100.jpeg?resize=200%2C150&amp;ssl=1 200w, https:\/\/i0.wp.com\/commutronics.com.tw\/wp-content\/uploads\/2025\/09\/Image_20250914_194654_100.jpeg?w=3000&amp;ssl=1 3000w\" sizes=\"(max-width: 1000px) 100vw, 1000px\" \/><\/figure>\n<\/div>\n\n\n\n<div class=\"wp-block-column is-layout-flow wp-block-column-is-layout-flow\">\n<figure class=\"wp-block-image size-large\"><img data-recalc-dims=\"1\" loading=\"lazy\" decoding=\"async\" width=\"1024\" height=\"768\" data-attachment-id=\"7266\" data-permalink=\"https:\/\/commutronics.com.tw\/es\/system_integration\/image_20250914_194800_409\/\" data-orig-file=\"https:\/\/i0.wp.com\/commutronics.com.tw\/wp-content\/uploads\/2025\/09\/Image_20250914_194800_409.jpeg?fit=4032%2C3024&amp;ssl=1\" data-orig-size=\"4032,3024\" data-comments-opened=\"1\" data-image-meta=\"{&quot;aperture&quot;:&quot;0&quot;,&quot;credit&quot;:&quot;&quot;,&quot;camera&quot;:&quot;&quot;,&quot;caption&quot;:&quot;&quot;,&quot;created_timestamp&quot;:&quot;0&quot;,&quot;copyright&quot;:&quot;&quot;,&quot;focal_length&quot;:&quot;0&quot;,&quot;iso&quot;:&quot;0&quot;,&quot;shutter_speed&quot;:&quot;0&quot;,&quot;title&quot;:&quot;&quot;,&quot;orientation&quot;:&quot;1&quot;}\" data-image-title=\"Image_20250914_194800_409\" data-image-description=\"\" data-image-caption=\"\" data-large-file=\"https:\/\/i0.wp.com\/commutronics.com.tw\/wp-content\/uploads\/2025\/09\/Image_20250914_194800_409.jpeg?fit=1024%2C768&amp;ssl=1\" src=\"https:\/\/i0.wp.com\/commutronics.com.tw\/wp-content\/uploads\/2025\/09\/Image_20250914_194800_409.jpeg?resize=1024%2C768&#038;ssl=1\" alt=\"\" class=\"wp-image-7266\" srcset=\"https:\/\/i0.wp.com\/commutronics.com.tw\/wp-content\/uploads\/2025\/09\/Image_20250914_194800_409.jpeg?resize=1024%2C768&amp;ssl=1 1024w, https:\/\/i0.wp.com\/commutronics.com.tw\/wp-content\/uploads\/2025\/09\/Image_20250914_194800_409.jpeg?resize=300%2C225&amp;ssl=1 300w, https:\/\/i0.wp.com\/commutronics.com.tw\/wp-content\/uploads\/2025\/09\/Image_20250914_194800_409.jpeg?resize=768%2C576&amp;ssl=1 768w, https:\/\/i0.wp.com\/commutronics.com.tw\/wp-content\/uploads\/2025\/09\/Image_20250914_194800_409.jpeg?resize=1536%2C1152&amp;ssl=1 1536w, https:\/\/i0.wp.com\/commutronics.com.tw\/wp-content\/uploads\/2025\/09\/Image_20250914_194800_409.jpeg?resize=2048%2C1536&amp;ssl=1 2048w, https:\/\/i0.wp.com\/commutronics.com.tw\/wp-content\/uploads\/2025\/09\/Image_20250914_194800_409.jpeg?resize=16%2C12&amp;ssl=1 16w, https:\/\/i0.wp.com\/commutronics.com.tw\/wp-content\/uploads\/2025\/09\/Image_20250914_194800_409.jpeg?resize=1200%2C900&amp;ssl=1 1200w, https:\/\/i0.wp.com\/commutronics.com.tw\/wp-content\/uploads\/2025\/09\/Image_20250914_194800_409.jpeg?resize=800%2C600&amp;ssl=1 800w, https:\/\/i0.wp.com\/commutronics.com.tw\/wp-content\/uploads\/2025\/09\/Image_20250914_194800_409.jpeg?resize=600%2C450&amp;ssl=1 600w, https:\/\/i0.wp.com\/commutronics.com.tw\/wp-content\/uploads\/2025\/09\/Image_20250914_194800_409.jpeg?resize=400%2C300&amp;ssl=1 400w, https:\/\/i0.wp.com\/commutronics.com.tw\/wp-content\/uploads\/2025\/09\/Image_20250914_194800_409.jpeg?resize=200%2C150&amp;ssl=1 200w, https:\/\/i0.wp.com\/commutronics.com.tw\/wp-content\/uploads\/2025\/09\/Image_20250914_194800_409.jpeg?w=3000&amp;ssl=1 3000w\" sizes=\"(max-width: 1000px) 100vw, 1000px\" \/><\/figure>\n<\/div>\n<\/div>\n\n\n\n<h4 class=\"wp-block-heading\">5. servicio posventa y asistencia t\u00e9cnica<\/h4>\n\n\n\n<p class=\"wp-block-paragraph\">Ofrecemos una gama completa de asistencia, como garant\u00eda de mantenimiento, reserva de piezas de repuesto, solicitud de certificaci\u00f3n NCC y sugerencias de actualizaci\u00f3n del sistema, para garantizar que su sistema funcione de forma estable y se mantenga al d\u00eda.<\/p>\n<\/div>\n<\/div>","protected":false},"excerpt":{"rendered":"<p>\u7121\u7dda\u96fb\u5de5\u7a0b \u5728\u73fe\u4eca\u8cc7\u8a0a\u6d41\u901a\u5feb\u901f\u3001\u901a\u4fe1\u4e0d\u4e2d\u65b7\u81f3\u95dc\u91cd\u8981\u7684\u6642\u4ee3\uff0c\u6631\u5b87\u8cbf\u6613\u5c08\u6ce8\u65bc\u63d0\u4f9b\u7a69\u5b9a\u3001\u5b89\u5168\u4e14\u9ad8\u6548\u7684\u7121\u7dda\u96fb\u5de5\u7a0b\u6574\u9ad4\u89e3 [&hellip;]<\/p>\n","protected":false},"author":251107229,"featured_media":0,"parent":0,"menu_order":0,"comment_status":"closed","ping_status":"closed","template":"","meta":{"_crdt_document":"","footnotes":""},"class_list":["post-6951","page","type-page","status-publish","hentry"],"jetpack_likes_enabled":true,"jetpack_sharing_enabled":true,"jetpack_shortlink":"https:\/\/wp.me\/PfNdxH-1O7","jetpack-related-posts":[],"_links":{"self":[{"href":"https:\/\/commutronics.com.tw\/es\/wp-json\/wp\/v2\/pages\/6951","targetHints":{"allow":["GET"]}}],"collection":[{"href":"https:\/\/commutronics.com.tw\/es\/wp-json\/wp\/v2\/pages"}],"about":[{"href":"https:\/\/commutronics.com.tw\/es\/wp-json\/wp\/v2\/types\/page"}],"author":[{"embeddable":true,"href":"https:\/\/commutronics.com.tw\/es\/wp-json\/wp\/v2\/users\/251107229"}],"replies":[{"embeddable":true,"href":"https:\/\/commutronics.com.tw\/es\/wp-json\/wp\/v2\/comments?post=6951"}],"version-history":[{"count":18,"href":"https:\/\/commutronics.com.tw\/es\/wp-json\/wp\/v2\/pages\/6951\/revisions"}],"predecessor-version":[{"id":7282,"href":"https:\/\/commutronics.com.tw\/es\/wp-json\/wp\/v2\/pages\/6951\/revisions\/7282"}],"wp:attachment":[{"href":"https:\/\/commutronics.com.tw\/es\/wp-json\/wp\/v2\/media?parent=6951"}],"curies":[{"name":"wp","href":"https:\/\/api.w.org\/{rel}","templated":true}]}}