{"id":6864,"date":"2025-05-08T22:08:37","date_gmt":"2025-05-08T14:08:37","guid":{"rendered":"https:\/\/commutronics.com.tw\/?page_id=6864"},"modified":"2025-05-08T22:16:21","modified_gmt":"2025-05-08T14:16:21","slug":"nntn8127","status":"publish","type":"page","link":"https:\/\/commutronics.com.tw\/es\/accessories\/nntn8127\/","title":{"rendered":"NNTN8127"},"content":{"rendered":"<h2 class=\"wp-block-heading alignwide has-large-font-size\"><em>NNTN8127 Pulsador PTT inal\u00e1mbrico<br><\/em><\/h2>\n\n\n\n<div class=\"wp-block-columns alignwide is-layout-flex wp-container-core-columns-is-layout-3b811c60 wp-block-columns-is-layout-flex\">\n<div class=\"wp-block-column has-global-padding is-layout-constrained wp-block-column-is-layout-constrained\">\n<figure class=\"wp-block-image aligncenter size-full is-resized\"><img data-recalc-dims=\"1\" fetchpriority=\"high\" decoding=\"async\" width=\"600\" height=\"600\" data-attachment-id=\"6867\" data-permalink=\"https:\/\/commutronics.com.tw\/es\/accessories\/nntn8127\/nntn8127-1-2\/\" data-orig-file=\"https:\/\/i0.wp.com\/commutronics.com.tw\/wp-content\/uploads\/2025\/05\/nntn8127-1-1.jpg?fit=600%2C600&amp;ssl=1\" data-orig-size=\"600,600\" data-comments-opened=\"1\" data-image-meta=\"{&quot;aperture&quot;:&quot;0&quot;,&quot;credit&quot;:&quot;&quot;,&quot;camera&quot;:&quot;&quot;,&quot;caption&quot;:&quot;&quot;,&quot;created_timestamp&quot;:&quot;0&quot;,&quot;copyright&quot;:&quot;&quot;,&quot;focal_length&quot;:&quot;0&quot;,&quot;iso&quot;:&quot;0&quot;,&quot;shutter_speed&quot;:&quot;0&quot;,&quot;title&quot;:&quot;&quot;,&quot;orientation&quot;:&quot;0&quot;}\" data-image-title=\"nntn8127-1\" data-image-description=\"\" data-image-caption=\"\" data-large-file=\"https:\/\/i0.wp.com\/commutronics.com.tw\/wp-content\/uploads\/2025\/05\/nntn8127-1-1.jpg?fit=600%2C600&amp;ssl=1\" src=\"https:\/\/i0.wp.com\/commutronics.com.tw\/wp-content\/uploads\/2025\/05\/nntn8127-1-1.jpg?resize=600%2C600&#038;ssl=1\" alt=\"\" class=\"wp-image-6867\" style=\"aspect-ratio:1;object-fit:contain;width:auto;height:400px\" srcset=\"https:\/\/i0.wp.com\/commutronics.com.tw\/wp-content\/uploads\/2025\/05\/nntn8127-1-1.jpg?w=600&amp;ssl=1 600w, https:\/\/i0.wp.com\/commutronics.com.tw\/wp-content\/uploads\/2025\/05\/nntn8127-1-1.jpg?resize=300%2C300&amp;ssl=1 300w, https:\/\/i0.wp.com\/commutronics.com.tw\/wp-content\/uploads\/2025\/05\/nntn8127-1-1.jpg?resize=150%2C150&amp;ssl=1 150w, https:\/\/i0.wp.com\/commutronics.com.tw\/wp-content\/uploads\/2025\/05\/nntn8127-1-1.jpg?resize=12%2C12&amp;ssl=1 12w, https:\/\/i0.wp.com\/commutronics.com.tw\/wp-content\/uploads\/2025\/05\/nntn8127-1-1.jpg?resize=100%2C100&amp;ssl=1 100w\" sizes=\"(max-width: 600px) 100vw, 600px\" \/><\/figure>\n\n\n\n<div class=\"is-style-default wp-swiper is-style-default is-style-default\"><div class=\"wp-swiper__wrapper\"><div class=\"swiper-container swiper\" data-swiper=\"{&quot;slidesPerView&quot;:&quot;1&quot;,&quot;navigation&quot;:true,&quot;pagination&quot;:{&quot;type&quot;:&quot;bullets&quot;},&quot;delay&quot;:3000,&quot;speed&quot;:500,&quot;loop&quot;:false,&quot;direction&quot;:&quot;horizontal&quot;,&quot;slidesOffsetBefore&quot;:0,&quot;slidesOffsetAfter&quot;:0,&quot;autoHeight&quot;:true,&quot;spaceBetween&quot;:0,&quot;releaseOnEdges&quot;:false,&quot;effect&quot;:&quot;slide&quot;,&quot;autoplay&quot;:{&quot;delay&quot;:3000,&quot;disableOnInteraction&quot;:true}}\"><div class=\"swiper-wrapper\">\n<div data-tab=\"slide-1\" class=\"wp-swiper__slide swiper-slide\"><div class=\"wp-swiper__overlay-color\" style=\"background-color:rgba(0, 0, 0, 0)\"><\/div><div class=\"wp-swiper__slide-content\">\n<figure class=\"wp-block-image size-full\"><img data-recalc-dims=\"1\" decoding=\"async\" width=\"600\" height=\"600\" data-attachment-id=\"6869\" data-permalink=\"https:\/\/commutronics.com.tw\/es\/accessories\/nntn8127\/nntn8127_c_img-600x600-1\/\" data-orig-file=\"https:\/\/i0.wp.com\/commutronics.com.tw\/wp-content\/uploads\/2025\/05\/nntn8127_c_img-600x600-1.jpg?fit=600%2C600&amp;ssl=1\" data-orig-size=\"600,600\" data-comments-opened=\"1\" data-image-meta=\"{&quot;aperture&quot;:&quot;0&quot;,&quot;credit&quot;:&quot;&quot;,&quot;camera&quot;:&quot;&quot;,&quot;caption&quot;:&quot;&quot;,&quot;created_timestamp&quot;:&quot;0&quot;,&quot;copyright&quot;:&quot;&quot;,&quot;focal_length&quot;:&quot;0&quot;,&quot;iso&quot;:&quot;0&quot;,&quot;shutter_speed&quot;:&quot;0&quot;,&quot;title&quot;:&quot;&quot;,&quot;orientation&quot;:&quot;0&quot;}\" data-image-title=\"nntn8127_c_img-600&amp;#215;600-1\" data-image-description=\"\" data-image-caption=\"\" data-large-file=\"https:\/\/i0.wp.com\/commutronics.com.tw\/wp-content\/uploads\/2025\/05\/nntn8127_c_img-600x600-1.jpg?fit=600%2C600&amp;ssl=1\" src=\"https:\/\/i0.wp.com\/commutronics.com.tw\/wp-content\/uploads\/2025\/05\/nntn8127_c_img-600x600-1.jpg?resize=600%2C600&#038;ssl=1\" alt=\"\" class=\"wp-image-6869\" srcset=\"https:\/\/i0.wp.com\/commutronics.com.tw\/wp-content\/uploads\/2025\/05\/nntn8127_c_img-600x600-1.jpg?w=600&amp;ssl=1 600w, https:\/\/i0.wp.com\/commutronics.com.tw\/wp-content\/uploads\/2025\/05\/nntn8127_c_img-600x600-1.jpg?resize=300%2C300&amp;ssl=1 300w, https:\/\/i0.wp.com\/commutronics.com.tw\/wp-content\/uploads\/2025\/05\/nntn8127_c_img-600x600-1.jpg?resize=150%2C150&amp;ssl=1 150w, https:\/\/i0.wp.com\/commutronics.com.tw\/wp-content\/uploads\/2025\/05\/nntn8127_c_img-600x600-1.jpg?resize=12%2C12&amp;ssl=1 12w, https:\/\/i0.wp.com\/commutronics.com.tw\/wp-content\/uploads\/2025\/05\/nntn8127_c_img-600x600-1.jpg?resize=400%2C400&amp;ssl=1 400w, https:\/\/i0.wp.com\/commutronics.com.tw\/wp-content\/uploads\/2025\/05\/nntn8127_c_img-600x600-1.jpg?resize=200%2C200&amp;ssl=1 200w, https:\/\/i0.wp.com\/commutronics.com.tw\/wp-content\/uploads\/2025\/05\/nntn8127_c_img-600x600-1.jpg?resize=100%2C100&amp;ssl=1 100w\" sizes=\"(max-width: 600px) 100vw, 600px\" \/><\/figure>\n<\/div><\/div>\n\n\n\n<div data-tab=\"slide-2\" class=\"wp-swiper__slide swiper-slide\"><div class=\"wp-swiper__overlay-color\" style=\"background-color:rgba(0, 0, 0, 0)\"><\/div><div class=\"wp-swiper__slide-content\">\n<figure class=\"wp-block-image size-full\"><img data-recalc-dims=\"1\" decoding=\"async\" width=\"600\" height=\"600\" data-attachment-id=\"6870\" data-permalink=\"https:\/\/commutronics.com.tw\/es\/accessories\/nntn8127\/nntn8127-3\/\" data-orig-file=\"https:\/\/i0.wp.com\/commutronics.com.tw\/wp-content\/uploads\/2025\/05\/nntn8127-3.jpg?fit=600%2C600&amp;ssl=1\" data-orig-size=\"600,600\" data-comments-opened=\"1\" data-image-meta=\"{&quot;aperture&quot;:&quot;0&quot;,&quot;credit&quot;:&quot;&quot;,&quot;camera&quot;:&quot;&quot;,&quot;caption&quot;:&quot;&quot;,&quot;created_timestamp&quot;:&quot;0&quot;,&quot;copyright&quot;:&quot;&quot;,&quot;focal_length&quot;:&quot;0&quot;,&quot;iso&quot;:&quot;0&quot;,&quot;shutter_speed&quot;:&quot;0&quot;,&quot;title&quot;:&quot;&quot;,&quot;orientation&quot;:&quot;0&quot;}\" data-image-title=\"nntn8127-3\" data-image-description=\"\" data-image-caption=\"\" data-large-file=\"https:\/\/i0.wp.com\/commutronics.com.tw\/wp-content\/uploads\/2025\/05\/nntn8127-3.jpg?fit=600%2C600&amp;ssl=1\" src=\"https:\/\/i0.wp.com\/commutronics.com.tw\/wp-content\/uploads\/2025\/05\/nntn8127-3.jpg?resize=600%2C600&#038;ssl=1\" alt=\"\" class=\"wp-image-6870\" srcset=\"https:\/\/i0.wp.com\/commutronics.com.tw\/wp-content\/uploads\/2025\/05\/nntn8127-3.jpg?w=600&amp;ssl=1 600w, https:\/\/i0.wp.com\/commutronics.com.tw\/wp-content\/uploads\/2025\/05\/nntn8127-3.jpg?resize=300%2C300&amp;ssl=1 300w, https:\/\/i0.wp.com\/commutronics.com.tw\/wp-content\/uploads\/2025\/05\/nntn8127-3.jpg?resize=150%2C150&amp;ssl=1 150w, https:\/\/i0.wp.com\/commutronics.com.tw\/wp-content\/uploads\/2025\/05\/nntn8127-3.jpg?resize=12%2C12&amp;ssl=1 12w, https:\/\/i0.wp.com\/commutronics.com.tw\/wp-content\/uploads\/2025\/05\/nntn8127-3.jpg?resize=400%2C400&amp;ssl=1 400w, https:\/\/i0.wp.com\/commutronics.com.tw\/wp-content\/uploads\/2025\/05\/nntn8127-3.jpg?resize=200%2C200&amp;ssl=1 200w, https:\/\/i0.wp.com\/commutronics.com.tw\/wp-content\/uploads\/2025\/05\/nntn8127-3.jpg?resize=100%2C100&amp;ssl=1 100w\" sizes=\"(max-width: 600px) 100vw, 600px\" \/><\/figure>\n<\/div><\/div>\n\n\n\n<div data-tab=\"slide-3\" class=\"wp-swiper__slide swiper-slide\"><div class=\"wp-swiper__overlay-color\" style=\"background-color:rgba(0, 0, 0, 0)\"><\/div><div class=\"wp-swiper__slide-content\">\n<figure class=\"wp-block-image size-full\"><img data-recalc-dims=\"1\" loading=\"lazy\" decoding=\"async\" width=\"600\" height=\"600\" data-attachment-id=\"6872\" data-permalink=\"https:\/\/commutronics.com.tw\/es\/accessories\/nntn8127\/nntn8127-4\/\" data-orig-file=\"https:\/\/i0.wp.com\/commutronics.com.tw\/wp-content\/uploads\/2025\/05\/nntn8127-4.jpg?fit=600%2C600&amp;ssl=1\" data-orig-size=\"600,600\" data-comments-opened=\"1\" data-image-meta=\"{&quot;aperture&quot;:&quot;0&quot;,&quot;credit&quot;:&quot;&quot;,&quot;camera&quot;:&quot;&quot;,&quot;caption&quot;:&quot;&quot;,&quot;created_timestamp&quot;:&quot;0&quot;,&quot;copyright&quot;:&quot;&quot;,&quot;focal_length&quot;:&quot;0&quot;,&quot;iso&quot;:&quot;0&quot;,&quot;shutter_speed&quot;:&quot;0&quot;,&quot;title&quot;:&quot;&quot;,&quot;orientation&quot;:&quot;0&quot;}\" data-image-title=\"nntn8127-4\" data-image-description=\"\" data-image-caption=\"\" data-large-file=\"https:\/\/i0.wp.com\/commutronics.com.tw\/wp-content\/uploads\/2025\/05\/nntn8127-4.jpg?fit=600%2C600&amp;ssl=1\" src=\"https:\/\/i0.wp.com\/commutronics.com.tw\/wp-content\/uploads\/2025\/05\/nntn8127-4.jpg?resize=600%2C600&#038;ssl=1\" alt=\"\" class=\"wp-image-6872\" srcset=\"https:\/\/i0.wp.com\/commutronics.com.tw\/wp-content\/uploads\/2025\/05\/nntn8127-4.jpg?w=600&amp;ssl=1 600w, https:\/\/i0.wp.com\/commutronics.com.tw\/wp-content\/uploads\/2025\/05\/nntn8127-4.jpg?resize=300%2C300&amp;ssl=1 300w, https:\/\/i0.wp.com\/commutronics.com.tw\/wp-content\/uploads\/2025\/05\/nntn8127-4.jpg?resize=150%2C150&amp;ssl=1 150w, https:\/\/i0.wp.com\/commutronics.com.tw\/wp-content\/uploads\/2025\/05\/nntn8127-4.jpg?resize=12%2C12&amp;ssl=1 12w, https:\/\/i0.wp.com\/commutronics.com.tw\/wp-content\/uploads\/2025\/05\/nntn8127-4.jpg?resize=100%2C100&amp;ssl=1 100w\" sizes=\"(max-width: 600px) 100vw, 600px\" \/><\/figure>\n<\/div><\/div>\n<\/div><\/div><div class=\"wp_swiper__navigation\"><div class=\"wp_swiper__navigation-container\"><div class=\"swiper-button-prev wp_swiper__button-prev\"><img data-recalc-dims=\"1\" decoding=\"async\" src=\"https:\/\/i0.wp.com\/commutronics.com.tw\/wp-content\/uploads\/2024\/06\/lett-1.png?ssl=1\" alt=\"Anterior\"\/><\/div><div class=\"swiper-button-next wp_swiper__button-next\"><img data-recalc-dims=\"1\" decoding=\"async\" src=\"https:\/\/i0.wp.com\/commutronics.com.tw\/wp-content\/uploads\/2024\/06\/right-1.png?ssl=1\" alt=\"Anterior\"\/><\/div><\/div><\/div><div class=\"swiper-pagination\"><\/div><\/div><\/div>\n<\/div>\n\n\n\n<div class=\"wp-block-column is-layout-flow wp-block-column-is-layout-flow\">\n<p class=\"wp-block-paragraph\"><em>NNTN8127<\/em> Proporciona una forma r\u00e1pida y flexible de conectarse sin problemas a su intercomunicador. El m\u00f3dulo se puede utilizar como dispositivo PTT inal\u00e1mbrico independiente, emparejado como parte de un kit de escucha inal\u00e1mbrico encubierto o para alimentar un auricular inal\u00e1mbrico de operaci\u00f3n cr\u00edtica (NNTN8294 o NNTN8295).<\/p>\n\n\n\n<ul class=\"wp-block-list\">\n<li><strong>Tiempo de respuesta r\u00e1pido<\/strong>: S\u00f3lo transcurren 25 milisegundos desde que se pulsa la tecla PTT hasta que se inicia una llamada, lo que garantiza una experiencia de comunicaci\u00f3n pr\u00e1cticamente sin latencia.<\/li>\n\n\n\n<li><strong>Intuici\u00f3n operativa<\/strong>Los botones grandes y las teclas de control de volumen facilitan su uso, incluso con guantes.<\/li>\n\n\n\n<li><strong>Ligero y port\u00e1til<\/strong>Peque\u00f1a y ligera, se puede guardar en un bolsillo o enganchar a la ropa, lo que facilita su transporte.<\/li>\n\n\n\n<li><strong>Conexi\u00f3n Bluetooth<\/strong>Conexi\u00f3n inal\u00e1mbrica flexible con radios y auriculares Motorola compatibles con Bluetooth.<\/li>\n\n\n\n<li><strong>Duraci\u00f3n de la bater\u00eda<\/strong>: Bater\u00eda de iones de litio recargable incorporada con hasta 12 horas de autonom\u00eda, se recarga en unas 3 horas mediante Micro USB.<\/li>\n\n\n\n<li><strong>Indicador LED de estado<\/strong>Los LED indican el estado de encendido, el estado de emparejamiento Bluetooth y el estado de carga.<\/li>\n<\/ul>\n\n\n\n<h2 class=\"wp-block-heading has-medium-font-size\">Adecuado para<\/h2>\n\n\n\n<hr class=\"wp-block-separator has-alpha-channel-opacity\"\/>\n\n\n\n<p class=\"wp-block-paragraph\"><strong>Serie MOTOTRBO<\/strong>::<strong>dp3441, dp3661, dp4401, dp4601, dp4801, dp3401, dp3601, dp3600, p8600i, p8628i, p8668i, r7<\/strong>, <\/p>\n\n\n\n<p class=\"wp-block-paragraph\"><strong>Serie SL: SL4000, SL2600, SL2M<\/strong><\/p>\n\n\n\n<p class=\"wp-block-paragraph\"><strong>tlk100, tlk150, lex l10, lex l11 <\/strong><\/p>\n\n\n\n<div class=\"wp-block-file\"><a href=\"https:\/\/commutronics.com.tw\/wp-content\/uploads\/2025\/05\/operations_critical_wireless_user_guide.pdf\" class=\"wp-block-file__button wp-element-button\" download>Descargar<\/a><\/div>\n<\/div>\n<\/div>\n\n\n\n<div class=\"wp-block-columns alignwide is-layout-flex wp-container-core-columns-is-layout-3b811c60 wp-block-columns-is-layout-flex\">\n<div class=\"wp-block-column is-layout-flow wp-block-column-is-layout-flow\" style=\"flex-basis:66.66%\">\n<h2 class=\"wp-block-heading has-text-align-left has-large-font-size\">Especificaci\u00f3n<\/h2>\n<\/div>\n<\/div>\n\n\n\n<figure class=\"wp-block-table alignwide is-style-stripes\"><table class=\"has-fixed-layout\"><tbody><tr><td class=\"has-text-align-center\" data-align=\"center\">pesos<\/td><td>195 g<\/td><\/tr><tr><td class=\"has-text-align-center\" data-align=\"center\">tallas<\/td><td>3,8 cm \u00d7 1,3 cm \u00d7 7 cm<\/td><\/tr><tr><td class=\"has-text-align-center\" data-align=\"center\">Grado de protecci\u00f3n (IP)<\/td><td>IP54 (a prueba de polvo y salpicaduras)<\/td><\/tr><tr><td class=\"has-text-align-center\" data-align=\"center\"><strong>Grado a prueba de explosiones:<\/strong><\/td><td>No<\/td><\/tr><\/tbody><\/table><\/figure>","protected":false},"excerpt":{"rendered":"<p>NNTN8127 \u7121\u7dda PTT \u6309\u9215 NNTN8127 \u63d0\u4f9b\u5feb\u901f\u4e14\u9748\u6d3b\u7684\u65b9\u5f0f\uff0c\u8b93\u60a8\u8207\u5c0d\u8b1b\u6a5f\u7121\u7e2b\u9023\u63a5\u3002\u6b64\u6a21\u7d44\u53ef\u4f5c [&hellip;]<\/p>\n","protected":false},"author":251107229,"featured_media":0,"parent":6327,"menu_order":0,"comment_status":"closed","ping_status":"closed","template":"","meta":{"_crdt_document":"","footnotes":""},"class_list":["post-6864","page","type-page","status-publish","hentry"],"jetpack_likes_enabled":true,"jetpack_sharing_enabled":true,"jetpack_shortlink":"https:\/\/wp.me\/PfNdxH-1MI","jetpack-related-posts":[{"id":6327,"url":"https:\/\/commutronics.com.tw\/es\/accessories\/","url_meta":{"origin":6864,"position":0},"title":"C\u00f3mo elegir los accesorios de radio Motorola adecuados","author":"Alex Tseng","date":"mayo 29, 2024","format":false,"excerpt":"Motorola \u7121\u7dda\u96fb\u914d\u4ef6 \u5275\u65b0\u914d\u4ef6\uff0c\u63d0\u5347\u901a\u4fe1\u6548\u7387 \u5929\u7dda \u96fb\u6c60 \u8033\u6a5f\u9ea5\u514b\u98a8 \u9ea5\u514b\u98a8 \u914d\u4ef6\/\u7e9c\u7dda \u80cc\u2026","rel":"","context":"Entrada similar","block_context":{"text":"Entrada similar","link":""},"img":{"alt_text":"","src":"https:\/\/i0.wp.com\/commutronics.com.tw\/wp-content\/uploads\/2025\/07\/PMMN4013-Remote-Speaker-Microphone-1280x1280-1.jpeg?resize=350%2C200&ssl=1","width":350,"height":200,"srcset":"https:\/\/i0.wp.com\/commutronics.com.tw\/wp-content\/uploads\/2025\/07\/PMMN4013-Remote-Speaker-Microphone-1280x1280-1.jpeg?resize=350%2C200&ssl=1 1x, https:\/\/i0.wp.com\/commutronics.com.tw\/wp-content\/uploads\/2025\/07\/PMMN4013-Remote-Speaker-Microphone-1280x1280-1.jpeg?resize=525%2C300&ssl=1 1.5x, https:\/\/i0.wp.com\/commutronics.com.tw\/wp-content\/uploads\/2025\/07\/PMMN4013-Remote-Speaker-Microphone-1280x1280-1.jpeg?resize=700%2C400&ssl=1 2x"},"classes":[]},{"id":7236,"url":"https:\/\/commutronics.com.tw\/es\/support\/pmmn4096-rln6562-pairing\/","url_meta":{"origin":6864,"position":1},"title":"Emparejamiento Bluetooth PMMN4096\/RLN6562","author":"Alex Tseng","date":"septiembre 12, 2025","format":false,"excerpt":"\u65b9\u6cd51 : \u914d\u5c0d\u6d41\u7a0b \u64cd\u4f5c\u6b65\u9a5f WRSM = \u85cd\u82bd\u9ea5\u514b\u98a8 \u78ba\u8a8d\u96fb\u6e90\u78ba\u8a8d\u4e3b\u6a5f\u8207 WRSM\u5df2\u958b\u6a5f\u3002\u9996\u6b21\u958b\u2026","rel":"","context":"Entrada similar","block_context":{"text":"Entrada similar","link":""},"img":{"alt_text":"","src":"https:\/\/i0.wp.com\/commutronics.com.tw\/wp-content\/uploads\/2025\/09\/Capture.jpg?resize=350%2C200&ssl=1","width":350,"height":200,"srcset":"https:\/\/i0.wp.com\/commutronics.com.tw\/wp-content\/uploads\/2025\/09\/Capture.jpg?resize=350%2C200&ssl=1 1x, https:\/\/i0.wp.com\/commutronics.com.tw\/wp-content\/uploads\/2025\/09\/Capture.jpg?resize=525%2C300&ssl=1 1.5x, https:\/\/i0.wp.com\/commutronics.com.tw\/wp-content\/uploads\/2025\/09\/Capture.jpg?resize=700%2C400&ssl=1 2x"},"classes":[]},{"id":6378,"url":"https:\/\/commutronics.com.tw\/es\/accessories\/pmln7851\/","url_meta":{"origin":6864,"position":2},"title":"PMLN7851A Micr\u00f3fono Bluetooth con PTT","author":"Alex Tseng","date":"septiembre 25, 2024","format":false,"excerpt":"PMLN7851A \u85cd\u82bd\u9ea5\u514b\u98a8 \u9644PTT \u8a2d\u8a08\u4e0a\u6ce8\u91cd\u9577\u6642\u9593\u4f69\u6234\u7684\u8212\u9069\u6027\u3002\u9ea5\u514b\u98a8\u4e0a\u5167\u5efa\u4e86PTT\u6309\u9215\uff0c\u53ef\u2026","rel":"","context":"Entrada similar","block_context":{"text":"Entrada similar","link":""},"img":{"alt_text":"","src":"","width":0,"height":0},"classes":[]},{"id":6346,"url":"https:\/\/commutronics.com.tw\/es\/accessories\/pmmn4127\/","url_meta":{"origin":6864,"position":3},"title":"WM500 \u7121\u7dda\u85cd\u82bd\u9ea5\u514b\u98a8\uff1a\u9ad8\u6301\u4e45\u6027\u80fd","author":"Alex Tseng","date":"junio 28, 2024","format":false,"excerpt":"PMMN4127 WM500 \u7121\u7dda\u85cd\u82bd\u9ea5\u514b\u98a8 \u5728\u79fb\u52d5\u548c\u5be6\u5730\u64cd\u4f5c\u7684\u884c\u696d\u4e2d\u5de5\u4f5c\u6642\uff0c\u60a8\u9700\u8981\u5feb\u901f\u65b9\u4fbf\u5730\u4f7f\u7528\u6309\u2026","rel":"","context":"Entrada similar","block_context":{"text":"Entrada similar","link":""},"img":{"alt_text":"","src":"","width":0,"height":0},"classes":[]},{"id":6332,"url":"https:\/\/commutronics.com.tw\/es\/products\/mototrbo-m8668\/","url_meta":{"origin":6864,"position":4},"title":"Radios para veh\u00edculos Motorola M8668i","author":"Alex Tseng","date":"junio 13, 2024","format":false,"excerpt":"Motorola XiR M8668i \/ M8660i \u8eca\u7528\u7121\u7dda\u96fb\u5c0d\u8b1b\u6a5f MOTOTRBO XiR\u2026","rel":"","context":"Entrada similar","block_context":{"text":"Entrada similar","link":""},"img":{"alt_text":"","src":"https:\/\/i0.wp.com\/commutronics.com.tw\/wp-content\/uploads\/2024\/06\/M8668i.jpg?resize=350%2C200&ssl=1","width":350,"height":200,"srcset":"https:\/\/i0.wp.com\/commutronics.com.tw\/wp-content\/uploads\/2024\/06\/M8668i.jpg?resize=350%2C200&ssl=1 1x, https:\/\/i0.wp.com\/commutronics.com.tw\/wp-content\/uploads\/2024\/06\/M8668i.jpg?resize=525%2C300&ssl=1 1.5x, https:\/\/i0.wp.com\/commutronics.com.tw\/wp-content\/uploads\/2024\/06\/M8668i.jpg?resize=700%2C400&ssl=1 2x"},"classes":[]},{"id":6341,"url":"https:\/\/commutronics.com.tw\/es\/products\/mototrbo-sl1m-sl2m\/","url_meta":{"origin":6864,"position":5},"title":"MOTOTRBO SL1M\/SL2M","author":"Alex Tseng","date":"junio 20, 2024","format":false,"excerpt":"MOTOROLA SL1M\/SL2M \u7e96\u8584\u8f15\u5de7\u7684MOTOTRBO SL2M\u624b\u6301\u5c0d\u8b1b\u6a5f\u63d0\u4f9b\u5373\u6642\u901a\u8a0a\uff0c\u64c1\u2026","rel":"","context":"Entrada similar","block_context":{"text":"Entrada similar","link":""},"img":{"alt_text":"","src":"","width":0,"height":0},"classes":[]}],"_links":{"self":[{"href":"https:\/\/commutronics.com.tw\/es\/wp-json\/wp\/v2\/pages\/6864","targetHints":{"allow":["GET"]}}],"collection":[{"href":"https:\/\/commutronics.com.tw\/es\/wp-json\/wp\/v2\/pages"}],"about":[{"href":"https:\/\/commutronics.com.tw\/es\/wp-json\/wp\/v2\/types\/page"}],"author":[{"embeddable":true,"href":"https:\/\/commutronics.com.tw\/es\/wp-json\/wp\/v2\/users\/251107229"}],"replies":[{"embeddable":true,"href":"https:\/\/commutronics.com.tw\/es\/wp-json\/wp\/v2\/comments?post=6864"}],"version-history":[{"count":10,"href":"https:\/\/commutronics.com.tw\/es\/wp-json\/wp\/v2\/pages\/6864\/revisions"}],"predecessor-version":[{"id":6885,"href":"https:\/\/commutronics.com.tw\/es\/wp-json\/wp\/v2\/pages\/6864\/revisions\/6885"}],"up":[{"embeddable":true,"href":"https:\/\/commutronics.com.tw\/es\/wp-json\/wp\/v2\/pages\/6327"}],"wp:attachment":[{"href":"https:\/\/commutronics.com.tw\/es\/wp-json\/wp\/v2\/media?parent=6864"}],"curies":[{"name":"wp","href":"https:\/\/api.w.org\/{rel}","templated":true}]}}