{"id":6399,"date":"2025-03-08T18:18:24","date_gmt":"2025-03-08T10:18:24","guid":{"rendered":"https:\/\/commutronics.com.tw\/about\/ibwave_desgin\/"},"modified":"2025-03-27T01:44:32","modified_gmt":"2025-03-26T17:44:32","slug":"ibwave_desgin","status":"publish","type":"page","link":"https:\/\/commutronics.com.tw\/es\/solutions\/ibwave_desgin\/","title":{"rendered":"iBwave\u8a2d\u8a08"},"content":{"rendered":"<h2 class=\"wp-block-heading\"><strong>Soluciones de planificaci\u00f3n y dise\u00f1o de comunicaciones inal\u00e1mbricas iBwave<\/strong><\/h2>\n\n\n\n<div class=\"wp-block-columns alignwide is-layout-flex wp-container-core-columns-is-layout-3b811c60 wp-block-columns-is-layout-flex\">\n<div class=\"wp-block-column is-style-default has-theme-1-background-color has-background is-layout-flow wp-block-column-is-layout-flow\">\n<h2 class=\"wp-block-heading\"><strong>\u00bfQu\u00e9 es iBwave?<\/strong><\/h2>\n\n\n\n<p class=\"wp-block-paragraph\">iBwave es una empresa reconocida<strong>Software est\u00e1ndar de dise\u00f1o y planificaci\u00f3n de redes inal\u00e1mbricas<\/strong>Los productos se utilizan ampliamente en los siguientes \u00e1mbitos<strong>Telefon\u00eda m\u00f3vil (4G\/5G), Wi-Fi, comunicaciones inal\u00e1mbricas profesionales (DMR, P25, TETRA), seguridad p\u00fablica, comunicaciones intraempresariales<\/strong>y otras \u00e1reas. Con iBwave, los ingenieros pueden<strong>Planificaci\u00f3n precisa de la cobertura inal\u00e1mbrica<\/strong>Tambi\u00e9n garantiza una calidad y un rendimiento \u00f3ptimos de las comunicaciones y reduce los costes de implantaci\u00f3n.<\/p>\n\n\n\n<hr class=\"wp-block-separator has-alpha-channel-opacity\"\/>\n\n\n\n<h3 class=\"wp-block-heading\"><strong>Cobertura de la se\u00f1al inal\u00e1mbrica y planificaci\u00f3n de RF<\/strong><\/h3>\n\n\n\n<p class=\"wp-block-paragraph\">iBwave dispone de un potente <strong>Simulaci\u00f3n y an\u00e1lisis de RF<\/strong>La estructura del edificio y las condiciones ambientales son tales que es posible<strong>Predicci\u00f3n precisa de la cobertura de la se\u00f1al inal\u00e1mbrica<\/strong>Tambi\u00e9n garantiza que no haya puntos muertos en la se\u00f1al.<\/p>\n\n\n\n<h3 class=\"wp-block-heading\"><strong>Modelado 3D y an\u00e1lisis de mapas de calor<\/strong><\/h3>\n\n\n\n<p class=\"wp-block-paragraph\">a trav\u00e9s de <strong>Simulaci\u00f3n 3D de la estructura de un edificio<\/strong>El iBwave proporciona una visualizaci\u00f3n intuitiva de la distribuci\u00f3n de la se\u00f1al y ofrece<strong>An\u00e1lisis del mapa de calor<\/strong>Esto permite a los usuarios tener una idea clara de la intensidad de la cobertura, las interferencias y los puntos ciegos de la red Wi-Fi.<\/p>\n\n\n\n<h3 class=\"wp-block-heading\"><strong>Integraci\u00f3n multitecnol\u00f3gica<\/strong><\/h3>\n\n\n\n<p class=\"wp-block-paragraph\">iBwave no s\u00f3lo funciona con radios tradicionales (DMR, P25, TETRA), sino que tambi\u00e9n admite <strong>Wi-Fi, 5G, LTE, IoT, tecnolog\u00edas de comunicaci\u00f3n para edificios inteligentes<\/strong>Esto garantiza una integraci\u00f3n y optimizaci\u00f3n perfectas de las distintas tecnolog\u00edas de redes inal\u00e1mbricas.<\/p>\n\n\n\n<h3 class=\"wp-block-heading\"><strong>Informe de planificaci\u00f3n y an\u00e1lisis de optimizaci\u00f3n<\/strong><\/h3>\n\n\n\n<p class=\"wp-block-paragraph\">El sistema puede generar autom\u00e1ticamente <strong>Informe de dise\u00f1o, lista de equipos (BOM) y especificaciones de instalaci\u00f3n<\/strong>La misi\u00f3n de la empresa es ayudar a los equipos de ingenier\u00eda a completar r\u00e1pidamente los despliegues y optimizar los costes y la eficiencia de la construcci\u00f3n.<\/p>\n\n\n\n<h2 class=\"wp-block-heading\"><strong>Campo de dise\u00f1o de aplicaciones iBwave<\/strong><\/h2>\n\n\n\n<hr class=\"wp-block-separator has-alpha-channel-opacity\"\/>\n\n\n\n<h3 class=\"wp-block-heading\"><strong>Edificios corporativos y comerciales<\/strong><\/h3>\n\n\n\n<p class=\"wp-block-paragraph\">Garantizar que los edificios de oficinas, los grandes almacenes, los edificios inteligentes<strong>Estabilidad de la red inal\u00e1mbrica<\/strong>La misi\u00f3n de la empresa es mejorar la calidad de la comunicaci\u00f3n entre el personal y los visitantes.<\/p>\n\n\n\n<h3 class=\"wp-block-heading\"><strong>Entorno industrial y de almacenamiento<\/strong><\/h3>\n\n\n\n<p class=\"wp-block-paragraph\">En el caso de f\u00e1bricas, almacenes y grandes instalaciones de fabricaci\u00f3n, aseg\u00farese de que los sistemas de comunicaciones de radio y datos son<strong>Conexi\u00f3n perfecta<\/strong>Adem\u00e1s, mejorar\u00e1 la eficacia operativa.<\/p>\n\n\n\n<h3 class=\"wp-block-heading\"><strong>Transporte p\u00fablico y grandes infraestructuras<\/strong><\/h3>\n\n\n\n<p class=\"wp-block-paragraph\">Adecuado para MTR, aeropuertos, estaciones, t\u00faneles, etc.<strong>Entorno de comunicaciones cr\u00edticas<\/strong>El nuevo sistema proporciona una cobertura inal\u00e1mbrica estable y garantiza la seguridad operativa.<\/p>\n\n\n\n<h3 class=\"wp-block-heading\"><strong>Seguridad p\u00fablica y comunicaciones de emergencia<\/strong><\/h3>\n\n\n\n<p class=\"wp-block-paragraph\">Aplicable a la polic\u00eda, bomberos, ambulancias, etc. para garantizar que, en caso de emergencia, el<strong>Los equipos de comunicaci\u00f3n pueden funcionar sin retrasos ni interferencias.<\/strong>.<\/p>\n\n\n\n<h3 class=\"wp-block-heading\"><strong>Estadios y arenas<\/strong><\/h3>\n\n\n\n<p class=\"wp-block-paragraph\">A trav\u00e9s de<strong>Planificaci\u00f3n y dise\u00f1o inal\u00e1mbricos<\/strong>La se\u00f1al se transmite sin problemas.<\/p>\n\n\n\n<hr class=\"wp-block-separator has-alpha-channel-opacity\"\/>\n\n\n\n<p class=\"wp-block-paragraph\">Commutronics (Yuyu Trading Co., Ltd.) como proveedor profesional de soluciones de comunicaci\u00f3n inal\u00e1mbrica.<strong>Amplia experiencia con aplicaciones iBwave<\/strong>Nuestro equipo profesional puede ayudar a nuestros clientes con<strong>Dise\u00f1o de comunicaciones inal\u00e1mbricas, an\u00e1lisis de cobertura, selecci\u00f3n de equipos y optimizaci\u00f3n de sistemas<\/strong>Esto garantiza un rendimiento \u00f3ptimo de las comunicaciones y una buena relaci\u00f3n coste-eficacia.<\/p>\n\n\n\n<figure class=\"wp-block-image size-full\"><img data-recalc-dims=\"1\" decoding=\"async\" src=\"https:\/\/i0.wp.com\/commutronics.com.tw\/wp-content\/uploads\/2025\/03\/heatMap_1-1.jpg?ssl=1\" alt=\"\" class=\"wp-image-5270\"\/><\/figure>\n<\/div>\n<\/div>","protected":false},"excerpt":{"rendered":"<p>iBwave \u7121\u7dda\u901a\u8a0a\u898f\u5283\u8207\u8a2d\u8a08\u89e3\u6c7a\u65b9\u6848 \u4ec0\u9ebc\u662f iBwave\uff1f iBwave \u662f\u5168\u7403\u516c\u8a8d\u7684\u7121\u7dda\u7db2\u7d61\u8a2d\u8a08\u8207\u898f\u5283 [&hellip;]<\/p>\n","protected":false},"author":251107229,"featured_media":6321,"parent":6397,"menu_order":0,"comment_status":"closed","ping_status":"closed","template":"","meta":{"_crdt_document":"","footnotes":""},"class_list":["post-6399","page","type-page","status-publish","has-post-thumbnail","hentry"],"jetpack_likes_enabled":true,"jetpack_sharing_enabled":true,"jetpack_shortlink":"https:\/\/wp.me\/PfNdxH-1Fd","jetpack-related-posts":[{"id":7116,"url":"https:\/\/commutronics.com.tw\/es\/solutions\/rf_simulation\/","url_meta":{"origin":6399,"position":0},"title":"Simulaci\u00f3n de se\u00f1ales RF en exteriores","author":"Alex Tseng","date":"agosto 10, 2025","format":false,"excerpt":"\u63d0\u5347\u8986\u84cb\u6548\u80fd \u5728\u7121\u7dda\u901a\u8a0a\u7cfb\u7d71\u7684\u898f\u5283\u8207\u90e8\u7f72\u904e\u7a0b\u4e2d\uff0cRF \u5ba4\u5916\u8a0a\u865f\u6a21\u64ec\u662f\u78ba\u4fdd\u7cfb\u7d71\u6548\u80fd\u8207\u8986\u84cb\u54c1\u8cea\u7684\u95dc\u9375\u6b65\u9a5f\u2026","rel":"","context":"Entrada similar","block_context":{"text":"Entrada similar","link":""},"img":{"alt_text":"","src":"https:\/\/i0.wp.com\/commutronics.com.tw\/wp-content\/uploads\/2025\/08\/c_1.jpg?resize=350%2C200","width":350,"height":200,"srcset":"https:\/\/i0.wp.com\/commutronics.com.tw\/wp-content\/uploads\/2025\/08\/c_1.jpg?resize=350%2C200 1x, https:\/\/i0.wp.com\/commutronics.com.tw\/wp-content\/uploads\/2025\/08\/c_1.jpg?resize=525%2C300 1.5x, https:\/\/i0.wp.com\/commutronics.com.tw\/wp-content\/uploads\/2025\/08\/c_1.jpg?resize=700%2C400 2x, https:\/\/i0.wp.com\/commutronics.com.tw\/wp-content\/uploads\/2025\/08\/c_1.jpg?resize=1050%2C600 3x, https:\/\/i0.wp.com\/commutronics.com.tw\/wp-content\/uploads\/2025\/08\/c_1.jpg?resize=1400%2C800 4x"},"classes":[]},{"id":7900,"url":"https:\/\/commutronics.com.tw\/es\/products\/rf_passive_components\/","url_meta":{"origin":6399,"position":1},"title":"componente pasivo","author":"Alex Tseng","date":"enero 17, 2026","format":false,"excerpt":"\u7cfb\u7d71\u88ab\u52d5\u5143\u4ef6 \u5728\u7121\u7dda\u96fb\u7cfb\u7d71\u3001\u57fa\u5730\u53f0\u5ef6\u4f38\u3001\u5ba4\u5167\u5916\u8986\u84cb\u5de5\u7a0b\u4e2d\uff0c\u88ab\u52d5\u5143\u4ef6\u7684\u9078\u578b\u8207\u914d\u7f6e\u662f\u7cfb\u7d71\u8a2d\u8a08\u7684\u95dc\u9375\u4e4b\u4e00\uff0c\u2026","rel":"","context":"Entrada similar","block_context":{"text":"Entrada similar","link":""},"img":{"alt_text":"","src":"https:\/\/i0.wp.com\/commutronics.com.tw\/wp-content\/uploads\/2025\/12\/IMG_8833.jpg?fit=900%2C1200&ssl=1&resize=350%2C200","width":350,"height":200,"srcset":"https:\/\/i0.wp.com\/commutronics.com.tw\/wp-content\/uploads\/2025\/12\/IMG_8833.jpg?fit=900%2C1200&ssl=1&resize=350%2C200 1x, https:\/\/i0.wp.com\/commutronics.com.tw\/wp-content\/uploads\/2025\/12\/IMG_8833.jpg?fit=900%2C1200&ssl=1&resize=525%2C300 1.5x, https:\/\/i0.wp.com\/commutronics.com.tw\/wp-content\/uploads\/2025\/12\/IMG_8833.jpg?fit=900%2C1200&ssl=1&resize=700%2C400 2x"},"classes":[]},{"id":8050,"url":"https:\/\/commutronics.com.tw\/es\/system_integration\/rf_inepsction\/","url_meta":{"origin":6399,"position":2},"title":"Instrumentaci\u00f3n","author":"Alex Tseng","date":"enero 18, 2026","format":false,"excerpt":"\u8a2d\u5099\u5100\u5668\u6aa2\u6e2c RF\u7d9c\u5408\u6e2c\u8a66\u5100 \u6211\u5011\u63a1\u7528\u696d\u754c\u516c\u8a8d\u7684\u6a19\u6e96\u7121\u7dda\u901a\u8a0a\u6e2c\u8a66\u5100\uff0c\u70ba\u60a8\u7684\u8a2d\u5099\u63d0\u4f9b\u5168\u65b9\u4f4d\u7684\u6027\u80fd\u9ad4\u6aa2\u3002\u2026","rel":"","context":"Entrada similar","block_context":{"text":"Entrada similar","link":""},"img":{"alt_text":"","src":"https:\/\/i0.wp.com\/commutronics.com.tw\/wp-content\/uploads\/2026\/01\/image-5.png?resize=350%2C200","width":350,"height":200,"srcset":"https:\/\/i0.wp.com\/commutronics.com.tw\/wp-content\/uploads\/2026\/01\/image-5.png?resize=350%2C200 1x, https:\/\/i0.wp.com\/commutronics.com.tw\/wp-content\/uploads\/2026\/01\/image-5.png?resize=525%2C300 1.5x, https:\/\/i0.wp.com\/commutronics.com.tw\/wp-content\/uploads\/2026\/01\/image-5.png?resize=700%2C400 2x"},"classes":[]},{"id":7220,"url":"https:\/\/commutronics.com.tw\/es\/energy\/","url_meta":{"origin":6399,"position":3},"title":"Energ\u00eda\/comunicaciones offshore","author":"Alex Tseng","date":"noviembre 8, 2025","format":false,"excerpt":"\u95dc\u9375\u512a\u52e2 \u6211\u5011\u80fd\u5920\u7d50\u5408\u570b\u969b\u7d93\u9a57\u8207\u5728\u5730\u652f\u63f4\u7684\u6574\u5408\u5925\u4f34\u4e26\u6df1\u8015\u53f0\u7063\u8207\u4e9e\u592a\u5e02\u5834\u591a\u5e74\uff0c\u719f\u6089 Google\u3001Mi\u2026","rel":"","context":"Entrada similar","block_context":{"text":"Entrada similar","link":""},"img":{"alt_text":"","src":"https:\/\/i0.wp.com\/commutronics.com.tw\/wp-content\/uploads\/2025\/11\/Avigilon_H4-IR-PTZ-Camera_Side_Pendant-Wall-Arm_Wiper-1280x1280-1.jpeg?resize=350%2C200&ssl=1","width":350,"height":200,"srcset":"https:\/\/i0.wp.com\/commutronics.com.tw\/wp-content\/uploads\/2025\/11\/Avigilon_H4-IR-PTZ-Camera_Side_Pendant-Wall-Arm_Wiper-1280x1280-1.jpeg?resize=350%2C200&ssl=1 1x, https:\/\/i0.wp.com\/commutronics.com.tw\/wp-content\/uploads\/2025\/11\/Avigilon_H4-IR-PTZ-Camera_Side_Pendant-Wall-Arm_Wiper-1280x1280-1.jpeg?resize=525%2C300&ssl=1 1.5x, https:\/\/i0.wp.com\/commutronics.com.tw\/wp-content\/uploads\/2025\/11\/Avigilon_H4-IR-PTZ-Camera_Side_Pendant-Wall-Arm_Wiper-1280x1280-1.jpeg?resize=700%2C400&ssl=1 2x"},"classes":[]},{"id":6398,"url":"https:\/\/commutronics.com.tw\/es\/solutions\/indoor_radio_signal_coverage\/","url_meta":{"origin":6399,"position":4},"title":"Conector de sala de se\u00f1ales","author":"Alex Tseng","date":"marzo 8, 2025","format":false,"excerpt":"\u8a0a\u865f\u5ba4\u5167\u6db5\u84cb \u96a8\u8457\u7121\u7dda\u901a\u8a0a\u6280\u8853\u7684\u5feb\u901f\u767c\u5c55\uff0c\u79fb\u52d5\u8a2d\u5099\u5df2\u6210\u70ba\u4eba\u5011\u65e5\u5e38\u751f\u6d3b\u548c\u5de5\u4f5c\u4e2d\u4e0d\u53ef\u6216\u7f3a\u7684\u4e00\u90e8\u5206\u3002\u7136\u800c\uff0c\u2026","rel":"","context":"Entrada similar","block_context":{"text":"Entrada similar","link":""},"img":{"alt_text":"","src":"","width":0,"height":0},"classes":[]},{"id":6386,"url":"https:\/\/commutronics.com.tw\/es\/","url_meta":{"origin":6399,"position":5},"title":"Motorola Yuyu Trading Co.","author":"Alex Tseng","date":"noviembre 7, 2024","format":false,"excerpt":"\u5275\u65b0\u89e3\u6c7a\u65b9\u6848\uff0c\u5be6\u73fe\u7121\u7e2b\u901a\u4fe1 \u5275\u7acb\u65bc 1994 \u5e74\uff0c\u70ba\u53f0\u7063\u5927\u578b\u7121\u7dda\u901a\u8a0a\u7cfb\u7d71\u6574\u5408\u53ca\u6df1\u8015\u53f0\u7063\u7e3d\u4ee3\u7406Moto\u2026","rel":"","context":"Entrada similar","block_context":{"text":"Entrada similar","link":""},"img":{"alt_text":"","src":"https:\/\/i0.wp.com\/commutronics.com.tw\/wp-content\/uploads\/2025\/05\/%E6%98%B1%E5%AE%87%E8%B2%BF%E6%98%93%E6%9C%89%E9%99%90%E5%85%AC%E5%8F%B8%E7%99%BD%E9%87%91%E6%8E%88%E6%AC%8A%E7%B6%93%E9%8A%B7%E5%95%86%E8%AD%89%E6%98%8E2025-1.jpg?fit=1200%2C873&ssl=1&resize=350%2C200","width":350,"height":200,"srcset":"https:\/\/i0.wp.com\/commutronics.com.tw\/wp-content\/uploads\/2025\/05\/%E6%98%B1%E5%AE%87%E8%B2%BF%E6%98%93%E6%9C%89%E9%99%90%E5%85%AC%E5%8F%B8%E7%99%BD%E9%87%91%E6%8E%88%E6%AC%8A%E7%B6%93%E9%8A%B7%E5%95%86%E8%AD%89%E6%98%8E2025-1.jpg?fit=1200%2C873&ssl=1&resize=350%2C200 1x, https:\/\/i0.wp.com\/commutronics.com.tw\/wp-content\/uploads\/2025\/05\/%E6%98%B1%E5%AE%87%E8%B2%BF%E6%98%93%E6%9C%89%E9%99%90%E5%85%AC%E5%8F%B8%E7%99%BD%E9%87%91%E6%8E%88%E6%AC%8A%E7%B6%93%E9%8A%B7%E5%95%86%E8%AD%89%E6%98%8E2025-1.jpg?fit=1200%2C873&ssl=1&resize=525%2C300 1.5x, https:\/\/i0.wp.com\/commutronics.com.tw\/wp-content\/uploads\/2025\/05\/%E6%98%B1%E5%AE%87%E8%B2%BF%E6%98%93%E6%9C%89%E9%99%90%E5%85%AC%E5%8F%B8%E7%99%BD%E9%87%91%E6%8E%88%E6%AC%8A%E7%B6%93%E9%8A%B7%E5%95%86%E8%AD%89%E6%98%8E2025-1.jpg?fit=1200%2C873&ssl=1&resize=700%2C400 2x, https:\/\/i0.wp.com\/commutronics.com.tw\/wp-content\/uploads\/2025\/05\/%E6%98%B1%E5%AE%87%E8%B2%BF%E6%98%93%E6%9C%89%E9%99%90%E5%85%AC%E5%8F%B8%E7%99%BD%E9%87%91%E6%8E%88%E6%AC%8A%E7%B6%93%E9%8A%B7%E5%95%86%E8%AD%89%E6%98%8E2025-1.jpg?fit=1200%2C873&ssl=1&resize=1050%2C600 3x"},"classes":[]}],"_links":{"self":[{"href":"https:\/\/commutronics.com.tw\/es\/wp-json\/wp\/v2\/pages\/6399","targetHints":{"allow":["GET"]}}],"collection":[{"href":"https:\/\/commutronics.com.tw\/es\/wp-json\/wp\/v2\/pages"}],"about":[{"href":"https:\/\/commutronics.com.tw\/es\/wp-json\/wp\/v2\/types\/page"}],"author":[{"embeddable":true,"href":"https:\/\/commutronics.com.tw\/es\/wp-json\/wp\/v2\/users\/251107229"}],"replies":[{"embeddable":true,"href":"https:\/\/commutronics.com.tw\/es\/wp-json\/wp\/v2\/comments?post=6399"}],"version-history":[{"count":1,"href":"https:\/\/commutronics.com.tw\/es\/wp-json\/wp\/v2\/pages\/6399\/revisions"}],"predecessor-version":[{"id":6438,"href":"https:\/\/commutronics.com.tw\/es\/wp-json\/wp\/v2\/pages\/6399\/revisions\/6438"}],"up":[{"embeddable":true,"href":"https:\/\/commutronics.com.tw\/es\/wp-json\/wp\/v2\/pages\/6397"}],"wp:featuredmedia":[{"embeddable":true,"href":"https:\/\/commutronics.com.tw\/es\/wp-json\/wp\/v2\/media\/6321"}],"wp:attachment":[{"href":"https:\/\/commutronics.com.tw\/es\/wp-json\/wp\/v2\/media?parent=6399"}],"curies":[{"name":"wp","href":"https:\/\/api.w.org\/{rel}","templated":true}]}}