{"id":6388,"date":"2024-12-04T17:55:04","date_gmt":"2024-12-04T09:55:04","guid":{"rendered":"https:\/\/commutronics.com.tw\/motorola-apx1000i-2\/"},"modified":"2026-01-18T13:43:00","modified_gmt":"2026-01-18T05:43:00","slug":"motorola-apx1000i","status":"publish","type":"page","link":"https:\/\/commutronics.com.tw\/es\/products\/motorola-apx1000i\/","title":{"rendered":"APX1000i"},"content":{"rendered":"<div class=\"wp-block-group alignfull has-global-padding is-layout-constrained wp-block-group-is-layout-constrained\">\n<div class=\"wp-block-group alignwide has-global-padding is-content-justification-center is-layout-constrained wp-container-core-group-is-layout-30dfff16 wp-block-group-is-layout-constrained\" style=\"margin-top:0;margin-bottom:0;padding-top:calc( 0.5 * var(u002du002dwpu002du002dstyleu002du002drootu002du002dpadding-right, var(u002du002dwpu002du002dcustomu002du002dgapu002du002dhorizontal)));padding-right:var(u002du002dwpu002du002dstyleu002du002drootu002du002dpadding-right, var(u002du002dwpu002du002dcustomu002du002dgapu002du002dhorizontal));padding-bottom:calc( 0.5 * var(u002du002dwpu002du002dstyleu002du002drootu002du002dpadding-right, var(u002du002dwpu002du002dcustomu002du002dgapu002du002dhorizontal)));padding-left:var(u002du002dwpu002du002dstyleu002du002drootu002du002dpadding-left, var(u002du002dwpu002du002dcustomu002du002dgapu002du002dhorizontal))\">\n<div class=\"wp-block-columns alignwide is-layout-flex wp-container-core-columns-is-layout-3b811c60 wp-block-columns-is-layout-flex\">\n<div class=\"wp-block-column is-layout-flow wp-block-column-is-layout-flow\">\n<figure class=\"wp-block-image aligncenter size-full is-resized\"><img data-recalc-dims=\"1\" fetchpriority=\"high\" decoding=\"async\" width=\"519\" height=\"1361\" data-attachment-id=\"7807\" data-permalink=\"https:\/\/commutronics.com.tw\/es\/products\/motorola-apx1000i\/capture-5\/\" data-orig-file=\"https:\/\/i0.wp.com\/commutronics.com.tw\/wp-content\/uploads\/2025\/12\/Capture.jpg?fit=519%2C1361&amp;ssl=1\" data-orig-size=\"519,1361\" data-comments-opened=\"1\" data-image-meta=\"{&quot;aperture&quot;:&quot;0&quot;,&quot;credit&quot;:&quot;Chun-Yu Tseng&quot;,&quot;camera&quot;:&quot;&quot;,&quot;caption&quot;:&quot;&quot;,&quot;created_timestamp&quot;:&quot;1765996088&quot;,&quot;copyright&quot;:&quot;&quot;,&quot;focal_length&quot;:&quot;0&quot;,&quot;iso&quot;:&quot;0&quot;,&quot;shutter_speed&quot;:&quot;0&quot;,&quot;title&quot;:&quot;&quot;,&quot;orientation&quot;:&quot;0&quot;}\" data-image-title=\"Capture\" data-image-description=\"\" data-image-caption=\"\" data-large-file=\"https:\/\/i0.wp.com\/commutronics.com.tw\/wp-content\/uploads\/2025\/12\/Capture.jpg?fit=390%2C1024&amp;ssl=1\" src=\"https:\/\/i0.wp.com\/commutronics.com.tw\/wp-content\/uploads\/2025\/12\/Capture.jpg?resize=519%2C1361&#038;ssl=1\" alt=\"\" class=\"wp-image-7807\" style=\"aspect-ratio:9\/16;object-fit:contain;width:300px\" srcset=\"https:\/\/i0.wp.com\/commutronics.com.tw\/wp-content\/uploads\/2025\/12\/Capture.jpg?w=519&amp;ssl=1 519w, https:\/\/i0.wp.com\/commutronics.com.tw\/wp-content\/uploads\/2025\/12\/Capture.jpg?resize=114%2C300&amp;ssl=1 114w, https:\/\/i0.wp.com\/commutronics.com.tw\/wp-content\/uploads\/2025\/12\/Capture.jpg?resize=390%2C1024&amp;ssl=1 390w, https:\/\/i0.wp.com\/commutronics.com.tw\/wp-content\/uploads\/2025\/12\/Capture.jpg?resize=5%2C12&amp;ssl=1 5w\" sizes=\"(max-width: 519px) 100vw, 519px\" \/><\/figure>\n\n\n\n<div class=\"wp-swiper\"><div class=\"wp-swiper__wrapper\"><div class=\"swiper-container swiper\" data-debug=\"true\" data-swiper=\"{&quot;slidesPerView&quot;:3,&quot;slidesPerGroup&quot;:1,&quot;slidesPerGroupAuto&quot;:false,&quot;slidesPerGroupSkip&quot;:0,&quot;navigation&quot;:true,&quot;pagination&quot;:{&quot;type&quot;:&quot;bullets&quot;},&quot;delay&quot;:3000,&quot;speed&quot;:500,&quot;loop&quot;:false,&quot;direction&quot;:&quot;horizontal&quot;,&quot;slidesOffsetBefore&quot;:0,&quot;slidesOffsetAfter&quot;:0,&quot;autoHeight&quot;:true,&quot;spaceBetween&quot;:0,&quot;releaseOnEdges&quot;:false,&quot;effect&quot;:&quot;slide&quot;}\"><div class=\"swiper-wrapper\">\n<div data-tab=\"slide-1\" class=\"wp-swiper__slide swiper-slide\"><div class=\"wp-swiper__overlay-color\" style=\"background-color:rgba(0, 0, 0, 0)\"><\/div><div class=\"wp-swiper__slide-content\" style=\"max-width:51%\"><\/div><\/div>\n\n\n\n<div data-tab=\"slide-2\" class=\"wp-swiper__slide swiper-slide\"><div class=\"wp-swiper__overlay-color\" style=\"background-color:rgba(0, 0, 0, 0)\"><\/div><div class=\"wp-swiper__slide-content\"><\/div><\/div>\n<\/div><\/div><div class=\"wp_swiper__navigation\"><div class=\"wp_swiper__navigation-container\"><div class=\"swiper-button-prev wp_swiper__button-prev\"><img data-recalc-dims=\"1\" decoding=\"async\" src=\"https:\/\/i0.wp.com\/commutronics.com.tw\/wp-content\/uploads\/2024\/06\/lett.png?ssl=1\" alt=\"Anterior\"\/><\/div><div class=\"swiper-button-next wp_swiper__button-next\"><img data-recalc-dims=\"1\" decoding=\"async\" src=\"https:\/\/i0.wp.com\/commutronics.com.tw\/wp-content\/uploads\/2024\/06\/right.png?ssl=1\" alt=\"Anterior\"\/><\/div><\/div><\/div><div class=\"swiper-pagination\"><\/div><\/div><\/div>\n<\/div>\n\n\n\n<div class=\"wp-block-column is-layout-flow wp-block-column-is-layout-flow\">\n<div class=\"wp-block-group alignfull is-vertical is-layout-flex wp-container-core-group-is-layout-495237cd wp-block-group-is-layout-flex\" style=\"min-height:100%;padding-top:0;padding-right:0;padding-bottom:0;padding-left:0\">\n<div class=\"wp-block-group has-global-padding is-layout-constrained wp-block-group-is-layout-constrained\">\n<h1 class=\"wp-block-heading has-x-large-font-size\">Motorola APX1000i<\/h1>\n<\/div>\n\n\n\n<div class=\"wp-block-group has-global-padding is-layout-constrained wp-container-core-group-is-layout-ec5e4b34 wp-block-group-is-layout-constrained\">\n<p class=\"wp-block-paragraph\">El Motorola APX1000i es un intercomunicador digital P25 (Proyecto 25) dise\u00f1ado para seguridad p\u00fablica y usuarios industriales y forma parte de la serie Motorola APX. La serie hace hincapi\u00e9 en el alto rendimiento, la fiabilidad y las funciones de comunicaci\u00f3n avanzadas para aplicaciones de misi\u00f3n cr\u00edtica.<\/p>\n\n\n\n<ul class=\"wp-block-list\">\n<li><strong>Soluci\u00f3n de doble pomo<\/strong><br>Proporciona ajustes r\u00e1pidos de volumen y canal para un funcionamiento r\u00e1pido en situaciones de emergencia.<\/li>\n\n\n\n<li><strong>Selecci\u00f3n de banda:<\/strong>\n<ul class=\"wp-block-list\">\n<li><strong>700\/800 MHz<\/strong><\/li>\n\n\n\n<li><strong>UHF R1, UHF R2<\/strong><\/li>\n\n\n\n<li><strong>VHF<\/strong><\/li>\n<\/ul>\n<\/li>\n\n\n\n<li><strong>Sistema de comunicaci\u00f3n troncalizada digital ASTRO\u00ae 25 (funcionamiento troncalizado)<\/strong><br>Admite comunicaciones troncales digitales ASTRO 25 cifradas para una utilizaci\u00f3n eficaz del espectro y la seguridad de las comunicaciones.<\/li>\n\n\n\n<li><strong>MDC-1200 Comunicaci\u00f3n anal\u00f3gica y digital P25<\/strong><br>Tambi\u00e9n es compatible con el sistema anal\u00f3gico MDC-1200 heredado y con el sistema de comunicaci\u00f3n digital P25, adapt\u00e1ndose a la arquitectura del sistema existente y a futuras actualizaciones.<\/li>\n\n\n\n<li><strong>Configuraci\u00f3n tradicional del sistema<\/strong><br>Admite configuraciones de comunicaci\u00f3n inal\u00e1mbrica tanto anal\u00f3gicas tradicionales como digitales para ofrecer flexibilidad en distintos escenarios.<\/li>\n\n\n\n<li><strong>Capacidad de ancho de banda de recepci\u00f3n:<\/strong>\n<ul class=\"wp-block-list\">\n<li><strong>Receptor digital equivalente a 6,25 kHz<\/strong><\/li>\n\n\n\n<li><strong>12,5 kHz Banda estrecha<\/strong><\/li>\n\n\n\n<li><strong>25 kHz de banda ancha<\/strong><\/li>\n<\/ul>\n<\/li>\n\n\n\n<li><strong>Procesamiento digital de se\u00f1ales:<\/strong><\/li>\n\n\n\n<li><strong>ASTRO y ASTRO 25 Procesamiento digital de se\u00f1ales integrado<\/strong><br>Proporciona audio digital mejorado y procesamiento de se\u00f1ales.<\/li>\n\n\n\n<li><strong>Perfil de la radio <\/strong><br>El perfil puede cambiarse en funci\u00f3n de las distintas situaciones para adaptarse r\u00e1pidamente a los requisitos de la misi\u00f3n.<\/li>\n\n\n\n<li><strong>Lista de llamadas unificada <\/strong><br>Gesti\u00f3n centralizada de grupos multitel\u00e9fono para simplificar las operaciones.<\/li>\n\n\n\n<li>en consonancia con <strong>Normas MIL-STD-810C, D, E, F y G<\/strong><br>Garantiza que los equipos sigan funcionando en entornos extremos.<\/li>\n<\/ul>\n<\/div>\n\n\n\n<div class=\"wp-block-group is-nowrap is-layout-flex wp-container-core-group-is-layout-930d3512 wp-block-group-is-layout-flex\">\n<div class=\"wp-block-file\"><a href=\"https:\/\/commutronics.com.tw\/wp-content\/uploads\/2024\/12\/APX_1000i_DataSheet_1030_mmv2.pdf\" class=\"wp-block-file__button wp-element-button\" download>Cat\u00e1logo en ingl\u00e9s Descargar<\/a><\/div>\n<\/div>\n<\/div>\n<\/div>\n<\/div>\n<\/div>\n\n\n\n<div class=\"wp-block-group alignwide has-global-padding is-layout-constrained wp-block-group-is-layout-constrained\">\n<h2 class=\"wp-block-heading alignwide has-large-font-size\" id=\"all-accessories\"><span style=\"text-decoration: underline;\">Accesorio Modelo<\/span><\/h2>\n\n\n\n<div class=\"wp-block-columns alignwide is-layout-flex wp-container-core-columns-is-layout-3b811c60 wp-block-columns-is-layout-flex\">\n<div class=\"wp-block-column is-layout-flow wp-block-column-is-layout-flow\">\n<ul class=\"wp-block-list\">\n<li>antenna\n\n\n\n\n\n\n\n\n\n\n\n\n<ul class=\"wp-block-list\">\n<li>UHF 142\u6beb\u7c73\u5bec\u983b\u5929\u7dda\n<ul class=\"wp-block-list\">\n<li>PMAE4065 (380-520MHz)<\/li>\n<\/ul>\n<\/li>\n\n\n\n<li>Antena VHF\n<ul class=\"wp-block-list\">\n<li> NAR6593 (136-174 MHz)<\/li>\n<\/ul>\n<\/li>\n<\/ul>\n\n\n\n<ul class=\"wp-block-list\">\n<li>L\u00ednea de datos\n<ul class=\"wp-block-list\">\n<li>PMKN4012 Cable de datos<\/li>\n<\/ul>\n<\/li>\n<\/ul>\n<\/li>\n<\/ul>\n<\/div>\n\n\n\n<div class=\"wp-block-column is-layout-flow wp-block-column-is-layout-flow\">\n<ul class=\"wp-block-list\">\n<li>Bater\u00eda\n<ul class=\"wp-block-list\">\n<li>Bater\u00eda IMPRES\u2122 Thin Li-ion de 2000 mAh (IP67) (NNTN8128)<\/li>\n\n\n\n<li>Bater\u00eda de iones de litio de 2350 mAh (IP67)(PMNN4424)<\/li>\n\n\n\n<li>Bater\u00eda de iones de litio IMPRES\u2122 de 2100 mAh (IP67) (PMNN4491)<\/li>\n\n\n\n<li>Bater\u00eda de iones de litio IMPRES\u2122 de 2800 mAh (IP67, TIA4950) (PMNN4448)<\/li>\n\n\n\n<li>Cargador individual IMPRES\u2122 (PMPN4576A)<\/li>\n\n\n\n<li>Cargador IMPRES de 6 ranuras (PMPN4284)<\/li>\n\n\n\n<li>Cargador r\u00e1pido para coche de una ranura IMPRES (NNTN8129)<\/li>\n<\/ul>\n<\/li>\n\n\n\n<li>Micr\u00f3fono\n<ul class=\"wp-block-list\">\n<li><em><a href=\"https:\/\/commutronics.com.tw\/es\/accesorios\/rln6562\/\" data-type=\"link\" data-id=\"https:\/\/commutronics.com.tw\/accessories\/rln6562\/\">RLN6562 Micr\u00f3fono Bluetooth<\/a><\/em>(<em>PMMN4096<\/em>)<\/li>\n\n\n\n<li>PMMN4062<\/li>\n\n\n\n<li>PMMN4065<\/li>\n\n\n\n<li>PMMN4069<\/li>\n<\/ul>\n<\/li>\n\n\n\n<li>Clip trasero\n<ul class=\"wp-block-list\">\n<li>2.5\u540b\u786c\u80cc\u593e (PMLN4651)<\/li>\n<\/ul>\n<\/li>\n<\/ul>\n<\/div>\n<\/div>\n<\/div>\n\n\n\n<div style=\"height:calc( 0.25 * var(u002du002dwpu002du002dstyleu002du002drootu002du002dpadding-right, var(u002du002dwpu002du002dcustomu002du002dgapu002du002dhorizontal)))\" aria-hidden=\"true\" class=\"wp-block-spacer\"><\/div>\n\n\n\n<div style=\"height:calc( 0.25 * var(u002du002dwpu002du002dstyleu002du002drootu002du002dpadding-right, var(u002du002dwpu002du002dcustomu002du002dgapu002du002dhorizontal)))\" aria-hidden=\"true\" class=\"wp-block-spacer\"><\/div>\n<\/div>","protected":false},"excerpt":{"rendered":"<p>Motorola APX1000i Motorola APX1000i \u662f\u4e00\u6b3e\u91dd\u5c0d\u516c\u5171\u5b89\u5168\u548c\u884c\u696d\u7528\u6236\u8a2d\u8a08\u7684 P [&hellip;]<\/p>\n","protected":false},"author":251107229,"featured_media":0,"parent":50,"menu_order":0,"comment_status":"closed","ping_status":"closed","template":"","meta":{"_crdt_document":"","jetpack_post_was_ever_published":false,"footnotes":""},"class_list":["post-6388","page","type-page","status-publish","hentry"],"jetpack_likes_enabled":true,"jetpack_sharing_enabled":true,"jetpack_shortlink":"https:\/\/wp.me\/PfNdxH-1F2","jetpack-related-posts":[{"id":6355,"url":"https:\/\/commutronics.com.tw\/es\/accessories\/pmpn4284\/","url_meta":{"origin":6388,"position":0},"title":"PMPN4284 Cargador de seis ranuras","author":"Alex Tseng","date":"julio 9, 2024","format":false,"excerpt":"PMPN4284\u516d\u69fd\u5145\u96fb\u5668 Motorola PMPN4284\u662f\u4e00\u6b3e\u667a\u80fd\u591a\u55ae\u5143\u5145\u96fb\u5668\uff0c\u8a2d\u8a08\u7528\u65bc\u540c\u6642\u70ba\u2026","rel":"","context":"Entrada similar","block_context":{"text":"Entrada similar","link":""},"img":{"alt_text":"","src":"","width":0,"height":0},"classes":[]},{"id":50,"url":"https:\/\/commutronics.com.tw\/es\/products\/","url_meta":{"origin":6388,"position":1},"title":"Productos","author":"Alex Tseng","date":"mayo 22, 2024","format":false,"excerpt":"\u71b1\u9580\u7522\u54c1 MOTOTRBO\u2122 ION\u667a\u6167\u578b\u7121\u7dda\u96fb Motorola R2 \u53ef\u651c\u5f0f\u6578\u4f4d\u96d9\u5411\u7121\u7dda\u96fb Mo\u2026","rel":"","context":"Entrada similar","block_context":{"text":"Entrada similar","link":""},"img":{"alt_text":"","src":"https:\/\/i0.wp.com\/commutronics.com.tw\/wp-content\/uploads\/2025\/04\/MOTOTRBO_R7Ex_FKP_front_1290x1290.webp?resize=350%2C200&ssl=1","width":350,"height":200,"srcset":"https:\/\/i0.wp.com\/commutronics.com.tw\/wp-content\/uploads\/2025\/04\/MOTOTRBO_R7Ex_FKP_front_1290x1290.webp?resize=350%2C200&ssl=1 1x, https:\/\/i0.wp.com\/commutronics.com.tw\/wp-content\/uploads\/2025\/04\/MOTOTRBO_R7Ex_FKP_front_1290x1290.webp?resize=525%2C300&ssl=1 1.5x, https:\/\/i0.wp.com\/commutronics.com.tw\/wp-content\/uploads\/2025\/04\/MOTOTRBO_R7Ex_FKP_front_1290x1290.webp?resize=700%2C400&ssl=1 2x, https:\/\/i0.wp.com\/commutronics.com.tw\/wp-content\/uploads\/2025\/04\/MOTOTRBO_R7Ex_FKP_front_1290x1290.webp?resize=1050%2C600&ssl=1 3x"},"classes":[]}],"_links":{"self":[{"href":"https:\/\/commutronics.com.tw\/es\/wp-json\/wp\/v2\/pages\/6388","targetHints":{"allow":["GET"]}}],"collection":[{"href":"https:\/\/commutronics.com.tw\/es\/wp-json\/wp\/v2\/pages"}],"about":[{"href":"https:\/\/commutronics.com.tw\/es\/wp-json\/wp\/v2\/types\/page"}],"author":[{"embeddable":true,"href":"https:\/\/commutronics.com.tw\/es\/wp-json\/wp\/v2\/users\/251107229"}],"replies":[{"embeddable":true,"href":"https:\/\/commutronics.com.tw\/es\/wp-json\/wp\/v2\/comments?post=6388"}],"version-history":[{"count":7,"href":"https:\/\/commutronics.com.tw\/es\/wp-json\/wp\/v2\/pages\/6388\/revisions"}],"predecessor-version":[{"id":7982,"href":"https:\/\/commutronics.com.tw\/es\/wp-json\/wp\/v2\/pages\/6388\/revisions\/7982"}],"up":[{"embeddable":true,"href":"https:\/\/commutronics.com.tw\/es\/wp-json\/wp\/v2\/pages\/50"}],"wp:attachment":[{"href":"https:\/\/commutronics.com.tw\/es\/wp-json\/wp\/v2\/media?parent=6388"}],"curies":[{"name":"wp","href":"https:\/\/api.w.org\/{rel}","templated":true}]}}