{"id":6376,"date":"2025-02-26T14:13:26","date_gmt":"2025-02-26T06:13:26","guid":{"rendered":"https:\/\/commutronics.com.tw\/construction\/"},"modified":"2025-02-26T14:13:26","modified_gmt":"2025-02-26T06:13:26","slug":"construccion","status":"publish","type":"page","link":"https:\/\/commutronics.com.tw\/es\/construction\/","title":{"rendered":"Construcci\u00f3n"},"content":{"rendered":"<div class=\"wp-block-cover alignfull\"><img data-recalc-dims=\"1\" decoding=\"async\" class=\"wp-block-cover__image-background wp-image-4974\" alt=\"\" src=\"https:\/\/i0.wp.com\/commutronics.com.tw\/wp-content\/uploads\/2025\/02\/1849.jpg?ssl=1\" data-object-fit=\"cover\"\/><span aria-hidden=\"true\" class=\"wp-block-cover__background has-background-dim\"><\/span><div class=\"wp-block-cover__inner-container is-layout-flow wp-block-cover-is-layout-flow\">\n<p class=\"has-text-align-center has-large-font-size wp-block-paragraph\"><strong>Comunicaciones inteligentes para mejorar la seguridad y la eficiencia en el sector de la construcci\u00f3n<\/strong><\/p>\n<\/div><\/div>\n\n\n\n<div class=\"wp-block-group alignfull has-global-padding is-content-justification-center is-layout-constrained wp-container-core-group-is-layout-43ca4188 wp-block-group-is-layout-constrained\" style=\"margin-top:0;margin-bottom:0;padding-top:calc( 0.5 * var(--wp--style--root--padding-right, var(--wp--custom--gap--horizontal)));padding-right:var(--wp--style--root--padding-right, var(--wp--custom--gap--horizontal));padding-bottom:calc( 0.5 * var(--wp--style--root--padding-right, var(--wp--custom--gap--horizontal)));padding-left:var(--wp--style--root--padding-left, var(--wp--custom--gap--horizontal))\">\n<div style=\"height:55px\" aria-hidden=\"true\" class=\"wp-block-spacer\"><\/div>\n<\/div>\n\n\n\n<div class=\"wp-block-group alignfull has-global-padding is-content-justification-center is-layout-constrained wp-container-core-group-is-layout-452657ba wp-block-group-is-layout-constrained\" style=\"margin-top:0;margin-bottom:0;padding-top:calc( 0.5 * var(--wp--style--root--padding-right, var(--wp--custom--gap--horizontal)));padding-right:var(--wp--style--root--padding-right, var(--wp--custom--gap--horizontal));padding-bottom:calc( 0.5 * var(--wp--style--root--padding-right, var(--wp--custom--gap--horizontal)));padding-left:var(--wp--style--root--padding-left, var(--wp--custom--gap--horizontal))\">\n<div class=\"wp-block-columns alignwide is-layout-flex wp-container-core-columns-is-layout-c1fb1ab2 wp-block-columns-is-layout-flex\" style=\"padding-top:var(--wp--preset--spacing--10);padding-bottom:var(--wp--preset--spacing--10)\">\n<div class=\"wp-block-column is-layout-flow wp-block-column-is-layout-flow\">\n<h2 class=\"wp-block-heading has-large-font-size wp-container-content-958eb9dc\">Construcci\u00f3n<\/h2>\n\n\n\n<div style=\"margin-top:0;margin-bottom:0;height:0px\" aria-hidden=\"true\" class=\"wp-block-spacer\"><\/div>\n\n\n\n<figure class=\"wp-block-image size-large\"><img decoding=\"async\" src=\"https:\/\/i0.wp.com\/staging-9aa8-commutronicscomtw.wpcomstaging.com\/wp-content\/uploads\/2025\/02\/EVX-VX_Construction2-1280x1280-1-1.jpeg?fit=683%2C1024&#038;ssl=1\" alt=\"\" class=\"wp-image-4990\" style=\"aspect-ratio:3\/4;object-fit:cover\"\/><\/figure>\n<\/div>\n\n\n\n<div class=\"wp-block-column is-layout-flow wp-block-column-is-layout-flow\" style=\"flex-basis:66.66%\">\n<div class=\"wp-block-group is-vertical is-layout-flex wp-container-core-group-is-layout-006f131a wp-block-group-is-layout-flex\">\n<h3 class=\"wp-block-heading has-medium-font-size\"><strong>Gesti\u00f3n de la seguridad en las obras<\/strong><\/h3>\n\n\n\n<p class=\"wp-block-paragraph\">a trav\u00e9s de<strong>Interfon\u00eda en tiempo real y vigilancia inteligente<\/strong>El equipo podr\u00e1 responder r\u00e1pidamente a las emergencias, reducir el riesgo de accidentes y garantizar la seguridad operativa.<\/p>\n<\/div>\n\n\n\n<div class=\"wp-block-group is-vertical is-layout-flex wp-container-core-group-is-layout-006f131a wp-block-group-is-layout-flex\">\n<h3 class=\"wp-block-heading has-medium-font-size\"><strong>Funcionamiento inteligente del sitio<\/strong><\/h3>\n\n\n\n<p class=\"wp-block-paragraph\">a trav\u00e9s de<strong>Gesti\u00f3n digital y flujo de trabajo automatizado<\/strong>Proporciona<strong>Conocimiento inmediato de la situaci\u00f3n<\/strong>Ayuda a los equipos de ingenier\u00eda a optimizar la asignaci\u00f3n de recursos y mejorar la eficacia de la construcci\u00f3n.<\/p>\n\n\n\n<p class=\"wp-block-paragraph\">Mantenga su equipo de construcci\u00f3n<strong>Interconexi\u00f3n eficiente, segura e inteligente<\/strong>\u00a1!<\/p>\n<\/div>\n\n\n\n<div class=\"wp-block-group is-vertical is-layout-flex wp-container-core-group-is-layout-006f131a wp-block-group-is-layout-flex\">\n<h3 class=\"wp-block-heading has-medium-font-size\"><strong>Comunicaci\u00f3n fluida entre regiones<\/strong><\/h3>\n\n\n\n<p class=\"wp-block-paragraph\">Ya sea<strong>Construcci\u00f3n en altura, obras subterr\u00e1neas o proyectos de construcci\u00f3n a gran escala<\/strong>Estoy seguro de que podr\u00e1s salir adelante.<strong>Sistema de comunicaci\u00f3n inal\u00e1mbrica estable<\/strong>Garantizar la interoperabilidad inmediata entre las distintas unidades y mejorar la eficacia del trabajo.<\/p>\n<\/div>\n\n\n\n<div class=\"wp-block-group has-global-padding is-content-justification-left is-layout-constrained wp-container-core-group-is-layout-99f3e915 wp-block-group-is-layout-constrained\">\n<p class=\"has-large-font-size wp-block-paragraph\"><strong>Adaptaci\u00f3n de la soluci\u00f3n del sistema<\/strong><\/p>\n\n\n\n<p class=\"wp-block-paragraph\">Nos comprometemos a reforzar las comunicaciones corporativas y optimizar la colaboraci\u00f3n en equipo. A trav\u00e9s de<strong>radio<\/strong>y<strong>Walkie Talkie p\u00fablico<\/strong>La combinaci\u00f3n de ambas soluciones mejora la eficacia de las comunicaciones y la capacidad de gesti\u00f3n de la empresa. Adem\u00e1s, junto con<strong>C\u00e1mara de grabaci\u00f3n secreta<\/strong>y<strong>C\u00e1mara de vigilancia<\/strong>e integraci\u00f3n<strong>Sistema de control de acceso<\/strong>Proporciona una soluci\u00f3n sistem\u00e1tica completa para garantizar la seguridad p\u00fablica y mejorar la eficacia de la gesti\u00f3n del control de accesos y la vigilancia.<\/p>\n\n\n\n<div class=\"wp-block-columns alignwide is-layout-flex wp-container-core-columns-is-layout-3b811c60 wp-block-columns-is-layout-flex\">\n<div class=\"wp-block-column is-layout-flow wp-block-column-is-layout-flow\">\n<figure class=\"wp-block-image size-full\"><img data-recalc-dims=\"1\" fetchpriority=\"high\" decoding=\"async\" width=\"949\" height=\"1391\" data-attachment-id=\"135\" data-permalink=\"https:\/\/commutronics.com.tw\/es\/products\/r7\/\" data-orig-file=\"https:\/\/i0.wp.com\/commutronics.com.tw\/wp-content\/uploads\/2024\/05\/r7.jpg?fit=949%2C1391&amp;ssl=1\" data-orig-size=\"949,1391\" data-comments-opened=\"1\" data-image-meta=\"{&quot;aperture&quot;:&quot;0&quot;,&quot;credit&quot;:&quot;Chun-Yu Tseng&quot;,&quot;camera&quot;:&quot;&quot;,&quot;caption&quot;:&quot;&quot;,&quot;created_timestamp&quot;:&quot;1716448170&quot;,&quot;copyright&quot;:&quot;&quot;,&quot;focal_length&quot;:&quot;0&quot;,&quot;iso&quot;:&quot;0&quot;,&quot;shutter_speed&quot;:&quot;0&quot;,&quot;title&quot;:&quot;&quot;,&quot;orientation&quot;:&quot;0&quot;}\" data-image-title=\"r7\" data-image-description=\"\" data-image-caption=\"\" data-large-file=\"https:\/\/i0.wp.com\/commutronics.com.tw\/wp-content\/uploads\/2024\/05\/r7.jpg?fit=699%2C1024&amp;ssl=1\" src=\"https:\/\/i0.wp.com\/commutronics.com.tw\/wp-content\/uploads\/2024\/05\/r7.jpg?resize=949%2C1391\" alt=\"\" class=\"wp-image-135\"\/><\/figure>\n<\/div>\n\n\n\n<div class=\"wp-block-column is-layout-flow wp-block-column-is-layout-flow\">\n<figure class=\"wp-block-image size-medium\"><img decoding=\"async\" width=\"704\" height=\"704\" data-attachment-id=\"908\" data-permalink=\"https:\/\/commutronics.com.tw\/es\/products\/slr_1000_repeater_white_front_top_angled_800x800\/\" data-orig-file=\"https:\/\/i0.wp.com\/commutronics.com.tw\/wp-content\/uploads\/2024\/05\/slr_1000_repeater_white_front_top_angled_800x800.jpg?fit=704%2C704&amp;ssl=1\" data-orig-size=\"704,704\" data-comments-opened=\"1\" data-image-meta=\"{&quot;aperture&quot;:&quot;0&quot;,&quot;credit&quot;:&quot;&quot;,&quot;camera&quot;:&quot;&quot;,&quot;caption&quot;:&quot;&quot;,&quot;created_timestamp&quot;:&quot;0&quot;,&quot;copyright&quot;:&quot;&quot;,&quot;focal_length&quot;:&quot;0&quot;,&quot;iso&quot;:&quot;0&quot;,&quot;shutter_speed&quot;:&quot;0&quot;,&quot;title&quot;:&quot;&quot;,&quot;orientation&quot;:&quot;0&quot;}\" data-image-title=\"slr_1000_repeater_white_front_top_angled_800x800\" data-image-description=\"\" data-image-caption=\"\" data-large-file=\"https:\/\/i0.wp.com\/commutronics.com.tw\/wp-content\/uploads\/2024\/05\/slr_1000_repeater_white_front_top_angled_800x800.jpg?fit=704%2C704&amp;ssl=1\" src=\"https:\/\/i0.wp.com\/staging-9aa8-commutronicscomtw.wpcomstaging.com\/wp-content\/uploads\/2024\/05\/slr_1000_repeater_white_front_top_angled_800x800.jpg?fit=300%2C300&#038;ssl=1?crop=1\" alt=\"\" class=\"wp-image-908\" style=\"aspect-ratio:9\/16;object-fit:contain\" srcset=\"https:\/\/i0.wp.com\/commutronics.com.tw\/wp-content\/uploads\/2024\/05\/slr_1000_repeater_white_front_top_angled_800x800.jpg?w=704&amp;ssl=1 704w, https:\/\/i0.wp.com\/commutronics.com.tw\/wp-content\/uploads\/2024\/05\/slr_1000_repeater_white_front_top_angled_800x800.jpg?resize=300%2C300&amp;ssl=1 300w, https:\/\/i0.wp.com\/commutronics.com.tw\/wp-content\/uploads\/2024\/05\/slr_1000_repeater_white_front_top_angled_800x800.jpg?resize=150%2C150&amp;ssl=1 150w, https:\/\/i0.wp.com\/commutronics.com.tw\/wp-content\/uploads\/2024\/05\/slr_1000_repeater_white_front_top_angled_800x800.jpg?resize=12%2C12&amp;ssl=1 12w, https:\/\/i0.wp.com\/commutronics.com.tw\/wp-content\/uploads\/2024\/05\/slr_1000_repeater_white_front_top_angled_800x800.jpg?resize=600%2C600&amp;ssl=1 600w, https:\/\/i0.wp.com\/commutronics.com.tw\/wp-content\/uploads\/2024\/05\/slr_1000_repeater_white_front_top_angled_800x800.jpg?resize=400%2C400&amp;ssl=1 400w, https:\/\/i0.wp.com\/commutronics.com.tw\/wp-content\/uploads\/2024\/05\/slr_1000_repeater_white_front_top_angled_800x800.jpg?resize=200%2C200&amp;ssl=1 200w\" sizes=\"(max-width: 704px) 100vw, 704px\" \/><\/figure>\n<\/div>\n\n\n\n<div class=\"wp-block-column is-layout-flow wp-block-column-is-layout-flow\">\n<figure class=\"wp-block-image size-medium\"><img decoding=\"async\" src=\"https:\/\/i0.wp.com\/staging-9aa8-commutronicscomtw.wpcomstaging.com\/wp-content\/uploads\/2024\/11\/v500-commutronics-1.png?resize=300%2C300&#038;ssl=1\" alt=\"\" class=\"wp-image-3952\" style=\"aspect-ratio:9\/16;object-fit:contain\"\/><\/figure>\n<\/div>\n\n\n\n<div class=\"wp-block-column is-layout-flow wp-block-column-is-layout-flow\">\n<figure class=\"wp-block-image size-medium\"><img decoding=\"async\" src=\"https:\/\/i0.wp.com\/staging-9aa8-commutronicscomtw.wpcomstaging.com\/wp-content\/uploads\/2025\/02\/wavePTX-1.png?fit=300%2C215&#038;ssl=1\" alt=\"\" class=\"wp-image-5010\" style=\"aspect-ratio:9\/16;object-fit:contain\"\/><\/figure>\n<\/div>\n\n\n\n<div class=\"wp-block-column is-layout-flow wp-block-column-is-layout-flow\">\n<figure class=\"wp-block-image size-medium\"><img decoding=\"async\" src=\"https:\/\/commutronics.com.tw\/wp-content\/uploads\/2025\/02\/StandardKeypadReader_03-1-300x225.avif\" alt=\"\" class=\"wp-image-5019\" style=\"aspect-ratio:9\/16;object-fit:contain\"\/><\/figure>\n<\/div>\n<\/div>\n<\/div>\n<\/div>\n<\/div>\n<\/div>","protected":false},"excerpt":{"rendered":"<p>\u5efa\u7bc9\u696d \u65bd\u5de5\u73fe\u5834\u5b89\u5168\u7ba1\u7406 \u900f\u904e\u5373\u6642\u5c0d\u8b1b\u901a\u8a0a\u8207\u667a\u80fd\u76e3\u63a7\uff0c\u5e6b\u52a9\u5718\u968a\u5feb\u901f\u61c9\u5c0d\u7a81\u767c\u72c0\u6cc1\uff0c\u964d\u4f4e\u4e8b\u6545\u98a8\u96aa\uff0c\u78ba\u4fdd\u4f5c\u696d\u5b89\u5168\u3002  [&hellip;]<\/p>\n","protected":false},"author":251107229,"featured_media":0,"parent":0,"menu_order":0,"comment_status":"closed","ping_status":"closed","template":"","meta":{"_crdt_document":"","footnotes":""},"class_list":["post-6376","page","type-page","status-publish","hentry"],"jetpack_likes_enabled":true,"jetpack_sharing_enabled":true,"jetpack_shortlink":"https:\/\/wp.me\/PfNdxH-1EQ","jetpack-related-posts":[],"_links":{"self":[{"href":"https:\/\/commutronics.com.tw\/es\/wp-json\/wp\/v2\/pages\/6376","targetHints":{"allow":["GET"]}}],"collection":[{"href":"https:\/\/commutronics.com.tw\/es\/wp-json\/wp\/v2\/pages"}],"about":[{"href":"https:\/\/commutronics.com.tw\/es\/wp-json\/wp\/v2\/types\/page"}],"author":[{"embeddable":true,"href":"https:\/\/commutronics.com.tw\/es\/wp-json\/wp\/v2\/users\/251107229"}],"replies":[{"embeddable":true,"href":"https:\/\/commutronics.com.tw\/es\/wp-json\/wp\/v2\/comments?post=6376"}],"version-history":[{"count":0,"href":"https:\/\/commutronics.com.tw\/es\/wp-json\/wp\/v2\/pages\/6376\/revisions"}],"wp:attachment":[{"href":"https:\/\/commutronics.com.tw\/es\/wp-json\/wp\/v2\/media?parent=6376"}],"curies":[{"name":"wp","href":"https:\/\/api.w.org\/{rel}","templated":true}]}}