{"id":632,"date":"2024-05-30T11:21:19","date_gmt":"2024-05-30T03:21:19","guid":{"rendered":"https:\/\/commutronics.com.tw\/?page_id=632"},"modified":"2025-03-27T00:56:30","modified_gmt":"2025-03-26T16:56:30","slug":"transporte","status":"publish","type":"page","link":"https:\/\/commutronics.com.tw\/es\/transport\/","title":{"rendered":"transporte"},"content":{"rendered":"<div class=\"wp-block-group alignfull has-global-padding is-content-justification-center is-layout-constrained wp-container-core-group-is-layout-452657ba wp-block-group-is-layout-constrained\" style=\"margin-top:0;margin-bottom:0;padding-top:calc( 0.5 * var(--wp--style--root--padding-right, var(--wp--custom--gap--horizontal)));padding-right:var(--wp--style--root--padding-right, var(--wp--custom--gap--horizontal));padding-bottom:calc( 0.5 * var(--wp--style--root--padding-right, var(--wp--custom--gap--horizontal)));padding-left:var(--wp--style--root--padding-left, var(--wp--custom--gap--horizontal))\">\n<div style=\"height:calc( 0.25 * var(--wp--style--root--padding-right, var(--wp--custom--gap--horizontal)))\" aria-hidden=\"true\" class=\"wp-block-spacer\"><\/div>\n\n\n\n<div class=\"wp-block-columns alignwide are-vertically-aligned-center is-layout-flex wp-container-core-columns-is-layout-3b811c60 wp-block-columns-is-layout-flex\">\n<div class=\"wp-block-column is-vertically-aligned-center is-layout-flow wp-block-column-is-layout-flow\">\n<h2 class=\"wp-block-heading has-xx-large-font-size\">Transporte<\/h2>\n\n\n\n<p class=\"wp-block-paragraph\"><\/p>\n\n\n\n<p class=\"wp-block-paragraph\"><strong>rentabilidad<\/strong>: Aunque la inversi\u00f3n inicial puede ser elevada, a largo plazo las radios Motorola son en realidad una soluci\u00f3n muy rentable gracias a su durabilidad y a sus bajos costes de mantenimiento.<\/p>\n\n\n\n<p class=\"wp-block-paragraph\"><strong>Fiabilidad y durabilidad<\/strong>: Las radios Motorola son conocidas por su durabilidad y fiabilidad. Est\u00e1n dise\u00f1adas para funcionar en entornos dif\u00edciles, como temperaturas extremas, humedad y polvo, lo que es especialmente importante en los sectores del transporte y la carga.<\/p>\n\n\n\n<p class=\"wp-block-paragraph\"><strong>Mensajer\u00eda instant\u00e1nea<\/strong>: Las radios proporcionan comunicaci\u00f3n por voz en tiempo real, algo esencial en industrias que requieren una respuesta y coordinaci\u00f3n r\u00e1pidas. Los conductores, el personal de almac\u00e9n y los directivos pueden comunicarse inmediatamente para resolver problemas imprevistos y ajustar los planes de transporte.<\/p>\n\n\n\n<p class=\"wp-block-paragraph\"><strong>Amplia cobertura<\/strong>: Los sistemas de radio de Motorola suelen tener una amplia cobertura para garantizar unas comunicaciones estables en zonas urbanas y rurales, as\u00ed como dentro y fuera de los almacenes, lo cual es importante para garantizar la continuidad en toda la cadena de suministro.<\/p>\n\n\n\n<p class=\"wp-block-paragraph\"><strong>Calidad de sonido n\u00edtida<\/strong>: La tecnolog\u00eda de audio de alta calidad garantiza llamadas n\u00edtidas incluso en entornos ruidosos, lo que resulta \u00fatil en entornos a menudo ruidosos como el transporte y el almacenamiento.<\/p>\n\n\n\n<p class=\"wp-block-paragraph\"><strong>versatilidad<\/strong>: Las radios Motorola suelen disponer de diversas funciones, como seguimiento por GPS, botones de p\u00e1nico de seguridad y funciones de transferencia de datos, que mejoran la eficacia y la seguridad de la gesti\u00f3n log\u00edstica.<\/p>\n\n\n\n<p class=\"wp-block-paragraph\"><strong>integralidad<\/strong>: Las radios Motorola pueden integrarse con otros sistemas de gesti\u00f3n, como sistemas de gesti\u00f3n de flotas y sistemas de gesti\u00f3n de almacenes, lo que permite a los gestores supervisar y gestionar mejor los procesos log\u00edsticos.<\/p>\n<\/div>\n\n\n\n<div class=\"wp-block-column is-vertically-aligned-center is-layout-flow wp-block-column-is-layout-flow\">\n<div class=\"wp-block-jetpack-tiled-gallery is-style-rectangular\"><div class=\"\"><div class=\"tiled-gallery__gallery\"><div class=\"tiled-gallery__row\"><div class=\"tiled-gallery__col\" style=\"flex-basis:66.81643%\"><figure class=\"tiled-gallery__item\"><img decoding=\"async\" role=\"button\" tabindex=\"0\" aria-label=\"Abrir la imagen 1 de 3 en pantalla completa\"srcset=\"https:\/\/i0.wp.com\/commutronics.com.tw\/wp-content\/uploads\/2024\/06\/TL-20180810-_20180810-_547A0294-1280x1280-1-1024x682.jpeg?strip=info&#038;w=600&#038;ssl=1 600w,https:\/\/i0.wp.com\/commutronics.com.tw\/wp-content\/uploads\/2024\/06\/TL-20180810-_20180810-_547A0294-1280x1280-1-1024x682.jpeg?strip=info&#038;w=900&#038;ssl=1 900w,https:\/\/i0.wp.com\/commutronics.com.tw\/wp-content\/uploads\/2024\/06\/TL-20180810-_20180810-_547A0294-1280x1280-1-1024x682.jpeg?strip=info&#038;w=1200&#038;ssl=1 1200w,https:\/\/i0.wp.com\/commutronics.com.tw\/wp-content\/uploads\/2024\/06\/TL-20180810-_20180810-_547A0294-1280x1280-1-1024x682.jpeg?strip=info&#038;w=1280&#038;ssl=1 1280w\" alt=\"\" data-height=\"853\" data-id=\"2239\" data-link=\"https:\/\/commutronics.com.tw\/transport\/attachment\/tl-20180810-_20180810-_547a0294-1280x1280-1\/\" data-url=\"https:\/\/commutronics.com.tw\/wp-content\/uploads\/2024\/06\/TL-20180810-_20180810-_547A0294-1280x1280-1-1024x682.jpeg\" data-width=\"1280\" src=\"https:\/\/i0.wp.com\/commutronics.com.tw\/wp-content\/uploads\/2024\/06\/TL-20180810-_20180810-_547A0294-1280x1280-1-1024x682.jpeg?ssl=1\" data-amp-layout=\"responsive\"\/><\/figure><\/div><div class=\"tiled-gallery__col\" style=\"flex-basis:33.18357%\"><figure class=\"tiled-gallery__item\"><img decoding=\"async\" role=\"button\" tabindex=\"0\" aria-label=\"Abrir la imagen 2 de 3 en pantalla completa\"srcset=\"https:\/\/i0.wp.com\/commutronics.com.tw\/wp-content\/uploads\/2024\/06\/NHVR_TAS-82-1280x1280-1-1024x682.jpeg?strip=info&#038;w=600&#038;ssl=1 600w,https:\/\/i0.wp.com\/commutronics.com.tw\/wp-content\/uploads\/2024\/06\/NHVR_TAS-82-1280x1280-1-1024x682.jpeg?strip=info&#038;w=900&#038;ssl=1 900w,https:\/\/i0.wp.com\/commutronics.com.tw\/wp-content\/uploads\/2024\/06\/NHVR_TAS-82-1280x1280-1-1024x682.jpeg?strip=info&#038;w=1200&#038;ssl=1 1200w,https:\/\/i0.wp.com\/commutronics.com.tw\/wp-content\/uploads\/2024\/06\/NHVR_TAS-82-1280x1280-1-1024x682.jpeg?strip=info&#038;w=1280&#038;ssl=1 1280w\" alt=\"\" data-height=\"853\" data-id=\"2238\" data-link=\"https:\/\/commutronics.com.tw\/transport\/attachment\/nhvr_tas-82-1280x1280-1\/\" data-url=\"https:\/\/commutronics.com.tw\/wp-content\/uploads\/2024\/06\/NHVR_TAS-82-1280x1280-1-1024x682.jpeg\" data-width=\"1280\" src=\"https:\/\/i0.wp.com\/commutronics.com.tw\/wp-content\/uploads\/2024\/06\/NHVR_TAS-82-1280x1280-1-1024x682.jpeg?ssl=1\" data-amp-layout=\"responsive\"\/><\/figure><figure class=\"tiled-gallery__item\"><img decoding=\"async\" role=\"button\" tabindex=\"0\" aria-label=\"Abrir la imagen 3 de 3 en pantalla completa\"srcset=\"https:\/\/i0.wp.com\/commutronics.com.tw\/wp-content\/uploads\/2024\/06\/ST7000_May2016_Monte_Airport_AL_4330-1280x1280-1-1024x682.jpeg?strip=info&#038;w=600&#038;ssl=1 600w,https:\/\/i0.wp.com\/commutronics.com.tw\/wp-content\/uploads\/2024\/06\/ST7000_May2016_Monte_Airport_AL_4330-1280x1280-1-1024x682.jpeg?strip=info&#038;w=900&#038;ssl=1 900w,https:\/\/i0.wp.com\/commutronics.com.tw\/wp-content\/uploads\/2024\/06\/ST7000_May2016_Monte_Airport_AL_4330-1280x1280-1-1024x682.jpeg?strip=info&#038;w=1200&#038;ssl=1 1200w,https:\/\/i0.wp.com\/commutronics.com.tw\/wp-content\/uploads\/2024\/06\/ST7000_May2016_Monte_Airport_AL_4330-1280x1280-1-1024x682.jpeg?strip=info&#038;w=1280&#038;ssl=1 1280w\" alt=\"\" data-height=\"853\" data-id=\"2240\" data-link=\"https:\/\/commutronics.com.tw\/transport\/attachment\/st7000_may2016_monte_airport_al_4330-1280x1280-1\/\" data-url=\"https:\/\/commutronics.com.tw\/wp-content\/uploads\/2024\/06\/ST7000_May2016_Monte_Airport_AL_4330-1280x1280-1-1024x682.jpeg\" data-width=\"1280\" src=\"https:\/\/i0.wp.com\/commutronics.com.tw\/wp-content\/uploads\/2024\/06\/ST7000_May2016_Monte_Airport_AL_4330-1280x1280-1-1024x682.jpeg?ssl=1\" data-amp-layout=\"responsive\"\/><\/figure><\/div><\/div><\/div><\/div><\/div>\n<\/div>\n<\/div>\n\n\n\n<div style=\"height:calc( 0.25 * var(--wp--style--root--padding-right, var(--wp--custom--gap--horizontal)))\" aria-hidden=\"true\" class=\"wp-block-spacer\"><\/div>\n<\/div>\n\n\n\n<div class=\"wp-block-columns alignwide are-vertically-aligned-center is-layout-flex wp-container-core-columns-is-layout-35ca0866 wp-block-columns-is-layout-flex\">\n<div class=\"wp-block-column is-layout-flow wp-block-column-is-layout-flow\" style=\"flex-basis:40%\">\n<h2 class=\"wp-block-heading has-text-align-left has-x-large-font-size\">Opciones de radio Motorola<\/h2>\n\n\n\n<div style=\"height:0\" aria-hidden=\"true\" class=\"wp-block-spacer\"><\/div>\n<\/div>\n\n\n\n<div class=\"wp-block-column is-layout-flow wp-block-column-is-layout-flow\">\n<figure class=\"wp-block-image aligncenter size-full is-resized\"><img data-recalc-dims=\"1\" fetchpriority=\"high\" decoding=\"async\" width=\"949\" height=\"1391\" data-attachment-id=\"239\" data-permalink=\"https:\/\/commutronics.com.tw\/es\/products\/r7-4\/\" data-orig-file=\"https:\/\/i0.wp.com\/commutronics.com.tw\/wp-content\/uploads\/2024\/05\/R7.jpg?fit=949%2C1391&amp;ssl=1\" data-orig-size=\"949,1391\" data-comments-opened=\"1\" data-image-meta=\"{&quot;aperture&quot;:&quot;0&quot;,&quot;credit&quot;:&quot;Chun-Yu Tseng&quot;,&quot;camera&quot;:&quot;&quot;,&quot;caption&quot;:&quot;&quot;,&quot;created_timestamp&quot;:&quot;1716448170&quot;,&quot;copyright&quot;:&quot;&quot;,&quot;focal_length&quot;:&quot;0&quot;,&quot;iso&quot;:&quot;0&quot;,&quot;shutter_speed&quot;:&quot;0&quot;,&quot;title&quot;:&quot;&quot;,&quot;orientation&quot;:&quot;0&quot;}\" data-image-title=\"R7\" data-image-description=\"\" data-image-caption=\"\" data-large-file=\"https:\/\/i0.wp.com\/commutronics.com.tw\/wp-content\/uploads\/2024\/05\/R7.jpg?fit=699%2C1024&amp;ssl=1\" src=\"https:\/\/i0.wp.com\/commutronics.com.tw\/wp-content\/uploads\/2024\/05\/R7.jpg?resize=949%2C1391&#038;ssl=1\" alt=\"\" class=\"wp-image-239\" style=\"aspect-ratio:9\/16;object-fit:cover;width:150px\" srcset=\"https:\/\/i0.wp.com\/commutronics.com.tw\/wp-content\/uploads\/2024\/05\/R7.jpg?w=949&amp;ssl=1 949w, https:\/\/i0.wp.com\/commutronics.com.tw\/wp-content\/uploads\/2024\/05\/R7.jpg?resize=205%2C300&amp;ssl=1 205w, https:\/\/i0.wp.com\/commutronics.com.tw\/wp-content\/uploads\/2024\/05\/R7.jpg?resize=699%2C1024&amp;ssl=1 699w, https:\/\/i0.wp.com\/commutronics.com.tw\/wp-content\/uploads\/2024\/05\/R7.jpg?resize=768%2C1126&amp;ssl=1 768w, https:\/\/i0.wp.com\/commutronics.com.tw\/wp-content\/uploads\/2024\/05\/R7.jpg?resize=8%2C12&amp;ssl=1 8w\" sizes=\"(max-width: 949px) 100vw, 949px\" \/><figcaption class=\"wp-element-caption\"><a href=\"https:\/\/commutronics.com.tw\/es\/productos\/motorola_r7\/\" data-type=\"page\" data-id=\"2836\">R7<\/a><\/figcaption><\/figure>\n<\/div>\n\n\n\n<div class=\"wp-block-column is-layout-flow wp-block-column-is-layout-flow\">\n<figure class=\"wp-block-image aligncenter size-full is-resized\"><img data-recalc-dims=\"1\" decoding=\"async\" width=\"463\" height=\"906\" data-attachment-id=\"671\" data-permalink=\"https:\/\/commutronics.com.tw\/es\/oil-gas\/p8668-2\/\" data-orig-file=\"https:\/\/i0.wp.com\/commutronics.com.tw\/wp-content\/uploads\/2024\/05\/P8668.jpg?fit=463%2C906&amp;ssl=1\" data-orig-size=\"463,906\" data-comments-opened=\"1\" data-image-meta=\"{&quot;aperture&quot;:&quot;0&quot;,&quot;credit&quot;:&quot;Chun-Yu Tseng&quot;,&quot;camera&quot;:&quot;&quot;,&quot;caption&quot;:&quot;&quot;,&quot;created_timestamp&quot;:&quot;1716444994&quot;,&quot;copyright&quot;:&quot;&quot;,&quot;focal_length&quot;:&quot;0&quot;,&quot;iso&quot;:&quot;0&quot;,&quot;shutter_speed&quot;:&quot;0&quot;,&quot;title&quot;:&quot;&quot;,&quot;orientation&quot;:&quot;0&quot;}\" data-image-title=\"P8668\" data-image-description=\"\" data-image-caption=\"\" data-large-file=\"https:\/\/i0.wp.com\/commutronics.com.tw\/wp-content\/uploads\/2024\/05\/P8668.jpg?fit=463%2C906&amp;ssl=1\" src=\"https:\/\/i0.wp.com\/commutronics.com.tw\/wp-content\/uploads\/2024\/05\/P8668.jpg?resize=463%2C906&#038;ssl=1\" alt=\"un primer plano de un walkie talkie\" class=\"wp-image-671\" style=\"aspect-ratio:9\/16;object-fit:cover;width:150px\" srcset=\"https:\/\/i0.wp.com\/commutronics.com.tw\/wp-content\/uploads\/2024\/05\/P8668.jpg?w=463&amp;ssl=1 463w, https:\/\/i0.wp.com\/commutronics.com.tw\/wp-content\/uploads\/2024\/05\/P8668.jpg?resize=153%2C300&amp;ssl=1 153w, https:\/\/i0.wp.com\/commutronics.com.tw\/wp-content\/uploads\/2024\/05\/P8668.jpg?resize=6%2C12&amp;ssl=1 6w\" sizes=\"(max-width: 463px) 100vw, 463px\" \/><figcaption class=\"wp-element-caption\"><a href=\"https:\/\/commutronics.com.tw\/es\/productos\/mototrbo-xir-p8668i-p8668\/\" data-type=\"link\" data-id=\"https:\/\/commutronics.com.tw\/products\/mototrbo-xir-p8668i-p8668\/\">P8668i<\/a><\/figcaption><\/figure>\n<\/div>\n\n\n\n<div class=\"wp-block-column is-layout-flow wp-block-column-is-layout-flow\">\n<figure class=\"wp-block-image aligncenter size-full is-resized\"><img data-recalc-dims=\"1\" decoding=\"async\" width=\"382\" height=\"539\" data-attachment-id=\"673\" data-permalink=\"https:\/\/commutronics.com.tw\/es\/oil-gas\/p6620i\/\" data-orig-file=\"https:\/\/i0.wp.com\/commutronics.com.tw\/wp-content\/uploads\/2024\/05\/P6620i.jpg?fit=382%2C539&amp;ssl=1\" data-orig-size=\"382,539\" data-comments-opened=\"1\" data-image-meta=\"{&quot;aperture&quot;:&quot;0&quot;,&quot;credit&quot;:&quot;Chun-Yu Tseng&quot;,&quot;camera&quot;:&quot;&quot;,&quot;caption&quot;:&quot;&quot;,&quot;created_timestamp&quot;:&quot;1717034394&quot;,&quot;copyright&quot;:&quot;&quot;,&quot;focal_length&quot;:&quot;0&quot;,&quot;iso&quot;:&quot;0&quot;,&quot;shutter_speed&quot;:&quot;0&quot;,&quot;title&quot;:&quot;&quot;,&quot;orientation&quot;:&quot;0&quot;}\" data-image-title=\"P6620i\" data-image-description=\"\" data-image-caption=\"\" data-large-file=\"https:\/\/i0.wp.com\/commutronics.com.tw\/wp-content\/uploads\/2024\/05\/P6620i.jpg?fit=382%2C539&amp;ssl=1\" src=\"https:\/\/i0.wp.com\/commutronics.com.tw\/wp-content\/uploads\/2024\/05\/P6620i.jpg?resize=382%2C539&#038;ssl=1\" alt=\"un walkie talkie negro\" class=\"wp-image-673\" style=\"aspect-ratio:9\/16;object-fit:cover;width:150px\" srcset=\"https:\/\/i0.wp.com\/commutronics.com.tw\/wp-content\/uploads\/2024\/05\/P6620i.jpg?w=382&amp;ssl=1 382w, https:\/\/i0.wp.com\/commutronics.com.tw\/wp-content\/uploads\/2024\/05\/P6620i.jpg?resize=213%2C300&amp;ssl=1 213w, https:\/\/i0.wp.com\/commutronics.com.tw\/wp-content\/uploads\/2024\/05\/P6620i.jpg?resize=9%2C12&amp;ssl=1 9w\" sizes=\"(max-width: 382px) 100vw, 382px\" \/><figcaption class=\"wp-element-caption\"><a href=\"https:\/\/commutronics.com.tw\/es\/productos\/mototrbo-xir-p6620-p6620i\/\" data-type=\"page\" data-id=\"1718\">P6620i<\/a><\/figcaption><\/figure>\n<\/div>\n<\/div>\n\n\n\n<p class=\"wp-block-paragraph\"><\/p>","protected":false},"excerpt":{"rendered":"<p>\u904b\u8f38\u696d \u6210\u672c\u6548\u76ca\uff1a \u96d6\u7136\u521d\u671f\u6295\u8cc7\u53ef\u80fd\u8f03\u9ad8\uff0c\u4f46\u9577\u671f\u4f7f\u7528\u4e0b\u4f86\uff0cMotorola \u7121\u7dda\u96fb\u56e0\u5176\u8010\u7528\u6027\u548c\u4f4e\u7dad\u8b77\u6210\u672c\uff0c\u5be6\u969b [&hellip;]<\/p>\n","protected":false},"author":251107229,"featured_media":0,"parent":0,"menu_order":0,"comment_status":"closed","ping_status":"closed","template":"","meta":{"_crdt_document":"","footnotes":""},"class_list":["post-632","page","type-page","status-publish","hentry"],"jetpack_likes_enabled":true,"jetpack_sharing_enabled":true,"jetpack_shortlink":"https:\/\/wp.me\/PfNdxH-ac","jetpack-related-posts":[],"_links":{"self":[{"href":"https:\/\/commutronics.com.tw\/es\/wp-json\/wp\/v2\/pages\/632","targetHints":{"allow":["GET"]}}],"collection":[{"href":"https:\/\/commutronics.com.tw\/es\/wp-json\/wp\/v2\/pages"}],"about":[{"href":"https:\/\/commutronics.com.tw\/es\/wp-json\/wp\/v2\/types\/page"}],"author":[{"embeddable":true,"href":"https:\/\/commutronics.com.tw\/es\/wp-json\/wp\/v2\/users\/251107229"}],"replies":[{"embeddable":true,"href":"https:\/\/commutronics.com.tw\/es\/wp-json\/wp\/v2\/comments?post=632"}],"version-history":[{"count":2,"href":"https:\/\/commutronics.com.tw\/es\/wp-json\/wp\/v2\/pages\/632\/revisions"}],"predecessor-version":[{"id":6415,"href":"https:\/\/commutronics.com.tw\/es\/wp-json\/wp\/v2\/pages\/632\/revisions\/6415"}],"wp:attachment":[{"href":"https:\/\/commutronics.com.tw\/es\/wp-json\/wp\/v2\/media?parent=632"}],"curies":[{"name":"wp","href":"https:\/\/api.w.org\/{rel}","templated":true}]}}