{"id":1589,"date":"2024-06-08T20:48:15","date_gmt":"2024-06-08T12:48:15","guid":{"rendered":"https:\/\/commutronics.com.tw\/?page_id=1589"},"modified":"2025-03-27T09:08:14","modified_gmt":"2025-03-27T01:08:14","slug":"pmnn4491","status":"publish","type":"page","link":"https:\/\/commutronics.com.tw\/es\/accessories\/pmnn4491\/","title":{"rendered":"Bater\u00eda PMNN4491"},"content":{"rendered":"<h2 class=\"wp-block-heading alignwide has-large-font-size\">IMPRESS\u2122 2100 mAh<em>Bater\u00eda de iones de litio de alta densidad y perfil delgado (IP68) PMNN4491<\/em><\/h2>\n\n\n\n<div class=\"wp-block-columns alignwide is-layout-flex wp-container-core-columns-is-layout-3b811c60 wp-block-columns-is-layout-flex\">\n<div class=\"wp-block-column is-layout-flow wp-block-column-is-layout-flow\">\n<figure class=\"wp-block-image aligncenter size-full is-resized\"><img data-recalc-dims=\"1\" fetchpriority=\"high\" decoding=\"async\" width=\"324\" height=\"324\" data-attachment-id=\"1560\" data-permalink=\"https:\/\/commutronics.com.tw\/es\/pmnn4406_slim_li-ion_core_1500mah_lg\/\" data-orig-file=\"https:\/\/i0.wp.com\/commutronics.com.tw\/wp-content\/uploads\/2024\/06\/pmnn4406_slim_li-ion_core_1500mah_lg.jpg?fit=324%2C324&amp;ssl=1\" data-orig-size=\"324,324\" data-comments-opened=\"1\" data-image-meta=\"{&quot;aperture&quot;:&quot;0&quot;,&quot;credit&quot;:&quot;&quot;,&quot;camera&quot;:&quot;&quot;,&quot;caption&quot;:&quot;&quot;,&quot;created_timestamp&quot;:&quot;0&quot;,&quot;copyright&quot;:&quot;&quot;,&quot;focal_length&quot;:&quot;0&quot;,&quot;iso&quot;:&quot;0&quot;,&quot;shutter_speed&quot;:&quot;0&quot;,&quot;title&quot;:&quot;&quot;,&quot;orientation&quot;:&quot;1&quot;}\" data-image-title=\"pmnn4406_slim_li-ion_core_1500mah_lg\" data-image-description=\"\" data-image-caption=\"\" data-large-file=\"https:\/\/i0.wp.com\/commutronics.com.tw\/wp-content\/uploads\/2024\/06\/pmnn4406_slim_li-ion_core_1500mah_lg.jpg?fit=324%2C324&amp;ssl=1\" src=\"https:\/\/i0.wp.com\/commutronics.com.tw\/wp-content\/uploads\/2024\/06\/pmnn4406_slim_li-ion_core_1500mah_lg.jpg?resize=324%2C324&#038;ssl=1\" alt=\"\" class=\"wp-image-1560\" style=\"aspect-ratio:1;object-fit:contain;width:auto;height:400px\" srcset=\"https:\/\/i0.wp.com\/commutronics.com.tw\/wp-content\/uploads\/2024\/06\/pmnn4406_slim_li-ion_core_1500mah_lg.jpg?w=324&amp;ssl=1 324w, https:\/\/i0.wp.com\/commutronics.com.tw\/wp-content\/uploads\/2024\/06\/pmnn4406_slim_li-ion_core_1500mah_lg.jpg?resize=300%2C300&amp;ssl=1 300w, https:\/\/i0.wp.com\/commutronics.com.tw\/wp-content\/uploads\/2024\/06\/pmnn4406_slim_li-ion_core_1500mah_lg.jpg?resize=150%2C150&amp;ssl=1 150w, https:\/\/i0.wp.com\/commutronics.com.tw\/wp-content\/uploads\/2024\/06\/pmnn4406_slim_li-ion_core_1500mah_lg.jpg?resize=12%2C12&amp;ssl=1 12w, https:\/\/i0.wp.com\/commutronics.com.tw\/wp-content\/uploads\/2024\/06\/pmnn4406_slim_li-ion_core_1500mah_lg.jpg?resize=200%2C200&amp;ssl=1 200w, https:\/\/i0.wp.com\/commutronics.com.tw\/wp-content\/uploads\/2024\/06\/pmnn4406_slim_li-ion_core_1500mah_lg.jpg?resize=100%2C100&amp;ssl=1 100w\" sizes=\"(max-width: 324px) 100vw, 324px\" \/><\/figure>\n<\/div>\n\n\n\n<div class=\"wp-block-column is-layout-flow wp-block-column-is-layout-flow\">\n<p class=\"wp-block-paragraph\">La bater\u00eda PMNN4491 utiliza tecnolog\u00eda de iones de litio (LiIon) y tiene una capacidad de 2100 miliamperios (mAh). Esta delgada bater\u00eda est\u00e1 dise\u00f1ada para su uso en determinados modelos inal\u00e1mbricos.<\/p>\n\n\n\n<div style=\"height:100px\" aria-hidden=\"true\" class=\"wp-block-spacer\"><\/div>\n\n\n\n<h2 class=\"wp-block-heading has-medium-font-size\">Adecuado para<\/h2>\n\n\n\n<hr class=\"wp-block-separator has-alpha-channel-opacity\"\/>\n\n\n\n<p class=\"wp-block-paragraph\"><strong>XiR P6600\/P6620<\/strong>,&nbsp;<strong>DP2000<\/strong><\/p>\n\n\n\n<p class=\"wp-block-paragraph\"><strong>XiR P8600\/P8608<\/strong>,&nbsp;<strong>DP4000<\/strong><\/p>\n\n\n\n<p class=\"wp-block-paragraph\"><strong>XiR P8620\/P8628<\/strong><\/p>\n\n\n\n<p class=\"wp-block-paragraph\"><strong>XiR P8660\/P8668<\/strong><\/p>\n\n\n\n<p class=\"wp-block-paragraph\"><strong>XiR P8660i\/P8668i<\/strong><\/p>\n<\/div>\n<\/div>\n\n\n\n<div class=\"wp-block-columns alignwide is-layout-flex wp-container-core-columns-is-layout-3b811c60 wp-block-columns-is-layout-flex\">\n<div class=\"wp-block-column is-layout-flow wp-block-column-is-layout-flow\" style=\"flex-basis:66.66%\">\n<h2 class=\"wp-block-heading has-text-align-left has-large-font-size\">Especificaci\u00f3n<\/h2>\n<\/div>\n<\/div>\n\n\n\n<figure class=\"wp-block-table alignwide is-style-stripes\"><table class=\"has-fixed-layout\"><tbody><tr><td class=\"has-text-align-center\" data-align=\"center\">pesos<\/td><td>135g<\/td><\/tr><tr><td class=\"has-text-align-center\" data-align=\"center\">Dimensiones (ancho x largo x fondo)<\/td><td>11,3 cm x 5,2 cm x 1,8 cm<\/td><\/tr><tr><td class=\"has-text-align-center\" data-align=\"center\">Clasificaci\u00f3n IP<\/td><td>IP68<\/td><\/tr><tr><td class=\"has-text-align-center\" data-align=\"center\">Capacidad de la bater\u00eda<\/td><td>2100mAh<\/td><\/tr><\/tbody><\/table><\/figure>\n\n\n\n<div style=\"height:100px\" aria-hidden=\"true\" class=\"wp-block-spacer\"><\/div>","protected":false},"excerpt":{"rendered":"<p>IMPRESS\u2122 2100 mAh\u8584\u578b\u9ad8\u5bc6\u5ea6\u92f0\u96e2\u5b50\u96fb\u6c60\u00a0(IP68) PMNN4491 PMNN4491 \u96fb\u6c60 [&hellip;]<\/p>\n","protected":false},"author":251107229,"featured_media":0,"parent":6327,"menu_order":0,"comment_status":"closed","ping_status":"closed","template":"","meta":{"_crdt_document":"","footnotes":""},"class_list":["post-1589","page","type-page","status-publish","hentry"],"jetpack_likes_enabled":true,"jetpack_sharing_enabled":true,"jetpack_shortlink":"https:\/\/wp.me\/PfNdxH-pD","jetpack-related-posts":[{"id":6327,"url":"https:\/\/commutronics.com.tw\/es\/accessories\/","url_meta":{"origin":1589,"position":0},"title":"C\u00f3mo elegir los accesorios de radio Motorola adecuados","author":"Alex Tseng","date":"mayo 29, 2024","format":false,"excerpt":"Motorola \u7121\u7dda\u96fb\u914d\u4ef6 \u5275\u65b0\u914d\u4ef6\uff0c\u63d0\u5347\u901a\u4fe1\u6548\u7387 \u5929\u7dda \u96fb\u6c60 \u8033\u6a5f\u9ea5\u514b\u98a8 \u9ea5\u514b\u98a8 \u914d\u4ef6\/\u7e9c\u7dda \u80cc\u2026","rel":"","context":"Entrada similar","block_context":{"text":"Entrada similar","link":""},"img":{"alt_text":"","src":"https:\/\/i0.wp.com\/commutronics.com.tw\/wp-content\/uploads\/2025\/07\/PMMN4013-Remote-Speaker-Microphone-1280x1280-1.jpeg?resize=350%2C200&ssl=1","width":350,"height":200,"srcset":"https:\/\/i0.wp.com\/commutronics.com.tw\/wp-content\/uploads\/2025\/07\/PMMN4013-Remote-Speaker-Microphone-1280x1280-1.jpeg?resize=350%2C200&ssl=1 1x, https:\/\/i0.wp.com\/commutronics.com.tw\/wp-content\/uploads\/2025\/07\/PMMN4013-Remote-Speaker-Microphone-1280x1280-1.jpeg?resize=525%2C300&ssl=1 1.5x, https:\/\/i0.wp.com\/commutronics.com.tw\/wp-content\/uploads\/2025\/07\/PMMN4013-Remote-Speaker-Microphone-1280x1280-1.jpeg?resize=700%2C400&ssl=1 2x"},"classes":[]},{"id":1718,"url":"https:\/\/commutronics.com.tw\/es\/products\/mototrbo-xir-p6600-p6600i\/","url_meta":{"origin":1589,"position":1},"title":"mototrbo\u2122 xir p6600\/p6600i","author":"Alex Tseng","date":"junio 14, 2024","format":false,"excerpt":"MOTOTRBO\u2122 XIR P6600\/P6600i XiR P6600\/P6600i \u7cfb\u5217\u662f\u5c08\u70ba\u6bcf\u2026","rel":"","context":"Entrada similar","block_context":{"text":"Entrada similar","link":""},"img":{"alt_text":"","src":"https:\/\/i0.wp.com\/commutronics.com.tw\/wp-content\/uploads\/2024\/06\/pmnn4490b_pic.jpg?resize=350%2C200&ssl=1","width":350,"height":200,"srcset":"https:\/\/i0.wp.com\/commutronics.com.tw\/wp-content\/uploads\/2024\/06\/pmnn4490b_pic.jpg?resize=350%2C200&ssl=1 1x, https:\/\/i0.wp.com\/commutronics.com.tw\/wp-content\/uploads\/2024\/06\/pmnn4490b_pic.jpg?resize=525%2C300&ssl=1 1.5x, https:\/\/i0.wp.com\/commutronics.com.tw\/wp-content\/uploads\/2024\/06\/pmnn4490b_pic.jpg?resize=700%2C400&ssl=1 2x"},"classes":[]},{"id":6336,"url":"https:\/\/commutronics.com.tw\/es\/products\/mototrbo-xir-p6620-p6620i\/","url_meta":{"origin":1589,"position":2},"title":"mototrbo\u2122 xir p6620\/p6620i","author":"Alex Tseng","date":"junio 14, 2024","format":false,"excerpt":"MOTOTRBO\u2122 XIR P6620\/P6620i XiR P6620\/P6620i \u7cfb\u5217\u662f\u5c08\u70ba\u6bcf\u2026","rel":"","context":"Entrada similar","block_context":{"text":"Entrada similar","link":""},"img":{"alt_text":"","src":"https:\/\/i0.wp.com\/commutronics.com.tw\/wp-content\/uploads\/2024\/06\/P6620i.jpg?resize=350%2C200&ssl=1","width":350,"height":200},"classes":[]},{"id":7629,"url":"https:\/\/commutronics.com.tw\/es\/pmnn4808a\/","url_meta":{"origin":1589,"position":3},"title":"Bater\u00eda PMNN4808A","author":"Alex Tseng","date":"noviembre 13, 2025","format":false,"excerpt":"\u9ad8\u5bc6\u5ea6\u92f0\u96e2\u5b50\u96fb\u6c60\u00a0(IP68) PMNN4808A Motorola PMNN4808\u662f\u96a8\u65b0\u6b3eMot\u2026","rel":"","context":"Entrada similar","block_context":{"text":"Entrada similar","link":""},"img":{"alt_text":"","src":"https:\/\/i0.wp.com\/commutronics.com.tw\/wp-content\/uploads\/2024\/05\/2200mAh-IMPRES%E2%84%A2%E9%8B%B0%E9%9B%BB%E6%B1%A0.jpg?resize=350%2C200&ssl=1","width":350,"height":200},"classes":[]},{"id":1570,"url":"https:\/\/commutronics.com.tw\/es\/accessories\/pmnn4406\/","url_meta":{"origin":1589,"position":4},"title":"Bater\u00eda PMNN4406","author":"Alex Tseng","date":"junio 8, 2024","format":false,"excerpt":"1600mAh\u8584\u578b\u9ad8\u5bc6\u5ea6\u92f0\u96e2\u5b50\u96fb\u6c60\u00a0(IP68) PMNN4406 PMNN4406\u96fb\u6c60\u63a1\u7528\u92f0\u96e2\u5b50\uff08\u2026","rel":"","context":"Entrada similar","block_context":{"text":"Entrada similar","link":""},"img":{"alt_text":"","src":"https:\/\/i0.wp.com\/commutronics.com.tw\/wp-content\/uploads\/2024\/05\/2200mAh-IMPRES%E2%84%A2%E9%8B%B0%E9%9B%BB%E6%B1%A0.jpg?resize=350%2C200&ssl=1","width":350,"height":200},"classes":[]},{"id":1575,"url":"https:\/\/commutronics.com.tw\/es\/accessories\/pmnn4407\/","url_meta":{"origin":1589,"position":5},"title":"Bater\u00eda PMNN4407","author":"Alex Tseng","date":"junio 8, 2024","format":false,"excerpt":"IMPRESS\u2122 1600mAh\u8584\u578b\u9ad8\u5bc6\u5ea6\u92f0\u96e2\u5b50\u96fb\u6c60\u00a0(IP67) PMNN4407 PMNN440\u2026","rel":"","context":"Entrada similar","block_context":{"text":"Entrada similar","link":""},"img":{"alt_text":"","src":"https:\/\/i0.wp.com\/commutronics.com.tw\/wp-content\/uploads\/2024\/05\/2200mAh-IMPRES%E2%84%A2%E9%8B%B0%E9%9B%BB%E6%B1%A0.jpg?resize=350%2C200&ssl=1","width":350,"height":200},"classes":[]}],"_links":{"self":[{"href":"https:\/\/commutronics.com.tw\/es\/wp-json\/wp\/v2\/pages\/1589","targetHints":{"allow":["GET"]}}],"collection":[{"href":"https:\/\/commutronics.com.tw\/es\/wp-json\/wp\/v2\/pages"}],"about":[{"href":"https:\/\/commutronics.com.tw\/es\/wp-json\/wp\/v2\/types\/page"}],"author":[{"embeddable":true,"href":"https:\/\/commutronics.com.tw\/es\/wp-json\/wp\/v2\/users\/251107229"}],"replies":[{"embeddable":true,"href":"https:\/\/commutronics.com.tw\/es\/wp-json\/wp\/v2\/comments?post=1589"}],"version-history":[{"count":3,"href":"https:\/\/commutronics.com.tw\/es\/wp-json\/wp\/v2\/pages\/1589\/revisions"}],"predecessor-version":[{"id":1592,"href":"https:\/\/commutronics.com.tw\/es\/wp-json\/wp\/v2\/pages\/1589\/revisions\/1592"}],"up":[{"embeddable":true,"href":"https:\/\/commutronics.com.tw\/es\/wp-json\/wp\/v2\/pages\/6327"}],"wp:attachment":[{"href":"https:\/\/commutronics.com.tw\/es\/wp-json\/wp\/v2\/media?parent=1589"}],"curies":[{"name":"wp","href":"https:\/\/api.w.org\/{rel}","templated":true}]}}